{"id":13959,"date":"2022-06-23T15:19:00","date_gmt":"2022-06-23T13:19:00","guid":{"rendered":"https:\/\/www.martel.ch\/cms\/?page_id=13959"},"modified":"2026-01-23T14:20:25","modified_gmt":"2026-01-23T13:20:25","slug":"jahrgangstabelle","status":"publish","type":"page","link":"https:\/\/www.martel.ch\/cms\/jahrgangstabelle\/","title":{"rendered":"Jahrgangstabelle"},"content":{"rendered":"","protected":false},"excerpt":{"rendered":"","protected":false},"author":1,"featured_media":7348,"parent":0,"menu_order":20,"comment_status":"closed","ping_status":"closed","template":"","meta":{"_acf_changed":false,"inline_featured_image":false,"footnotes":""},"categories":[],"coauthors":[497],"class_list":["post-13959","page","type-page","status-publish","has-post-thumbnail","hentry"],"acf":{"inhaltselemente":[{"acf_fc_layout":"einspalter_text","einspalter_text_titel":"Jahrgangstabelle","einspalter_text_titel_typ":"1","einspalter_text_titel_fake":false,"einspalter_text_subtitle":"","einspalter_text_content":"<div class=\"col-lg-6 col-one \">\r\n<div class=\"cms-element-image-image-text-seo__item\">\r\n<div class=\"cms-element-image-image-text-seo__item__text\">\r\n<div class=\"cms-element-text\">\r\n<div class=\"cms-element-text-seo\">\r\n<div class=\"cms-element-text-seo__text-block\">\r\n\r\nSicher durch die Jahrg\u00e4nge mit der Martel-Jahrgangstabelle.\r\n\r\nDie Martel-Jahrgangstabelle ist ein eigenst\u00e4ndig entwickeltes digitales Instrument. Sie bildet die Jahrg\u00e4nge der wichtigsten Weinregionen der Welt ab und wird monatlich tausendfach genutzt.\r\n\r\nMartel ist das ganze Jahr \u00fcber in den Weinregionen unterwegs und besucht seine Weing\u00fcter regelm\u00e4ssig, teils mehrmals j\u00e4hrlich, etwa im Burgund. Wir pflegen einen engen Austausch mit unseren Winzerinnen und Winzern im In- und Ausland. So verfolgen wir Wetterverlauf und Jahrgangsentwicklung der Weinregionen laufend und verkosten junge wie auch reifere Jahrg\u00e4nge kontinuierlich.\r\n\r\n<\/div>\r\n<\/div>\r\n<\/div>\r\n<\/div>\r\n<\/div>\r\n<\/div>\r\n<div class=\"col-lg-6 col-two\">\r\n<div class=\"cms-element-image-image-text-seo__item\">\r\n<div class=\"cms-element-image-image-text-seo__item__text\">\r\n<div class=\"cms-element-text\">\r\n<div class=\"cms-element-text-seo\">\r\n<div class=\"cms-element-text-seo__text-block\">\r\n\r\nUnsere Bewertungen basieren auf den klimatischen Bedingungen, der Qualit\u00e4t des Traubengutes und den Erntemengen. Wir beschreiben die Besonderheiten eines Jahrgangs, definieren sein Lagerpotenzial und ordnen die zu erwartende Stilistik ein. Die Einsch\u00e4tzungen sind fundiert, pr\u00e4zise und durch Zitate der Winzerinnen und Winzer abgest\u00fctzt.\r\n\r\nDieses Wissen fliesst vollst\u00e4ndig in die Martel-Jahrgangstabelle ein. Unsere \u00dcbersicht geht deutlich \u00fcber eine reine Punktebewertung hinaus. Sie unterst\u00fctzt bei der Weinauswahl f\u00fcr den passenden Moment und bei der Entscheidung, wie lange ein Wein im Keller reifen soll. Die Martel-Jahrgangstabelle sch\u00fctzt vor Fehlentscheiden beim Kauf und hilft dabei, Weine im perfekten Trinkstadium zu geniessen. Sant\u00e9!\r\n\r\n<\/div>\r\n<\/div>\r\n<\/div>\r\n<\/div>\r\n<\/div>\r\n<\/div>\r\n<strong>Legende<\/strong>\r\n1 - 5- Bewertung von 1 (herausforderndes Jahr) bis 5 (herausragendes Jahr)\r\nKlicken Sie auf die roten Bewertungskreise f\u00fcr Detailinformationen zum Weinjahrgang. Die Trinkreifetabelle wird laufend aktualisiert und erweitert.\r\n\r\n<strong>Methodik<\/strong>\r\nSpeziell f\u00fcr Sie sind wir ein ganzes Jahr lang in den Austausch mit unseren Winzern gegangen, um Ihnen nun die oben dargestellten Jahrgangsbewertungen in kompakter und informativer Form zu Verf\u00fcgung zu stellen. Wir m\u00f6chten Ihnen hiermit die so vielseitige Weinkultur ein ganzes St\u00fcck n\u00e4herbringen. Diese Bewertungen sind das zusammengefasste Ergebnis unserer langen Recherche und daher einzigartig sowohl in qualitativer als auch in quantitativer Hinsicht. Wir bleiben auch hier unabh\u00e4ngig. Daher kann unsere Jahrgangsbewertung nat\u00fcrlich mit der Meinung einzelner Winzer divergieren. Im Mittelpunkt stehen - wie bei der Weinhandlung Martel \u00fcblich - hochwertige Weine und so gilt beispielsweise das von uns ausgewiesene Lagerpotential selbstverst\u00e4ndlich nur f\u00fcr die besten Weine der Region. Die Rubrik \"Fokus\" gibt Ihnen eine Orientierung, auf Basis welches Weintyps\/welcher Rebsorte die Bewertung haupts\u00e4chlich vorgenommen wurde. Sie steht aber, zumindest in Ans\u00e4tzen, auch stellvertretend f\u00fcr andere Weine der Region. Die Stilistik und die nummerische Bewertung geben Ihnen einen Hinweis darauf, wie wir - unter Ber\u00fccksichtigung der Meinung von unseren Winzern - den Wein Jahrgang sehen. Probieren Sie es gerne selbst aus, ob Sie uns k\u00fcnftig vertrauen k\u00f6nnen.\r\n\r\n\u00a9 Martel AG St.Gallen\r\nDiese Weinjahrgangstabelle wurde unter besonderer Mithilfe unserer Winzer erstellt.\r\nDie Inhalte geh\u00f6ren zum geistigen Eigentum der Martel AG St. Gallen und d\u00fcrfen als diese nicht kopiert werden.","einspalter_bgcolor":false,"einspalter_layout_lines_top_bottom":false,"einspalter_collapse":false},{"acf_fc_layout":"shortcode","shortcode_content":"[javascript_redirect url=\"\/shop\/jahrgangstabelle\"]"}]},"yoast_head":"<!-- This site is optimized with the Yoast SEO plugin v27.4 - https:\/\/yoast.com\/product\/yoast-seo-wordpress\/ -->\n<title>Jahrgangstabelle | Trinkreifetabelle | Weinbewertungen<\/title>\n<meta name=\"description\" content=\"Die Martel-Jahrgangstabelle bildet die Jahrg\u00e4nge der wichtigsten Weinregionen der Welt ab. Sie geht deutlich \u00fcber eine reine Punktebewertung hinaus undunterst\u00fctzt bei der Weinauswahl f\u00fcr den passenden Moment.\" \/>\n<meta name=\"robots\" content=\"index, follow, max-snippet:-1, max-image-preview:large, max-video-preview:-1\" \/>\n<link rel=\"canonical\" href=\"https:\/\/www.martel.ch\/cms\/jahrgangstabelle\/\" \/>\n<meta property=\"og:locale\" content=\"de_DE\" \/>\n<meta property=\"og:type\" content=\"article\" \/>\n<meta property=\"og:title\" content=\"Jahrgangstabelle | Trinkreifetabelle | Weinbewertungen\" \/>\n<meta property=\"og:description\" content=\"Die Martel-Jahrgangstabelle bildet die Jahrg\u00e4nge der wichtigsten Weinregionen der Welt ab. Sie geht deutlich \u00fcber eine reine Punktebewertung hinaus undunterst\u00fctzt bei der Weinauswahl f\u00fcr den passenden Moment.\" \/>\n<meta property=\"og:url\" content=\"https:\/\/www.martel.ch\/cms\/jahrgangstabelle\/\" \/>\n<meta property=\"og:site_name\" content=\"Martel\" \/>\n<meta property=\"article:publisher\" content=\"https:\/\/www.facebook.com\/pages\/Martel-AG-St-Gallen\/233396026691876\" \/>\n<meta property=\"article:modified_time\" content=\"2026-01-23T13:20:25+00:00\" \/>\n<meta property=\"og:image\" content=\"https:\/\/www.martel.ch\/cms\/wp-content\/uploads\/2022\/04\/martel-weine-raritaeten-01-1024x682.jpg\" \/>\n\t<meta property=\"og:image:width\" content=\"1024\" \/>\n\t<meta property=\"og:image:height\" content=\"682\" \/>\n\t<meta property=\"og:image:type\" content=\"image\/jpeg\" \/>\n<meta name=\"twitter:card\" content=\"summary_large_image\" \/>\n<meta name=\"twitter:site\" content=\"@martel_weinwelt\" \/>\n<meta name=\"twitter:label1\" content=\"Written by\" \/>\n\t<meta name=\"twitter:data1\" content=\"Martel Weinwelt\" \/>\n<script type=\"application\/ld+json\" class=\"yoast-schema-graph\">{\"@context\":\"https:\\\/\\\/schema.org\",\"@graph\":[{\"@type\":\"WebPage\",\"@id\":\"https:\\\/\\\/www.martel.ch\\\/cms\\\/jahrgangstabelle\\\/\",\"url\":\"https:\\\/\\\/www.martel.ch\\\/cms\\\/jahrgangstabelle\\\/\",\"name\":\"Jahrgangstabelle | Trinkreifetabelle | Weinbewertungen\",\"isPartOf\":{\"@id\":\"https:\\\/\\\/www.martel.ch\\\/cms\\\/#website\"},\"primaryImageOfPage\":{\"@id\":\"https:\\\/\\\/www.martel.ch\\\/cms\\\/jahrgangstabelle\\\/#primaryimage\"},\"image\":{\"@id\":\"https:\\\/\\\/www.martel.ch\\\/cms\\\/jahrgangstabelle\\\/#primaryimage\"},\"thumbnailUrl\":\"https:\\\/\\\/www.martel.ch\\\/cms\\\/wp-content\\\/uploads\\\/2022\\\/04\\\/martel-weine-raritaeten-01.jpg\",\"datePublished\":\"2022-06-23T13:19:00+00:00\",\"dateModified\":\"2026-01-23T13:20:25+00:00\",\"description\":\"Die Martel-Jahrgangstabelle bildet die Jahrg\u00e4nge der wichtigsten Weinregionen der Welt ab. Sie geht deutlich \u00fcber eine reine Punktebewertung hinaus undunterst\u00fctzt bei der Weinauswahl f\u00fcr den passenden Moment.\",\"breadcrumb\":{\"@id\":\"https:\\\/\\\/www.martel.ch\\\/cms\\\/jahrgangstabelle\\\/#breadcrumb\"},\"inLanguage\":\"de-CH\",\"potentialAction\":[{\"@type\":\"ReadAction\",\"target\":[\"https:\\\/\\\/www.martel.ch\\\/cms\\\/jahrgangstabelle\\\/\"]}]},{\"@type\":\"ImageObject\",\"inLanguage\":\"de-CH\",\"@id\":\"https:\\\/\\\/www.martel.ch\\\/cms\\\/jahrgangstabelle\\\/#primaryimage\",\"url\":\"https:\\\/\\\/www.martel.ch\\\/cms\\\/wp-content\\\/uploads\\\/2022\\\/04\\\/martel-weine-raritaeten-01.jpg\",\"contentUrl\":\"https:\\\/\\\/www.martel.ch\\\/cms\\\/wp-content\\\/uploads\\\/2022\\\/04\\\/martel-weine-raritaeten-01.jpg\",\"width\":2000,\"height\":1333,\"caption\":\"Martel Weine St.Gallen und Z\u00fcrich\"},{\"@type\":\"BreadcrumbList\",\"@id\":\"https:\\\/\\\/www.martel.ch\\\/cms\\\/jahrgangstabelle\\\/#breadcrumb\",\"itemListElement\":[{\"@type\":\"ListItem\",\"position\":1,\"name\":\"Startseite\",\"item\":\"https:\\\/\\\/www.martel.ch\\\/cms\\\/\"},{\"@type\":\"ListItem\",\"position\":2,\"name\":\"Jahrgangstabelle\"}]},{\"@type\":\"WebSite\",\"@id\":\"https:\\\/\\\/www.martel.ch\\\/cms\\\/#website\",\"url\":\"https:\\\/\\\/www.martel.ch\\\/cms\\\/\",\"name\":\"Martel\",\"description\":\"F\u00fcr Weinbegeisterte und die, die es werden m\u00f6chten.\",\"publisher\":{\"@id\":\"https:\\\/\\\/www.martel.ch\\\/cms\\\/#organization\"},\"potentialAction\":[{\"@type\":\"SearchAction\",\"target\":{\"@type\":\"EntryPoint\",\"urlTemplate\":\"https:\\\/\\\/www.martel.ch\\\/cms\\\/?s={search_term_string}\"},\"query-input\":{\"@type\":\"PropertyValueSpecification\",\"valueRequired\":true,\"valueName\":\"search_term_string\"}}],\"inLanguage\":\"de-CH\"},{\"@type\":\"Organization\",\"@id\":\"https:\\\/\\\/www.martel.ch\\\/cms\\\/#organization\",\"name\":\"Martel AG St.Gallen\",\"url\":\"https:\\\/\\\/www.martel.ch\\\/cms\\\/\",\"logo\":{\"@type\":\"ImageObject\",\"inLanguage\":\"de-CH\",\"@id\":\"https:\\\/\\\/www.martel.ch\\\/cms\\\/#\\\/schema\\\/logo\\\/image\\\/\",\"url\":\"https:\\\/\\\/www.martel.ch\\\/cms\\\/wp-content\\\/uploads\\\/2019\\\/02\\\/martel-logo.png\",\"contentUrl\":\"https:\\\/\\\/www.martel.ch\\\/cms\\\/wp-content\\\/uploads\\\/2019\\\/02\\\/martel-logo.png\",\"width\":600,\"height\":600,\"caption\":\"Martel AG St.Gallen\"},\"image\":{\"@id\":\"https:\\\/\\\/www.martel.ch\\\/cms\\\/#\\\/schema\\\/logo\\\/image\\\/\"},\"sameAs\":[\"https:\\\/\\\/www.facebook.com\\\/pages\\\/Martel-AG-St-Gallen\\\/233396026691876\",\"https:\\\/\\\/x.com\\\/martel_weinwelt\",\"https:\\\/\\\/www.instagram.com\\\/martel_weinwelt\\\/\",\"https:\\\/\\\/www.linkedin.com\\\/company\\\/martel-ag-st-gallen\",\"https:\\\/\\\/www.pinterest.ch\\\/martel_weinwelt\"]}]}<\/script>\n<!-- \/ Yoast SEO plugin. -->","yoast_head_json":{"title":"Jahrgangstabelle | Trinkreifetabelle | Weinbewertungen","description":"Die Martel-Jahrgangstabelle bildet die Jahrg\u00e4nge der wichtigsten Weinregionen der Welt ab. Sie geht deutlich \u00fcber eine reine Punktebewertung hinaus undunterst\u00fctzt bei der Weinauswahl f\u00fcr den passenden Moment.","robots":{"index":"index","follow":"follow","max-snippet":"max-snippet:-1","max-image-preview":"max-image-preview:large","max-video-preview":"max-video-preview:-1"},"canonical":"https:\/\/www.martel.ch\/cms\/jahrgangstabelle\/","og_locale":"de_DE","og_type":"article","og_title":"Jahrgangstabelle | Trinkreifetabelle | Weinbewertungen","og_description":"Die Martel-Jahrgangstabelle bildet die Jahrg\u00e4nge der wichtigsten Weinregionen der Welt ab. Sie geht deutlich \u00fcber eine reine Punktebewertung hinaus undunterst\u00fctzt bei der Weinauswahl f\u00fcr den passenden Moment.","og_url":"https:\/\/www.martel.ch\/cms\/jahrgangstabelle\/","og_site_name":"Martel","article_publisher":"https:\/\/www.facebook.com\/pages\/Martel-AG-St-Gallen\/233396026691876","article_modified_time":"2026-01-23T13:20:25+00:00","og_image":[{"width":1024,"height":682,"url":"https:\/\/www.martel.ch\/cms\/wp-content\/uploads\/2022\/04\/martel-weine-raritaeten-01-1024x682.jpg","type":"image\/jpeg"}],"twitter_card":"summary_large_image","twitter_site":"@martel_weinwelt","twitter_misc":{"Written by":"Martel Weinwelt"},"schema":{"@context":"https:\/\/schema.org","@graph":[{"@type":"WebPage","@id":"https:\/\/www.martel.ch\/cms\/jahrgangstabelle\/","url":"https:\/\/www.martel.ch\/cms\/jahrgangstabelle\/","name":"Jahrgangstabelle | Trinkreifetabelle | Weinbewertungen","isPartOf":{"@id":"https:\/\/www.martel.ch\/cms\/#website"},"primaryImageOfPage":{"@id":"https:\/\/www.martel.ch\/cms\/jahrgangstabelle\/#primaryimage"},"image":{"@id":"https:\/\/www.martel.ch\/cms\/jahrgangstabelle\/#primaryimage"},"thumbnailUrl":"https:\/\/www.martel.ch\/cms\/wp-content\/uploads\/2022\/04\/martel-weine-raritaeten-01.jpg","datePublished":"2022-06-23T13:19:00+00:00","dateModified":"2026-01-23T13:20:25+00:00","description":"Die Martel-Jahrgangstabelle bildet die Jahrg\u00e4nge der wichtigsten Weinregionen der Welt ab. Sie geht deutlich \u00fcber eine reine Punktebewertung hinaus undunterst\u00fctzt bei der Weinauswahl f\u00fcr den passenden Moment.","breadcrumb":{"@id":"https:\/\/www.martel.ch\/cms\/jahrgangstabelle\/#breadcrumb"},"inLanguage":"de-CH","potentialAction":[{"@type":"ReadAction","target":["https:\/\/www.martel.ch\/cms\/jahrgangstabelle\/"]}]},{"@type":"ImageObject","inLanguage":"de-CH","@id":"https:\/\/www.martel.ch\/cms\/jahrgangstabelle\/#primaryimage","url":"https:\/\/www.martel.ch\/cms\/wp-content\/uploads\/2022\/04\/martel-weine-raritaeten-01.jpg","contentUrl":"https:\/\/www.martel.ch\/cms\/wp-content\/uploads\/2022\/04\/martel-weine-raritaeten-01.jpg","width":2000,"height":1333,"caption":"Martel Weine St.Gallen und Z\u00fcrich"},{"@type":"BreadcrumbList","@id":"https:\/\/www.martel.ch\/cms\/jahrgangstabelle\/#breadcrumb","itemListElement":[{"@type":"ListItem","position":1,"name":"Startseite","item":"https:\/\/www.martel.ch\/cms\/"},{"@type":"ListItem","position":2,"name":"Jahrgangstabelle"}]},{"@type":"WebSite","@id":"https:\/\/www.martel.ch\/cms\/#website","url":"https:\/\/www.martel.ch\/cms\/","name":"Martel","description":"F\u00fcr Weinbegeisterte und die, die es werden m\u00f6chten.","publisher":{"@id":"https:\/\/www.martel.ch\/cms\/#organization"},"potentialAction":[{"@type":"SearchAction","target":{"@type":"EntryPoint","urlTemplate":"https:\/\/www.martel.ch\/cms\/?s={search_term_string}"},"query-input":{"@type":"PropertyValueSpecification","valueRequired":true,"valueName":"search_term_string"}}],"inLanguage":"de-CH"},{"@type":"Organization","@id":"https:\/\/www.martel.ch\/cms\/#organization","name":"Martel AG St.Gallen","url":"https:\/\/www.martel.ch\/cms\/","logo":{"@type":"ImageObject","inLanguage":"de-CH","@id":"https:\/\/www.martel.ch\/cms\/#\/schema\/logo\/image\/","url":"https:\/\/www.martel.ch\/cms\/wp-content\/uploads\/2019\/02\/martel-logo.png","contentUrl":"https:\/\/www.martel.ch\/cms\/wp-content\/uploads\/2019\/02\/martel-logo.png","width":600,"height":600,"caption":"Martel AG St.Gallen"},"image":{"@id":"https:\/\/www.martel.ch\/cms\/#\/schema\/logo\/image\/"},"sameAs":["https:\/\/www.facebook.com\/pages\/Martel-AG-St-Gallen\/233396026691876","https:\/\/x.com\/martel_weinwelt","https:\/\/www.instagram.com\/martel_weinwelt\/","https:\/\/www.linkedin.com\/company\/martel-ag-st-gallen","https:\/\/www.pinterest.ch\/martel_weinwelt"]}]}},"_links":{"self":[{"href":"https:\/\/www.martel.ch\/cms\/wp-json\/wp\/v2\/pages\/13959","targetHints":{"allow":["GET"]}}],"collection":[{"href":"https:\/\/www.martel.ch\/cms\/wp-json\/wp\/v2\/pages"}],"about":[{"href":"https:\/\/www.martel.ch\/cms\/wp-json\/wp\/v2\/types\/page"}],"author":[{"embeddable":true,"href":"https:\/\/www.martel.ch\/cms\/wp-json\/wp\/v2\/users\/1"}],"replies":[{"embeddable":true,"href":"https:\/\/www.martel.ch\/cms\/wp-json\/wp\/v2\/comments?post=13959"}],"version-history":[{"count":6,"href":"https:\/\/www.martel.ch\/cms\/wp-json\/wp\/v2\/pages\/13959\/revisions"}],"predecessor-version":[{"id":32264,"href":"https:\/\/www.martel.ch\/cms\/wp-json\/wp\/v2\/pages\/13959\/revisions\/32264"}],"wp:featuredmedia":[{"embeddable":true,"href":"https:\/\/www.martel.ch\/cms\/wp-json\/wp\/v2\/media\/7348"}],"wp:attachment":[{"href":"https:\/\/www.martel.ch\/cms\/wp-json\/wp\/v2\/media?parent=13959"}],"wp:term":[{"taxonomy":"category","embeddable":true,"href":"https:\/\/www.martel.ch\/cms\/wp-json\/wp\/v2\/categories?post=13959"},{"taxonomy":"author","embeddable":true,"href":"https:\/\/www.martel.ch\/cms\/wp-json\/wp\/v2\/coauthors?post=13959"}],"curies":[{"name":"wp","href":"https:\/\/api.w.org\/{rel}","templated":true}]}}