{"id":16769,"date":"2023-01-25T09:12:03","date_gmt":"2023-01-25T08:12:03","guid":{"rendered":"https:\/\/www.martel.ch\/cms\/?page_id=16769"},"modified":"2026-04-20T14:16:29","modified_gmt":"2026-04-20T12:16:29","slug":"next-generation","status":"publish","type":"page","link":"https:\/\/www.martel.ch\/cms\/weinwissen\/next-generation\/","title":{"rendered":"Next Generation"},"content":{"rendered":"","protected":false},"excerpt":{"rendered":"","protected":false},"author":52,"featured_media":16757,"parent":6709,"menu_order":1,"comment_status":"closed","ping_status":"closed","template":"","meta":{"_acf_changed":false,"inline_featured_image":false,"footnotes":""},"categories":[525],"coauthors":[539],"class_list":["post-16769","page","type-page","status-publish","has-post-thumbnail","hentry","category-im-fokus"],"acf":{"inhaltselemente":[{"acf_fc_layout":"einspalter_text","einspalter_text_titel":"Next Generation ","einspalter_text_titel_typ":"1","einspalter_text_titel_fake":false,"einspalter_text_subtitle":"","einspalter_text_content":"Die Weinhandlung Martel ist ein Familienunternehmen seit bald 150 Jahren. Unsere Kontakte zu den Winzerfamilien sind traditionell eng und dauern oft \u00fcber Generationen. Wir erleben mit, wie die Leitung von Weing\u00fctern an S\u00f6hne und T\u00f6chter \u00fcbergeben wird und freuen uns, wenn die Nachfolge wie in den folgenden drei Beispielen vorbildlich gelingt.","einspalter_bgcolor":false,"einspalter_layout_lines_top_bottom":false,"einspalter_collapse":false},{"acf_fc_layout":"image_image_text","image_image_text_titel_left":"Anna J\u00f8rgensen","image_image_text_titel_typ_left":"2","image_image_text_titel_fake_left":false,"image_image_text_link_left":"","image_image_text_link_left_area":false,"image_image_text_bild_left":16742,"image_image_text_content_left":"<strong>Viva, jetzt kommt Anna! <\/strong>Die Zusammenarbeit zwischen dem portugiesischen Weingut <strong>Cortes de Cima<\/strong> und der Weinhandlung Martel begann, als Anna J\u00f8rgensen noch ein M\u00e4dchen war. Heute ist sie Kellermeisterin und \u00fcbernimmt von ihren Eltern die Verantwortung f\u00fcr den grossen Familienbetrieb.","image_image_text_video_left":"","image_image_text_teaser_left":{"image_image_text_teaser_left_titel":"","image_image_text_teaser_left_titel_typ":"2","image_image_text_teaser_left_titel_fake":false,"image_image_text_teaser_left_link":""},"image_image_text_icon_left":"","image_image_text_icon_bg_left":"martel-rot","image_image_text_titel_right":"","image_image_text_titel_typ_right":"2","image_image_text_titel_fake_right":false,"image_image_text_link_right":"","image_image_text_link_right_area":false,"image_image_text_bild_right":16748,"image_image_text_content_right":"Ihr Vater Hans Kristian (urspr\u00fcnglich D\u00e4ne) und ihre Mutter Carrie (aus den USA) gr\u00fcndeten Cortes de Cima als Quereinsteiger und halfen mit, die Gegend als Weinbauregion zu entwickeln. Anna will ihren Fokus auf die urspr\u00fcngliche Weinbautradition in der Gegend richten. Zum Beispiel m\u00f6chte sie alte Sorten wiederbeleben und den Wein vermehrt in traditionellen, grossen Holz- und Betonf\u00e4ssern ausbauen. Back to the future!","image_image_text_video_right":"","image_image_text_teaser_right":{"image_image_text_teaser_right_titel":"","image_image_text_teaser_right_titel_typ":"2","image_image_text_teaser_right_titel_fake":false,"image_image_text_teaser_right_link":""},"image_image_text_icon_right":"","image_image_text_icon_bg_right":"martel-rot","image_image_text_offset":true,"image_image_text_bgcolor":false},{"acf_fc_layout":"header","header_titel":"Weine von Cortes de Cima","header_typ":"2","header_fake":false,"header_subtitle":"","header_alignment":"left"},{"acf_fc_layout":"produkteslider","produkteslider_titel":"","produkteslider_link":"","produkteslider_producer_id":"","produkteslider_product_ids":"corb721,cor2720,cor4715,cor3720"},{"acf_fc_layout":"image_image_text","image_image_text_titel_left":"Johannes und Georg Schr\u00f6ck","image_image_text_titel_typ_left":"2","image_image_text_titel_fake_left":false,"image_image_text_link_left":"","image_image_text_link_left_area":false,"image_image_text_bild_left":16766,"image_image_text_content_left":"<strong>Servus Johannes und Georg!<\/strong> Heidi Schr\u00f6cks Zwillingss\u00f6hne sind gemeinsam im international erfolgreichen Weinbaubetrieb ihrer Mutter am Neusiedlersee aktiv. Sie kennen den Namen Martel bereits von klein auf. Seit dem Eintritt von Johannes und Georg ins 250j\u00e4hrige Familienunternehmen nennt sich das Weingut neu <strong>Heidi Schr\u00f6ck &amp; S\u00f6hne<\/strong>. Johannes studierte erst in Wien und absolvierte dann eine weinbauliche Ausbildung in Eisenstadt im Burgenland.","image_image_text_video_left":"","image_image_text_teaser_left":{"image_image_text_teaser_left_titel":"","image_image_text_teaser_left_titel_typ":"2","image_image_text_teaser_left_titel_fake":false,"image_image_text_teaser_left_link":""},"image_image_text_icon_left":"","image_image_text_icon_bg_left":"martel-rot","image_image_text_titel_right":"","image_image_text_titel_typ_right":"2","image_image_text_titel_fake_right":false,"image_image_text_link_right":"","image_image_text_link_right_area":false,"image_image_text_bild_right":16763,"image_image_text_content_right":"Sein Bruder Georg schloss an der Hochschule Geisenheim ein \u00d6nologie Studium ab und kam bereits weit in der Weinwelt herum. An ihrer Mutter sch\u00e4tzen die Br\u00fcder deren Aufgeschlossenheit, das Bauchgef\u00fchl und Vertrauen. Johannes und Georg Schr\u00f6ck wollen zusammen mit ihrer Mutter Heidi das Bestehende w\u00fcrdigen und gleichzeitig Neues ausprobieren. Auch das passt perfekt zu Martel.","image_image_text_video_right":"","image_image_text_teaser_right":{"image_image_text_teaser_right_titel":"","image_image_text_teaser_right_titel_typ":"2","image_image_text_teaser_right_titel_fake":false,"image_image_text_teaser_right_link":""},"image_image_text_icon_right":"","image_image_text_icon_bg_right":"martel-rot","image_image_text_offset":true,"image_image_text_bgcolor":false},{"acf_fc_layout":"header","header_titel":"Weine von Heidi Schr\u00f6ck & S\u00f6hne","header_typ":"2","header_fake":false,"header_subtitle":"","header_alignment":"left"},{"acf_fc_layout":"produkteslider","produkteslider_titel":"","produkteslider_link":"","produkteslider_producer_id":"","produkteslider_product_ids":"scka722,sck1722,sck4722,sck6321,sck7317,sck7318"},{"acf_fc_layout":"image_image_text","image_image_text_titel_left":"Laura Paccot","image_image_text_titel_typ_left":"2","image_image_text_titel_fake_left":false,"image_image_text_link_left":"","image_image_text_link_left_area":false,"image_image_text_bild_left":16760,"image_image_text_content_left":"<strong>Voil\u00e0 Laura!<\/strong> Als Vertreterin der 4. Generation f\u00fchrt Laura Paccot das Familienweingut <strong>\u00abLa Colombe\u00bb<\/strong> in F\u00e9chy am Genfersee. Mit Ende 20 trat sie in grosse Fusstapfen und setzt ein Lebenswerk fort. Ihre Eltern Violaine und Raymond z\u00e4hlen zu den Ikonen des Schweizer Weinbaus und sind Pioniere der Biodynamik. Laura will diesen Weg weiterf\u00fchren und sorgt zudem f\u00fcr noch mehr Biodiversit\u00e4t im Weinberg.","image_image_text_video_left":"","image_image_text_teaser_left":{"image_image_text_teaser_left_titel":"","image_image_text_teaser_left_titel_typ":"2","image_image_text_teaser_left_titel_fake":false,"image_image_text_teaser_left_link":""},"image_image_text_icon_left":"","image_image_text_icon_bg_left":"martel-rot","image_image_text_titel_right":"","image_image_text_titel_typ_right":"2","image_image_text_titel_fake_right":false,"image_image_text_link_right":"","image_image_text_link_right_area":false,"image_image_text_bild_right":16754,"image_image_text_content_right":"Ihr Weinwissen vertiefte Laura nach der Hotelfachschule Lausanne, in S\u00fcdafrika und bei Winzern in der B\u00fcndner Herrschaft sowie im Wallis. Die Familien Paccot und Martel stehen seit \u00fcber 40 Jahren miteinander in Kontakt. Lauras \u00e4ltere Schwester Chlo\u00e9 absolvierte in St.Gallen bei Martel ein Praktikum. Jan Martels Tochter Elin war Stagiaire bei Paccots in F\u00e9chy. Die 19-j\u00e4hrige Elin, Teil der j\u00fcngsten Martel-Generation, schw\u00e4rmt seither von ihrem Aufenthalt auf dem Weingut am Genfersee.","image_image_text_video_right":"","image_image_text_teaser_right":{"image_image_text_teaser_right_titel":"","image_image_text_teaser_right_titel_typ":"2","image_image_text_teaser_right_titel_fake":false,"image_image_text_teaser_right_link":""},"image_image_text_icon_right":"","image_image_text_icon_bg_right":"martel-rot","image_image_text_offset":true,"image_image_text_bgcolor":false},{"acf_fc_layout":"header","header_titel":"Weine der Domaine la Colombe","header_typ":"2","header_fake":false,"header_subtitle":"","header_alignment":"left"},{"acf_fc_layout":"produkteslider","produkteslider_titel":"","produkteslider_link":"","produkteslider_producer_id":"","produkteslider_product_ids":"pac1722,pac6720,pac9719,pac5722,pacb721,pac8721,pac0721"},{"acf_fc_layout":"image_text_three_column","image_text_three_column_titel_left":"","image_text_three_column_titel_typ_left":"2","image_text_three_column_titel_fake_left":false,"image_text_three_column_link_left":{"title":"Zur Fokus-Seite","url":"\/cms\/weinwissen\/im-fokus-2","target":""},"image_text_three_column_link_left_area":false,"image_text_three_column_bild_left":"","image_text_three_column_content_left":"","image_text_three_column_video_left":"","image_text_three_column_titel_center":"","image_text_three_column_titel_typ_center":"2","image_text_three_column_titel_fake_center":false,"image_text_three_column_link_center":"","image_text_three_column_link_center_area":false,"image_text_three_column_bild_center":"","image_text_three_column_content_center":"","image_text_three_column_video_center":"","image_text_three_column_titel_right":"","image_text_three_column_titel_typ_right":"2","image_text_three_column_titel_fake_right":false,"image_text_three_column_link_right":"","image_text_three_column_link_right_area":false,"image_text_three_column_bild_right":"","image_text_three_column_content_right":"","image_text_three_column_video_right":"","image_text_three_column_bgcolor":false}]},"yoast_head":"<!-- This site is optimized with the Yoast SEO plugin v27.4 - https:\/\/yoast.com\/product\/yoast-seo-wordpress\/ -->\n<title>Next Generation | Next Generation<\/title>\n<meta name=\"description\" content=\"Die Kontakte von Martel zu den Winzerfamilien sind eng und wir freuen uns, wenn die Nachfolge an die Next Generation vorbildlich gelingt.\" \/>\n<meta name=\"robots\" content=\"index, follow, max-snippet:-1, max-image-preview:large, max-video-preview:-1\" \/>\n<link rel=\"canonical\" href=\"https:\/\/www.martel.ch\/cms\/weinwissen\/next-generation\/\" \/>\n<meta property=\"og:locale\" content=\"de_DE\" \/>\n<meta property=\"og:type\" content=\"article\" \/>\n<meta property=\"og:title\" content=\"Next Generation | Next Generation\" \/>\n<meta property=\"og:description\" content=\"Die Kontakte von Martel zu den Winzerfamilien sind eng und wir freuen uns, wenn die Nachfolge an die Next Generation vorbildlich gelingt.\" \/>\n<meta property=\"og:url\" content=\"https:\/\/www.martel.ch\/cms\/weinwissen\/next-generation\/\" \/>\n<meta property=\"og:site_name\" content=\"Martel\" \/>\n<meta property=\"article:publisher\" content=\"https:\/\/www.facebook.com\/pages\/Martel-AG-St-Gallen\/233396026691876\" \/>\n<meta property=\"article:modified_time\" content=\"2026-04-20T12:16:29+00:00\" \/>\n<meta property=\"og:image\" content=\"https:\/\/www.martel.ch\/cms\/wp-content\/uploads\/2023\/01\/2023_01_Next_Generation_Paccot_2-854x569.jpg\" \/>\n\t<meta property=\"og:image:width\" content=\"854\" \/>\n\t<meta property=\"og:image:height\" content=\"569\" \/>\n\t<meta property=\"og:image:type\" content=\"image\/jpeg\" \/>\n<meta name=\"twitter:card\" content=\"summary_large_image\" \/>\n<meta name=\"twitter:site\" content=\"@martel_weinwelt\" \/>\n<meta name=\"twitter:label1\" content=\"Written by\" \/>\n\t<meta name=\"twitter:data1\" content=\"Martel Marketing\" \/>\n<script type=\"application\/ld+json\" class=\"yoast-schema-graph\">{\"@context\":\"https:\\\/\\\/schema.org\",\"@graph\":[{\"@type\":\"WebPage\",\"@id\":\"https:\\\/\\\/www.martel.ch\\\/cms\\\/weinwissen\\\/next-generation\\\/\",\"url\":\"https:\\\/\\\/www.martel.ch\\\/cms\\\/weinwissen\\\/next-generation\\\/\",\"name\":\"Next Generation | Next Generation\",\"isPartOf\":{\"@id\":\"https:\\\/\\\/www.martel.ch\\\/cms\\\/#website\"},\"primaryImageOfPage\":{\"@id\":\"https:\\\/\\\/www.martel.ch\\\/cms\\\/weinwissen\\\/next-generation\\\/#primaryimage\"},\"image\":{\"@id\":\"https:\\\/\\\/www.martel.ch\\\/cms\\\/weinwissen\\\/next-generation\\\/#primaryimage\"},\"thumbnailUrl\":\"https:\\\/\\\/www.martel.ch\\\/cms\\\/wp-content\\\/uploads\\\/2023\\\/01\\\/2023_01_Next_Generation_Paccot_2.jpg\",\"datePublished\":\"2023-01-25T08:12:03+00:00\",\"dateModified\":\"2026-04-20T12:16:29+00:00\",\"description\":\"Die Kontakte von Martel zu den Winzerfamilien sind eng und wir freuen uns, wenn die Nachfolge an die Next Generation vorbildlich gelingt.\",\"breadcrumb\":{\"@id\":\"https:\\\/\\\/www.martel.ch\\\/cms\\\/weinwissen\\\/next-generation\\\/#breadcrumb\"},\"inLanguage\":\"de-CH\",\"potentialAction\":[{\"@type\":\"ReadAction\",\"target\":[\"https:\\\/\\\/www.martel.ch\\\/cms\\\/weinwissen\\\/next-generation\\\/\"]}]},{\"@type\":\"ImageObject\",\"inLanguage\":\"de-CH\",\"@id\":\"https:\\\/\\\/www.martel.ch\\\/cms\\\/weinwissen\\\/next-generation\\\/#primaryimage\",\"url\":\"https:\\\/\\\/www.martel.ch\\\/cms\\\/wp-content\\\/uploads\\\/2023\\\/01\\\/2023_01_Next_Generation_Paccot_2.jpg\",\"contentUrl\":\"https:\\\/\\\/www.martel.ch\\\/cms\\\/wp-content\\\/uploads\\\/2023\\\/01\\\/2023_01_Next_Generation_Paccot_2.jpg\",\"width\":2000,\"height\":1333,\"caption\":\"Laura Paccot\"},{\"@type\":\"BreadcrumbList\",\"@id\":\"https:\\\/\\\/www.martel.ch\\\/cms\\\/weinwissen\\\/next-generation\\\/#breadcrumb\",\"itemListElement\":[{\"@type\":\"ListItem\",\"position\":1,\"name\":\"Startseite\",\"item\":\"https:\\\/\\\/www.martel.ch\\\/cms\\\/\"},{\"@type\":\"ListItem\",\"position\":2,\"name\":\"Weinwissen\",\"item\":\"https:\\\/\\\/www.martel.ch\\\/cms\\\/weinwissen\\\/\"},{\"@type\":\"ListItem\",\"position\":3,\"name\":\"Next Generation\"}]},{\"@type\":\"WebSite\",\"@id\":\"https:\\\/\\\/www.martel.ch\\\/cms\\\/#website\",\"url\":\"https:\\\/\\\/www.martel.ch\\\/cms\\\/\",\"name\":\"Martel\",\"description\":\"F\u00fcr Weinbegeisterte und die, die es werden m\u00f6chten.\",\"publisher\":{\"@id\":\"https:\\\/\\\/www.martel.ch\\\/cms\\\/#organization\"},\"potentialAction\":[{\"@type\":\"SearchAction\",\"target\":{\"@type\":\"EntryPoint\",\"urlTemplate\":\"https:\\\/\\\/www.martel.ch\\\/cms\\\/?s={search_term_string}\"},\"query-input\":{\"@type\":\"PropertyValueSpecification\",\"valueRequired\":true,\"valueName\":\"search_term_string\"}}],\"inLanguage\":\"de-CH\"},{\"@type\":\"Organization\",\"@id\":\"https:\\\/\\\/www.martel.ch\\\/cms\\\/#organization\",\"name\":\"Martel AG St.Gallen\",\"url\":\"https:\\\/\\\/www.martel.ch\\\/cms\\\/\",\"logo\":{\"@type\":\"ImageObject\",\"inLanguage\":\"de-CH\",\"@id\":\"https:\\\/\\\/www.martel.ch\\\/cms\\\/#\\\/schema\\\/logo\\\/image\\\/\",\"url\":\"https:\\\/\\\/www.martel.ch\\\/cms\\\/wp-content\\\/uploads\\\/2019\\\/02\\\/martel-logo.png\",\"contentUrl\":\"https:\\\/\\\/www.martel.ch\\\/cms\\\/wp-content\\\/uploads\\\/2019\\\/02\\\/martel-logo.png\",\"width\":600,\"height\":600,\"caption\":\"Martel AG St.Gallen\"},\"image\":{\"@id\":\"https:\\\/\\\/www.martel.ch\\\/cms\\\/#\\\/schema\\\/logo\\\/image\\\/\"},\"sameAs\":[\"https:\\\/\\\/www.facebook.com\\\/pages\\\/Martel-AG-St-Gallen\\\/233396026691876\",\"https:\\\/\\\/x.com\\\/martel_weinwelt\",\"https:\\\/\\\/www.instagram.com\\\/martel_weinwelt\\\/\",\"https:\\\/\\\/www.linkedin.com\\\/company\\\/martel-ag-st-gallen\",\"https:\\\/\\\/www.pinterest.ch\\\/martel_weinwelt\"]}]}<\/script>\n<!-- \/ Yoast SEO plugin. -->","yoast_head_json":{"title":"Next Generation | Next Generation","description":"Die Kontakte von Martel zu den Winzerfamilien sind eng und wir freuen uns, wenn die Nachfolge an die Next Generation vorbildlich gelingt.","robots":{"index":"index","follow":"follow","max-snippet":"max-snippet:-1","max-image-preview":"max-image-preview:large","max-video-preview":"max-video-preview:-1"},"canonical":"https:\/\/www.martel.ch\/cms\/weinwissen\/next-generation\/","og_locale":"de_DE","og_type":"article","og_title":"Next Generation | Next Generation","og_description":"Die Kontakte von Martel zu den Winzerfamilien sind eng und wir freuen uns, wenn die Nachfolge an die Next Generation vorbildlich gelingt.","og_url":"https:\/\/www.martel.ch\/cms\/weinwissen\/next-generation\/","og_site_name":"Martel","article_publisher":"https:\/\/www.facebook.com\/pages\/Martel-AG-St-Gallen\/233396026691876","article_modified_time":"2026-04-20T12:16:29+00:00","og_image":[{"width":854,"height":569,"url":"https:\/\/www.martel.ch\/cms\/wp-content\/uploads\/2023\/01\/2023_01_Next_Generation_Paccot_2-854x569.jpg","type":"image\/jpeg"}],"twitter_card":"summary_large_image","twitter_site":"@martel_weinwelt","twitter_misc":{"Written by":"Martel Marketing"},"schema":{"@context":"https:\/\/schema.org","@graph":[{"@type":"WebPage","@id":"https:\/\/www.martel.ch\/cms\/weinwissen\/next-generation\/","url":"https:\/\/www.martel.ch\/cms\/weinwissen\/next-generation\/","name":"Next Generation | Next Generation","isPartOf":{"@id":"https:\/\/www.martel.ch\/cms\/#website"},"primaryImageOfPage":{"@id":"https:\/\/www.martel.ch\/cms\/weinwissen\/next-generation\/#primaryimage"},"image":{"@id":"https:\/\/www.martel.ch\/cms\/weinwissen\/next-generation\/#primaryimage"},"thumbnailUrl":"https:\/\/www.martel.ch\/cms\/wp-content\/uploads\/2023\/01\/2023_01_Next_Generation_Paccot_2.jpg","datePublished":"2023-01-25T08:12:03+00:00","dateModified":"2026-04-20T12:16:29+00:00","description":"Die Kontakte von Martel zu den Winzerfamilien sind eng und wir freuen uns, wenn die Nachfolge an die Next Generation vorbildlich gelingt.","breadcrumb":{"@id":"https:\/\/www.martel.ch\/cms\/weinwissen\/next-generation\/#breadcrumb"},"inLanguage":"de-CH","potentialAction":[{"@type":"ReadAction","target":["https:\/\/www.martel.ch\/cms\/weinwissen\/next-generation\/"]}]},{"@type":"ImageObject","inLanguage":"de-CH","@id":"https:\/\/www.martel.ch\/cms\/weinwissen\/next-generation\/#primaryimage","url":"https:\/\/www.martel.ch\/cms\/wp-content\/uploads\/2023\/01\/2023_01_Next_Generation_Paccot_2.jpg","contentUrl":"https:\/\/www.martel.ch\/cms\/wp-content\/uploads\/2023\/01\/2023_01_Next_Generation_Paccot_2.jpg","width":2000,"height":1333,"caption":"Laura Paccot"},{"@type":"BreadcrumbList","@id":"https:\/\/www.martel.ch\/cms\/weinwissen\/next-generation\/#breadcrumb","itemListElement":[{"@type":"ListItem","position":1,"name":"Startseite","item":"https:\/\/www.martel.ch\/cms\/"},{"@type":"ListItem","position":2,"name":"Weinwissen","item":"https:\/\/www.martel.ch\/cms\/weinwissen\/"},{"@type":"ListItem","position":3,"name":"Next Generation"}]},{"@type":"WebSite","@id":"https:\/\/www.martel.ch\/cms\/#website","url":"https:\/\/www.martel.ch\/cms\/","name":"Martel","description":"F\u00fcr Weinbegeisterte und die, die es werden m\u00f6chten.","publisher":{"@id":"https:\/\/www.martel.ch\/cms\/#organization"},"potentialAction":[{"@type":"SearchAction","target":{"@type":"EntryPoint","urlTemplate":"https:\/\/www.martel.ch\/cms\/?s={search_term_string}"},"query-input":{"@type":"PropertyValueSpecification","valueRequired":true,"valueName":"search_term_string"}}],"inLanguage":"de-CH"},{"@type":"Organization","@id":"https:\/\/www.martel.ch\/cms\/#organization","name":"Martel AG St.Gallen","url":"https:\/\/www.martel.ch\/cms\/","logo":{"@type":"ImageObject","inLanguage":"de-CH","@id":"https:\/\/www.martel.ch\/cms\/#\/schema\/logo\/image\/","url":"https:\/\/www.martel.ch\/cms\/wp-content\/uploads\/2019\/02\/martel-logo.png","contentUrl":"https:\/\/www.martel.ch\/cms\/wp-content\/uploads\/2019\/02\/martel-logo.png","width":600,"height":600,"caption":"Martel AG St.Gallen"},"image":{"@id":"https:\/\/www.martel.ch\/cms\/#\/schema\/logo\/image\/"},"sameAs":["https:\/\/www.facebook.com\/pages\/Martel-AG-St-Gallen\/233396026691876","https:\/\/x.com\/martel_weinwelt","https:\/\/www.instagram.com\/martel_weinwelt\/","https:\/\/www.linkedin.com\/company\/martel-ag-st-gallen","https:\/\/www.pinterest.ch\/martel_weinwelt"]}]}},"_links":{"self":[{"href":"https:\/\/www.martel.ch\/cms\/wp-json\/wp\/v2\/pages\/16769","targetHints":{"allow":["GET"]}}],"collection":[{"href":"https:\/\/www.martel.ch\/cms\/wp-json\/wp\/v2\/pages"}],"about":[{"href":"https:\/\/www.martel.ch\/cms\/wp-json\/wp\/v2\/types\/page"}],"author":[{"embeddable":true,"href":"https:\/\/www.martel.ch\/cms\/wp-json\/wp\/v2\/users\/52"}],"replies":[{"embeddable":true,"href":"https:\/\/www.martel.ch\/cms\/wp-json\/wp\/v2\/comments?post=16769"}],"version-history":[{"count":9,"href":"https:\/\/www.martel.ch\/cms\/wp-json\/wp\/v2\/pages\/16769\/revisions"}],"predecessor-version":[{"id":28278,"href":"https:\/\/www.martel.ch\/cms\/wp-json\/wp\/v2\/pages\/16769\/revisions\/28278"}],"up":[{"embeddable":true,"href":"https:\/\/www.martel.ch\/cms\/wp-json\/wp\/v2\/pages\/6709"}],"wp:featuredmedia":[{"embeddable":true,"href":"https:\/\/www.martel.ch\/cms\/wp-json\/wp\/v2\/media\/16757"}],"wp:attachment":[{"href":"https:\/\/www.martel.ch\/cms\/wp-json\/wp\/v2\/media?parent=16769"}],"wp:term":[{"taxonomy":"category","embeddable":true,"href":"https:\/\/www.martel.ch\/cms\/wp-json\/wp\/v2\/categories?post=16769"},{"taxonomy":"author","embeddable":true,"href":"https:\/\/www.martel.ch\/cms\/wp-json\/wp\/v2\/coauthors?post=16769"}],"curies":[{"name":"wp","href":"https:\/\/api.w.org\/{rel}","templated":true}]}}