{"id":19460,"date":"2023-08-03T07:48:14","date_gmt":"2023-08-03T05:48:14","guid":{"rendered":"https:\/\/www.martel.ch\/cms\/?page_id=19460"},"modified":"2023-11-29T08:28:43","modified_gmt":"2023-11-29T07:28:43","slug":"trendland-deutschland","status":"publish","type":"page","link":"https:\/\/www.martel.ch\/cms\/weinwissen\/trendland-deutschland\/","title":{"rendered":"Trendland Deutschland"},"content":{"rendered":"","protected":false},"excerpt":{"rendered":"","protected":false},"author":52,"featured_media":19445,"parent":6709,"menu_order":1,"comment_status":"closed","ping_status":"closed","template":"","meta":{"_acf_changed":false,"inline_featured_image":false,"footnotes":""},"categories":[525],"coauthors":[539],"class_list":["post-19460","page","type-page","status-publish","has-post-thumbnail","hentry","category-im-fokus"],"acf":{"inhaltselemente":[{"acf_fc_layout":"einspalter_text","einspalter_text_titel":"Trendland Deutschland","einspalter_text_titel_typ":"1","einspalter_text_titel_fake":false,"einspalter_text_subtitle":"","einspalter_text_content":"Martel ist der deutschen Weinszene seit langem eng verbunden. Bereits 1876 brachte die erste Generation der Unternehmerfamilie Martel Riesling aus Deutschland in die Schweiz. Seither sind wir Fans von Wein.Rot.Gold und oft unterwegs an Rhein, Mosel und Nahe, wo sich wichtige deutsche Weinanbaugebiete befinden. Die Kontakte mit den Winzerinnen und Winzern inspirieren uns. Ihre Ideen sind so frisch wie ihre finessenreichen und trendigen Weine. Wir importieren aus Deutschland Weltklasse-Weissweine, grossartige Sekte und unglaublich feine Rotweine.\r\n\r\nAm besten, Sie probieren selbst. Trinkreife Weine und <span class=\"ui-provider fy b c d e f g h i j k l m n o p q r s t u v w x y z ab ac ae af ag ah ai aj ak\" dir=\"ltr\">auch der neue Jahrgang 2022 (Vorbestellung, Auslieferung Oktober) sind hier verf\u00fcgbar.<\/span> St\u00f6bern Sie durch unsere Einordnung des Trends, durch die Einsch\u00e4tzungen unserer Winzer zum Jahr 2022 sowie durch die zwei Experteninterviews. Eines ist sicher: Deutscher Wein war noch nie so gut wie heute.\r\n\r\n<strong>Diese Aktion ist abgelaufen.<\/strong>","einspalter_bgcolor":false,"einspalter_layout_lines_top_bottom":false,"einspalter_collapse":false},{"acf_fc_layout":"image_image_text","image_image_text_titel_left":"Der Jahrgang 2022 und seine Weine","image_image_text_titel_typ_left":"2","image_image_text_titel_fake_left":false,"image_image_text_link_left":{"title":"Mehr lesen und bestellen","url":"https:\/\/www.martel.ch\/cms\/weinwissen\/trendland-deutschland\/jahrgangsbericht-deutschland-2022\/","target":"_blank"},"image_image_text_link_left_area":false,"image_image_text_bild_left":19448,"image_image_text_content_left":"2022 war ein Jahr des Winzers. Was genau damit gemeint ist, erfahren Sie anhand der Einsch\u00e4tzungen unserer Winzer zum Jahrgang 2022. Und die dazugeh\u00f6rigen Weine gibt es hier auch zur Vorbestellung.","image_image_text_video_left":"","image_image_text_teaser_left":{"image_image_text_teaser_left_titel":"","image_image_text_teaser_left_titel_typ":"2","image_image_text_teaser_left_titel_fake":false,"image_image_text_teaser_left_link":""},"image_image_text_icon_left":"","image_image_text_icon_bg_left":"martel-rot","image_image_text_titel_right":"Trendy und vielseitig: Trinkreife deutsche Weine","image_image_text_titel_typ_right":"2","image_image_text_titel_fake_right":false,"image_image_text_link_right":{"title":"Mehr lesen und bestellen","url":"\/cms\/weinwissen\/trendland-deutschland\/aktion-trendland-deutschland\/","target":"_blank"},"image_image_text_link_right_area":false,"image_image_text_bild_right":19439,"image_image_text_content_right":"Die Winzerszene an Rhein, Mosel und Nahe ist beeindruckend innovativ und zurecht stolz auf Ihre vielseitigen Rebsorten Riesling und Pinot Noir. Die Einordnung des Trends sowie unsere trinkreifen Weine gibt es hier.","image_image_text_video_right":"","image_image_text_teaser_right":{"image_image_text_teaser_right_titel":"","image_image_text_teaser_right_titel_typ":"2","image_image_text_teaser_right_titel_fake":false,"image_image_text_teaser_right_link":""},"image_image_text_icon_right":"","image_image_text_icon_bg_right":"martel-rot","image_image_text_offset":false,"image_image_text_bgcolor":false},{"acf_fc_layout":"image_image_text","image_image_text_titel_left":"\u00abF\u00fcr deutschen Riesling gibt\u2019s keine Kopie\u00bb","image_image_text_titel_typ_left":"2","image_image_text_titel_fake_left":false,"image_image_text_link_left":{"title":"Zum Interview","url":"https:\/\/www.martel.ch\/cms\/weinwissen\/trendland-deutschland\/interview-mit-lara-haag\/","target":"_blank"},"image_image_text_link_left_area":false,"image_image_text_bild_left":19473,"image_image_text_content_left":"Schloss Lieser an der Mosel geh\u00f6rt zu den f\u00fchrenden Riesling-Weing\u00fctern Deutschlands. Lara Haag \u00fcber den Trend der Cool-Climate-Weine und die Ziele der n\u00e4chsten Winzer-Generation.","image_image_text_video_left":"","image_image_text_teaser_left":{"image_image_text_teaser_left_titel":"","image_image_text_teaser_left_titel_typ":"2","image_image_text_teaser_left_titel_fake":false,"image_image_text_teaser_left_link":""},"image_image_text_icon_left":"","image_image_text_icon_bg_left":"martel-rot","image_image_text_titel_right":"\u00abDas deutsche Rotweinwunder\u00bb","image_image_text_titel_typ_right":"2","image_image_text_titel_fake_right":false,"image_image_text_link_right":{"title":"Zum Interview","url":"https:\/\/www.martel.ch\/cms\/weinwissen\/trendland-deutschland\/interview-mit-juergen-von-der-mark\/","target":"_blank"},"image_image_text_link_right_area":false,"image_image_text_bild_right":19433,"image_image_text_content_right":"J\u00fcrgen von der Mark ordnet hier den Stellenwert des deutschen Rotweins ein. Seine Pinot Noirs in burgundischer Stilistik geh\u00f6ren zu Deutschlands Spitzengew\u00e4chsen.","image_image_text_video_right":"","image_image_text_teaser_right":{"image_image_text_teaser_right_titel":"","image_image_text_teaser_right_titel_typ":"2","image_image_text_teaser_right_titel_fake":false,"image_image_text_teaser_right_link":""},"image_image_text_icon_right":"","image_image_text_icon_bg_right":"martel-rot","image_image_text_offset":false,"image_image_text_bgcolor":false}]},"yoast_head":"<!-- This site is optimized with the Yoast SEO plugin v27.4 - https:\/\/yoast.com\/product\/yoast-seo-wordpress\/ -->\n<title>Trendland Deutschland<\/title>\n<meta name=\"description\" content=\"Martel ist der deutschen Weinszene seit langem eng verbunden. Wir importieren seit bald 150 Jahren Spitzenweine aus dem Trendland Deutschland.\" \/>\n<meta name=\"robots\" content=\"index, follow, max-snippet:-1, max-image-preview:large, max-video-preview:-1\" \/>\n<link rel=\"canonical\" href=\"https:\/\/www.martel.ch\/cms\/weinwissen\/trendland-deutschland\/\" \/>\n<meta property=\"og:locale\" content=\"de_DE\" \/>\n<meta property=\"og:type\" content=\"article\" \/>\n<meta property=\"og:title\" content=\"Trendland Deutschland\" \/>\n<meta property=\"og:description\" content=\"Martel ist der deutschen Weinszene seit langem eng verbunden. Wir importieren seit bald 150 Jahren Spitzenweine aus dem Trendland Deutschland.\" \/>\n<meta property=\"og:url\" content=\"https:\/\/www.martel.ch\/cms\/weinwissen\/trendland-deutschland\/\" \/>\n<meta property=\"og:site_name\" content=\"Martel\" \/>\n<meta property=\"article:publisher\" content=\"https:\/\/www.facebook.com\/pages\/Martel-AG-St-Gallen\/233396026691876\" \/>\n<meta property=\"article:modified_time\" content=\"2023-11-29T07:28:43+00:00\" \/>\n<meta property=\"og:image\" content=\"https:\/\/www.martel.ch\/cms\/wp-content\/uploads\/2023\/08\/2023_07_Deutschland_3.jpg\" \/>\n\t<meta property=\"og:image:width\" content=\"2000\" \/>\n\t<meta property=\"og:image:height\" content=\"1333\" \/>\n\t<meta property=\"og:image:type\" content=\"image\/jpeg\" \/>\n<meta name=\"twitter:card\" content=\"summary_large_image\" \/>\n<meta name=\"twitter:site\" content=\"@martel_weinwelt\" \/>\n<meta name=\"twitter:label1\" content=\"Written by\" \/>\n\t<meta name=\"twitter:data1\" content=\"Martel Marketing\" \/>\n<script type=\"application\/ld+json\" class=\"yoast-schema-graph\">{\"@context\":\"https:\\\/\\\/schema.org\",\"@graph\":[{\"@type\":\"WebPage\",\"@id\":\"https:\\\/\\\/www.martel.ch\\\/cms\\\/weinwissen\\\/trendland-deutschland\\\/\",\"url\":\"https:\\\/\\\/www.martel.ch\\\/cms\\\/weinwissen\\\/trendland-deutschland\\\/\",\"name\":\"Trendland Deutschland\",\"isPartOf\":{\"@id\":\"https:\\\/\\\/www.martel.ch\\\/cms\\\/#website\"},\"primaryImageOfPage\":{\"@id\":\"https:\\\/\\\/www.martel.ch\\\/cms\\\/weinwissen\\\/trendland-deutschland\\\/#primaryimage\"},\"image\":{\"@id\":\"https:\\\/\\\/www.martel.ch\\\/cms\\\/weinwissen\\\/trendland-deutschland\\\/#primaryimage\"},\"thumbnailUrl\":\"https:\\\/\\\/www.martel.ch\\\/cms\\\/wp-content\\\/uploads\\\/2023\\\/08\\\/2023_07_Deutschland_3.jpg\",\"datePublished\":\"2023-08-03T05:48:14+00:00\",\"dateModified\":\"2023-11-29T07:28:43+00:00\",\"description\":\"Martel ist der deutschen Weinszene seit langem eng verbunden. Wir importieren seit bald 150 Jahren Spitzenweine aus dem Trendland Deutschland.\",\"breadcrumb\":{\"@id\":\"https:\\\/\\\/www.martel.ch\\\/cms\\\/weinwissen\\\/trendland-deutschland\\\/#breadcrumb\"},\"inLanguage\":\"de-CH\",\"potentialAction\":[{\"@type\":\"ReadAction\",\"target\":[\"https:\\\/\\\/www.martel.ch\\\/cms\\\/weinwissen\\\/trendland-deutschland\\\/\"]}]},{\"@type\":\"ImageObject\",\"inLanguage\":\"de-CH\",\"@id\":\"https:\\\/\\\/www.martel.ch\\\/cms\\\/weinwissen\\\/trendland-deutschland\\\/#primaryimage\",\"url\":\"https:\\\/\\\/www.martel.ch\\\/cms\\\/wp-content\\\/uploads\\\/2023\\\/08\\\/2023_07_Deutschland_3.jpg\",\"contentUrl\":\"https:\\\/\\\/www.martel.ch\\\/cms\\\/wp-content\\\/uploads\\\/2023\\\/08\\\/2023_07_Deutschland_3.jpg\",\"width\":2000,\"height\":1333,\"caption\":\"Trendland Deutschland\"},{\"@type\":\"BreadcrumbList\",\"@id\":\"https:\\\/\\\/www.martel.ch\\\/cms\\\/weinwissen\\\/trendland-deutschland\\\/#breadcrumb\",\"itemListElement\":[{\"@type\":\"ListItem\",\"position\":1,\"name\":\"Startseite\",\"item\":\"https:\\\/\\\/www.martel.ch\\\/cms\\\/\"},{\"@type\":\"ListItem\",\"position\":2,\"name\":\"Weinwissen\",\"item\":\"https:\\\/\\\/www.martel.ch\\\/cms\\\/weinwissen\\\/\"},{\"@type\":\"ListItem\",\"position\":3,\"name\":\"Trendland Deutschland\"}]},{\"@type\":\"WebSite\",\"@id\":\"https:\\\/\\\/www.martel.ch\\\/cms\\\/#website\",\"url\":\"https:\\\/\\\/www.martel.ch\\\/cms\\\/\",\"name\":\"Martel\",\"description\":\"F\u00fcr Weinbegeisterte und die, die es werden m\u00f6chten.\",\"publisher\":{\"@id\":\"https:\\\/\\\/www.martel.ch\\\/cms\\\/#organization\"},\"potentialAction\":[{\"@type\":\"SearchAction\",\"target\":{\"@type\":\"EntryPoint\",\"urlTemplate\":\"https:\\\/\\\/www.martel.ch\\\/cms\\\/?s={search_term_string}\"},\"query-input\":{\"@type\":\"PropertyValueSpecification\",\"valueRequired\":true,\"valueName\":\"search_term_string\"}}],\"inLanguage\":\"de-CH\"},{\"@type\":\"Organization\",\"@id\":\"https:\\\/\\\/www.martel.ch\\\/cms\\\/#organization\",\"name\":\"Martel AG St.Gallen\",\"url\":\"https:\\\/\\\/www.martel.ch\\\/cms\\\/\",\"logo\":{\"@type\":\"ImageObject\",\"inLanguage\":\"de-CH\",\"@id\":\"https:\\\/\\\/www.martel.ch\\\/cms\\\/#\\\/schema\\\/logo\\\/image\\\/\",\"url\":\"https:\\\/\\\/www.martel.ch\\\/cms\\\/wp-content\\\/uploads\\\/2019\\\/02\\\/martel-logo.png\",\"contentUrl\":\"https:\\\/\\\/www.martel.ch\\\/cms\\\/wp-content\\\/uploads\\\/2019\\\/02\\\/martel-logo.png\",\"width\":600,\"height\":600,\"caption\":\"Martel AG St.Gallen\"},\"image\":{\"@id\":\"https:\\\/\\\/www.martel.ch\\\/cms\\\/#\\\/schema\\\/logo\\\/image\\\/\"},\"sameAs\":[\"https:\\\/\\\/www.facebook.com\\\/pages\\\/Martel-AG-St-Gallen\\\/233396026691876\",\"https:\\\/\\\/x.com\\\/martel_weinwelt\",\"https:\\\/\\\/www.instagram.com\\\/martel_weinwelt\\\/\",\"https:\\\/\\\/www.linkedin.com\\\/company\\\/martel-ag-st-gallen\",\"https:\\\/\\\/www.pinterest.ch\\\/martel_weinwelt\"]}]}<\/script>\n<!-- \/ Yoast SEO plugin. -->","yoast_head_json":{"title":"Trendland Deutschland","description":"Martel ist der deutschen Weinszene seit langem eng verbunden. Wir importieren seit bald 150 Jahren Spitzenweine aus dem Trendland Deutschland.","robots":{"index":"index","follow":"follow","max-snippet":"max-snippet:-1","max-image-preview":"max-image-preview:large","max-video-preview":"max-video-preview:-1"},"canonical":"https:\/\/www.martel.ch\/cms\/weinwissen\/trendland-deutschland\/","og_locale":"de_DE","og_type":"article","og_title":"Trendland Deutschland","og_description":"Martel ist der deutschen Weinszene seit langem eng verbunden. Wir importieren seit bald 150 Jahren Spitzenweine aus dem Trendland Deutschland.","og_url":"https:\/\/www.martel.ch\/cms\/weinwissen\/trendland-deutschland\/","og_site_name":"Martel","article_publisher":"https:\/\/www.facebook.com\/pages\/Martel-AG-St-Gallen\/233396026691876","article_modified_time":"2023-11-29T07:28:43+00:00","og_image":[{"width":2000,"height":1333,"url":"https:\/\/www.martel.ch\/cms\/wp-content\/uploads\/2023\/08\/2023_07_Deutschland_3.jpg","type":"image\/jpeg"}],"twitter_card":"summary_large_image","twitter_site":"@martel_weinwelt","twitter_misc":{"Written by":"Martel Marketing"},"schema":{"@context":"https:\/\/schema.org","@graph":[{"@type":"WebPage","@id":"https:\/\/www.martel.ch\/cms\/weinwissen\/trendland-deutschland\/","url":"https:\/\/www.martel.ch\/cms\/weinwissen\/trendland-deutschland\/","name":"Trendland Deutschland","isPartOf":{"@id":"https:\/\/www.martel.ch\/cms\/#website"},"primaryImageOfPage":{"@id":"https:\/\/www.martel.ch\/cms\/weinwissen\/trendland-deutschland\/#primaryimage"},"image":{"@id":"https:\/\/www.martel.ch\/cms\/weinwissen\/trendland-deutschland\/#primaryimage"},"thumbnailUrl":"https:\/\/www.martel.ch\/cms\/wp-content\/uploads\/2023\/08\/2023_07_Deutschland_3.jpg","datePublished":"2023-08-03T05:48:14+00:00","dateModified":"2023-11-29T07:28:43+00:00","description":"Martel ist der deutschen Weinszene seit langem eng verbunden. Wir importieren seit bald 150 Jahren Spitzenweine aus dem Trendland Deutschland.","breadcrumb":{"@id":"https:\/\/www.martel.ch\/cms\/weinwissen\/trendland-deutschland\/#breadcrumb"},"inLanguage":"de-CH","potentialAction":[{"@type":"ReadAction","target":["https:\/\/www.martel.ch\/cms\/weinwissen\/trendland-deutschland\/"]}]},{"@type":"ImageObject","inLanguage":"de-CH","@id":"https:\/\/www.martel.ch\/cms\/weinwissen\/trendland-deutschland\/#primaryimage","url":"https:\/\/www.martel.ch\/cms\/wp-content\/uploads\/2023\/08\/2023_07_Deutschland_3.jpg","contentUrl":"https:\/\/www.martel.ch\/cms\/wp-content\/uploads\/2023\/08\/2023_07_Deutschland_3.jpg","width":2000,"height":1333,"caption":"Trendland Deutschland"},{"@type":"BreadcrumbList","@id":"https:\/\/www.martel.ch\/cms\/weinwissen\/trendland-deutschland\/#breadcrumb","itemListElement":[{"@type":"ListItem","position":1,"name":"Startseite","item":"https:\/\/www.martel.ch\/cms\/"},{"@type":"ListItem","position":2,"name":"Weinwissen","item":"https:\/\/www.martel.ch\/cms\/weinwissen\/"},{"@type":"ListItem","position":3,"name":"Trendland Deutschland"}]},{"@type":"WebSite","@id":"https:\/\/www.martel.ch\/cms\/#website","url":"https:\/\/www.martel.ch\/cms\/","name":"Martel","description":"F\u00fcr Weinbegeisterte und die, die es werden m\u00f6chten.","publisher":{"@id":"https:\/\/www.martel.ch\/cms\/#organization"},"potentialAction":[{"@type":"SearchAction","target":{"@type":"EntryPoint","urlTemplate":"https:\/\/www.martel.ch\/cms\/?s={search_term_string}"},"query-input":{"@type":"PropertyValueSpecification","valueRequired":true,"valueName":"search_term_string"}}],"inLanguage":"de-CH"},{"@type":"Organization","@id":"https:\/\/www.martel.ch\/cms\/#organization","name":"Martel AG St.Gallen","url":"https:\/\/www.martel.ch\/cms\/","logo":{"@type":"ImageObject","inLanguage":"de-CH","@id":"https:\/\/www.martel.ch\/cms\/#\/schema\/logo\/image\/","url":"https:\/\/www.martel.ch\/cms\/wp-content\/uploads\/2019\/02\/martel-logo.png","contentUrl":"https:\/\/www.martel.ch\/cms\/wp-content\/uploads\/2019\/02\/martel-logo.png","width":600,"height":600,"caption":"Martel AG St.Gallen"},"image":{"@id":"https:\/\/www.martel.ch\/cms\/#\/schema\/logo\/image\/"},"sameAs":["https:\/\/www.facebook.com\/pages\/Martel-AG-St-Gallen\/233396026691876","https:\/\/x.com\/martel_weinwelt","https:\/\/www.instagram.com\/martel_weinwelt\/","https:\/\/www.linkedin.com\/company\/martel-ag-st-gallen","https:\/\/www.pinterest.ch\/martel_weinwelt"]}]}},"_links":{"self":[{"href":"https:\/\/www.martel.ch\/cms\/wp-json\/wp\/v2\/pages\/19460","targetHints":{"allow":["GET"]}}],"collection":[{"href":"https:\/\/www.martel.ch\/cms\/wp-json\/wp\/v2\/pages"}],"about":[{"href":"https:\/\/www.martel.ch\/cms\/wp-json\/wp\/v2\/types\/page"}],"author":[{"embeddable":true,"href":"https:\/\/www.martel.ch\/cms\/wp-json\/wp\/v2\/users\/52"}],"replies":[{"embeddable":true,"href":"https:\/\/www.martel.ch\/cms\/wp-json\/wp\/v2\/comments?post=19460"}],"version-history":[{"count":58,"href":"https:\/\/www.martel.ch\/cms\/wp-json\/wp\/v2\/pages\/19460\/revisions"}],"predecessor-version":[{"id":21434,"href":"https:\/\/www.martel.ch\/cms\/wp-json\/wp\/v2\/pages\/19460\/revisions\/21434"}],"up":[{"embeddable":true,"href":"https:\/\/www.martel.ch\/cms\/wp-json\/wp\/v2\/pages\/6709"}],"wp:featuredmedia":[{"embeddable":true,"href":"https:\/\/www.martel.ch\/cms\/wp-json\/wp\/v2\/media\/19445"}],"wp:attachment":[{"href":"https:\/\/www.martel.ch\/cms\/wp-json\/wp\/v2\/media?parent=19460"}],"wp:term":[{"taxonomy":"category","embeddable":true,"href":"https:\/\/www.martel.ch\/cms\/wp-json\/wp\/v2\/categories?post=19460"},{"taxonomy":"author","embeddable":true,"href":"https:\/\/www.martel.ch\/cms\/wp-json\/wp\/v2\/coauthors?post=19460"}],"curies":[{"name":"wp","href":"https:\/\/api.w.org\/{rel}","templated":true}]}}