{"id":19539,"date":"2023-08-03T12:41:09","date_gmt":"2023-08-03T10:41:09","guid":{"rendered":"https:\/\/www.martel.ch\/cms\/?page_id=19539"},"modified":"2023-09-25T10:07:16","modified_gmt":"2023-09-25T08:07:16","slug":"jahrgangsbericht-deutschland-2022","status":"publish","type":"page","link":"https:\/\/www.martel.ch\/cms\/weinwissen\/trendland-deutschland\/jahrgangsbericht-deutschland-2022\/","title":{"rendered":"Jahrgangsbericht Deutschland 2022"},"content":{"rendered":"","protected":false},"excerpt":{"rendered":"","protected":false},"author":52,"featured_media":19448,"parent":19460,"menu_order":0,"comment_status":"closed","ping_status":"closed","template":"","meta":{"_acf_changed":false,"inline_featured_image":false,"footnotes":""},"categories":[],"coauthors":[539],"class_list":["post-19539","page","type-page","status-publish","has-post-thumbnail","hentry"],"acf":{"inhaltselemente":[{"acf_fc_layout":"einspalter_text","einspalter_text_titel":"Jahrgangsbericht 2022","einspalter_text_titel_typ":"1","einspalter_text_titel_fake":false,"einspalter_text_subtitle":"","einspalter_text_content":"Die wichtigen deutschen Weingebiete liegen zum Teil mehrere hundert Kilometer auseinander und unterscheiden sich in gewissen Jahren deutlich, was das Wetter betrifft. Im Jahrgang 2022 vereint sie eines: Der Jahrgang war ausgesprochen herausfordernd f\u00fcr die deutschen Winzer. Die andauernde Hitze in den Sommermonaten und der sp\u00e4te Regen im Herbst machten die Lese oft zu einem Wettlauf gegen die Zeit. Vor allem bei der Wasserversorgung gab es grosse Unterschiede. Je nach Region war es entweder zu nass oder mal viel zu trocken und heiss. So war denn auch der Erntezeitpunkt sehr entscheidend. Auf einen kurzen Nenner gebracht: 2022 war ein Jahr des Winzers. Nachfolgend <span class=\"ui-provider fy b c d e f g h i j k l m n o p q r s t u v w x y z ab ac ae af ag ah ai aj ak\" dir=\"ltr\">ihre Einsch\u00e4tzungen zum Jahrgang 2022, der nun vorbestellt werden kann (Abholung\/Auslieferung Oktober).<\/span>\r\n\r\n<strong>Diese Aktion ist abgelaufen.<\/strong>","einspalter_bgcolor":false,"einspalter_layout_lines_top_bottom":false,"einspalter_collapse":false},{"acf_fc_layout":"image_image_text","image_image_text_titel_left":"Mosel: Thomas Haag, Weingut Schloss Lieser","image_image_text_titel_typ_left":"2","image_image_text_titel_fake_left":false,"image_image_text_link_left":{"title":"Die 2022er von Lieser","url":"https:\/\/www.martel.ch\/wein\/?filter=winzer,schloss-lieser,jahrgang,2022","target":""},"image_image_text_link_left_area":false,"image_image_text_bild_left":19512,"image_image_text_content_left":"\u00abAn der Mosel regnete es im Mai ziemlich oft. Es folgte ein Sommer mit Hitze und D\u00fcrre. Unsere Reben waren gefordert \u2013 die Winzer ebenfalls. Wir profitierten von der tiefen Verwurzelung unserer alten Reben. Kurz vor Erntebeginn kam es zu einem Wetterumschwung. Es gab Regen und k\u00fchle N\u00e4chte. Davon profitierten die Trauben, Frische und Zartheit konnten bewahrt werden. Auf jeden Fall aber war eine pr\u00e4zise Selektion mitentscheidend. Und so freuen wir uns nun \u00fcber zarte, elegante Rieslinge aus dem Jahr 2022 mit Frische und moderatem Alkoholgehalt.\u00bb","image_image_text_video_left":"","image_image_text_teaser_left":{"image_image_text_teaser_left_titel":"","image_image_text_teaser_left_titel_typ":"2","image_image_text_teaser_left_titel_fake":false,"image_image_text_teaser_left_link":""},"image_image_text_icon_left":"","image_image_text_icon_bg_left":"martel-rot","image_image_text_titel_right":"Ruwer: Maximin von Schubert, Weingut Maximin Gr\u00fcnhaus","image_image_text_titel_typ_right":"2","image_image_text_titel_fake_right":false,"image_image_text_link_right":{"title":"Die 2022er von Gr\u00fcnhaus","url":"https:\/\/www.martel.ch\/wein\/?filter=winzer,maximin-gruenhaus,jahrgang,2022","target":""},"image_image_text_link_right_area":false,"image_image_text_bild_right":19521,"image_image_text_content_right":"\u00abWir schauen dankbar auf das Jahr 2022 zur\u00fcck: Es war vermutlich das trockenste Jahr in der Geschichte von Maximin Gr\u00fcnhaus. Eine Herausforderung mehr, die die Natur an uns gestellt hatte und die das Team sowie der Gr\u00fcnh\u00e4user Berg mit Bravour gemeistert haben. Herausgekommen sind Weine, die verbl\u00fcffen: fein, elegant, spannungsgeladen und klassisch wie aus einem eher k\u00fchleren Jahr. Kurzum, wir sind vollends begeistert von dem Jahrgang \u2013 nur nicht von der kleinen Erntemenge.\u00bb","image_image_text_video_right":"","image_image_text_teaser_right":{"image_image_text_teaser_right_titel":"","image_image_text_teaser_right_titel_typ":"2","image_image_text_teaser_right_titel_fake":false,"image_image_text_teaser_right_link":""},"image_image_text_icon_right":"","image_image_text_icon_bg_right":"martel-rot","image_image_text_offset":true,"image_image_text_bgcolor":false},{"acf_fc_layout":"image_text","image_text_titel":"Nahe: Tim Fr\u00f6hlich, Weingut Sch\u00e4fer-Fr\u00f6hlich","image_text_titel_typ":"2","image_text_titel_fake":false,"image_text_link":{"title":"Die 2022er von Sch\u00e4fer-Fr\u00f6hlich","url":"https:\/\/www.martel.ch\/wein\/?filter=winzer,schaefer-froehlich,jahrgang,2022","target":""},"image_text_link_area":false,"image_text_content":"\u00abAn der Nahe war es sicher weniger trocken als an der Mosel und Ruwer, vor allem im Fr\u00fchling. Der viele Niederschlag im Mai sorgte f\u00fcr eine starke W\u00fcchsigkeit und dies machte eine Ertragsbeschr\u00e4nkung bereits fr\u00fch im Jahr notwendig und besonders wichtig. Ein schwieriger Start ins Rebjahr. Wegen der anschliessenden Trockenheit und der grossen Hitze mit viel Sonne war das Laubwandmanagement sehr wichtig, um einerseits f\u00fcr gute Bel\u00fcftung zu sorgen, andererseits aber auch die Trauben vor Sonnenbrand zu sch\u00fctzen. Unsere 22er-Weine sind kristallklar und mit viel Energie.\u00bb","image_text_bild":19536,"image_text_video":"","image_text_position_bild":"left","image_text_bgcolor":true},{"acf_fc_layout":"image_image_text","image_image_text_titel_left":"Rheingau: Urban Kaufmann, Weingut Kaufmann","image_image_text_titel_typ_left":"2","image_image_text_titel_fake_left":false,"image_image_text_link_left":{"title":"Die 2022er von Kaufmann","url":"https:\/\/www.martel.ch\/wein\/?filter=winzer,kaufmann,jahrgang,2022","target":""},"image_image_text_link_left_area":false,"image_image_text_bild_left":19527,"image_image_text_content_left":"\u00abIm Rheingau hatten wir einen sch\u00f6nen Sommer mit sehr wenig Regen. Nicht immer einfach. Immerhin war Pflanzenschutz kaum n\u00f6tig. Die hohen Temperaturen im August brachten den fr\u00fchesten Start der Ernte aller Zeiten. Wir freuen uns \u00fcber sch\u00f6ne Rieslinge mit moderater S\u00e4ure und Rotweine mit Topwerten. Sogar die Menge ist bei uns gr\u00f6sser als erhofft.\u00bb","image_image_text_video_left":"","image_image_text_teaser_left":{"image_image_text_teaser_left_titel":"","image_image_text_teaser_left_titel_typ":"2","image_image_text_teaser_left_titel_fake":false,"image_image_text_teaser_left_link":""},"image_image_text_icon_left":"","image_image_text_icon_bg_left":"martel-rot","image_image_text_titel_right":"Rheingau: Wilhelm Weil, Weingut Robert Weil","image_image_text_titel_typ_right":"2","image_image_text_titel_fake_right":false,"image_image_text_link_right":{"title":"Die 2022er von Weil","url":"https:\/\/www.martel.ch\/wein\/?filter=winzer,robert-weil,jahrgang,2022","target":""},"image_image_text_link_right_area":false,"image_image_text_bild_right":19533,"image_image_text_content_right":"\u00abEin Sommer mit hohen Temperaturen und geringen Niederschl\u00e4gen hat die Weinberge im Jahr 2022 gepr\u00e4gt. Wir sind schon mit einem sehr warmen Winter in das Jahr gestartet. Entscheidend war aber auch die Aufstockung der Wasserreserven \u00fcber die Winter-Niederschl\u00e4ge. Eine K\u00e4ltephase im April bremste zwar die Entwicklung, dennoch setzte die Bl\u00fcte schon in den ersten Juni-Tagen ein, eine Woche vor dem langj\u00e4hrigen Mittel. Wegen der zunehmenden Trockenheit hatte sich danach der Vorsprung in der Weinbergsentwicklung nicht massgeblich weiter ausgebaut. Dank den nat\u00fcrlichen Gegebenheiten des Kiedricher Bergs wurde die Trockenheit aber gl\u00fccklicherweise nicht zu einem Problem f\u00fcr uns und Mitte September haben die Trauben dann auch nicht nur hervorragend ausgesehen, sondern auch so geschmeckt. Sowohl die Traubenqualit\u00e4t als auch die Sensorik der Moste und jungen Weine stimmten uns von allem Anfang sehr zuversichtlich. 2022 ist ein hervorragender Jahrgang. Vom Gutsriesling, \u00fcber den Ortsriesling bis zu den Ersten- und Grossen Lagen.\u00bb","image_image_text_video_right":"","image_image_text_teaser_right":{"image_image_text_teaser_right_titel":"","image_image_text_teaser_right_titel_typ":"2","image_image_text_teaser_right_titel_fake":false,"image_image_text_teaser_right_link":""},"image_image_text_icon_right":"","image_image_text_icon_bg_right":"martel-rot","image_image_text_offset":true,"image_image_text_bgcolor":false}]},"yoast_head":"<!-- This site is optimized with the Yoast SEO plugin v27.4 - https:\/\/yoast.com\/product\/yoast-seo-wordpress\/ -->\n<title>Jahrgangsbericht Deutschland 2022<\/title>\n<meta name=\"description\" content=\"Jahrgangsbericht Deutschland 2022 - Wir haben unsere deutschen Winzer zum aktuellen Jahrgang 2022 in Deutschland befragt.\" \/>\n<meta name=\"robots\" content=\"index, follow, max-snippet:-1, max-image-preview:large, max-video-preview:-1\" \/>\n<link rel=\"canonical\" href=\"https:\/\/www.martel.ch\/cms\/weinwissen\/trendland-deutschland\/jahrgangsbericht-deutschland-2022\/\" \/>\n<meta property=\"og:locale\" content=\"de_DE\" \/>\n<meta property=\"og:type\" content=\"article\" \/>\n<meta property=\"og:title\" content=\"Jahrgangsbericht Deutschland 2022\" \/>\n<meta property=\"og:description\" content=\"Jahrgangsbericht Deutschland 2022 - Wir haben unsere deutschen Winzer zum aktuellen Jahrgang 2022 in Deutschland befragt.\" \/>\n<meta property=\"og:url\" content=\"https:\/\/www.martel.ch\/cms\/weinwissen\/trendland-deutschland\/jahrgangsbericht-deutschland-2022\/\" \/>\n<meta property=\"og:site_name\" content=\"Martel\" \/>\n<meta property=\"article:publisher\" content=\"https:\/\/www.facebook.com\/pages\/Martel-AG-St-Gallen\/233396026691876\" \/>\n<meta property=\"article:modified_time\" content=\"2023-09-25T08:07:16+00:00\" \/>\n<meta property=\"og:image\" content=\"https:\/\/www.martel.ch\/cms\/wp-content\/uploads\/2023\/08\/2023_07_Deutschland_4.jpg\" \/>\n\t<meta property=\"og:image:width\" content=\"2000\" \/>\n\t<meta property=\"og:image:height\" content=\"1333\" \/>\n\t<meta property=\"og:image:type\" content=\"image\/jpeg\" \/>\n<meta name=\"twitter:card\" content=\"summary_large_image\" \/>\n<meta name=\"twitter:site\" content=\"@martel_weinwelt\" \/>\n<meta name=\"twitter:label1\" content=\"Written by\" \/>\n\t<meta name=\"twitter:data1\" content=\"Martel Marketing\" \/>\n<script type=\"application\/ld+json\" class=\"yoast-schema-graph\">{\"@context\":\"https:\\\/\\\/schema.org\",\"@graph\":[{\"@type\":\"WebPage\",\"@id\":\"https:\\\/\\\/www.martel.ch\\\/cms\\\/weinwissen\\\/trendland-deutschland\\\/jahrgangsbericht-deutschland-2022\\\/\",\"url\":\"https:\\\/\\\/www.martel.ch\\\/cms\\\/weinwissen\\\/trendland-deutschland\\\/jahrgangsbericht-deutschland-2022\\\/\",\"name\":\"Jahrgangsbericht Deutschland 2022\",\"isPartOf\":{\"@id\":\"https:\\\/\\\/www.martel.ch\\\/cms\\\/#website\"},\"primaryImageOfPage\":{\"@id\":\"https:\\\/\\\/www.martel.ch\\\/cms\\\/weinwissen\\\/trendland-deutschland\\\/jahrgangsbericht-deutschland-2022\\\/#primaryimage\"},\"image\":{\"@id\":\"https:\\\/\\\/www.martel.ch\\\/cms\\\/weinwissen\\\/trendland-deutschland\\\/jahrgangsbericht-deutschland-2022\\\/#primaryimage\"},\"thumbnailUrl\":\"https:\\\/\\\/www.martel.ch\\\/cms\\\/wp-content\\\/uploads\\\/2023\\\/08\\\/2023_07_Deutschland_4.jpg\",\"datePublished\":\"2023-08-03T10:41:09+00:00\",\"dateModified\":\"2023-09-25T08:07:16+00:00\",\"description\":\"Jahrgangsbericht Deutschland 2022 - Wir haben unsere deutschen Winzer zum aktuellen Jahrgang 2022 in Deutschland befragt.\",\"breadcrumb\":{\"@id\":\"https:\\\/\\\/www.martel.ch\\\/cms\\\/weinwissen\\\/trendland-deutschland\\\/jahrgangsbericht-deutschland-2022\\\/#breadcrumb\"},\"inLanguage\":\"de-CH\",\"potentialAction\":[{\"@type\":\"ReadAction\",\"target\":[\"https:\\\/\\\/www.martel.ch\\\/cms\\\/weinwissen\\\/trendland-deutschland\\\/jahrgangsbericht-deutschland-2022\\\/\"]}]},{\"@type\":\"ImageObject\",\"inLanguage\":\"de-CH\",\"@id\":\"https:\\\/\\\/www.martel.ch\\\/cms\\\/weinwissen\\\/trendland-deutschland\\\/jahrgangsbericht-deutschland-2022\\\/#primaryimage\",\"url\":\"https:\\\/\\\/www.martel.ch\\\/cms\\\/wp-content\\\/uploads\\\/2023\\\/08\\\/2023_07_Deutschland_4.jpg\",\"contentUrl\":\"https:\\\/\\\/www.martel.ch\\\/cms\\\/wp-content\\\/uploads\\\/2023\\\/08\\\/2023_07_Deutschland_4.jpg\",\"width\":2000,\"height\":1333,\"caption\":\"Trendland Deutschland\"},{\"@type\":\"BreadcrumbList\",\"@id\":\"https:\\\/\\\/www.martel.ch\\\/cms\\\/weinwissen\\\/trendland-deutschland\\\/jahrgangsbericht-deutschland-2022\\\/#breadcrumb\",\"itemListElement\":[{\"@type\":\"ListItem\",\"position\":1,\"name\":\"Startseite\",\"item\":\"https:\\\/\\\/www.martel.ch\\\/cms\\\/\"},{\"@type\":\"ListItem\",\"position\":2,\"name\":\"Weinwissen\",\"item\":\"https:\\\/\\\/www.martel.ch\\\/cms\\\/weinwissen\\\/\"},{\"@type\":\"ListItem\",\"position\":3,\"name\":\"Trendland Deutschland\",\"item\":\"https:\\\/\\\/www.martel.ch\\\/cms\\\/weinwissen\\\/trendland-deutschland\\\/\"},{\"@type\":\"ListItem\",\"position\":4,\"name\":\"Jahrgangsbericht Deutschland 2022\"}]},{\"@type\":\"WebSite\",\"@id\":\"https:\\\/\\\/www.martel.ch\\\/cms\\\/#website\",\"url\":\"https:\\\/\\\/www.martel.ch\\\/cms\\\/\",\"name\":\"Martel\",\"description\":\"F\u00fcr Weinbegeisterte und die, die es werden m\u00f6chten.\",\"publisher\":{\"@id\":\"https:\\\/\\\/www.martel.ch\\\/cms\\\/#organization\"},\"potentialAction\":[{\"@type\":\"SearchAction\",\"target\":{\"@type\":\"EntryPoint\",\"urlTemplate\":\"https:\\\/\\\/www.martel.ch\\\/cms\\\/?s={search_term_string}\"},\"query-input\":{\"@type\":\"PropertyValueSpecification\",\"valueRequired\":true,\"valueName\":\"search_term_string\"}}],\"inLanguage\":\"de-CH\"},{\"@type\":\"Organization\",\"@id\":\"https:\\\/\\\/www.martel.ch\\\/cms\\\/#organization\",\"name\":\"Martel AG St.Gallen\",\"url\":\"https:\\\/\\\/www.martel.ch\\\/cms\\\/\",\"logo\":{\"@type\":\"ImageObject\",\"inLanguage\":\"de-CH\",\"@id\":\"https:\\\/\\\/www.martel.ch\\\/cms\\\/#\\\/schema\\\/logo\\\/image\\\/\",\"url\":\"https:\\\/\\\/www.martel.ch\\\/cms\\\/wp-content\\\/uploads\\\/2019\\\/02\\\/martel-logo.png\",\"contentUrl\":\"https:\\\/\\\/www.martel.ch\\\/cms\\\/wp-content\\\/uploads\\\/2019\\\/02\\\/martel-logo.png\",\"width\":600,\"height\":600,\"caption\":\"Martel AG St.Gallen\"},\"image\":{\"@id\":\"https:\\\/\\\/www.martel.ch\\\/cms\\\/#\\\/schema\\\/logo\\\/image\\\/\"},\"sameAs\":[\"https:\\\/\\\/www.facebook.com\\\/pages\\\/Martel-AG-St-Gallen\\\/233396026691876\",\"https:\\\/\\\/x.com\\\/martel_weinwelt\",\"https:\\\/\\\/www.instagram.com\\\/martel_weinwelt\\\/\",\"https:\\\/\\\/www.linkedin.com\\\/company\\\/martel-ag-st-gallen\",\"https:\\\/\\\/www.pinterest.ch\\\/martel_weinwelt\"]}]}<\/script>\n<!-- \/ Yoast SEO plugin. -->","yoast_head_json":{"title":"Jahrgangsbericht Deutschland 2022","description":"Jahrgangsbericht Deutschland 2022 - Wir haben unsere deutschen Winzer zum aktuellen Jahrgang 2022 in Deutschland befragt.","robots":{"index":"index","follow":"follow","max-snippet":"max-snippet:-1","max-image-preview":"max-image-preview:large","max-video-preview":"max-video-preview:-1"},"canonical":"https:\/\/www.martel.ch\/cms\/weinwissen\/trendland-deutschland\/jahrgangsbericht-deutschland-2022\/","og_locale":"de_DE","og_type":"article","og_title":"Jahrgangsbericht Deutschland 2022","og_description":"Jahrgangsbericht Deutschland 2022 - Wir haben unsere deutschen Winzer zum aktuellen Jahrgang 2022 in Deutschland befragt.","og_url":"https:\/\/www.martel.ch\/cms\/weinwissen\/trendland-deutschland\/jahrgangsbericht-deutschland-2022\/","og_site_name":"Martel","article_publisher":"https:\/\/www.facebook.com\/pages\/Martel-AG-St-Gallen\/233396026691876","article_modified_time":"2023-09-25T08:07:16+00:00","og_image":[{"width":2000,"height":1333,"url":"https:\/\/www.martel.ch\/cms\/wp-content\/uploads\/2023\/08\/2023_07_Deutschland_4.jpg","type":"image\/jpeg"}],"twitter_card":"summary_large_image","twitter_site":"@martel_weinwelt","twitter_misc":{"Written by":"Martel Marketing"},"schema":{"@context":"https:\/\/schema.org","@graph":[{"@type":"WebPage","@id":"https:\/\/www.martel.ch\/cms\/weinwissen\/trendland-deutschland\/jahrgangsbericht-deutschland-2022\/","url":"https:\/\/www.martel.ch\/cms\/weinwissen\/trendland-deutschland\/jahrgangsbericht-deutschland-2022\/","name":"Jahrgangsbericht Deutschland 2022","isPartOf":{"@id":"https:\/\/www.martel.ch\/cms\/#website"},"primaryImageOfPage":{"@id":"https:\/\/www.martel.ch\/cms\/weinwissen\/trendland-deutschland\/jahrgangsbericht-deutschland-2022\/#primaryimage"},"image":{"@id":"https:\/\/www.martel.ch\/cms\/weinwissen\/trendland-deutschland\/jahrgangsbericht-deutschland-2022\/#primaryimage"},"thumbnailUrl":"https:\/\/www.martel.ch\/cms\/wp-content\/uploads\/2023\/08\/2023_07_Deutschland_4.jpg","datePublished":"2023-08-03T10:41:09+00:00","dateModified":"2023-09-25T08:07:16+00:00","description":"Jahrgangsbericht Deutschland 2022 - Wir haben unsere deutschen Winzer zum aktuellen Jahrgang 2022 in Deutschland befragt.","breadcrumb":{"@id":"https:\/\/www.martel.ch\/cms\/weinwissen\/trendland-deutschland\/jahrgangsbericht-deutschland-2022\/#breadcrumb"},"inLanguage":"de-CH","potentialAction":[{"@type":"ReadAction","target":["https:\/\/www.martel.ch\/cms\/weinwissen\/trendland-deutschland\/jahrgangsbericht-deutschland-2022\/"]}]},{"@type":"ImageObject","inLanguage":"de-CH","@id":"https:\/\/www.martel.ch\/cms\/weinwissen\/trendland-deutschland\/jahrgangsbericht-deutschland-2022\/#primaryimage","url":"https:\/\/www.martel.ch\/cms\/wp-content\/uploads\/2023\/08\/2023_07_Deutschland_4.jpg","contentUrl":"https:\/\/www.martel.ch\/cms\/wp-content\/uploads\/2023\/08\/2023_07_Deutschland_4.jpg","width":2000,"height":1333,"caption":"Trendland Deutschland"},{"@type":"BreadcrumbList","@id":"https:\/\/www.martel.ch\/cms\/weinwissen\/trendland-deutschland\/jahrgangsbericht-deutschland-2022\/#breadcrumb","itemListElement":[{"@type":"ListItem","position":1,"name":"Startseite","item":"https:\/\/www.martel.ch\/cms\/"},{"@type":"ListItem","position":2,"name":"Weinwissen","item":"https:\/\/www.martel.ch\/cms\/weinwissen\/"},{"@type":"ListItem","position":3,"name":"Trendland Deutschland","item":"https:\/\/www.martel.ch\/cms\/weinwissen\/trendland-deutschland\/"},{"@type":"ListItem","position":4,"name":"Jahrgangsbericht Deutschland 2022"}]},{"@type":"WebSite","@id":"https:\/\/www.martel.ch\/cms\/#website","url":"https:\/\/www.martel.ch\/cms\/","name":"Martel","description":"F\u00fcr Weinbegeisterte und die, die es werden m\u00f6chten.","publisher":{"@id":"https:\/\/www.martel.ch\/cms\/#organization"},"potentialAction":[{"@type":"SearchAction","target":{"@type":"EntryPoint","urlTemplate":"https:\/\/www.martel.ch\/cms\/?s={search_term_string}"},"query-input":{"@type":"PropertyValueSpecification","valueRequired":true,"valueName":"search_term_string"}}],"inLanguage":"de-CH"},{"@type":"Organization","@id":"https:\/\/www.martel.ch\/cms\/#organization","name":"Martel AG St.Gallen","url":"https:\/\/www.martel.ch\/cms\/","logo":{"@type":"ImageObject","inLanguage":"de-CH","@id":"https:\/\/www.martel.ch\/cms\/#\/schema\/logo\/image\/","url":"https:\/\/www.martel.ch\/cms\/wp-content\/uploads\/2019\/02\/martel-logo.png","contentUrl":"https:\/\/www.martel.ch\/cms\/wp-content\/uploads\/2019\/02\/martel-logo.png","width":600,"height":600,"caption":"Martel AG St.Gallen"},"image":{"@id":"https:\/\/www.martel.ch\/cms\/#\/schema\/logo\/image\/"},"sameAs":["https:\/\/www.facebook.com\/pages\/Martel-AG-St-Gallen\/233396026691876","https:\/\/x.com\/martel_weinwelt","https:\/\/www.instagram.com\/martel_weinwelt\/","https:\/\/www.linkedin.com\/company\/martel-ag-st-gallen","https:\/\/www.pinterest.ch\/martel_weinwelt"]}]}},"_links":{"self":[{"href":"https:\/\/www.martel.ch\/cms\/wp-json\/wp\/v2\/pages\/19539","targetHints":{"allow":["GET"]}}],"collection":[{"href":"https:\/\/www.martel.ch\/cms\/wp-json\/wp\/v2\/pages"}],"about":[{"href":"https:\/\/www.martel.ch\/cms\/wp-json\/wp\/v2\/types\/page"}],"author":[{"embeddable":true,"href":"https:\/\/www.martel.ch\/cms\/wp-json\/wp\/v2\/users\/52"}],"replies":[{"embeddable":true,"href":"https:\/\/www.martel.ch\/cms\/wp-json\/wp\/v2\/comments?post=19539"}],"version-history":[{"count":43,"href":"https:\/\/www.martel.ch\/cms\/wp-json\/wp\/v2\/pages\/19539\/revisions"}],"predecessor-version":[{"id":20223,"href":"https:\/\/www.martel.ch\/cms\/wp-json\/wp\/v2\/pages\/19539\/revisions\/20223"}],"up":[{"embeddable":true,"href":"https:\/\/www.martel.ch\/cms\/wp-json\/wp\/v2\/pages\/19460"}],"wp:featuredmedia":[{"embeddable":true,"href":"https:\/\/www.martel.ch\/cms\/wp-json\/wp\/v2\/media\/19448"}],"wp:attachment":[{"href":"https:\/\/www.martel.ch\/cms\/wp-json\/wp\/v2\/media?parent=19539"}],"wp:term":[{"taxonomy":"category","embeddable":true,"href":"https:\/\/www.martel.ch\/cms\/wp-json\/wp\/v2\/categories?post=19539"},{"taxonomy":"author","embeddable":true,"href":"https:\/\/www.martel.ch\/cms\/wp-json\/wp\/v2\/coauthors?post=19539"}],"curies":[{"name":"wp","href":"https:\/\/api.w.org\/{rel}","templated":true}]}}