{"id":22104,"date":"2024-01-11T10:09:47","date_gmt":"2024-01-11T09:09:47","guid":{"rendered":"https:\/\/www.martel.ch\/cms\/?page_id=22104"},"modified":"2024-02-26T09:35:56","modified_gmt":"2024-02-26T08:35:56","slug":"lets-celebrate-40-jahre-martel-ridge","status":"publish","type":"page","link":"https:\/\/www.martel.ch\/cms\/weinwissen\/lets-celebrate-40-jahre-martel-ridge\/","title":{"rendered":"Let\u2019s celebrate! 40 Jahre Martel &amp; Ridge \u00a0"},"content":{"rendered":"","protected":false},"excerpt":{"rendered":"","protected":false},"author":52,"featured_media":21987,"parent":6709,"menu_order":1,"comment_status":"closed","ping_status":"closed","template":"","meta":{"_acf_changed":false,"inline_featured_image":false,"footnotes":""},"categories":[525],"coauthors":[539],"class_list":["post-22104","page","type-page","status-publish","has-post-thumbnail","hentry","category-im-fokus"],"acf":{"inhaltselemente":[{"acf_fc_layout":"einspalter_text","einspalter_text_titel":"Ridge-Jubil\u00e4umsangebot","einspalter_text_titel_typ":"1","einspalter_text_titel_fake":false,"einspalter_text_subtitle":"Im Fokus","einspalter_text_content":"<strong>Ridge Vineyards geh\u00f6rt zu den besten Weing\u00fctern in den USA. Wir von Martel brachten kalifornischen Wein in die Schweiz. Eine Erfolgsgeschichte. Martel und Ridge sind \u00fcber Generationen miteinander verbunden. Mit zwei in Europa neuen Weinen aus dem Ridge-Sortiment und trinkreifen Klassikern zu Aktionspreisen feiern wir die jahrzehntelange erfolgreiche Zusammenarbeit mit dem kalifornischen Top-Weingut.<\/strong>\r\n\r\nMartel und Ridge \u2013 das passt einfach. Uns verbindet eine 40-j\u00e4hrige gemeinsame Geschichte. Fr\u00fch brachten wir Ridge-Weine in die Schweiz. Wir bauten eine enge Beziehung auf. Daf\u00fcr sind zwei Gr\u00fcnde ausschlaggebend. Der erste liegt \u2013 wie stets bei Martel \u2013 in der Qualit\u00e4t. Ridge produziert konstant Weine auf Topniveau. Sie verbinden Kraft, Tiefe und Fruchtf\u00fclle mit Eleganz. Der zweite Grund ist die langj\u00e4hrige Verbindung zwischen Martel und Ridge Vineyards, die auf gemeinsamen Werten beruht: Liebe zum Wein und zum Terroir. Innovation. Denken in Generationen.\r\n<h2><\/h2>\r\n<h2>Internationale Spitze<\/h2>\r\nDas Weingut Ridge \u2013 hoch in den Santa Cruz Mountains \u00fcber dem Silicon Valley s\u00fcdlich von San Francisco gelegen \u2013 ist ein Erlebnis f\u00fcr sich. Lange pr\u00e4gte Paul Draper das Weingut massgeblich. Der studierte Philosoph war ein Quereinsteiger im Weinbusiness und einer der ersten in Amerika, der erkannte, wie wichtig die Wahl des Rebberges und der passenden Traubensorte sind. Paul Draper leitete die Winery mit viel Herzblut bis zu seinem 80. Geburtstag im Jahr 2016 und wird auch weiterhin als \u00abSpirit\u00bb mit dem Weingut verbunden bleiben. Sein Lebenswerk f\u00fchren nun seine Nachfolger im gleichen Sinn und Geiste fort. Bis heute ist Ridge ein Qualit\u00e4tsleader und das Flaggschiff der kalifornischen Weine. Seit Jahrzehnten erhalten Ridge-Weine von den bedeutendsten Weinkritikern ausnahmslos Bestnoten. Ridge-Weine ber\u00fchren uns.\r\n\r\n&nbsp;\r\n<h2>Urspr\u00fcngliches Winemaking<\/h2>\r\nZu Ridge Vineyards geh\u00f6ren Rebberge auf dem Monte Bello in den Santa Cruz Mountains mit haupts\u00e4chlich Chardonnay und Cabernet Sauvignon sowie Weinberge im n\u00f6rdlichen Sonoma-Tal in Lytton Springs und Geyserville. Dort wachsen vor allem Zinfandel-Trauben. Naturnahe Pflege der Reben, kleine Ertr\u00e4ge und eine sehr urspr\u00fcngliche Weinbereitung \u2013 sogenanntes Pre-industrial Winemaking \u2013 sind ein Markenzeichen von Ridge.\r\n\r\n&nbsp;\r\n<h2>Unser Ridge-Jubil\u00e4umsangebot<\/h2>\r\nWir feiern unsere lange Verbindung zu Ridge mit einer besonderen Aktion und bieten Ridge-Klassiker mit 5 Jahren Reife zum unschlagbaren Jubil\u00e4umspreis an. Gleichzeitig schauen wir mit einer Sortimentserweiterung nach vorne und stellen zwei Ridge-Weine vor, die erstmals in Europa erh\u00e4ltlich sind. In unseren Ladengesch\u00e4ften in Z\u00fcrich und in St.Gallen stehen die Weine des Ridge-Angebots aktuell zur Degustation bereit. \u00dcberzeugen Sie sich selbst von der Eleganz dieser kalifornischen Weine und lernen Sie die beiden neuen Ridge-Weine im Martel-Sortiment kennen. Let\u2019s Ridge!\r\n\r\n<strong>Diese Aktion ist abgelaufen.<\/strong>","einspalter_bgcolor":false,"einspalter_layout_lines_top_bottom":false,"einspalter_collapse":false},{"acf_fc_layout":"image_text_three_column","image_text_three_column_titel_left":"Zwei Neuheiten und trinkreife Klassiker","image_text_three_column_titel_typ_left":"2","image_text_three_column_titel_fake_left":false,"image_text_three_column_link_left":{"title":"Weinbeschriebe","url":"https:\/\/www.martel.ch\/cms\/weinwissen\/lets-celebrate-40-jahre-martel-ridge\/zwei-neuheiten-und-trinkreife-klassiker\/","target":"_blank"},"image_text_three_column_link_left_area":false,"image_text_three_column_bild_left":21981,"image_text_three_column_content_left":"So schmecken die Weine der Ridge-Aktion. Lernen Sie \"die Neuen\" kennen und entdecken Sie Weinlegenden neu.","image_text_three_column_video_left":"","image_text_three_column_titel_center":"So sieht Ridge unsere Special Relationship","image_text_three_column_titel_typ_center":"2","image_text_three_column_titel_fake_center":false,"image_text_three_column_link_center":{"title":"Zum Statement","url":"https:\/\/www.martel.ch\/cms\/weinwissen\/lets-celebrate-40-jahre-martel-ridge\/paul-draper\/","target":"_blank"},"image_text_three_column_link_center_area":false,"image_text_three_column_bild_center":21978,"image_text_three_column_content_center":"US-Winemaker-Ikone Paul Draper pr\u00e4gte Ridge Vineyards 55 Jahre lang. Hier erinnert er sich an unsere jahrzehntelange Verbindung.<strong>\r\n<\/strong>","image_text_three_column_video_center":"","image_text_three_column_titel_right":"\u00dcberragende Weine, \u00fcberragendes Design","image_text_three_column_titel_typ_right":"2","image_text_three_column_titel_fake_right":false,"image_text_three_column_link_right":{"title":"Zum Interview","url":"https:\/\/www.martel.ch\/cms\/weinwissen\/lets-celebrate-40-jahre-martel-ridge\/ueberragende-weine-ueberragendes-design\/","target":"_blank"},"image_text_three_column_link_right_area":false,"image_text_three_column_bild_right":22186,"image_text_three_column_content_right":"Die Ridge-Etikette ragt heraus. Der Wiedererkennungswert des Layouts ist gewaltig. So beurteilt es der Designer. <strong>\r\n<\/strong>","image_text_three_column_video_right":"","image_text_three_column_bgcolor":false}]},"yoast_head":"<!-- This site is optimized with the Yoast SEO plugin v27.4 - https:\/\/yoast.com\/product\/yoast-seo-wordpress\/ -->\n<title>Let\u2019s celebrate! 40 Jahre Martel &amp; Ridge \u00a0<\/title>\n<meta name=\"description\" content=\"Ridge Vineyards geh\u00f6rt zu den besten Weing\u00fctern in den USA. Martel und Ridge sind \u00fcber Generationen miteinander verbunden.\" \/>\n<meta name=\"robots\" content=\"index, follow, max-snippet:-1, max-image-preview:large, max-video-preview:-1\" \/>\n<link rel=\"canonical\" href=\"https:\/\/www.martel.ch\/cms\/weinwissen\/lets-celebrate-40-jahre-martel-ridge\/\" \/>\n<meta property=\"og:locale\" content=\"de_DE\" \/>\n<meta property=\"og:type\" content=\"article\" \/>\n<meta property=\"og:title\" content=\"Let\u2019s celebrate! 40 Jahre Martel &amp; Ridge \u00a0\" \/>\n<meta property=\"og:description\" content=\"Ridge Vineyards geh\u00f6rt zu den besten Weing\u00fctern in den USA. Martel und Ridge sind \u00fcber Generationen miteinander verbunden.\" \/>\n<meta property=\"og:url\" content=\"https:\/\/www.martel.ch\/cms\/weinwissen\/lets-celebrate-40-jahre-martel-ridge\/\" \/>\n<meta property=\"og:site_name\" content=\"Martel\" \/>\n<meta property=\"article:publisher\" content=\"https:\/\/www.facebook.com\/pages\/Martel-AG-St-Gallen\/233396026691876\" \/>\n<meta property=\"article:modified_time\" content=\"2024-02-26T08:35:56+00:00\" \/>\n<meta property=\"og:image\" content=\"https:\/\/www.martel.ch\/cms\/wp-content\/uploads\/2024\/01\/2024_01_Ridge_Rebberg_Sonne-854x569.jpg\" \/>\n\t<meta property=\"og:image:width\" content=\"854\" \/>\n\t<meta property=\"og:image:height\" content=\"569\" \/>\n\t<meta property=\"og:image:type\" content=\"image\/jpeg\" \/>\n<meta name=\"twitter:card\" content=\"summary_large_image\" \/>\n<meta name=\"twitter:site\" content=\"@martel_weinwelt\" \/>\n<meta name=\"twitter:label1\" content=\"Written by\" \/>\n\t<meta name=\"twitter:data1\" content=\"Martel Marketing\" \/>\n<script type=\"application\/ld+json\" class=\"yoast-schema-graph\">{\"@context\":\"https:\\\/\\\/schema.org\",\"@graph\":[{\"@type\":\"WebPage\",\"@id\":\"https:\\\/\\\/www.martel.ch\\\/cms\\\/weinwissen\\\/lets-celebrate-40-jahre-martel-ridge\\\/\",\"url\":\"https:\\\/\\\/www.martel.ch\\\/cms\\\/weinwissen\\\/lets-celebrate-40-jahre-martel-ridge\\\/\",\"name\":\"Let\u2019s celebrate! 40 Jahre Martel &amp; Ridge \u00a0\",\"isPartOf\":{\"@id\":\"https:\\\/\\\/www.martel.ch\\\/cms\\\/#website\"},\"primaryImageOfPage\":{\"@id\":\"https:\\\/\\\/www.martel.ch\\\/cms\\\/weinwissen\\\/lets-celebrate-40-jahre-martel-ridge\\\/#primaryimage\"},\"image\":{\"@id\":\"https:\\\/\\\/www.martel.ch\\\/cms\\\/weinwissen\\\/lets-celebrate-40-jahre-martel-ridge\\\/#primaryimage\"},\"thumbnailUrl\":\"https:\\\/\\\/www.martel.ch\\\/cms\\\/wp-content\\\/uploads\\\/2024\\\/01\\\/2024_01_Ridge_Rebberg_Sonne.jpg\",\"datePublished\":\"2024-01-11T09:09:47+00:00\",\"dateModified\":\"2024-02-26T08:35:56+00:00\",\"description\":\"Ridge Vineyards geh\u00f6rt zu den besten Weing\u00fctern in den USA. Martel und Ridge sind \u00fcber Generationen miteinander verbunden.\",\"breadcrumb\":{\"@id\":\"https:\\\/\\\/www.martel.ch\\\/cms\\\/weinwissen\\\/lets-celebrate-40-jahre-martel-ridge\\\/#breadcrumb\"},\"inLanguage\":\"de-CH\",\"potentialAction\":[{\"@type\":\"ReadAction\",\"target\":[\"https:\\\/\\\/www.martel.ch\\\/cms\\\/weinwissen\\\/lets-celebrate-40-jahre-martel-ridge\\\/\"]}]},{\"@type\":\"ImageObject\",\"inLanguage\":\"de-CH\",\"@id\":\"https:\\\/\\\/www.martel.ch\\\/cms\\\/weinwissen\\\/lets-celebrate-40-jahre-martel-ridge\\\/#primaryimage\",\"url\":\"https:\\\/\\\/www.martel.ch\\\/cms\\\/wp-content\\\/uploads\\\/2024\\\/01\\\/2024_01_Ridge_Rebberg_Sonne.jpg\",\"contentUrl\":\"https:\\\/\\\/www.martel.ch\\\/cms\\\/wp-content\\\/uploads\\\/2024\\\/01\\\/2024_01_Ridge_Rebberg_Sonne.jpg\",\"width\":2000,\"height\":1333,\"caption\":\"Ridge Reben\"},{\"@type\":\"BreadcrumbList\",\"@id\":\"https:\\\/\\\/www.martel.ch\\\/cms\\\/weinwissen\\\/lets-celebrate-40-jahre-martel-ridge\\\/#breadcrumb\",\"itemListElement\":[{\"@type\":\"ListItem\",\"position\":1,\"name\":\"Startseite\",\"item\":\"https:\\\/\\\/www.martel.ch\\\/cms\\\/\"},{\"@type\":\"ListItem\",\"position\":2,\"name\":\"Weinwissen\",\"item\":\"https:\\\/\\\/www.martel.ch\\\/cms\\\/weinwissen\\\/\"},{\"@type\":\"ListItem\",\"position\":3,\"name\":\"Let\u2019s celebrate! 40 Jahre Martel &amp; Ridge \u00a0\"}]},{\"@type\":\"WebSite\",\"@id\":\"https:\\\/\\\/www.martel.ch\\\/cms\\\/#website\",\"url\":\"https:\\\/\\\/www.martel.ch\\\/cms\\\/\",\"name\":\"Martel\",\"description\":\"F\u00fcr Weinbegeisterte und die, die es werden m\u00f6chten.\",\"publisher\":{\"@id\":\"https:\\\/\\\/www.martel.ch\\\/cms\\\/#organization\"},\"potentialAction\":[{\"@type\":\"SearchAction\",\"target\":{\"@type\":\"EntryPoint\",\"urlTemplate\":\"https:\\\/\\\/www.martel.ch\\\/cms\\\/?s={search_term_string}\"},\"query-input\":{\"@type\":\"PropertyValueSpecification\",\"valueRequired\":true,\"valueName\":\"search_term_string\"}}],\"inLanguage\":\"de-CH\"},{\"@type\":\"Organization\",\"@id\":\"https:\\\/\\\/www.martel.ch\\\/cms\\\/#organization\",\"name\":\"Martel AG St.Gallen\",\"url\":\"https:\\\/\\\/www.martel.ch\\\/cms\\\/\",\"logo\":{\"@type\":\"ImageObject\",\"inLanguage\":\"de-CH\",\"@id\":\"https:\\\/\\\/www.martel.ch\\\/cms\\\/#\\\/schema\\\/logo\\\/image\\\/\",\"url\":\"https:\\\/\\\/www.martel.ch\\\/cms\\\/wp-content\\\/uploads\\\/2019\\\/02\\\/martel-logo.png\",\"contentUrl\":\"https:\\\/\\\/www.martel.ch\\\/cms\\\/wp-content\\\/uploads\\\/2019\\\/02\\\/martel-logo.png\",\"width\":600,\"height\":600,\"caption\":\"Martel AG St.Gallen\"},\"image\":{\"@id\":\"https:\\\/\\\/www.martel.ch\\\/cms\\\/#\\\/schema\\\/logo\\\/image\\\/\"},\"sameAs\":[\"https:\\\/\\\/www.facebook.com\\\/pages\\\/Martel-AG-St-Gallen\\\/233396026691876\",\"https:\\\/\\\/x.com\\\/martel_weinwelt\",\"https:\\\/\\\/www.instagram.com\\\/martel_weinwelt\\\/\",\"https:\\\/\\\/www.linkedin.com\\\/company\\\/martel-ag-st-gallen\",\"https:\\\/\\\/www.pinterest.ch\\\/martel_weinwelt\"]}]}<\/script>\n<!-- \/ Yoast SEO plugin. -->","yoast_head_json":{"title":"Let\u2019s celebrate! 40 Jahre Martel &amp; Ridge \u00a0","description":"Ridge Vineyards geh\u00f6rt zu den besten Weing\u00fctern in den USA. Martel und Ridge sind \u00fcber Generationen miteinander verbunden.","robots":{"index":"index","follow":"follow","max-snippet":"max-snippet:-1","max-image-preview":"max-image-preview:large","max-video-preview":"max-video-preview:-1"},"canonical":"https:\/\/www.martel.ch\/cms\/weinwissen\/lets-celebrate-40-jahre-martel-ridge\/","og_locale":"de_DE","og_type":"article","og_title":"Let\u2019s celebrate! 40 Jahre Martel &amp; Ridge \u00a0","og_description":"Ridge Vineyards geh\u00f6rt zu den besten Weing\u00fctern in den USA. Martel und Ridge sind \u00fcber Generationen miteinander verbunden.","og_url":"https:\/\/www.martel.ch\/cms\/weinwissen\/lets-celebrate-40-jahre-martel-ridge\/","og_site_name":"Martel","article_publisher":"https:\/\/www.facebook.com\/pages\/Martel-AG-St-Gallen\/233396026691876","article_modified_time":"2024-02-26T08:35:56+00:00","og_image":[{"width":854,"height":569,"url":"https:\/\/www.martel.ch\/cms\/wp-content\/uploads\/2024\/01\/2024_01_Ridge_Rebberg_Sonne-854x569.jpg","type":"image\/jpeg"}],"twitter_card":"summary_large_image","twitter_site":"@martel_weinwelt","twitter_misc":{"Written by":"Martel Marketing"},"schema":{"@context":"https:\/\/schema.org","@graph":[{"@type":"WebPage","@id":"https:\/\/www.martel.ch\/cms\/weinwissen\/lets-celebrate-40-jahre-martel-ridge\/","url":"https:\/\/www.martel.ch\/cms\/weinwissen\/lets-celebrate-40-jahre-martel-ridge\/","name":"Let\u2019s celebrate! 40 Jahre Martel &amp; Ridge \u00a0","isPartOf":{"@id":"https:\/\/www.martel.ch\/cms\/#website"},"primaryImageOfPage":{"@id":"https:\/\/www.martel.ch\/cms\/weinwissen\/lets-celebrate-40-jahre-martel-ridge\/#primaryimage"},"image":{"@id":"https:\/\/www.martel.ch\/cms\/weinwissen\/lets-celebrate-40-jahre-martel-ridge\/#primaryimage"},"thumbnailUrl":"https:\/\/www.martel.ch\/cms\/wp-content\/uploads\/2024\/01\/2024_01_Ridge_Rebberg_Sonne.jpg","datePublished":"2024-01-11T09:09:47+00:00","dateModified":"2024-02-26T08:35:56+00:00","description":"Ridge Vineyards geh\u00f6rt zu den besten Weing\u00fctern in den USA. Martel und Ridge sind \u00fcber Generationen miteinander verbunden.","breadcrumb":{"@id":"https:\/\/www.martel.ch\/cms\/weinwissen\/lets-celebrate-40-jahre-martel-ridge\/#breadcrumb"},"inLanguage":"de-CH","potentialAction":[{"@type":"ReadAction","target":["https:\/\/www.martel.ch\/cms\/weinwissen\/lets-celebrate-40-jahre-martel-ridge\/"]}]},{"@type":"ImageObject","inLanguage":"de-CH","@id":"https:\/\/www.martel.ch\/cms\/weinwissen\/lets-celebrate-40-jahre-martel-ridge\/#primaryimage","url":"https:\/\/www.martel.ch\/cms\/wp-content\/uploads\/2024\/01\/2024_01_Ridge_Rebberg_Sonne.jpg","contentUrl":"https:\/\/www.martel.ch\/cms\/wp-content\/uploads\/2024\/01\/2024_01_Ridge_Rebberg_Sonne.jpg","width":2000,"height":1333,"caption":"Ridge Reben"},{"@type":"BreadcrumbList","@id":"https:\/\/www.martel.ch\/cms\/weinwissen\/lets-celebrate-40-jahre-martel-ridge\/#breadcrumb","itemListElement":[{"@type":"ListItem","position":1,"name":"Startseite","item":"https:\/\/www.martel.ch\/cms\/"},{"@type":"ListItem","position":2,"name":"Weinwissen","item":"https:\/\/www.martel.ch\/cms\/weinwissen\/"},{"@type":"ListItem","position":3,"name":"Let\u2019s celebrate! 40 Jahre Martel &amp; Ridge \u00a0"}]},{"@type":"WebSite","@id":"https:\/\/www.martel.ch\/cms\/#website","url":"https:\/\/www.martel.ch\/cms\/","name":"Martel","description":"F\u00fcr Weinbegeisterte und die, die es werden m\u00f6chten.","publisher":{"@id":"https:\/\/www.martel.ch\/cms\/#organization"},"potentialAction":[{"@type":"SearchAction","target":{"@type":"EntryPoint","urlTemplate":"https:\/\/www.martel.ch\/cms\/?s={search_term_string}"},"query-input":{"@type":"PropertyValueSpecification","valueRequired":true,"valueName":"search_term_string"}}],"inLanguage":"de-CH"},{"@type":"Organization","@id":"https:\/\/www.martel.ch\/cms\/#organization","name":"Martel AG St.Gallen","url":"https:\/\/www.martel.ch\/cms\/","logo":{"@type":"ImageObject","inLanguage":"de-CH","@id":"https:\/\/www.martel.ch\/cms\/#\/schema\/logo\/image\/","url":"https:\/\/www.martel.ch\/cms\/wp-content\/uploads\/2019\/02\/martel-logo.png","contentUrl":"https:\/\/www.martel.ch\/cms\/wp-content\/uploads\/2019\/02\/martel-logo.png","width":600,"height":600,"caption":"Martel AG St.Gallen"},"image":{"@id":"https:\/\/www.martel.ch\/cms\/#\/schema\/logo\/image\/"},"sameAs":["https:\/\/www.facebook.com\/pages\/Martel-AG-St-Gallen\/233396026691876","https:\/\/x.com\/martel_weinwelt","https:\/\/www.instagram.com\/martel_weinwelt\/","https:\/\/www.linkedin.com\/company\/martel-ag-st-gallen","https:\/\/www.pinterest.ch\/martel_weinwelt"]}]}},"_links":{"self":[{"href":"https:\/\/www.martel.ch\/cms\/wp-json\/wp\/v2\/pages\/22104","targetHints":{"allow":["GET"]}}],"collection":[{"href":"https:\/\/www.martel.ch\/cms\/wp-json\/wp\/v2\/pages"}],"about":[{"href":"https:\/\/www.martel.ch\/cms\/wp-json\/wp\/v2\/types\/page"}],"author":[{"embeddable":true,"href":"https:\/\/www.martel.ch\/cms\/wp-json\/wp\/v2\/users\/52"}],"replies":[{"embeddable":true,"href":"https:\/\/www.martel.ch\/cms\/wp-json\/wp\/v2\/comments?post=22104"}],"version-history":[{"count":30,"href":"https:\/\/www.martel.ch\/cms\/wp-json\/wp\/v2\/pages\/22104\/revisions"}],"predecessor-version":[{"id":22901,"href":"https:\/\/www.martel.ch\/cms\/wp-json\/wp\/v2\/pages\/22104\/revisions\/22901"}],"up":[{"embeddable":true,"href":"https:\/\/www.martel.ch\/cms\/wp-json\/wp\/v2\/pages\/6709"}],"wp:featuredmedia":[{"embeddable":true,"href":"https:\/\/www.martel.ch\/cms\/wp-json\/wp\/v2\/media\/21987"}],"wp:attachment":[{"href":"https:\/\/www.martel.ch\/cms\/wp-json\/wp\/v2\/media?parent=22104"}],"wp:term":[{"taxonomy":"category","embeddable":true,"href":"https:\/\/www.martel.ch\/cms\/wp-json\/wp\/v2\/categories?post=22104"},{"taxonomy":"author","embeddable":true,"href":"https:\/\/www.martel.ch\/cms\/wp-json\/wp\/v2\/coauthors?post=22104"}],"curies":[{"name":"wp","href":"https:\/\/api.w.org\/{rel}","templated":true}]}}