{"id":22235,"date":"2024-01-18T09:22:54","date_gmt":"2024-01-18T08:22:54","guid":{"rendered":"https:\/\/www.martel.ch\/cms\/?page_id=22235"},"modified":"2025-11-20T09:54:09","modified_gmt":"2025-11-20T08:54:09","slug":"burgund-degustation","status":"publish","type":"page","link":"https:\/\/www.martel.ch\/cms\/events\/weindegustationen\/exklusiv-degustation\/burgund-degustation\/","title":{"rendered":"Burgund-Degustation"},"content":{"rendered":"","protected":false},"excerpt":{"rendered":"","protected":false},"author":1,"featured_media":18392,"parent":28413,"menu_order":0,"comment_status":"closed","ping_status":"closed","template":"","meta":{"_acf_changed":false,"inline_featured_image":false,"footnotes":""},"categories":[],"coauthors":[497],"class_list":["post-22235","page","type-page","status-publish","has-post-thumbnail","hentry"],"acf":{"inhaltselemente":[{"acf_fc_layout":"einspalter_text","einspalter_text_titel":"Burgund-Degustation","einspalter_text_titel_typ":"1","einspalter_text_titel_fake":false,"einspalter_text_subtitle":"","einspalter_text_content":"","einspalter_bgcolor":false,"einspalter_layout_lines_top_bottom":false,"einspalter_collapse":false},{"acf_fc_layout":"image_text","image_text_titel":"Save the Date","image_text_titel_typ":"2","image_text_titel_fake":false,"image_text_link":"","image_text_link_area":false,"image_text_content":"Ein weinkultureller H\u00f6hepunkt. Unsere grosse Burgund-Degustationen des Jahrgangs 2024 finden am 16. + 17. November 2026 in Z\u00fcrich und am 18. November 2026 in St.Gallen statt.\r\n\r\nAnmeldungen sind ab Fr\u00fchjahr 2026 in unserem <a href=\"https:\/\/www.martel.ch\/cms\/events\/veranstaltungen\/\">Eventkalender<\/a> m\u00f6glich.","image_text_bild":27111,"image_text_video":"","image_text_position_bild":"left","image_text_bgcolor":false},{"acf_fc_layout":"einspalter_text","einspalter_text_titel":"","einspalter_text_titel_typ":"2","einspalter_text_titel_fake":false,"einspalter_text_subtitle":"","einspalter_text_content":"<h2>Das Konzept<\/h2>\r\nDas Burgund umfasst die Weinbaugebiete C\u00f4te de Nuits, C\u00f4te de Beaune, C\u00f4te Chalonnaise, M\u00e2connais, Chablis und Auxerre. Das an das M\u00e2connais angrenzende Beaujolais bildet ein eigenes Weinbaugebiet. Im Burgund sind die Sommer k\u00fcrzer und unbest\u00e4ndiger als im Bordeaux. Ideal f\u00fcr fr\u00fchreife Rebsorten wie Chardonnay und Pinot Noir \u2013 und perfekt f\u00fcr frische und elegante Cool Climate-Weine. Weine, die in der Schweiz ein sehr hohes Ansehen geniessen \u2013 zurecht. \u00abEin H\u00f6hepunkt meines Weinjahres\u00bb, fasste einer unserer Besucher die Martel Burgund-Degustation einmal zusammen. Mehr als 60 Weine, die in aller Ruhe selber eingeschenkt von Ihnen auf Herz und Nieren gepr\u00fcft werden d\u00fcrfen \u2013 vom Village-Wein \u00fcber Premier Crus hin zu den ganz grossen Grand Crus.","einspalter_bgcolor":true,"einspalter_layout_lines_top_bottom":false,"einspalter_collapse":false},{"acf_fc_layout":"einspalter_text","einspalter_text_titel":"Faszination Burgund","einspalter_text_titel_typ":"2","einspalter_text_titel_fake":false,"einspalter_text_subtitle":"","einspalter_text_content":"Was macht uns zu Burgund-Fans? Sicher ist es die Eleganz der Weine. Chardonnays und Pinots, die strahlen und uns strahlen lassen. Ein weiterer Grund: Seit Jahrhunderten werden die kleinparzellierten Weinberge des Burgunds sorgf\u00e4ltig unterschieden. Jede dieser oft von Steinmauern umgebenen Weinbergsparzellen \u2013 Climat genannt \u2013 hat ihren eigenen Namen, steht f\u00fcr einen bestimmten Geschmack und hat ihren Rang in der Hierarchie der Weine. Darunter so klangvolle Namen wie Roman\u00e9e-Conti, Montrachet, Chambertin oder Clos Vougeot. Von hier stammen Weine, die wir von der Weinhandlung Martel zum Teil seit Jahrzehnten exklusiv in der Schweiz vermitteln d\u00fcrfen. Martel f\u00fchlt sich seit Generationen Land und Leuten in dieser Weingegend verbunden und ist im Burgund zuhause. Wir engagieren uns aktiv in der Organisation Grand M\u00e9c\u00e8ne Fondateur f\u00fcr den Schutz dieses einzigartigen burgundischen UNESCO-Weltkulturerbes.","einspalter_bgcolor":false,"einspalter_layout_lines_top_bottom":false,"einspalter_collapse":false}]},"yoast_head":"<!-- This site is optimized with the Yoast SEO plugin v27.4 - https:\/\/yoast.com\/product\/yoast-seo-wordpress\/ -->\n<title>Burgund-Degustation | Burgund-Degustation<\/title>\n<meta name=\"description\" content=\"\u00abEin H\u00f6hepunkt meines Weinjahres\u00bb, fasste einer unserer Besucher die Martel Burgund-Degustation einmal zusammen.\" \/>\n<meta name=\"robots\" content=\"index, follow, max-snippet:-1, max-image-preview:large, max-video-preview:-1\" \/>\n<link rel=\"canonical\" href=\"https:\/\/www.martel.ch\/cms\/events\/weindegustationen\/exklusiv-degustation\/burgund-degustation\/\" \/>\n<meta property=\"og:locale\" content=\"de_DE\" \/>\n<meta property=\"og:type\" content=\"article\" \/>\n<meta property=\"og:title\" content=\"Burgund-Degustation | Burgund-Degustation\" \/>\n<meta property=\"og:description\" content=\"\u00abEin H\u00f6hepunkt meines Weinjahres\u00bb, fasste einer unserer Besucher die Martel Burgund-Degustation einmal zusammen.\" \/>\n<meta property=\"og:url\" content=\"https:\/\/www.martel.ch\/cms\/events\/weindegustationen\/exklusiv-degustation\/burgund-degustation\/\" \/>\n<meta property=\"og:site_name\" content=\"Martel\" \/>\n<meta property=\"article:publisher\" content=\"https:\/\/www.facebook.com\/pages\/Martel-AG-St-Gallen\/233396026691876\" \/>\n<meta property=\"article:modified_time\" content=\"2025-11-20T08:54:09+00:00\" \/>\n<meta property=\"og:image\" content=\"https:\/\/www.martel.ch\/cms\/wp-content\/uploads\/2023\/05\/2022_chalonnaise_region_1-854x569.jpg\" \/>\n\t<meta property=\"og:image:width\" content=\"854\" \/>\n\t<meta property=\"og:image:height\" content=\"569\" \/>\n\t<meta property=\"og:image:type\" content=\"image\/jpeg\" \/>\n<meta name=\"twitter:card\" content=\"summary_large_image\" \/>\n<meta name=\"twitter:site\" content=\"@martel_weinwelt\" \/>\n<meta name=\"twitter:label1\" content=\"Written by\" \/>\n\t<meta name=\"twitter:data1\" content=\"Martel Weinwelt\" \/>\n<script type=\"application\/ld+json\" class=\"yoast-schema-graph\">{\"@context\":\"https:\\\/\\\/schema.org\",\"@graph\":[{\"@type\":\"WebPage\",\"@id\":\"https:\\\/\\\/www.martel.ch\\\/cms\\\/events\\\/weindegustationen\\\/exklusiv-degustation\\\/burgund-degustation\\\/\",\"url\":\"https:\\\/\\\/www.martel.ch\\\/cms\\\/events\\\/weindegustationen\\\/exklusiv-degustation\\\/burgund-degustation\\\/\",\"name\":\"Burgund-Degustation | Burgund-Degustation\",\"isPartOf\":{\"@id\":\"https:\\\/\\\/www.martel.ch\\\/cms\\\/#website\"},\"primaryImageOfPage\":{\"@id\":\"https:\\\/\\\/www.martel.ch\\\/cms\\\/events\\\/weindegustationen\\\/exklusiv-degustation\\\/burgund-degustation\\\/#primaryimage\"},\"image\":{\"@id\":\"https:\\\/\\\/www.martel.ch\\\/cms\\\/events\\\/weindegustationen\\\/exklusiv-degustation\\\/burgund-degustation\\\/#primaryimage\"},\"thumbnailUrl\":\"https:\\\/\\\/www.martel.ch\\\/cms\\\/wp-content\\\/uploads\\\/2023\\\/05\\\/2022_chalonnaise_region_1.jpg\",\"datePublished\":\"2024-01-18T08:22:54+00:00\",\"dateModified\":\"2025-11-20T08:54:09+00:00\",\"description\":\"\u00abEin H\u00f6hepunkt meines Weinjahres\u00bb, fasste einer unserer Besucher die Martel Burgund-Degustation einmal zusammen.\",\"breadcrumb\":{\"@id\":\"https:\\\/\\\/www.martel.ch\\\/cms\\\/events\\\/weindegustationen\\\/exklusiv-degustation\\\/burgund-degustation\\\/#breadcrumb\"},\"inLanguage\":\"de-CH\",\"potentialAction\":[{\"@type\":\"ReadAction\",\"target\":[\"https:\\\/\\\/www.martel.ch\\\/cms\\\/events\\\/weindegustationen\\\/exklusiv-degustation\\\/burgund-degustation\\\/\"]}]},{\"@type\":\"ImageObject\",\"inLanguage\":\"de-CH\",\"@id\":\"https:\\\/\\\/www.martel.ch\\\/cms\\\/events\\\/weindegustationen\\\/exklusiv-degustation\\\/burgund-degustation\\\/#primaryimage\",\"url\":\"https:\\\/\\\/www.martel.ch\\\/cms\\\/wp-content\\\/uploads\\\/2023\\\/05\\\/2022_chalonnaise_region_1.jpg\",\"contentUrl\":\"https:\\\/\\\/www.martel.ch\\\/cms\\\/wp-content\\\/uploads\\\/2023\\\/05\\\/2022_chalonnaise_region_1.jpg\",\"width\":2000,\"height\":1333,\"caption\":\"Burgund 2021\"},{\"@type\":\"BreadcrumbList\",\"@id\":\"https:\\\/\\\/www.martel.ch\\\/cms\\\/events\\\/weindegustationen\\\/exklusiv-degustation\\\/burgund-degustation\\\/#breadcrumb\",\"itemListElement\":[{\"@type\":\"ListItem\",\"position\":1,\"name\":\"Startseite\",\"item\":\"https:\\\/\\\/www.martel.ch\\\/cms\\\/\"},{\"@type\":\"ListItem\",\"position\":2,\"name\":\"Events\",\"item\":\"https:\\\/\\\/www.martel.ch\\\/cms\\\/events\\\/\"},{\"@type\":\"ListItem\",\"position\":3,\"name\":\"Weindegustationen\",\"item\":\"https:\\\/\\\/www.martel.ch\\\/cms\\\/events\\\/weindegustationen\\\/\"},{\"@type\":\"ListItem\",\"position\":4,\"name\":\"Exklusiv-Degustation\",\"item\":\"https:\\\/\\\/www.martel.ch\\\/cms\\\/events\\\/weindegustationen\\\/exklusiv-degustation\\\/\"},{\"@type\":\"ListItem\",\"position\":5,\"name\":\"Burgund-Degustation\"}]},{\"@type\":\"WebSite\",\"@id\":\"https:\\\/\\\/www.martel.ch\\\/cms\\\/#website\",\"url\":\"https:\\\/\\\/www.martel.ch\\\/cms\\\/\",\"name\":\"Martel\",\"description\":\"F\u00fcr Weinbegeisterte und die, die es werden m\u00f6chten.\",\"publisher\":{\"@id\":\"https:\\\/\\\/www.martel.ch\\\/cms\\\/#organization\"},\"potentialAction\":[{\"@type\":\"SearchAction\",\"target\":{\"@type\":\"EntryPoint\",\"urlTemplate\":\"https:\\\/\\\/www.martel.ch\\\/cms\\\/?s={search_term_string}\"},\"query-input\":{\"@type\":\"PropertyValueSpecification\",\"valueRequired\":true,\"valueName\":\"search_term_string\"}}],\"inLanguage\":\"de-CH\"},{\"@type\":\"Organization\",\"@id\":\"https:\\\/\\\/www.martel.ch\\\/cms\\\/#organization\",\"name\":\"Martel AG St.Gallen\",\"url\":\"https:\\\/\\\/www.martel.ch\\\/cms\\\/\",\"logo\":{\"@type\":\"ImageObject\",\"inLanguage\":\"de-CH\",\"@id\":\"https:\\\/\\\/www.martel.ch\\\/cms\\\/#\\\/schema\\\/logo\\\/image\\\/\",\"url\":\"https:\\\/\\\/www.martel.ch\\\/cms\\\/wp-content\\\/uploads\\\/2019\\\/02\\\/martel-logo.png\",\"contentUrl\":\"https:\\\/\\\/www.martel.ch\\\/cms\\\/wp-content\\\/uploads\\\/2019\\\/02\\\/martel-logo.png\",\"width\":600,\"height\":600,\"caption\":\"Martel AG St.Gallen\"},\"image\":{\"@id\":\"https:\\\/\\\/www.martel.ch\\\/cms\\\/#\\\/schema\\\/logo\\\/image\\\/\"},\"sameAs\":[\"https:\\\/\\\/www.facebook.com\\\/pages\\\/Martel-AG-St-Gallen\\\/233396026691876\",\"https:\\\/\\\/x.com\\\/martel_weinwelt\",\"https:\\\/\\\/www.instagram.com\\\/martel_weinwelt\\\/\",\"https:\\\/\\\/www.linkedin.com\\\/company\\\/martel-ag-st-gallen\",\"https:\\\/\\\/www.pinterest.ch\\\/martel_weinwelt\"]}]}<\/script>\n<!-- \/ Yoast SEO plugin. -->","yoast_head_json":{"title":"Burgund-Degustation | Burgund-Degustation","description":"\u00abEin H\u00f6hepunkt meines Weinjahres\u00bb, fasste einer unserer Besucher die Martel Burgund-Degustation einmal zusammen.","robots":{"index":"index","follow":"follow","max-snippet":"max-snippet:-1","max-image-preview":"max-image-preview:large","max-video-preview":"max-video-preview:-1"},"canonical":"https:\/\/www.martel.ch\/cms\/events\/weindegustationen\/exklusiv-degustation\/burgund-degustation\/","og_locale":"de_DE","og_type":"article","og_title":"Burgund-Degustation | Burgund-Degustation","og_description":"\u00abEin H\u00f6hepunkt meines Weinjahres\u00bb, fasste einer unserer Besucher die Martel Burgund-Degustation einmal zusammen.","og_url":"https:\/\/www.martel.ch\/cms\/events\/weindegustationen\/exklusiv-degustation\/burgund-degustation\/","og_site_name":"Martel","article_publisher":"https:\/\/www.facebook.com\/pages\/Martel-AG-St-Gallen\/233396026691876","article_modified_time":"2025-11-20T08:54:09+00:00","og_image":[{"width":854,"height":569,"url":"https:\/\/www.martel.ch\/cms\/wp-content\/uploads\/2023\/05\/2022_chalonnaise_region_1-854x569.jpg","type":"image\/jpeg"}],"twitter_card":"summary_large_image","twitter_site":"@martel_weinwelt","twitter_misc":{"Written by":"Martel Weinwelt"},"schema":{"@context":"https:\/\/schema.org","@graph":[{"@type":"WebPage","@id":"https:\/\/www.martel.ch\/cms\/events\/weindegustationen\/exklusiv-degustation\/burgund-degustation\/","url":"https:\/\/www.martel.ch\/cms\/events\/weindegustationen\/exklusiv-degustation\/burgund-degustation\/","name":"Burgund-Degustation | Burgund-Degustation","isPartOf":{"@id":"https:\/\/www.martel.ch\/cms\/#website"},"primaryImageOfPage":{"@id":"https:\/\/www.martel.ch\/cms\/events\/weindegustationen\/exklusiv-degustation\/burgund-degustation\/#primaryimage"},"image":{"@id":"https:\/\/www.martel.ch\/cms\/events\/weindegustationen\/exklusiv-degustation\/burgund-degustation\/#primaryimage"},"thumbnailUrl":"https:\/\/www.martel.ch\/cms\/wp-content\/uploads\/2023\/05\/2022_chalonnaise_region_1.jpg","datePublished":"2024-01-18T08:22:54+00:00","dateModified":"2025-11-20T08:54:09+00:00","description":"\u00abEin H\u00f6hepunkt meines Weinjahres\u00bb, fasste einer unserer Besucher die Martel Burgund-Degustation einmal zusammen.","breadcrumb":{"@id":"https:\/\/www.martel.ch\/cms\/events\/weindegustationen\/exklusiv-degustation\/burgund-degustation\/#breadcrumb"},"inLanguage":"de-CH","potentialAction":[{"@type":"ReadAction","target":["https:\/\/www.martel.ch\/cms\/events\/weindegustationen\/exklusiv-degustation\/burgund-degustation\/"]}]},{"@type":"ImageObject","inLanguage":"de-CH","@id":"https:\/\/www.martel.ch\/cms\/events\/weindegustationen\/exklusiv-degustation\/burgund-degustation\/#primaryimage","url":"https:\/\/www.martel.ch\/cms\/wp-content\/uploads\/2023\/05\/2022_chalonnaise_region_1.jpg","contentUrl":"https:\/\/www.martel.ch\/cms\/wp-content\/uploads\/2023\/05\/2022_chalonnaise_region_1.jpg","width":2000,"height":1333,"caption":"Burgund 2021"},{"@type":"BreadcrumbList","@id":"https:\/\/www.martel.ch\/cms\/events\/weindegustationen\/exklusiv-degustation\/burgund-degustation\/#breadcrumb","itemListElement":[{"@type":"ListItem","position":1,"name":"Startseite","item":"https:\/\/www.martel.ch\/cms\/"},{"@type":"ListItem","position":2,"name":"Events","item":"https:\/\/www.martel.ch\/cms\/events\/"},{"@type":"ListItem","position":3,"name":"Weindegustationen","item":"https:\/\/www.martel.ch\/cms\/events\/weindegustationen\/"},{"@type":"ListItem","position":4,"name":"Exklusiv-Degustation","item":"https:\/\/www.martel.ch\/cms\/events\/weindegustationen\/exklusiv-degustation\/"},{"@type":"ListItem","position":5,"name":"Burgund-Degustation"}]},{"@type":"WebSite","@id":"https:\/\/www.martel.ch\/cms\/#website","url":"https:\/\/www.martel.ch\/cms\/","name":"Martel","description":"F\u00fcr Weinbegeisterte und die, die es werden m\u00f6chten.","publisher":{"@id":"https:\/\/www.martel.ch\/cms\/#organization"},"potentialAction":[{"@type":"SearchAction","target":{"@type":"EntryPoint","urlTemplate":"https:\/\/www.martel.ch\/cms\/?s={search_term_string}"},"query-input":{"@type":"PropertyValueSpecification","valueRequired":true,"valueName":"search_term_string"}}],"inLanguage":"de-CH"},{"@type":"Organization","@id":"https:\/\/www.martel.ch\/cms\/#organization","name":"Martel AG St.Gallen","url":"https:\/\/www.martel.ch\/cms\/","logo":{"@type":"ImageObject","inLanguage":"de-CH","@id":"https:\/\/www.martel.ch\/cms\/#\/schema\/logo\/image\/","url":"https:\/\/www.martel.ch\/cms\/wp-content\/uploads\/2019\/02\/martel-logo.png","contentUrl":"https:\/\/www.martel.ch\/cms\/wp-content\/uploads\/2019\/02\/martel-logo.png","width":600,"height":600,"caption":"Martel AG St.Gallen"},"image":{"@id":"https:\/\/www.martel.ch\/cms\/#\/schema\/logo\/image\/"},"sameAs":["https:\/\/www.facebook.com\/pages\/Martel-AG-St-Gallen\/233396026691876","https:\/\/x.com\/martel_weinwelt","https:\/\/www.instagram.com\/martel_weinwelt\/","https:\/\/www.linkedin.com\/company\/martel-ag-st-gallen","https:\/\/www.pinterest.ch\/martel_weinwelt"]}]}},"_links":{"self":[{"href":"https:\/\/www.martel.ch\/cms\/wp-json\/wp\/v2\/pages\/22235","targetHints":{"allow":["GET"]}}],"collection":[{"href":"https:\/\/www.martel.ch\/cms\/wp-json\/wp\/v2\/pages"}],"about":[{"href":"https:\/\/www.martel.ch\/cms\/wp-json\/wp\/v2\/types\/page"}],"author":[{"embeddable":true,"href":"https:\/\/www.martel.ch\/cms\/wp-json\/wp\/v2\/users\/1"}],"replies":[{"embeddable":true,"href":"https:\/\/www.martel.ch\/cms\/wp-json\/wp\/v2\/comments?post=22235"}],"version-history":[{"count":10,"href":"https:\/\/www.martel.ch\/cms\/wp-json\/wp\/v2\/pages\/22235\/revisions"}],"predecessor-version":[{"id":31510,"href":"https:\/\/www.martel.ch\/cms\/wp-json\/wp\/v2\/pages\/22235\/revisions\/31510"}],"up":[{"embeddable":true,"href":"https:\/\/www.martel.ch\/cms\/wp-json\/wp\/v2\/pages\/28413"}],"wp:featuredmedia":[{"embeddable":true,"href":"https:\/\/www.martel.ch\/cms\/wp-json\/wp\/v2\/media\/18392"}],"wp:attachment":[{"href":"https:\/\/www.martel.ch\/cms\/wp-json\/wp\/v2\/media?parent=22235"}],"wp:term":[{"taxonomy":"category","embeddable":true,"href":"https:\/\/www.martel.ch\/cms\/wp-json\/wp\/v2\/categories?post=22235"},{"taxonomy":"author","embeddable":true,"href":"https:\/\/www.martel.ch\/cms\/wp-json\/wp\/v2\/coauthors?post=22235"}],"curies":[{"name":"wp","href":"https:\/\/api.w.org\/{rel}","templated":true}]}}