{"id":22315,"date":"2024-01-22T14:56:01","date_gmt":"2024-01-22T13:56:01","guid":{"rendered":"https:\/\/www.martel.ch\/cms\/?page_id=22315"},"modified":"2024-01-24T08:56:04","modified_gmt":"2024-01-24T07:56:04","slug":"zalto-glas","status":"publish","type":"page","link":"https:\/\/www.martel.ch\/cms\/wein-gutschein-geschenke\/weinglaeser\/zalto-glas\/","title":{"rendered":"Zalto Glas"},"content":{"rendered":"","protected":false},"excerpt":{"rendered":"","protected":false},"author":52,"featured_media":22322,"parent":7082,"menu_order":0,"comment_status":"closed","ping_status":"closed","template":"","meta":{"_acf_changed":false,"inline_featured_image":false,"footnotes":""},"categories":[],"coauthors":[539],"class_list":["post-22315","page","type-page","status-publish","has-post-thumbnail","hentry"],"acf":{"inhaltselemente":[{"acf_fc_layout":"einspalter_text","einspalter_text_titel":"Zalto \u00abDenk'Art\u00bb","einspalter_text_titel_typ":"2","einspalter_text_titel_fake":false,"einspalter_text_subtitle":"","einspalter_text_content":"Die Zalto-Gl\u00e4ser sind die Inkarnation von Feinheit und Eleganz. Einmalig sind die ausserordentliche D\u00fcnnwandigkeit, Balance und die Eleganz. Perfektion ist der Grundsatz des Hauses. Seit jeher werden Zalto-Gl\u00e4ser in aufw\u00e4ndiger traditioneller Handwerkskunst hergestellt. Die Weine entfalten sich perfekt f\u00fcr alle Sinne. In der Summe aller Eindr\u00fccke bietet Zalto somit eine Welt f\u00fcr sich.\r\n\r\nTrotz ihrer extremen Feinheit sind sie erstaunlich robust, elastisch und waschmaschinentauglich. So steht Zalto f\u00fcr jahrelange Erfahrung, hohe Qualit\u00e4t und exzellenten Weingenuss. Was bleibt hier mehr zu sagen als \u00abSant\u00e9\u00bb.","einspalter_bgcolor":false,"einspalter_layout_lines_top_bottom":false,"einspalter_collapse":false},{"acf_fc_layout":"produkteslider","produkteslider_titel":"","produkteslider_link":"","produkteslider_producer_id":"","produkteslider_product_ids":"zalweis,zalcham,zaluniv,zalbord,zalfbur,zalewas,zalspir,zalhaxi,zald150"},{"acf_fc_layout":"einspalter_text","einspalter_text_titel":"","einspalter_text_titel_typ":"2","einspalter_text_titel_fake":false,"einspalter_text_subtitle":"","einspalter_text_content":"<a class=\"btn btn-primary\" href=\"https:\/\/www.martel.ch\/wein\/?filter=winzer,zalto&amp;sortkey=custom_produkt_produkt_weinnummer&amp;sortdirection=asc\">Zalto-Gl\u00e4ser im Shop<\/a>","einspalter_bgcolor":false,"einspalter_layout_lines_top_bottom":false,"einspalter_collapse":false}]},"yoast_head":"<!-- This site is optimized with the Yoast SEO plugin v27.4 - https:\/\/yoast.com\/product\/yoast-seo-wordpress\/ -->\n<title>Zalto Glas | Martel Weine St.Gallen und Z\u00fcrich<\/title>\n<meta name=\"description\" content=\"Zalto Glas - Die Zalto-Gl\u00e4ser sind die Inkarnation von Feinheit und Eleganz. Einmalig sind die D\u00fcnnwandigkeit, Balance und die Eleganz.\" \/>\n<meta name=\"robots\" content=\"index, follow, max-snippet:-1, max-image-preview:large, max-video-preview:-1\" \/>\n<link rel=\"canonical\" href=\"https:\/\/www.martel.ch\/cms\/wein-gutschein-geschenke\/weinglaeser\/zalto-glas\/\" \/>\n<meta property=\"og:locale\" content=\"de_DE\" \/>\n<meta property=\"og:type\" content=\"article\" \/>\n<meta property=\"og:title\" content=\"Zalto Glas | Martel Weine St.Gallen und Z\u00fcrich\" \/>\n<meta property=\"og:description\" content=\"Zalto Glas - Die Zalto-Gl\u00e4ser sind die Inkarnation von Feinheit und Eleganz. Einmalig sind die D\u00fcnnwandigkeit, Balance und die Eleganz.\" \/>\n<meta property=\"og:url\" content=\"https:\/\/www.martel.ch\/cms\/wein-gutschein-geschenke\/weinglaeser\/zalto-glas\/\" \/>\n<meta property=\"og:site_name\" content=\"Martel\" \/>\n<meta property=\"article:publisher\" content=\"https:\/\/www.facebook.com\/pages\/Martel-AG-St-Gallen\/233396026691876\" \/>\n<meta property=\"article:modified_time\" content=\"2024-01-24T07:56:04+00:00\" \/>\n<meta property=\"og:image\" content=\"https:\/\/www.martel.ch\/cms\/wp-content\/uploads\/2024\/01\/2024_01_Zalto_Header-854x569.jpg\" \/>\n\t<meta property=\"og:image:width\" content=\"854\" \/>\n\t<meta property=\"og:image:height\" content=\"569\" \/>\n\t<meta property=\"og:image:type\" content=\"image\/jpeg\" \/>\n<meta name=\"twitter:card\" content=\"summary_large_image\" \/>\n<meta name=\"twitter:site\" content=\"@martel_weinwelt\" \/>\n<meta name=\"twitter:label1\" content=\"Written by\" \/>\n\t<meta name=\"twitter:data1\" content=\"Martel Marketing\" \/>\n<script type=\"application\/ld+json\" class=\"yoast-schema-graph\">{\"@context\":\"https:\\\/\\\/schema.org\",\"@graph\":[{\"@type\":\"WebPage\",\"@id\":\"https:\\\/\\\/www.martel.ch\\\/cms\\\/wein-gutschein-geschenke\\\/weinglaeser\\\/zalto-glas\\\/\",\"url\":\"https:\\\/\\\/www.martel.ch\\\/cms\\\/wein-gutschein-geschenke\\\/weinglaeser\\\/zalto-glas\\\/\",\"name\":\"Zalto Glas | Martel Weine St.Gallen und Z\u00fcrich\",\"isPartOf\":{\"@id\":\"https:\\\/\\\/www.martel.ch\\\/cms\\\/#website\"},\"primaryImageOfPage\":{\"@id\":\"https:\\\/\\\/www.martel.ch\\\/cms\\\/wein-gutschein-geschenke\\\/weinglaeser\\\/zalto-glas\\\/#primaryimage\"},\"image\":{\"@id\":\"https:\\\/\\\/www.martel.ch\\\/cms\\\/wein-gutschein-geschenke\\\/weinglaeser\\\/zalto-glas\\\/#primaryimage\"},\"thumbnailUrl\":\"https:\\\/\\\/www.martel.ch\\\/cms\\\/wp-content\\\/uploads\\\/2024\\\/01\\\/2024_01_Zalto_Header.jpg\",\"datePublished\":\"2024-01-22T13:56:01+00:00\",\"dateModified\":\"2024-01-24T07:56:04+00:00\",\"description\":\"Zalto Glas - Die Zalto-Gl\u00e4ser sind die Inkarnation von Feinheit und Eleganz. Einmalig sind die D\u00fcnnwandigkeit, Balance und die Eleganz.\",\"breadcrumb\":{\"@id\":\"https:\\\/\\\/www.martel.ch\\\/cms\\\/wein-gutschein-geschenke\\\/weinglaeser\\\/zalto-glas\\\/#breadcrumb\"},\"inLanguage\":\"de-CH\",\"potentialAction\":[{\"@type\":\"ReadAction\",\"target\":[\"https:\\\/\\\/www.martel.ch\\\/cms\\\/wein-gutschein-geschenke\\\/weinglaeser\\\/zalto-glas\\\/\"]}]},{\"@type\":\"ImageObject\",\"inLanguage\":\"de-CH\",\"@id\":\"https:\\\/\\\/www.martel.ch\\\/cms\\\/wein-gutschein-geschenke\\\/weinglaeser\\\/zalto-glas\\\/#primaryimage\",\"url\":\"https:\\\/\\\/www.martel.ch\\\/cms\\\/wp-content\\\/uploads\\\/2024\\\/01\\\/2024_01_Zalto_Header.jpg\",\"contentUrl\":\"https:\\\/\\\/www.martel.ch\\\/cms\\\/wp-content\\\/uploads\\\/2024\\\/01\\\/2024_01_Zalto_Header.jpg\",\"width\":2000,\"height\":1333,\"caption\":\"Zalto Glas\"},{\"@type\":\"BreadcrumbList\",\"@id\":\"https:\\\/\\\/www.martel.ch\\\/cms\\\/wein-gutschein-geschenke\\\/weinglaeser\\\/zalto-glas\\\/#breadcrumb\",\"itemListElement\":[{\"@type\":\"ListItem\",\"position\":1,\"name\":\"Startseite\",\"item\":\"https:\\\/\\\/www.martel.ch\\\/cms\\\/\"},{\"@type\":\"ListItem\",\"position\":2,\"name\":\"Gutscheine &#038; Geschenke\",\"item\":\"https:\\\/\\\/www.martel.ch\\\/cms\\\/wein-gutschein-geschenke\\\/\"},{\"@type\":\"ListItem\",\"position\":3,\"name\":\"Weingl\u00e4ser\",\"item\":\"https:\\\/\\\/www.martel.ch\\\/cms\\\/wein-gutschein-geschenke\\\/weinglaeser\\\/\"},{\"@type\":\"ListItem\",\"position\":4,\"name\":\"Zalto Glas\"}]},{\"@type\":\"WebSite\",\"@id\":\"https:\\\/\\\/www.martel.ch\\\/cms\\\/#website\",\"url\":\"https:\\\/\\\/www.martel.ch\\\/cms\\\/\",\"name\":\"Martel\",\"description\":\"F\u00fcr Weinbegeisterte und die, die es werden m\u00f6chten.\",\"publisher\":{\"@id\":\"https:\\\/\\\/www.martel.ch\\\/cms\\\/#organization\"},\"potentialAction\":[{\"@type\":\"SearchAction\",\"target\":{\"@type\":\"EntryPoint\",\"urlTemplate\":\"https:\\\/\\\/www.martel.ch\\\/cms\\\/?s={search_term_string}\"},\"query-input\":{\"@type\":\"PropertyValueSpecification\",\"valueRequired\":true,\"valueName\":\"search_term_string\"}}],\"inLanguage\":\"de-CH\"},{\"@type\":\"Organization\",\"@id\":\"https:\\\/\\\/www.martel.ch\\\/cms\\\/#organization\",\"name\":\"Martel AG St.Gallen\",\"url\":\"https:\\\/\\\/www.martel.ch\\\/cms\\\/\",\"logo\":{\"@type\":\"ImageObject\",\"inLanguage\":\"de-CH\",\"@id\":\"https:\\\/\\\/www.martel.ch\\\/cms\\\/#\\\/schema\\\/logo\\\/image\\\/\",\"url\":\"https:\\\/\\\/www.martel.ch\\\/cms\\\/wp-content\\\/uploads\\\/2019\\\/02\\\/martel-logo.png\",\"contentUrl\":\"https:\\\/\\\/www.martel.ch\\\/cms\\\/wp-content\\\/uploads\\\/2019\\\/02\\\/martel-logo.png\",\"width\":600,\"height\":600,\"caption\":\"Martel AG St.Gallen\"},\"image\":{\"@id\":\"https:\\\/\\\/www.martel.ch\\\/cms\\\/#\\\/schema\\\/logo\\\/image\\\/\"},\"sameAs\":[\"https:\\\/\\\/www.facebook.com\\\/pages\\\/Martel-AG-St-Gallen\\\/233396026691876\",\"https:\\\/\\\/x.com\\\/martel_weinwelt\",\"https:\\\/\\\/www.instagram.com\\\/martel_weinwelt\\\/\",\"https:\\\/\\\/www.linkedin.com\\\/company\\\/martel-ag-st-gallen\",\"https:\\\/\\\/www.pinterest.ch\\\/martel_weinwelt\"]}]}<\/script>\n<!-- \/ Yoast SEO plugin. -->","yoast_head_json":{"title":"Zalto Glas | Martel Weine St.Gallen und Z\u00fcrich","description":"Zalto Glas - Die Zalto-Gl\u00e4ser sind die Inkarnation von Feinheit und Eleganz. Einmalig sind die D\u00fcnnwandigkeit, Balance und die Eleganz.","robots":{"index":"index","follow":"follow","max-snippet":"max-snippet:-1","max-image-preview":"max-image-preview:large","max-video-preview":"max-video-preview:-1"},"canonical":"https:\/\/www.martel.ch\/cms\/wein-gutschein-geschenke\/weinglaeser\/zalto-glas\/","og_locale":"de_DE","og_type":"article","og_title":"Zalto Glas | Martel Weine St.Gallen und Z\u00fcrich","og_description":"Zalto Glas - Die Zalto-Gl\u00e4ser sind die Inkarnation von Feinheit und Eleganz. Einmalig sind die D\u00fcnnwandigkeit, Balance und die Eleganz.","og_url":"https:\/\/www.martel.ch\/cms\/wein-gutschein-geschenke\/weinglaeser\/zalto-glas\/","og_site_name":"Martel","article_publisher":"https:\/\/www.facebook.com\/pages\/Martel-AG-St-Gallen\/233396026691876","article_modified_time":"2024-01-24T07:56:04+00:00","og_image":[{"width":854,"height":569,"url":"https:\/\/www.martel.ch\/cms\/wp-content\/uploads\/2024\/01\/2024_01_Zalto_Header-854x569.jpg","type":"image\/jpeg"}],"twitter_card":"summary_large_image","twitter_site":"@martel_weinwelt","twitter_misc":{"Written by":"Martel Marketing"},"schema":{"@context":"https:\/\/schema.org","@graph":[{"@type":"WebPage","@id":"https:\/\/www.martel.ch\/cms\/wein-gutschein-geschenke\/weinglaeser\/zalto-glas\/","url":"https:\/\/www.martel.ch\/cms\/wein-gutschein-geschenke\/weinglaeser\/zalto-glas\/","name":"Zalto Glas | Martel Weine St.Gallen und Z\u00fcrich","isPartOf":{"@id":"https:\/\/www.martel.ch\/cms\/#website"},"primaryImageOfPage":{"@id":"https:\/\/www.martel.ch\/cms\/wein-gutschein-geschenke\/weinglaeser\/zalto-glas\/#primaryimage"},"image":{"@id":"https:\/\/www.martel.ch\/cms\/wein-gutschein-geschenke\/weinglaeser\/zalto-glas\/#primaryimage"},"thumbnailUrl":"https:\/\/www.martel.ch\/cms\/wp-content\/uploads\/2024\/01\/2024_01_Zalto_Header.jpg","datePublished":"2024-01-22T13:56:01+00:00","dateModified":"2024-01-24T07:56:04+00:00","description":"Zalto Glas - Die Zalto-Gl\u00e4ser sind die Inkarnation von Feinheit und Eleganz. Einmalig sind die D\u00fcnnwandigkeit, Balance und die Eleganz.","breadcrumb":{"@id":"https:\/\/www.martel.ch\/cms\/wein-gutschein-geschenke\/weinglaeser\/zalto-glas\/#breadcrumb"},"inLanguage":"de-CH","potentialAction":[{"@type":"ReadAction","target":["https:\/\/www.martel.ch\/cms\/wein-gutschein-geschenke\/weinglaeser\/zalto-glas\/"]}]},{"@type":"ImageObject","inLanguage":"de-CH","@id":"https:\/\/www.martel.ch\/cms\/wein-gutschein-geschenke\/weinglaeser\/zalto-glas\/#primaryimage","url":"https:\/\/www.martel.ch\/cms\/wp-content\/uploads\/2024\/01\/2024_01_Zalto_Header.jpg","contentUrl":"https:\/\/www.martel.ch\/cms\/wp-content\/uploads\/2024\/01\/2024_01_Zalto_Header.jpg","width":2000,"height":1333,"caption":"Zalto Glas"},{"@type":"BreadcrumbList","@id":"https:\/\/www.martel.ch\/cms\/wein-gutschein-geschenke\/weinglaeser\/zalto-glas\/#breadcrumb","itemListElement":[{"@type":"ListItem","position":1,"name":"Startseite","item":"https:\/\/www.martel.ch\/cms\/"},{"@type":"ListItem","position":2,"name":"Gutscheine &#038; Geschenke","item":"https:\/\/www.martel.ch\/cms\/wein-gutschein-geschenke\/"},{"@type":"ListItem","position":3,"name":"Weingl\u00e4ser","item":"https:\/\/www.martel.ch\/cms\/wein-gutschein-geschenke\/weinglaeser\/"},{"@type":"ListItem","position":4,"name":"Zalto Glas"}]},{"@type":"WebSite","@id":"https:\/\/www.martel.ch\/cms\/#website","url":"https:\/\/www.martel.ch\/cms\/","name":"Martel","description":"F\u00fcr Weinbegeisterte und die, die es werden m\u00f6chten.","publisher":{"@id":"https:\/\/www.martel.ch\/cms\/#organization"},"potentialAction":[{"@type":"SearchAction","target":{"@type":"EntryPoint","urlTemplate":"https:\/\/www.martel.ch\/cms\/?s={search_term_string}"},"query-input":{"@type":"PropertyValueSpecification","valueRequired":true,"valueName":"search_term_string"}}],"inLanguage":"de-CH"},{"@type":"Organization","@id":"https:\/\/www.martel.ch\/cms\/#organization","name":"Martel AG St.Gallen","url":"https:\/\/www.martel.ch\/cms\/","logo":{"@type":"ImageObject","inLanguage":"de-CH","@id":"https:\/\/www.martel.ch\/cms\/#\/schema\/logo\/image\/","url":"https:\/\/www.martel.ch\/cms\/wp-content\/uploads\/2019\/02\/martel-logo.png","contentUrl":"https:\/\/www.martel.ch\/cms\/wp-content\/uploads\/2019\/02\/martel-logo.png","width":600,"height":600,"caption":"Martel AG St.Gallen"},"image":{"@id":"https:\/\/www.martel.ch\/cms\/#\/schema\/logo\/image\/"},"sameAs":["https:\/\/www.facebook.com\/pages\/Martel-AG-St-Gallen\/233396026691876","https:\/\/x.com\/martel_weinwelt","https:\/\/www.instagram.com\/martel_weinwelt\/","https:\/\/www.linkedin.com\/company\/martel-ag-st-gallen","https:\/\/www.pinterest.ch\/martel_weinwelt"]}]}},"_links":{"self":[{"href":"https:\/\/www.martel.ch\/cms\/wp-json\/wp\/v2\/pages\/22315","targetHints":{"allow":["GET"]}}],"collection":[{"href":"https:\/\/www.martel.ch\/cms\/wp-json\/wp\/v2\/pages"}],"about":[{"href":"https:\/\/www.martel.ch\/cms\/wp-json\/wp\/v2\/types\/page"}],"author":[{"embeddable":true,"href":"https:\/\/www.martel.ch\/cms\/wp-json\/wp\/v2\/users\/52"}],"replies":[{"embeddable":true,"href":"https:\/\/www.martel.ch\/cms\/wp-json\/wp\/v2\/comments?post=22315"}],"version-history":[{"count":11,"href":"https:\/\/www.martel.ch\/cms\/wp-json\/wp\/v2\/pages\/22315\/revisions"}],"predecessor-version":[{"id":22366,"href":"https:\/\/www.martel.ch\/cms\/wp-json\/wp\/v2\/pages\/22315\/revisions\/22366"}],"up":[{"embeddable":true,"href":"https:\/\/www.martel.ch\/cms\/wp-json\/wp\/v2\/pages\/7082"}],"wp:featuredmedia":[{"embeddable":true,"href":"https:\/\/www.martel.ch\/cms\/wp-json\/wp\/v2\/media\/22322"}],"wp:attachment":[{"href":"https:\/\/www.martel.ch\/cms\/wp-json\/wp\/v2\/media?parent=22315"}],"wp:term":[{"taxonomy":"category","embeddable":true,"href":"https:\/\/www.martel.ch\/cms\/wp-json\/wp\/v2\/categories?post=22315"},{"taxonomy":"author","embeddable":true,"href":"https:\/\/www.martel.ch\/cms\/wp-json\/wp\/v2\/coauthors?post=22315"}],"curies":[{"name":"wp","href":"https:\/\/api.w.org\/{rel}","templated":true}]}}