{"id":22332,"date":"2024-01-22T15:04:32","date_gmt":"2024-01-22T14:04:32","guid":{"rendered":"https:\/\/www.martel.ch\/cms\/?page_id=22332"},"modified":"2024-01-22T15:28:16","modified_gmt":"2024-01-22T14:28:16","slug":"grassl-glass","status":"publish","type":"page","link":"https:\/\/www.martel.ch\/cms\/wein-gutschein-geschenke\/weinglaeser\/grassl-glass\/","title":{"rendered":"Grassl Glass"},"content":{"rendered":"","protected":false},"excerpt":{"rendered":"","protected":false},"author":52,"featured_media":22316,"parent":7082,"menu_order":0,"comment_status":"closed","ping_status":"closed","template":"","meta":{"_acf_changed":false,"inline_featured_image":false,"footnotes":""},"categories":[],"coauthors":[539],"class_list":["post-22332","page","type-page","status-publish","has-post-thumbnail","hentry"],"acf":{"inhaltselemente":[{"acf_fc_layout":"einspalter_text","einspalter_text_titel":"Grassl Glass \u00abVigneron & Elemental Series\u00bb","einspalter_text_titel_typ":"2","einspalter_text_titel_fake":false,"einspalter_text_subtitle":"","einspalter_text_content":"Wein f\u00fcr alle Sinne trifft auf Gl\u00e4ser f\u00fcr alle Sinne. Grassl ist ein innovativer und aufstrebender Anbieter hochwertiger Weingl\u00e4ser. Die Grassl-Designer verfolgen dabei einen neuen Ansatz: Sie entwickeln ihre Gl\u00e4ser basierend auf der Stilistik der Weine. Die Region spielt dabei eine untergeordnete Rolle und das richtige Glas sollte vom Weinliebhaber vielmehr entsprechend der Weincharakteristika ausgew\u00e4hlt werden. Dies ist durch die Vigneron-Serie nun m\u00f6glich. Erg\u00e4nzt wird das Portfolio durch die die ebenso hochwertige, sich dem Alltag verpflichtete Elemental-Serie.\r\n\r\nAlle Gl\u00e4ser sind in traditioneller Herstellung mundgeblasen und werden in nur einem Betrieb in der Glashochburg Slowakei hergestellt. So kann eine langanhaltende und konstante Qualit\u00e4t sichergestellt werden. Das Grassl-Glas wird von vielen renommierten Winzern weltweit verwendet. Sie sind leicht und robust, zudem waschmaschinentauglich. Die Weingl\u00e4ser treten durch schlichte Eleganz und reine Funktionalit\u00e4t in den Hintergrund. Im Vordergrund steht der Genuss des Weines und das von den Gl\u00e4sern veredelte Bouquet.","einspalter_bgcolor":false,"einspalter_layout_lines_top_bottom":false,"einspalter_collapse":false},{"acf_fc_layout":"produkteslider","produkteslider_titel":"","produkteslider_link":"","produkteslider_producer_id":"","produkteslider_product_ids":"grl1420,grl2310,grl3460,grl4430,grl5670,grl6760,grl7000"},{"acf_fc_layout":"einspalter_text","einspalter_text_titel":"","einspalter_text_titel_typ":"2","einspalter_text_titel_fake":false,"einspalter_text_subtitle":"","einspalter_text_content":"<a class=\"btn btn-primary\" href=\"https:\/\/www.martel.ch\/wein\/?filter=winzer,grassl-glass&amp;sortkey=custom_produkt_produkt_weinnummer&amp;sortdirection=asc\">Grassl Glass im Shop<\/a>","einspalter_bgcolor":false,"einspalter_layout_lines_top_bottom":false,"einspalter_collapse":false}]},"yoast_head":"<!-- This site is optimized with the Yoast SEO plugin v27.4 - https:\/\/yoast.com\/product\/yoast-seo-wordpress\/ -->\n<title>Grassl Glass | Martel Weine St.Gallen und Z\u00fcrich<\/title>\n<meta name=\"description\" content=\"Grassl Glass - Wein f\u00fcr alle Sinne trifft auf Gl\u00e4ser f\u00fcr alle Sinne. Grassl ist ein innovativer Anbieter hochwertiger Weingl\u00e4ser.\" \/>\n<meta name=\"robots\" content=\"index, follow, max-snippet:-1, max-image-preview:large, max-video-preview:-1\" \/>\n<link rel=\"canonical\" href=\"https:\/\/www.martel.ch\/cms\/wein-gutschein-geschenke\/weinglaeser\/grassl-glass\/\" \/>\n<meta property=\"og:locale\" content=\"de_DE\" \/>\n<meta property=\"og:type\" content=\"article\" \/>\n<meta property=\"og:title\" content=\"Grassl Glass | Martel Weine St.Gallen und Z\u00fcrich\" \/>\n<meta property=\"og:description\" content=\"Grassl Glass - Wein f\u00fcr alle Sinne trifft auf Gl\u00e4ser f\u00fcr alle Sinne. Grassl ist ein innovativer Anbieter hochwertiger Weingl\u00e4ser.\" \/>\n<meta property=\"og:url\" content=\"https:\/\/www.martel.ch\/cms\/wein-gutschein-geschenke\/weinglaeser\/grassl-glass\/\" \/>\n<meta property=\"og:site_name\" content=\"Martel\" \/>\n<meta property=\"article:publisher\" content=\"https:\/\/www.facebook.com\/pages\/Martel-AG-St-Gallen\/233396026691876\" \/>\n<meta property=\"article:modified_time\" content=\"2024-01-22T14:28:16+00:00\" \/>\n<meta property=\"og:image\" content=\"https:\/\/www.martel.ch\/cms\/wp-content\/uploads\/2024\/01\/2024_01_Grassl_Header-854x569.jpg\" \/>\n\t<meta property=\"og:image:width\" content=\"854\" \/>\n\t<meta property=\"og:image:height\" content=\"569\" \/>\n\t<meta property=\"og:image:type\" content=\"image\/jpeg\" \/>\n<meta name=\"twitter:card\" content=\"summary_large_image\" \/>\n<meta name=\"twitter:site\" content=\"@martel_weinwelt\" \/>\n<meta name=\"twitter:label1\" content=\"Written by\" \/>\n\t<meta name=\"twitter:data1\" content=\"Martel Marketing\" \/>\n<script type=\"application\/ld+json\" class=\"yoast-schema-graph\">{\"@context\":\"https:\\\/\\\/schema.org\",\"@graph\":[{\"@type\":\"WebPage\",\"@id\":\"https:\\\/\\\/www.martel.ch\\\/cms\\\/wein-gutschein-geschenke\\\/weinglaeser\\\/grassl-glass\\\/\",\"url\":\"https:\\\/\\\/www.martel.ch\\\/cms\\\/wein-gutschein-geschenke\\\/weinglaeser\\\/grassl-glass\\\/\",\"name\":\"Grassl Glass | Martel Weine St.Gallen und Z\u00fcrich\",\"isPartOf\":{\"@id\":\"https:\\\/\\\/www.martel.ch\\\/cms\\\/#website\"},\"primaryImageOfPage\":{\"@id\":\"https:\\\/\\\/www.martel.ch\\\/cms\\\/wein-gutschein-geschenke\\\/weinglaeser\\\/grassl-glass\\\/#primaryimage\"},\"image\":{\"@id\":\"https:\\\/\\\/www.martel.ch\\\/cms\\\/wein-gutschein-geschenke\\\/weinglaeser\\\/grassl-glass\\\/#primaryimage\"},\"thumbnailUrl\":\"https:\\\/\\\/www.martel.ch\\\/cms\\\/wp-content\\\/uploads\\\/2024\\\/01\\\/2024_01_Grassl_Header.jpg\",\"datePublished\":\"2024-01-22T14:04:32+00:00\",\"dateModified\":\"2024-01-22T14:28:16+00:00\",\"description\":\"Grassl Glass - Wein f\u00fcr alle Sinne trifft auf Gl\u00e4ser f\u00fcr alle Sinne. Grassl ist ein innovativer Anbieter hochwertiger Weingl\u00e4ser.\",\"breadcrumb\":{\"@id\":\"https:\\\/\\\/www.martel.ch\\\/cms\\\/wein-gutschein-geschenke\\\/weinglaeser\\\/grassl-glass\\\/#breadcrumb\"},\"inLanguage\":\"de-CH\",\"potentialAction\":[{\"@type\":\"ReadAction\",\"target\":[\"https:\\\/\\\/www.martel.ch\\\/cms\\\/wein-gutschein-geschenke\\\/weinglaeser\\\/grassl-glass\\\/\"]}]},{\"@type\":\"ImageObject\",\"inLanguage\":\"de-CH\",\"@id\":\"https:\\\/\\\/www.martel.ch\\\/cms\\\/wein-gutschein-geschenke\\\/weinglaeser\\\/grassl-glass\\\/#primaryimage\",\"url\":\"https:\\\/\\\/www.martel.ch\\\/cms\\\/wp-content\\\/uploads\\\/2024\\\/01\\\/2024_01_Grassl_Header.jpg\",\"contentUrl\":\"https:\\\/\\\/www.martel.ch\\\/cms\\\/wp-content\\\/uploads\\\/2024\\\/01\\\/2024_01_Grassl_Header.jpg\",\"width\":2000,\"height\":1333,\"caption\":\"Grassl Glass\"},{\"@type\":\"BreadcrumbList\",\"@id\":\"https:\\\/\\\/www.martel.ch\\\/cms\\\/wein-gutschein-geschenke\\\/weinglaeser\\\/grassl-glass\\\/#breadcrumb\",\"itemListElement\":[{\"@type\":\"ListItem\",\"position\":1,\"name\":\"Startseite\",\"item\":\"https:\\\/\\\/www.martel.ch\\\/cms\\\/\"},{\"@type\":\"ListItem\",\"position\":2,\"name\":\"Gutscheine &#038; Geschenke\",\"item\":\"https:\\\/\\\/www.martel.ch\\\/cms\\\/wein-gutschein-geschenke\\\/\"},{\"@type\":\"ListItem\",\"position\":3,\"name\":\"Weingl\u00e4ser\",\"item\":\"https:\\\/\\\/www.martel.ch\\\/cms\\\/wein-gutschein-geschenke\\\/weinglaeser\\\/\"},{\"@type\":\"ListItem\",\"position\":4,\"name\":\"Grassl Glass\"}]},{\"@type\":\"WebSite\",\"@id\":\"https:\\\/\\\/www.martel.ch\\\/cms\\\/#website\",\"url\":\"https:\\\/\\\/www.martel.ch\\\/cms\\\/\",\"name\":\"Martel\",\"description\":\"F\u00fcr Weinbegeisterte und die, die es werden m\u00f6chten.\",\"publisher\":{\"@id\":\"https:\\\/\\\/www.martel.ch\\\/cms\\\/#organization\"},\"potentialAction\":[{\"@type\":\"SearchAction\",\"target\":{\"@type\":\"EntryPoint\",\"urlTemplate\":\"https:\\\/\\\/www.martel.ch\\\/cms\\\/?s={search_term_string}\"},\"query-input\":{\"@type\":\"PropertyValueSpecification\",\"valueRequired\":true,\"valueName\":\"search_term_string\"}}],\"inLanguage\":\"de-CH\"},{\"@type\":\"Organization\",\"@id\":\"https:\\\/\\\/www.martel.ch\\\/cms\\\/#organization\",\"name\":\"Martel AG St.Gallen\",\"url\":\"https:\\\/\\\/www.martel.ch\\\/cms\\\/\",\"logo\":{\"@type\":\"ImageObject\",\"inLanguage\":\"de-CH\",\"@id\":\"https:\\\/\\\/www.martel.ch\\\/cms\\\/#\\\/schema\\\/logo\\\/image\\\/\",\"url\":\"https:\\\/\\\/www.martel.ch\\\/cms\\\/wp-content\\\/uploads\\\/2019\\\/02\\\/martel-logo.png\",\"contentUrl\":\"https:\\\/\\\/www.martel.ch\\\/cms\\\/wp-content\\\/uploads\\\/2019\\\/02\\\/martel-logo.png\",\"width\":600,\"height\":600,\"caption\":\"Martel AG St.Gallen\"},\"image\":{\"@id\":\"https:\\\/\\\/www.martel.ch\\\/cms\\\/#\\\/schema\\\/logo\\\/image\\\/\"},\"sameAs\":[\"https:\\\/\\\/www.facebook.com\\\/pages\\\/Martel-AG-St-Gallen\\\/233396026691876\",\"https:\\\/\\\/x.com\\\/martel_weinwelt\",\"https:\\\/\\\/www.instagram.com\\\/martel_weinwelt\\\/\",\"https:\\\/\\\/www.linkedin.com\\\/company\\\/martel-ag-st-gallen\",\"https:\\\/\\\/www.pinterest.ch\\\/martel_weinwelt\"]}]}<\/script>\n<!-- \/ Yoast SEO plugin. -->","yoast_head_json":{"title":"Grassl Glass | Martel Weine St.Gallen und Z\u00fcrich","description":"Grassl Glass - Wein f\u00fcr alle Sinne trifft auf Gl\u00e4ser f\u00fcr alle Sinne. Grassl ist ein innovativer Anbieter hochwertiger Weingl\u00e4ser.","robots":{"index":"index","follow":"follow","max-snippet":"max-snippet:-1","max-image-preview":"max-image-preview:large","max-video-preview":"max-video-preview:-1"},"canonical":"https:\/\/www.martel.ch\/cms\/wein-gutschein-geschenke\/weinglaeser\/grassl-glass\/","og_locale":"de_DE","og_type":"article","og_title":"Grassl Glass | Martel Weine St.Gallen und Z\u00fcrich","og_description":"Grassl Glass - Wein f\u00fcr alle Sinne trifft auf Gl\u00e4ser f\u00fcr alle Sinne. Grassl ist ein innovativer Anbieter hochwertiger Weingl\u00e4ser.","og_url":"https:\/\/www.martel.ch\/cms\/wein-gutschein-geschenke\/weinglaeser\/grassl-glass\/","og_site_name":"Martel","article_publisher":"https:\/\/www.facebook.com\/pages\/Martel-AG-St-Gallen\/233396026691876","article_modified_time":"2024-01-22T14:28:16+00:00","og_image":[{"width":854,"height":569,"url":"https:\/\/www.martel.ch\/cms\/wp-content\/uploads\/2024\/01\/2024_01_Grassl_Header-854x569.jpg","type":"image\/jpeg"}],"twitter_card":"summary_large_image","twitter_site":"@martel_weinwelt","twitter_misc":{"Written by":"Martel Marketing"},"schema":{"@context":"https:\/\/schema.org","@graph":[{"@type":"WebPage","@id":"https:\/\/www.martel.ch\/cms\/wein-gutschein-geschenke\/weinglaeser\/grassl-glass\/","url":"https:\/\/www.martel.ch\/cms\/wein-gutschein-geschenke\/weinglaeser\/grassl-glass\/","name":"Grassl Glass | Martel Weine St.Gallen und Z\u00fcrich","isPartOf":{"@id":"https:\/\/www.martel.ch\/cms\/#website"},"primaryImageOfPage":{"@id":"https:\/\/www.martel.ch\/cms\/wein-gutschein-geschenke\/weinglaeser\/grassl-glass\/#primaryimage"},"image":{"@id":"https:\/\/www.martel.ch\/cms\/wein-gutschein-geschenke\/weinglaeser\/grassl-glass\/#primaryimage"},"thumbnailUrl":"https:\/\/www.martel.ch\/cms\/wp-content\/uploads\/2024\/01\/2024_01_Grassl_Header.jpg","datePublished":"2024-01-22T14:04:32+00:00","dateModified":"2024-01-22T14:28:16+00:00","description":"Grassl Glass - Wein f\u00fcr alle Sinne trifft auf Gl\u00e4ser f\u00fcr alle Sinne. Grassl ist ein innovativer Anbieter hochwertiger Weingl\u00e4ser.","breadcrumb":{"@id":"https:\/\/www.martel.ch\/cms\/wein-gutschein-geschenke\/weinglaeser\/grassl-glass\/#breadcrumb"},"inLanguage":"de-CH","potentialAction":[{"@type":"ReadAction","target":["https:\/\/www.martel.ch\/cms\/wein-gutschein-geschenke\/weinglaeser\/grassl-glass\/"]}]},{"@type":"ImageObject","inLanguage":"de-CH","@id":"https:\/\/www.martel.ch\/cms\/wein-gutschein-geschenke\/weinglaeser\/grassl-glass\/#primaryimage","url":"https:\/\/www.martel.ch\/cms\/wp-content\/uploads\/2024\/01\/2024_01_Grassl_Header.jpg","contentUrl":"https:\/\/www.martel.ch\/cms\/wp-content\/uploads\/2024\/01\/2024_01_Grassl_Header.jpg","width":2000,"height":1333,"caption":"Grassl Glass"},{"@type":"BreadcrumbList","@id":"https:\/\/www.martel.ch\/cms\/wein-gutschein-geschenke\/weinglaeser\/grassl-glass\/#breadcrumb","itemListElement":[{"@type":"ListItem","position":1,"name":"Startseite","item":"https:\/\/www.martel.ch\/cms\/"},{"@type":"ListItem","position":2,"name":"Gutscheine &#038; Geschenke","item":"https:\/\/www.martel.ch\/cms\/wein-gutschein-geschenke\/"},{"@type":"ListItem","position":3,"name":"Weingl\u00e4ser","item":"https:\/\/www.martel.ch\/cms\/wein-gutschein-geschenke\/weinglaeser\/"},{"@type":"ListItem","position":4,"name":"Grassl Glass"}]},{"@type":"WebSite","@id":"https:\/\/www.martel.ch\/cms\/#website","url":"https:\/\/www.martel.ch\/cms\/","name":"Martel","description":"F\u00fcr Weinbegeisterte und die, die es werden m\u00f6chten.","publisher":{"@id":"https:\/\/www.martel.ch\/cms\/#organization"},"potentialAction":[{"@type":"SearchAction","target":{"@type":"EntryPoint","urlTemplate":"https:\/\/www.martel.ch\/cms\/?s={search_term_string}"},"query-input":{"@type":"PropertyValueSpecification","valueRequired":true,"valueName":"search_term_string"}}],"inLanguage":"de-CH"},{"@type":"Organization","@id":"https:\/\/www.martel.ch\/cms\/#organization","name":"Martel AG St.Gallen","url":"https:\/\/www.martel.ch\/cms\/","logo":{"@type":"ImageObject","inLanguage":"de-CH","@id":"https:\/\/www.martel.ch\/cms\/#\/schema\/logo\/image\/","url":"https:\/\/www.martel.ch\/cms\/wp-content\/uploads\/2019\/02\/martel-logo.png","contentUrl":"https:\/\/www.martel.ch\/cms\/wp-content\/uploads\/2019\/02\/martel-logo.png","width":600,"height":600,"caption":"Martel AG St.Gallen"},"image":{"@id":"https:\/\/www.martel.ch\/cms\/#\/schema\/logo\/image\/"},"sameAs":["https:\/\/www.facebook.com\/pages\/Martel-AG-St-Gallen\/233396026691876","https:\/\/x.com\/martel_weinwelt","https:\/\/www.instagram.com\/martel_weinwelt\/","https:\/\/www.linkedin.com\/company\/martel-ag-st-gallen","https:\/\/www.pinterest.ch\/martel_weinwelt"]}]}},"_links":{"self":[{"href":"https:\/\/www.martel.ch\/cms\/wp-json\/wp\/v2\/pages\/22332","targetHints":{"allow":["GET"]}}],"collection":[{"href":"https:\/\/www.martel.ch\/cms\/wp-json\/wp\/v2\/pages"}],"about":[{"href":"https:\/\/www.martel.ch\/cms\/wp-json\/wp\/v2\/types\/page"}],"author":[{"embeddable":true,"href":"https:\/\/www.martel.ch\/cms\/wp-json\/wp\/v2\/users\/52"}],"replies":[{"embeddable":true,"href":"https:\/\/www.martel.ch\/cms\/wp-json\/wp\/v2\/comments?post=22332"}],"version-history":[{"count":9,"href":"https:\/\/www.martel.ch\/cms\/wp-json\/wp\/v2\/pages\/22332\/revisions"}],"predecessor-version":[{"id":22347,"href":"https:\/\/www.martel.ch\/cms\/wp-json\/wp\/v2\/pages\/22332\/revisions\/22347"}],"up":[{"embeddable":true,"href":"https:\/\/www.martel.ch\/cms\/wp-json\/wp\/v2\/pages\/7082"}],"wp:featuredmedia":[{"embeddable":true,"href":"https:\/\/www.martel.ch\/cms\/wp-json\/wp\/v2\/media\/22316"}],"wp:attachment":[{"href":"https:\/\/www.martel.ch\/cms\/wp-json\/wp\/v2\/media?parent=22332"}],"wp:term":[{"taxonomy":"category","embeddable":true,"href":"https:\/\/www.martel.ch\/cms\/wp-json\/wp\/v2\/categories?post=22332"},{"taxonomy":"author","embeddable":true,"href":"https:\/\/www.martel.ch\/cms\/wp-json\/wp\/v2\/coauthors?post=22332"}],"curies":[{"name":"wp","href":"https:\/\/api.w.org\/{rel}","templated":true}]}}