{"id":23410,"date":"2024-04-02T10:09:32","date_gmt":"2024-04-02T08:09:32","guid":{"rendered":"https:\/\/www.martel.ch\/cms\/?page_id=23410"},"modified":"2025-07-23T15:08:02","modified_gmt":"2025-07-23T13:08:02","slug":"die-farbe-des-jahres-rose","status":"publish","type":"page","link":"https:\/\/www.martel.ch\/cms\/weinwissen\/die-farbe-des-jahres-rose\/","title":{"rendered":"Die Farbe des Jahres: Ros\u00e9"},"content":{"rendered":"","protected":false},"excerpt":{"rendered":"","protected":false},"author":52,"featured_media":23414,"parent":6709,"menu_order":1,"comment_status":"closed","ping_status":"closed","template":"","meta":{"_acf_changed":false,"inline_featured_image":false,"footnotes":""},"categories":[525],"coauthors":[539],"class_list":["post-23410","page","type-page","status-publish","has-post-thumbnail","hentry","category-im-fokus"],"acf":{"inhaltselemente":[{"acf_fc_layout":"einspalter_text","einspalter_text_titel":"Ros\u00e9 2024","einspalter_text_titel_typ":"1","einspalter_text_titel_fake":false,"einspalter_text_subtitle":"","einspalter_text_content":"<strong>Beste Ros\u00e9weine sind facettenreich - in Farbe, Geschmack und Preis. Neben den stillen Ros\u00e9s gibt es immer mehr erstklassige ros\u00e9farbene Schaumweine. Das freut uns! Die Kategorie der Ros\u00e9weine ist spannend, weil sie die positiven Eigenschaften von Rot- und Weisswein vereint. Im April und Mai gelten bei Martel Aktionspreise auf das gesamte Ros\u00e9-Sortiment. Jetzt entdecken! <\/strong>\r\n\r\n&nbsp;","einspalter_bgcolor":false,"einspalter_layout_lines_top_bottom":false,"einspalter_collapse":false},{"acf_fc_layout":"image_text","image_text_titel":"Ros\u00e9 Farbpalette","image_text_titel_typ":"2","image_text_titel_fake":false,"image_text_link":"","image_text_link_area":false,"image_text_content":"Vom blassen Ros\u00e9 im angesagten Peach Fuzz-Ton (der Pantone-Farbe 2024) \u00fcber Rosati im leichten Lachston bis hin zum purpurfarbenen Rosado: Die Farbpalette der Ros\u00e9weine ist so breit wie bei keiner anderen Weinsorte. Das liegt daran, dass Ros\u00e9 in ganz unterschiedlichen Anbaugebieten aus einer Vielzahl von m\u00f6glichen Rebsorten hergestellt wird. Beliebt sind Pinot Noir, Grenache, Syrah, Cinsault oder Zweigelt. Gerne wird Ros\u00e9 auch aus Tempranillo gekeltert. Oder aus Cabernet Sauvignon oder Cabernet Franc. Die Eigenschaften des Terroirs und der Rebsorte pr\u00e4gen Ros\u00e9s in Farbe, S\u00e4ure, Tanninstruktur und Geschmack.","image_text_bild":23417,"image_text_video":"","image_text_position_bild":"left","image_text_bgcolor":false},{"acf_fc_layout":"einspalter_text","einspalter_text_titel":"Spielart des Rotweins","einspalter_text_titel_typ":"2","einspalter_text_titel_fake":false,"einspalter_text_subtitle":"","einspalter_text_content":"Rotwein erh\u00e4lt seine Farbe aus der Traubenschale. Bleibt der Saft nach dem Pressen lange mit dem Trester in Kontakt, wird der Wein dunkel. Bei Ros\u00e9weinen ber\u00fchrt der Saft die Schalen meist nur wenige Stunden. Dadurch erhalten diese Weine weniger Farbe und Tannine. Der Geschmack bleibt. Resultat ist ein heller, frischer Wein. Das macht Rosatos &amp; Co. zum idealen Sommergetr\u00e4nk und Begleiter der leichten K\u00fcche.","einspalter_bgcolor":false,"einspalter_layout_lines_top_bottom":false,"einspalter_collapse":false},{"acf_fc_layout":"image_text","image_text_titel":"Das Gegenteil von einf\u00e4ltig ","image_text_titel_typ":"2","image_text_titel_fake":false,"image_text_link":"","image_text_link_area":false,"image_text_content":"So vielseitig wie die Farben der Ros\u00e9weine ist auch ihr Geschmack. Qualitativ hochwertige Ros\u00e9s sind keine minderwertigen Weine, im Gegenteil. Die Ros\u00e9weine aus dem Martel-Sortiment werden mit sorgf\u00e4ltig hergestellt und sind von hoher Qualit\u00e4t, auch wenn sie f\u00fcr wenig Geld zu haben sind. Keine 12 Franken kostet der originelle Ros\u00e9 <strong>Les 3 Petits Cochons<\/strong> aus der s\u00fcdwestfranz\u00f6sischen Rebsorte Tannat. Er bringt uns mit seiner humorvollen Etikette zum Schmunzeln und \u00fcberzeugt beim Trinken mit seri\u00f6sem, gut gemachtem Inhalt. Ein wunderbarer Ros\u00e9-Klassiker f\u00fcr unter 20 Franken ist der Schweizer <strong>Oeil de Perdrix<\/strong> vom Neuenburgersee, der aus Pinot Noir gekeltert wird. Frisch und finessenreich, mit dem typischen Pinot Noir-Aroma. Grosses Pinot-Kino verspricht und h\u00e4lt der <strong>Ros\u00e9-Champagner brut Ros\u00e9 1er cru<\/strong> von Frerejan Fr\u00e8res. Dieser elegante Champagner bietet zarte Aromen von roten Beeren und Himbeeren. Man schmeckt auch Mirabellen und etwas Brioche. Die Trauben f\u00fcr den Top-Champagner zum Preis von Fr. 66.00 stammen alle von Grand- und Premier-Cru-Reben.","image_text_bild":23411,"image_text_video":"","image_text_position_bild":"left","image_text_bgcolor":false},{"acf_fc_layout":"produkteslider","produkteslider_titel":"","produkteslider_link":"","produkteslider_producer_id":"","produkteslider_product_ids":"ayd47xx,vin1723,frj47xx,gen3722,pib3721,ena3723"},{"acf_fc_layout":"einspalter_text","einspalter_text_titel":"Ros\u00e9-Trend: Bubbles!","einspalter_text_titel_typ":"2","einspalter_text_titel_fake":false,"einspalter_text_subtitle":"","einspalter_text_content":"Nicht nur beim Champagner ist die Farbe rosarot beliebt. Relativ neu (seit 2020) ist es erlaubt, Prosecco ros\u00e9 zu produzieren. Mit durchschlagendem Erfolg. Der <strong>Jeio Prosecco Ros\u00e9 brut<\/strong> von Bisol wird uns fast aus den H\u00e4nden gerissen. Diese Assemblage aus mehrheitlich Glera und etwas Pinot Noir hat ein rotfruchtiges, blumiges Bouquet, eine angenehme Perlage, ist spritzig und leicht. Ein weiterer guter Grund f\u00fcr den Ros\u00e9-Schaumwein-Boom bei Martel ist der \u00f6sterreichische Qualit\u00e4tssekt <strong>Br\u00fcndlmayer ros\u00e9 brut R\u00e9serve<\/strong>. Die hochwertige Cuv\u00e9e aus Pinot Noir, Zweigelt und St. Laurent reift nach der zweiten G\u00e4rung in der Flasche bis zu zwei Jahre auf der Hefe. Fruchtig-w\u00fcrzig der Duft, cremig-zarte Perlage, die feinen Fruchtt\u00f6ne mischen sich mit Hefenoten. Einfach wunderbar.","einspalter_bgcolor":false,"einspalter_layout_lines_top_bottom":false,"einspalter_collapse":false},{"acf_fc_layout":"produkteslider","produkteslider_titel":"","produkteslider_link":"","produkteslider_producer_id":"","produkteslider_product_ids":"bisd721,brmh7xx,vfr6718,gos73xx,gab77xx"},{"acf_fc_layout":"einspalter_text","einspalter_text_titel":"Viva Ros\u00e9!","einspalter_text_titel_typ":"2","einspalter_text_titel_fake":false,"einspalter_text_subtitle":"","einspalter_text_content":"Ein Glas Ros\u00e9 gern. Un ros\u00e9, s\u2019il vous pla\u00eet. Un rosato per me! Das Martel Ros\u00e9-Sortiment umfasst gegen 20 verschiedene Ros\u00e9weine aus der Schweiz, \u00d6sterreich, Frankreich, Italien und Spanien. Wir lieben sie alle. Jeder auf seine Art und zur passenden Gelegenheit. Die Vielfalt macht das Leben sch\u00f6n. Drink Pink! Nicht nur im Sommer betrachten wir die Welt gerne durch ein mit Ros\u00e9 gef\u00fclltes Glas.","einspalter_bgcolor":false,"einspalter_layout_lines_top_bottom":false,"einspalter_collapse":false},{"acf_fc_layout":"einspalter_text","einspalter_text_titel":"Probieren. Vorsorgen. Geniessen.","einspalter_text_titel_typ":"2","einspalter_text_titel_fake":false,"einspalter_text_subtitle":"","einspalter_text_content":"Bei unserer rosaroten Aktion diesen Fr\u00fchling bieten wir Rabatte auf unser gesamtes Ros\u00e9-Sortiment. Schlagen Sie zu. Denn lagert gen\u00fcgend Ros\u00e9 im Keller, kann der Sommer kommen. An den Genusspunkten an unseren Standorten in Z\u00fcrich und in St.Gallen (mit Aussenpl\u00e4tzen an der Fr\u00fchlingssonne!) k\u00f6nnen Sie w\u00e4hrend unserer Aktion im April und Mai eine Auswahl an Ros\u00e9s testen und sich von unseren Weinprofis beraten lassen. Viva Ros\u00e9!","einspalter_bgcolor":false,"einspalter_layout_lines_top_bottom":false,"einspalter_collapse":false},{"acf_fc_layout":"einspalter_text","einspalter_text_titel":"Martel-G\u00fctesiegel ","einspalter_text_titel_typ":"2","einspalter_text_titel_fake":false,"einspalter_text_subtitle":"","einspalter_text_content":"Die strenge Martel-Auswahl garantiert Ros\u00e9-Genuss der Spitzenklasse. F\u00fcr die Ros\u00e9-Weine im Sortiment gelten bei uns die gleichen Qualit\u00e4tskriterien wie f\u00fcr alle Weine. Ein guter Ros\u00e9 ist klar, rein, fruchtig, ausgewogen und trocken.","einspalter_bgcolor":false,"einspalter_layout_lines_top_bottom":true,"einspalter_collapse":false},{"acf_fc_layout":"einspalter_text","einspalter_text_titel":"","einspalter_text_titel_typ":"2","einspalter_text_titel_fake":false,"einspalter_text_subtitle":"","einspalter_text_content":"<a class=\"btn btn-primary\" href=\"https:\/\/www.martel.ch\/wein\/?filter=sortiment,wein~rose\">Alle Ros\u00e9-Weine auf einen Blick<\/a>","einspalter_bgcolor":false,"einspalter_layout_lines_top_bottom":false,"einspalter_collapse":false}]},"yoast_head":"<!-- This site is optimized with the Yoast SEO plugin v27.4 - https:\/\/yoast.com\/product\/yoast-seo-wordpress\/ -->\n<title>Die Farbe des Jahres: Ros\u00e9<\/title>\n<meta name=\"description\" content=\"Gute Ros\u00e9-Weine bringen nicht nur Farbe ins Leben, sondern schmecken auch hervorragend: frisch, elegant und ausgewogen. Ros\u00e9 2024.\" \/>\n<meta name=\"robots\" content=\"index, follow, max-snippet:-1, max-image-preview:large, max-video-preview:-1\" \/>\n<link rel=\"canonical\" href=\"https:\/\/www.martel.ch\/cms\/weinwissen\/die-farbe-des-jahres-rose\/\" \/>\n<meta property=\"og:locale\" content=\"de_DE\" \/>\n<meta property=\"og:type\" content=\"article\" \/>\n<meta property=\"og:title\" content=\"Die Farbe des Jahres: Ros\u00e9\" \/>\n<meta property=\"og:description\" content=\"Gute Ros\u00e9-Weine bringen nicht nur Farbe ins Leben, sondern schmecken auch hervorragend: frisch, elegant und ausgewogen. Ros\u00e9 2024.\" \/>\n<meta property=\"og:url\" content=\"https:\/\/www.martel.ch\/cms\/weinwissen\/die-farbe-des-jahres-rose\/\" \/>\n<meta property=\"og:site_name\" content=\"Martel\" \/>\n<meta property=\"article:publisher\" content=\"https:\/\/www.facebook.com\/pages\/Martel-AG-St-Gallen\/233396026691876\" \/>\n<meta property=\"article:modified_time\" content=\"2025-07-23T13:08:02+00:00\" \/>\n<meta property=\"og:image\" content=\"https:\/\/www.martel.ch\/cms\/wp-content\/uploads\/2024\/03\/Rose.jpg\" \/>\n\t<meta property=\"og:image:width\" content=\"2000\" \/>\n\t<meta property=\"og:image:height\" content=\"1333\" \/>\n\t<meta property=\"og:image:type\" content=\"image\/jpeg\" \/>\n<meta name=\"twitter:card\" content=\"summary_large_image\" \/>\n<meta name=\"twitter:site\" content=\"@martel_weinwelt\" \/>\n<meta name=\"twitter:label1\" content=\"Written by\" \/>\n\t<meta name=\"twitter:data1\" content=\"Martel Marketing\" \/>\n<script type=\"application\/ld+json\" class=\"yoast-schema-graph\">{\"@context\":\"https:\\\/\\\/schema.org\",\"@graph\":[{\"@type\":\"WebPage\",\"@id\":\"https:\\\/\\\/www.martel.ch\\\/cms\\\/weinwissen\\\/die-farbe-des-jahres-rose\\\/\",\"url\":\"https:\\\/\\\/www.martel.ch\\\/cms\\\/weinwissen\\\/die-farbe-des-jahres-rose\\\/\",\"name\":\"Die Farbe des Jahres: Ros\u00e9\",\"isPartOf\":{\"@id\":\"https:\\\/\\\/www.martel.ch\\\/cms\\\/#website\"},\"primaryImageOfPage\":{\"@id\":\"https:\\\/\\\/www.martel.ch\\\/cms\\\/weinwissen\\\/die-farbe-des-jahres-rose\\\/#primaryimage\"},\"image\":{\"@id\":\"https:\\\/\\\/www.martel.ch\\\/cms\\\/weinwissen\\\/die-farbe-des-jahres-rose\\\/#primaryimage\"},\"thumbnailUrl\":\"https:\\\/\\\/www.martel.ch\\\/cms\\\/wp-content\\\/uploads\\\/2024\\\/03\\\/Rose.jpg\",\"datePublished\":\"2024-04-02T08:09:32+00:00\",\"dateModified\":\"2025-07-23T13:08:02+00:00\",\"description\":\"Gute Ros\u00e9-Weine bringen nicht nur Farbe ins Leben, sondern schmecken auch hervorragend: frisch, elegant und ausgewogen. Ros\u00e9 2024.\",\"breadcrumb\":{\"@id\":\"https:\\\/\\\/www.martel.ch\\\/cms\\\/weinwissen\\\/die-farbe-des-jahres-rose\\\/#breadcrumb\"},\"inLanguage\":\"de-CH\",\"potentialAction\":[{\"@type\":\"ReadAction\",\"target\":[\"https:\\\/\\\/www.martel.ch\\\/cms\\\/weinwissen\\\/die-farbe-des-jahres-rose\\\/\"]}]},{\"@type\":\"ImageObject\",\"inLanguage\":\"de-CH\",\"@id\":\"https:\\\/\\\/www.martel.ch\\\/cms\\\/weinwissen\\\/die-farbe-des-jahres-rose\\\/#primaryimage\",\"url\":\"https:\\\/\\\/www.martel.ch\\\/cms\\\/wp-content\\\/uploads\\\/2024\\\/03\\\/Rose.jpg\",\"contentUrl\":\"https:\\\/\\\/www.martel.ch\\\/cms\\\/wp-content\\\/uploads\\\/2024\\\/03\\\/Rose.jpg\",\"width\":2000,\"height\":1333,\"caption\":\"Im Fokus Ros\u00e9\"},{\"@type\":\"BreadcrumbList\",\"@id\":\"https:\\\/\\\/www.martel.ch\\\/cms\\\/weinwissen\\\/die-farbe-des-jahres-rose\\\/#breadcrumb\",\"itemListElement\":[{\"@type\":\"ListItem\",\"position\":1,\"name\":\"Startseite\",\"item\":\"https:\\\/\\\/www.martel.ch\\\/cms\\\/\"},{\"@type\":\"ListItem\",\"position\":2,\"name\":\"Weinwissen\",\"item\":\"https:\\\/\\\/www.martel.ch\\\/cms\\\/weinwissen\\\/\"},{\"@type\":\"ListItem\",\"position\":3,\"name\":\"Die Farbe des Jahres: Ros\u00e9\"}]},{\"@type\":\"WebSite\",\"@id\":\"https:\\\/\\\/www.martel.ch\\\/cms\\\/#website\",\"url\":\"https:\\\/\\\/www.martel.ch\\\/cms\\\/\",\"name\":\"Martel\",\"description\":\"F\u00fcr Weinbegeisterte und die, die es werden m\u00f6chten.\",\"publisher\":{\"@id\":\"https:\\\/\\\/www.martel.ch\\\/cms\\\/#organization\"},\"potentialAction\":[{\"@type\":\"SearchAction\",\"target\":{\"@type\":\"EntryPoint\",\"urlTemplate\":\"https:\\\/\\\/www.martel.ch\\\/cms\\\/?s={search_term_string}\"},\"query-input\":{\"@type\":\"PropertyValueSpecification\",\"valueRequired\":true,\"valueName\":\"search_term_string\"}}],\"inLanguage\":\"de-CH\"},{\"@type\":\"Organization\",\"@id\":\"https:\\\/\\\/www.martel.ch\\\/cms\\\/#organization\",\"name\":\"Martel AG St.Gallen\",\"url\":\"https:\\\/\\\/www.martel.ch\\\/cms\\\/\",\"logo\":{\"@type\":\"ImageObject\",\"inLanguage\":\"de-CH\",\"@id\":\"https:\\\/\\\/www.martel.ch\\\/cms\\\/#\\\/schema\\\/logo\\\/image\\\/\",\"url\":\"https:\\\/\\\/www.martel.ch\\\/cms\\\/wp-content\\\/uploads\\\/2019\\\/02\\\/martel-logo.png\",\"contentUrl\":\"https:\\\/\\\/www.martel.ch\\\/cms\\\/wp-content\\\/uploads\\\/2019\\\/02\\\/martel-logo.png\",\"width\":600,\"height\":600,\"caption\":\"Martel AG St.Gallen\"},\"image\":{\"@id\":\"https:\\\/\\\/www.martel.ch\\\/cms\\\/#\\\/schema\\\/logo\\\/image\\\/\"},\"sameAs\":[\"https:\\\/\\\/www.facebook.com\\\/pages\\\/Martel-AG-St-Gallen\\\/233396026691876\",\"https:\\\/\\\/x.com\\\/martel_weinwelt\",\"https:\\\/\\\/www.instagram.com\\\/martel_weinwelt\\\/\",\"https:\\\/\\\/www.linkedin.com\\\/company\\\/martel-ag-st-gallen\",\"https:\\\/\\\/www.pinterest.ch\\\/martel_weinwelt\"]}]}<\/script>\n<!-- \/ Yoast SEO plugin. -->","yoast_head_json":{"title":"Die Farbe des Jahres: Ros\u00e9","description":"Gute Ros\u00e9-Weine bringen nicht nur Farbe ins Leben, sondern schmecken auch hervorragend: frisch, elegant und ausgewogen. Ros\u00e9 2024.","robots":{"index":"index","follow":"follow","max-snippet":"max-snippet:-1","max-image-preview":"max-image-preview:large","max-video-preview":"max-video-preview:-1"},"canonical":"https:\/\/www.martel.ch\/cms\/weinwissen\/die-farbe-des-jahres-rose\/","og_locale":"de_DE","og_type":"article","og_title":"Die Farbe des Jahres: Ros\u00e9","og_description":"Gute Ros\u00e9-Weine bringen nicht nur Farbe ins Leben, sondern schmecken auch hervorragend: frisch, elegant und ausgewogen. Ros\u00e9 2024.","og_url":"https:\/\/www.martel.ch\/cms\/weinwissen\/die-farbe-des-jahres-rose\/","og_site_name":"Martel","article_publisher":"https:\/\/www.facebook.com\/pages\/Martel-AG-St-Gallen\/233396026691876","article_modified_time":"2025-07-23T13:08:02+00:00","og_image":[{"width":2000,"height":1333,"url":"https:\/\/www.martel.ch\/cms\/wp-content\/uploads\/2024\/03\/Rose.jpg","type":"image\/jpeg"}],"twitter_card":"summary_large_image","twitter_site":"@martel_weinwelt","twitter_misc":{"Written by":"Martel Marketing"},"schema":{"@context":"https:\/\/schema.org","@graph":[{"@type":"WebPage","@id":"https:\/\/www.martel.ch\/cms\/weinwissen\/die-farbe-des-jahres-rose\/","url":"https:\/\/www.martel.ch\/cms\/weinwissen\/die-farbe-des-jahres-rose\/","name":"Die Farbe des Jahres: Ros\u00e9","isPartOf":{"@id":"https:\/\/www.martel.ch\/cms\/#website"},"primaryImageOfPage":{"@id":"https:\/\/www.martel.ch\/cms\/weinwissen\/die-farbe-des-jahres-rose\/#primaryimage"},"image":{"@id":"https:\/\/www.martel.ch\/cms\/weinwissen\/die-farbe-des-jahres-rose\/#primaryimage"},"thumbnailUrl":"https:\/\/www.martel.ch\/cms\/wp-content\/uploads\/2024\/03\/Rose.jpg","datePublished":"2024-04-02T08:09:32+00:00","dateModified":"2025-07-23T13:08:02+00:00","description":"Gute Ros\u00e9-Weine bringen nicht nur Farbe ins Leben, sondern schmecken auch hervorragend: frisch, elegant und ausgewogen. Ros\u00e9 2024.","breadcrumb":{"@id":"https:\/\/www.martel.ch\/cms\/weinwissen\/die-farbe-des-jahres-rose\/#breadcrumb"},"inLanguage":"de-CH","potentialAction":[{"@type":"ReadAction","target":["https:\/\/www.martel.ch\/cms\/weinwissen\/die-farbe-des-jahres-rose\/"]}]},{"@type":"ImageObject","inLanguage":"de-CH","@id":"https:\/\/www.martel.ch\/cms\/weinwissen\/die-farbe-des-jahres-rose\/#primaryimage","url":"https:\/\/www.martel.ch\/cms\/wp-content\/uploads\/2024\/03\/Rose.jpg","contentUrl":"https:\/\/www.martel.ch\/cms\/wp-content\/uploads\/2024\/03\/Rose.jpg","width":2000,"height":1333,"caption":"Im Fokus Ros\u00e9"},{"@type":"BreadcrumbList","@id":"https:\/\/www.martel.ch\/cms\/weinwissen\/die-farbe-des-jahres-rose\/#breadcrumb","itemListElement":[{"@type":"ListItem","position":1,"name":"Startseite","item":"https:\/\/www.martel.ch\/cms\/"},{"@type":"ListItem","position":2,"name":"Weinwissen","item":"https:\/\/www.martel.ch\/cms\/weinwissen\/"},{"@type":"ListItem","position":3,"name":"Die Farbe des Jahres: Ros\u00e9"}]},{"@type":"WebSite","@id":"https:\/\/www.martel.ch\/cms\/#website","url":"https:\/\/www.martel.ch\/cms\/","name":"Martel","description":"F\u00fcr Weinbegeisterte und die, die es werden m\u00f6chten.","publisher":{"@id":"https:\/\/www.martel.ch\/cms\/#organization"},"potentialAction":[{"@type":"SearchAction","target":{"@type":"EntryPoint","urlTemplate":"https:\/\/www.martel.ch\/cms\/?s={search_term_string}"},"query-input":{"@type":"PropertyValueSpecification","valueRequired":true,"valueName":"search_term_string"}}],"inLanguage":"de-CH"},{"@type":"Organization","@id":"https:\/\/www.martel.ch\/cms\/#organization","name":"Martel AG St.Gallen","url":"https:\/\/www.martel.ch\/cms\/","logo":{"@type":"ImageObject","inLanguage":"de-CH","@id":"https:\/\/www.martel.ch\/cms\/#\/schema\/logo\/image\/","url":"https:\/\/www.martel.ch\/cms\/wp-content\/uploads\/2019\/02\/martel-logo.png","contentUrl":"https:\/\/www.martel.ch\/cms\/wp-content\/uploads\/2019\/02\/martel-logo.png","width":600,"height":600,"caption":"Martel AG St.Gallen"},"image":{"@id":"https:\/\/www.martel.ch\/cms\/#\/schema\/logo\/image\/"},"sameAs":["https:\/\/www.facebook.com\/pages\/Martel-AG-St-Gallen\/233396026691876","https:\/\/x.com\/martel_weinwelt","https:\/\/www.instagram.com\/martel_weinwelt\/","https:\/\/www.linkedin.com\/company\/martel-ag-st-gallen","https:\/\/www.pinterest.ch\/martel_weinwelt"]}]}},"_links":{"self":[{"href":"https:\/\/www.martel.ch\/cms\/wp-json\/wp\/v2\/pages\/23410","targetHints":{"allow":["GET"]}}],"collection":[{"href":"https:\/\/www.martel.ch\/cms\/wp-json\/wp\/v2\/pages"}],"about":[{"href":"https:\/\/www.martel.ch\/cms\/wp-json\/wp\/v2\/types\/page"}],"author":[{"embeddable":true,"href":"https:\/\/www.martel.ch\/cms\/wp-json\/wp\/v2\/users\/52"}],"replies":[{"embeddable":true,"href":"https:\/\/www.martel.ch\/cms\/wp-json\/wp\/v2\/comments?post=23410"}],"version-history":[{"count":10,"href":"https:\/\/www.martel.ch\/cms\/wp-json\/wp\/v2\/pages\/23410\/revisions"}],"predecessor-version":[{"id":30423,"href":"https:\/\/www.martel.ch\/cms\/wp-json\/wp\/v2\/pages\/23410\/revisions\/30423"}],"up":[{"embeddable":true,"href":"https:\/\/www.martel.ch\/cms\/wp-json\/wp\/v2\/pages\/6709"}],"wp:featuredmedia":[{"embeddable":true,"href":"https:\/\/www.martel.ch\/cms\/wp-json\/wp\/v2\/media\/23414"}],"wp:attachment":[{"href":"https:\/\/www.martel.ch\/cms\/wp-json\/wp\/v2\/media?parent=23410"}],"wp:term":[{"taxonomy":"category","embeddable":true,"href":"https:\/\/www.martel.ch\/cms\/wp-json\/wp\/v2\/categories?post=23410"},{"taxonomy":"author","embeddable":true,"href":"https:\/\/www.martel.ch\/cms\/wp-json\/wp\/v2\/coauthors?post=23410"}],"curies":[{"name":"wp","href":"https:\/\/api.w.org\/{rel}","templated":true}]}}