{"id":25361,"date":"2024-05-28T13:58:00","date_gmt":"2024-05-28T11:58:00","guid":{"rendered":"https:\/\/www.martel.ch\/cms\/?page_id=25361"},"modified":"2024-09-23T15:56:37","modified_gmt":"2024-09-23T13:56:37","slug":"die-besten-martel-stories-2024","status":"publish","type":"page","link":"https:\/\/www.martel.ch\/cms\/events\/die-besten-martel-stories-2024\/","title":{"rendered":"Die besten Martel-Stories 2024"},"content":{"rendered":"","protected":false},"excerpt":{"rendered":"","protected":false},"author":1,"featured_media":19004,"parent":6365,"menu_order":1,"comment_status":"closed","ping_status":"closed","template":"","meta":{"_acf_changed":false,"inline_featured_image":false,"footnotes":""},"categories":[],"coauthors":[497],"class_list":["post-25361","page","type-page","status-publish","has-post-thumbnail","hentry"],"acf":{"inhaltselemente":[{"acf_fc_layout":"header","header_titel":"Ferien-Lekt\u00fcre","header_typ":"1","header_fake":false,"header_subtitle":"","header_alignment":"left"},{"acf_fc_layout":"einspalter_text","einspalter_text_titel":"","einspalter_text_titel_typ":"2","einspalter_text_titel_fake":false,"einspalter_text_subtitle":"","einspalter_text_content":"Wir sind dem Geheimnis des Rieslings auf der Spur oder begeistern uns f\u00fcr die Vielfalt der B\u00f6den im Bordeaux. Das ganze Jahr \u00fcber reisen wir in der Welt des Weins umher, sehen Sch\u00f6nes und Spannendes und entdecken Neues.\r\n\r\nDas sorgt f\u00fcr Geschichten, die wir gerne mit Ihnen teilen.\r\n\r\nJetzt im Sommer pr\u00e4sentieren wir Ihnen unsere f\u00fcnf besten Stories zusammen mit \u00fcber 30 coolen Sommerweinen.\r\n\r\nMit passender Ferien-Lekt\u00fcre und gutem Wein steht dem Sommergl\u00fcck nichts mehr im Wege.","einspalter_bgcolor":false,"einspalter_layout_lines_top_bottom":false,"einspalter_collapse":false},{"acf_fc_layout":"image_image_text","image_image_text_titel_left":"Dem Geheimnis des Rieslings auf der Spur ","image_image_text_titel_typ_left":"2","image_image_text_titel_fake_left":false,"image_image_text_link_left":{"title":"","url":"https:\/\/www.martel.ch\/cms\/2024\/01\/03\/dem-geheimnis-des-rieslings-auf-der-spur\/","target":""},"image_image_text_link_left_area":false,"image_image_text_bild_left":21937,"image_image_text_content_left":"Wer ein Gruppenfoto macht und alle auffordert, gemeinsam \u00abRiiiiiesling\u00bb zu rufen, wird mit lachenden und strahlenden Gesichtern belohnt. Was ist das Geheimnis des Rieslings? Wir wollen es wissen und gehen der Frage auf einer Reise durch die deutschen Weinanbaugebiete Mosel und Rheingau auf den Grund.","image_image_text_video_left":"","image_image_text_teaser_left":{"image_image_text_teaser_left_titel":"","image_image_text_teaser_left_titel_typ":"2","image_image_text_teaser_left_titel_fake":false,"image_image_text_teaser_left_link":""},"image_image_text_icon_left":"","image_image_text_icon_bg_left":"martel-rot","image_image_text_titel_right":"Wein-Hotspots","image_image_text_titel_typ_right":"2","image_image_text_titel_fake_right":false,"image_image_text_link_right":{"title":"","url":"https:\/\/www.martel.ch\/cms\/2023\/08\/28\/insider-tipps-aus-den-wein-hotspots\/","target":""},"image_image_text_link_right_area":false,"image_image_text_bild_right":19783,"image_image_text_content_right":"Insider-Tipps. Entdecken Sie mit Martel die Hotspots der Weinwelt. Begleiten Sie uns auf einer Weintour vom Wallis \u00fcber angesagte europ\u00e4ische Gegenden bis hin nach Kalifornien, Argentinien und Australien. Diese Weine gilt es frisch zu entdecken. Als \u00dcberraschung stellen wir aufstrebende Weinregionen aus Osteuropa vor. So lernen Sie neue, faszinierende Weine und Geschichten kennen.","image_image_text_video_right":"","image_image_text_teaser_right":{"image_image_text_teaser_right_titel":"","image_image_text_teaser_right_titel_typ":"2","image_image_text_teaser_right_titel_fake":false,"image_image_text_teaser_right_link":""},"image_image_text_icon_right":"","image_image_text_icon_bg_right":"martel-rot","image_image_text_offset":true,"image_image_text_bgcolor":false},{"acf_fc_layout":"image_image_text","image_image_text_titel_left":"Alles fliesst \u2013 authentische Architektur f\u00fcr Weing\u00fcter","image_image_text_titel_typ_left":"2","image_image_text_titel_fake_left":false,"image_image_text_link_left":{"title":"","url":"https:\/\/www.martel.ch\/cms\/2023\/09\/04\/alles-fliesst-authentische-architektur-fuer-weingueter\/","target":""},"image_image_text_link_left_area":false,"image_image_text_bild_left":19936,"image_image_text_content_left":"Wein und Architektur k\u00f6nnen sich gegenseitig anziehen und befruchten. Das zeigt unsere Reportage aus der B\u00fcndner Herrschaft. Mit dem Architekten Daniel Ladner besuchen wir die Weing\u00fcter Obrecht in Jenins und Gantenbein in Fl\u00e4sch und sind tief beeindruckt.","image_image_text_video_left":"","image_image_text_teaser_left":{"image_image_text_teaser_left_titel":"","image_image_text_teaser_left_titel_typ":"2","image_image_text_teaser_left_titel_fake":false,"image_image_text_teaser_left_link":""},"image_image_text_icon_left":"","image_image_text_icon_bg_left":"martel-rot","image_image_text_titel_right":"Bordeaux-B\u00f6den: Alles Gute kommt von unten","image_image_text_titel_typ_right":"2","image_image_text_titel_fake_right":false,"image_image_text_link_right":{"title":"","url":"https:\/\/www.martel.ch\/cms\/2024\/04\/30\/bordeaux-boeden-alles-gute-kommt-von-unten\/","target":""},"image_image_text_link_right_area":false,"image_image_text_bild_right":23593,"image_image_text_content_right":"Alles Gute kommt von unten. Im Bordeaux l\u00e4sst sich der Einfluss des Bodens auf den Wein besonders gut erkennen. Dies, weil sich andere Faktoren wie das Wetter oder die Steigung des Weinbergs im Bordelais relativ wenig unterscheiden. So zeigt sich: Die B\u00f6den tragen einen wichtigen Teil zum Ausdruck eines Weines bei. Vorank\u00fcndigung: Erlerntes Bordeaux-Knowhow direkt anwenden? Das geht: Im August startet der Verkauf des Bordeaux-Jahrgangs 2021 (Arrivage 2021) bei uns.","image_image_text_video_right":"","image_image_text_teaser_right":{"image_image_text_teaser_right_titel":"","image_image_text_teaser_right_titel_typ":"2","image_image_text_teaser_right_titel_fake":false,"image_image_text_teaser_right_link":""},"image_image_text_icon_right":"","image_image_text_icon_bg_right":"martel-rot","image_image_text_offset":true,"image_image_text_bgcolor":false},{"acf_fc_layout":"image_image_text","image_image_text_titel_left":"Weinfreunde f\u00fcrs Leben","image_image_text_titel_typ_left":"2","image_image_text_titel_fake_left":false,"image_image_text_link_left":{"title":"","url":"https:\/\/www.martel.ch\/cms\/2024\/04\/15\/weinfreunde-fuers-leben\/","target":""},"image_image_text_link_left_area":false,"image_image_text_bild_left":22729,"image_image_text_content_left":"Freundinnen und Freunde des Weins sind wohl die meisten von uns. Wein und Freundschaft haben erstaunlich viel gemeinsam, weiss Jan Martel aus eigener Erfahrung.","image_image_text_video_left":"","image_image_text_teaser_left":{"image_image_text_teaser_left_titel":"","image_image_text_teaser_left_titel_typ":"2","image_image_text_teaser_left_titel_fake":false,"image_image_text_teaser_left_link":""},"image_image_text_icon_left":"","image_image_text_icon_bg_left":"martel-rot","image_image_text_titel_right":"Sommerweine","image_image_text_titel_typ_right":"2","image_image_text_titel_fake_right":false,"image_image_text_link_right":"","image_image_text_link_right_area":false,"image_image_text_bild_right":25370,"image_image_text_content_right":"Passend zur Wein-Lekt\u00fcre: Geniessen Sie ein Glas aus unserer Sommeraktion, mit \u00fcber 30 Weinen, die mit dem Sommer um die Wette strahlen. Wir bevorzugen in der warmen und heissen Jahreszeit Wein mit Frische und Frucht, so wie wir sie in dieser Aktion anbieten.\r\n\r\n<strong>Diese Aktion ist abgelaufen.<\/strong>","image_image_text_video_right":"","image_image_text_teaser_right":{"image_image_text_teaser_right_titel":"","image_image_text_teaser_right_titel_typ":"2","image_image_text_teaser_right_titel_fake":false,"image_image_text_teaser_right_link":""},"image_image_text_icon_right":"","image_image_text_icon_bg_right":"martel-rot","image_image_text_offset":true,"image_image_text_bgcolor":false},{"acf_fc_layout":"image_image_text","image_image_text_titel_left":"","image_image_text_titel_typ_left":"2","image_image_text_titel_fake_left":false,"image_image_text_link_left":"","image_image_text_link_left_area":false,"image_image_text_bild_left":"","image_image_text_content_left":"<a class=\"btn btn-primary\" href=\"https:\/\/www.martel.ch\/cms\/news-events\/stories\/\">Alle Martel-Stories<\/a>","image_image_text_video_left":"","image_image_text_teaser_left":{"image_image_text_teaser_left_titel":"","image_image_text_teaser_left_titel_typ":"2","image_image_text_teaser_left_titel_fake":false,"image_image_text_teaser_left_link":""},"image_image_text_icon_left":"","image_image_text_icon_bg_left":"martel-rot","image_image_text_titel_right":"","image_image_text_titel_typ_right":"2","image_image_text_titel_fake_right":false,"image_image_text_link_right":"","image_image_text_link_right_area":false,"image_image_text_bild_right":"","image_image_text_content_right":"","image_image_text_video_right":"","image_image_text_teaser_right":{"image_image_text_teaser_right_titel":"","image_image_text_teaser_right_titel_typ":"2","image_image_text_teaser_right_titel_fake":false,"image_image_text_teaser_right_link":""},"image_image_text_icon_right":"","image_image_text_icon_bg_right":"martel-rot","image_image_text_offset":false,"image_image_text_bgcolor":false}]},"yoast_head":"<!-- This site is optimized with the Yoast SEO plugin v27.5 - https:\/\/yoast.com\/product\/yoast-seo-wordpress\/ -->\n<title>Die besten Martel-Stories 2024 | Martel Weine St.Gallen und Z\u00fcrich<\/title>\n<meta name=\"description\" content=\"Wir sind dem Geheimnis des Rieslings auf der Spur oder begeistern uns f\u00fcr die Vielfalt der B\u00f6den im Bordeaux. Unsere besten Stories 2024.\" \/>\n<meta name=\"robots\" content=\"index, follow, max-snippet:-1, max-image-preview:large, max-video-preview:-1\" \/>\n<link rel=\"canonical\" href=\"https:\/\/www.martel.ch\/cms\/events\/die-besten-martel-stories-2024\/\" \/>\n<meta property=\"og:locale\" content=\"de_DE\" \/>\n<meta property=\"og:type\" content=\"article\" \/>\n<meta property=\"og:title\" content=\"Die besten Martel-Stories 2024 | Martel Weine St.Gallen und Z\u00fcrich\" \/>\n<meta property=\"og:description\" content=\"Wir sind dem Geheimnis des Rieslings auf der Spur oder begeistern uns f\u00fcr die Vielfalt der B\u00f6den im Bordeaux. Unsere besten Stories 2024.\" \/>\n<meta property=\"og:url\" content=\"https:\/\/www.martel.ch\/cms\/events\/die-besten-martel-stories-2024\/\" \/>\n<meta property=\"og:site_name\" content=\"Martel\" \/>\n<meta property=\"article:publisher\" content=\"https:\/\/www.facebook.com\/pages\/Martel-AG-St-Gallen\/233396026691876\" \/>\n<meta property=\"article:modified_time\" content=\"2024-09-23T13:56:37+00:00\" \/>\n<meta property=\"og:image\" content=\"https:\/\/www.martel.ch\/cms\/wp-content\/uploads\/2023\/06\/2023_06_Beste_Stories.jpg\" \/>\n\t<meta property=\"og:image:width\" content=\"2000\" \/>\n\t<meta property=\"og:image:height\" content=\"1333\" \/>\n\t<meta property=\"og:image:type\" content=\"image\/jpeg\" \/>\n<meta name=\"twitter:card\" content=\"summary_large_image\" \/>\n<meta name=\"twitter:site\" content=\"@martel_weinwelt\" \/>\n<meta name=\"twitter:label1\" content=\"Written by\" \/>\n\t<meta name=\"twitter:data1\" content=\"Martel Weinwelt\" \/>\n<script type=\"application\/ld+json\" class=\"yoast-schema-graph\">{\"@context\":\"https:\\\/\\\/schema.org\",\"@graph\":[{\"@type\":\"WebPage\",\"@id\":\"https:\\\/\\\/www.martel.ch\\\/cms\\\/events\\\/die-besten-martel-stories-2024\\\/\",\"url\":\"https:\\\/\\\/www.martel.ch\\\/cms\\\/events\\\/die-besten-martel-stories-2024\\\/\",\"name\":\"Die besten Martel-Stories 2024 | Martel Weine St.Gallen und Z\u00fcrich\",\"isPartOf\":{\"@id\":\"https:\\\/\\\/www.martel.ch\\\/cms\\\/#website\"},\"primaryImageOfPage\":{\"@id\":\"https:\\\/\\\/www.martel.ch\\\/cms\\\/events\\\/die-besten-martel-stories-2024\\\/#primaryimage\"},\"image\":{\"@id\":\"https:\\\/\\\/www.martel.ch\\\/cms\\\/events\\\/die-besten-martel-stories-2024\\\/#primaryimage\"},\"thumbnailUrl\":\"https:\\\/\\\/www.martel.ch\\\/cms\\\/wp-content\\\/uploads\\\/2023\\\/06\\\/2023_06_Beste_Stories.jpg\",\"datePublished\":\"2024-05-28T11:58:00+00:00\",\"dateModified\":\"2024-09-23T13:56:37+00:00\",\"description\":\"Wir sind dem Geheimnis des Rieslings auf der Spur oder begeistern uns f\u00fcr die Vielfalt der B\u00f6den im Bordeaux. Unsere besten Stories 2024.\",\"breadcrumb\":{\"@id\":\"https:\\\/\\\/www.martel.ch\\\/cms\\\/events\\\/die-besten-martel-stories-2024\\\/#breadcrumb\"},\"inLanguage\":\"de-CH\",\"potentialAction\":[{\"@type\":\"ReadAction\",\"target\":[\"https:\\\/\\\/www.martel.ch\\\/cms\\\/events\\\/die-besten-martel-stories-2024\\\/\"]}]},{\"@type\":\"ImageObject\",\"inLanguage\":\"de-CH\",\"@id\":\"https:\\\/\\\/www.martel.ch\\\/cms\\\/events\\\/die-besten-martel-stories-2024\\\/#primaryimage\",\"url\":\"https:\\\/\\\/www.martel.ch\\\/cms\\\/wp-content\\\/uploads\\\/2023\\\/06\\\/2023_06_Beste_Stories.jpg\",\"contentUrl\":\"https:\\\/\\\/www.martel.ch\\\/cms\\\/wp-content\\\/uploads\\\/2023\\\/06\\\/2023_06_Beste_Stories.jpg\",\"width\":2000,\"height\":1333,\"caption\":\"Beste Stories\"},{\"@type\":\"BreadcrumbList\",\"@id\":\"https:\\\/\\\/www.martel.ch\\\/cms\\\/events\\\/die-besten-martel-stories-2024\\\/#breadcrumb\",\"itemListElement\":[{\"@type\":\"ListItem\",\"position\":1,\"name\":\"Startseite\",\"item\":\"https:\\\/\\\/www.martel.ch\\\/cms\\\/\"},{\"@type\":\"ListItem\",\"position\":2,\"name\":\"Events\",\"item\":\"https:\\\/\\\/www.martel.ch\\\/cms\\\/events\\\/\"},{\"@type\":\"ListItem\",\"position\":3,\"name\":\"Die besten Martel-Stories 2024\"}]},{\"@type\":\"WebSite\",\"@id\":\"https:\\\/\\\/www.martel.ch\\\/cms\\\/#website\",\"url\":\"https:\\\/\\\/www.martel.ch\\\/cms\\\/\",\"name\":\"Martel\",\"description\":\"F\u00fcr Weinbegeisterte und die, die es werden m\u00f6chten.\",\"publisher\":{\"@id\":\"https:\\\/\\\/www.martel.ch\\\/cms\\\/#organization\"},\"potentialAction\":[{\"@type\":\"SearchAction\",\"target\":{\"@type\":\"EntryPoint\",\"urlTemplate\":\"https:\\\/\\\/www.martel.ch\\\/cms\\\/?s={search_term_string}\"},\"query-input\":{\"@type\":\"PropertyValueSpecification\",\"valueRequired\":true,\"valueName\":\"search_term_string\"}}],\"inLanguage\":\"de-CH\"},{\"@type\":\"Organization\",\"@id\":\"https:\\\/\\\/www.martel.ch\\\/cms\\\/#organization\",\"name\":\"Martel AG St.Gallen\",\"url\":\"https:\\\/\\\/www.martel.ch\\\/cms\\\/\",\"logo\":{\"@type\":\"ImageObject\",\"inLanguage\":\"de-CH\",\"@id\":\"https:\\\/\\\/www.martel.ch\\\/cms\\\/#\\\/schema\\\/logo\\\/image\\\/\",\"url\":\"https:\\\/\\\/www.martel.ch\\\/cms\\\/wp-content\\\/uploads\\\/2019\\\/02\\\/martel-logo.png\",\"contentUrl\":\"https:\\\/\\\/www.martel.ch\\\/cms\\\/wp-content\\\/uploads\\\/2019\\\/02\\\/martel-logo.png\",\"width\":600,\"height\":600,\"caption\":\"Martel AG St.Gallen\"},\"image\":{\"@id\":\"https:\\\/\\\/www.martel.ch\\\/cms\\\/#\\\/schema\\\/logo\\\/image\\\/\"},\"sameAs\":[\"https:\\\/\\\/www.facebook.com\\\/pages\\\/Martel-AG-St-Gallen\\\/233396026691876\",\"https:\\\/\\\/x.com\\\/martel_weinwelt\",\"https:\\\/\\\/www.instagram.com\\\/martel_weinwelt\\\/\",\"https:\\\/\\\/www.linkedin.com\\\/company\\\/martel-ag-st-gallen\",\"https:\\\/\\\/www.pinterest.ch\\\/martel_weinwelt\"]}]}<\/script>\n<!-- \/ Yoast SEO plugin. -->","yoast_head_json":{"title":"Die besten Martel-Stories 2024 | Martel Weine St.Gallen und Z\u00fcrich","description":"Wir sind dem Geheimnis des Rieslings auf der Spur oder begeistern uns f\u00fcr die Vielfalt der B\u00f6den im Bordeaux. Unsere besten Stories 2024.","robots":{"index":"index","follow":"follow","max-snippet":"max-snippet:-1","max-image-preview":"max-image-preview:large","max-video-preview":"max-video-preview:-1"},"canonical":"https:\/\/www.martel.ch\/cms\/events\/die-besten-martel-stories-2024\/","og_locale":"de_DE","og_type":"article","og_title":"Die besten Martel-Stories 2024 | Martel Weine St.Gallen und Z\u00fcrich","og_description":"Wir sind dem Geheimnis des Rieslings auf der Spur oder begeistern uns f\u00fcr die Vielfalt der B\u00f6den im Bordeaux. Unsere besten Stories 2024.","og_url":"https:\/\/www.martel.ch\/cms\/events\/die-besten-martel-stories-2024\/","og_site_name":"Martel","article_publisher":"https:\/\/www.facebook.com\/pages\/Martel-AG-St-Gallen\/233396026691876","article_modified_time":"2024-09-23T13:56:37+00:00","og_image":[{"width":2000,"height":1333,"url":"https:\/\/www.martel.ch\/cms\/wp-content\/uploads\/2023\/06\/2023_06_Beste_Stories.jpg","type":"image\/jpeg"}],"twitter_card":"summary_large_image","twitter_site":"@martel_weinwelt","twitter_misc":{"Written by":"Martel Weinwelt"},"schema":{"@context":"https:\/\/schema.org","@graph":[{"@type":"WebPage","@id":"https:\/\/www.martel.ch\/cms\/events\/die-besten-martel-stories-2024\/","url":"https:\/\/www.martel.ch\/cms\/events\/die-besten-martel-stories-2024\/","name":"Die besten Martel-Stories 2024 | Martel Weine St.Gallen und Z\u00fcrich","isPartOf":{"@id":"https:\/\/www.martel.ch\/cms\/#website"},"primaryImageOfPage":{"@id":"https:\/\/www.martel.ch\/cms\/events\/die-besten-martel-stories-2024\/#primaryimage"},"image":{"@id":"https:\/\/www.martel.ch\/cms\/events\/die-besten-martel-stories-2024\/#primaryimage"},"thumbnailUrl":"https:\/\/www.martel.ch\/cms\/wp-content\/uploads\/2023\/06\/2023_06_Beste_Stories.jpg","datePublished":"2024-05-28T11:58:00+00:00","dateModified":"2024-09-23T13:56:37+00:00","description":"Wir sind dem Geheimnis des Rieslings auf der Spur oder begeistern uns f\u00fcr die Vielfalt der B\u00f6den im Bordeaux. Unsere besten Stories 2024.","breadcrumb":{"@id":"https:\/\/www.martel.ch\/cms\/events\/die-besten-martel-stories-2024\/#breadcrumb"},"inLanguage":"de-CH","potentialAction":[{"@type":"ReadAction","target":["https:\/\/www.martel.ch\/cms\/events\/die-besten-martel-stories-2024\/"]}]},{"@type":"ImageObject","inLanguage":"de-CH","@id":"https:\/\/www.martel.ch\/cms\/events\/die-besten-martel-stories-2024\/#primaryimage","url":"https:\/\/www.martel.ch\/cms\/wp-content\/uploads\/2023\/06\/2023_06_Beste_Stories.jpg","contentUrl":"https:\/\/www.martel.ch\/cms\/wp-content\/uploads\/2023\/06\/2023_06_Beste_Stories.jpg","width":2000,"height":1333,"caption":"Beste Stories"},{"@type":"BreadcrumbList","@id":"https:\/\/www.martel.ch\/cms\/events\/die-besten-martel-stories-2024\/#breadcrumb","itemListElement":[{"@type":"ListItem","position":1,"name":"Startseite","item":"https:\/\/www.martel.ch\/cms\/"},{"@type":"ListItem","position":2,"name":"Events","item":"https:\/\/www.martel.ch\/cms\/events\/"},{"@type":"ListItem","position":3,"name":"Die besten Martel-Stories 2024"}]},{"@type":"WebSite","@id":"https:\/\/www.martel.ch\/cms\/#website","url":"https:\/\/www.martel.ch\/cms\/","name":"Martel","description":"F\u00fcr Weinbegeisterte und die, die es werden m\u00f6chten.","publisher":{"@id":"https:\/\/www.martel.ch\/cms\/#organization"},"potentialAction":[{"@type":"SearchAction","target":{"@type":"EntryPoint","urlTemplate":"https:\/\/www.martel.ch\/cms\/?s={search_term_string}"},"query-input":{"@type":"PropertyValueSpecification","valueRequired":true,"valueName":"search_term_string"}}],"inLanguage":"de-CH"},{"@type":"Organization","@id":"https:\/\/www.martel.ch\/cms\/#organization","name":"Martel AG St.Gallen","url":"https:\/\/www.martel.ch\/cms\/","logo":{"@type":"ImageObject","inLanguage":"de-CH","@id":"https:\/\/www.martel.ch\/cms\/#\/schema\/logo\/image\/","url":"https:\/\/www.martel.ch\/cms\/wp-content\/uploads\/2019\/02\/martel-logo.png","contentUrl":"https:\/\/www.martel.ch\/cms\/wp-content\/uploads\/2019\/02\/martel-logo.png","width":600,"height":600,"caption":"Martel AG St.Gallen"},"image":{"@id":"https:\/\/www.martel.ch\/cms\/#\/schema\/logo\/image\/"},"sameAs":["https:\/\/www.facebook.com\/pages\/Martel-AG-St-Gallen\/233396026691876","https:\/\/x.com\/martel_weinwelt","https:\/\/www.instagram.com\/martel_weinwelt\/","https:\/\/www.linkedin.com\/company\/martel-ag-st-gallen","https:\/\/www.pinterest.ch\/martel_weinwelt"]}]}},"_links":{"self":[{"href":"https:\/\/www.martel.ch\/cms\/wp-json\/wp\/v2\/pages\/25361","targetHints":{"allow":["GET"]}}],"collection":[{"href":"https:\/\/www.martel.ch\/cms\/wp-json\/wp\/v2\/pages"}],"about":[{"href":"https:\/\/www.martel.ch\/cms\/wp-json\/wp\/v2\/types\/page"}],"author":[{"embeddable":true,"href":"https:\/\/www.martel.ch\/cms\/wp-json\/wp\/v2\/users\/1"}],"replies":[{"embeddable":true,"href":"https:\/\/www.martel.ch\/cms\/wp-json\/wp\/v2\/comments?post=25361"}],"version-history":[{"count":9,"href":"https:\/\/www.martel.ch\/cms\/wp-json\/wp\/v2\/pages\/25361\/revisions"}],"predecessor-version":[{"id":26420,"href":"https:\/\/www.martel.ch\/cms\/wp-json\/wp\/v2\/pages\/25361\/revisions\/26420"}],"up":[{"embeddable":true,"href":"https:\/\/www.martel.ch\/cms\/wp-json\/wp\/v2\/pages\/6365"}],"wp:featuredmedia":[{"embeddable":true,"href":"https:\/\/www.martel.ch\/cms\/wp-json\/wp\/v2\/media\/19004"}],"wp:attachment":[{"href":"https:\/\/www.martel.ch\/cms\/wp-json\/wp\/v2\/media?parent=25361"}],"wp:term":[{"taxonomy":"category","embeddable":true,"href":"https:\/\/www.martel.ch\/cms\/wp-json\/wp\/v2\/categories?post=25361"},{"taxonomy":"author","embeddable":true,"href":"https:\/\/www.martel.ch\/cms\/wp-json\/wp\/v2\/coauthors?post=25361"}],"curies":[{"name":"wp","href":"https:\/\/api.w.org\/{rel}","templated":true}]}}