{"id":26549,"date":"2024-09-25T11:48:21","date_gmt":"2024-09-25T09:48:21","guid":{"rendered":"https:\/\/www.martel.ch\/cms\/?page_id=26549"},"modified":"2024-11-04T09:27:56","modified_gmt":"2024-11-04T08:27:56","slug":"martel-piemont-tipps","status":"publish","type":"page","link":"https:\/\/www.martel.ch\/cms\/weinwissen\/unser-piemont\/martel-piemont-tipps\/","title":{"rendered":"Martel Piemont-Tipps"},"content":{"rendered":"","protected":false},"excerpt":{"rendered":"","protected":false},"author":52,"featured_media":26635,"parent":26520,"menu_order":0,"comment_status":"closed","ping_status":"closed","template":"","meta":{"_acf_changed":false,"inline_featured_image":false,"footnotes":""},"categories":[],"coauthors":[539],"class_list":["post-26549","page","type-page","status-publish","has-post-thumbnail","hentry"],"acf":{"inhaltselemente":[{"acf_fc_layout":"einspalter_text","einspalter_text_titel":"Unser Piemont","einspalter_text_titel_typ":"1","einspalter_text_titel_fake":false,"einspalter_text_subtitle":"","einspalter_text_content":"<strong>Essen und Trinken mit Herz. Gerne empfehlen wir Orte im Piemont, die einen Besuch wert sind. <\/strong>","einspalter_bgcolor":false,"einspalter_layout_lines_top_bottom":false,"einspalter_collapse":false},{"acf_fc_layout":"image_text","image_text_titel":"Osteria More e Macine, La Morra ","image_text_titel_typ":"2","image_text_titel_fake":false,"image_text_link":"","image_text_link_area":false,"image_text_content":"Diese Osteria im Barolodorf La Morra ist Lebensfreude pur. Unkompliziert. Frisch. Jung. Kleine Karte mit einem guten Angebot zeitgen\u00f6ssischer piemontesischer K\u00fcche. Spannendes Weinangebot. Neben regionalen Highlights entdecken Weinfans auch internationale Spitzenweine, zum Beispiel Riesling aus Deutschland zu mehr als fairen Preisen. La vita \u00e8 bella.\r\n\r\nKeine Website\r\nvia XX settembre 18, La Morra, Italien\r\n+39 0173 500395\r\nmoremacine@gmail.com","image_text_bild":26632,"image_text_video":"","image_text_position_bild":"left","image_text_bgcolor":false},{"acf_fc_layout":"image_text","image_text_titel":"Weinbar 20.20, Acqui Terme","image_text_titel_typ":"2","image_text_titel_fake":false,"image_text_link":{"title":"Mehr dazu","url":"https:\/\/20punto20.it","target":""},"image_text_link_area":false,"image_text_content":"Im h\u00fcbschen Kurort Acqui Terme in der Provinz Alessandria erleben wir in der Weinbar 20.20 (sprich: venti punto venti) am Corso Dante ein kleines Weinwunder. Vor kurzer Zeit hat hier eine Champagneria Enoteca er\u00f6ffnet, die es in sich hat. Klein, aber fein. Unpr\u00e4tenti\u00f6s im Auftritt, aber buchst\u00e4blich vollgestopft mit den besten Weinen Italiens. Auch Frankreich ist mit Burgundern und einer sch\u00f6nen Champagnerauswahl im Offenausschank bestens vertreten.","image_text_bild":26466,"image_text_video":"","image_text_position_bild":"left","image_text_bgcolor":false},{"acf_fc_layout":"image_text","image_text_titel":"Ristorante Belbo da Bardon, San Marzano Olivieto ","image_text_titel_typ":"2","image_text_titel_fake":false,"image_text_link":"","image_text_link_area":false,"image_text_content":"Kein Aufenthalt im Piemont ohne Essen im Ristorante Belbo da Bardon, sagt sich Martel-Mitarbeiter J\u00fcrg Aegerter. Hier hat er einige Wochen am Herd geholfen und viel \u00fcber die piemontesische K\u00fcche gelernt. Das Essen im klassischen Familienbetrieb bei Canelli im s\u00fcdlichen Monferrato bleibt auch mit Michelin-Stern traditionell und herzhaft. Die Weinkarte \u00fcbertrifft alles. Von der Barbera-Empfehlung aus der Region bis zu gereiften Rarit\u00e4ten aus dem Piemont und der Welt.\r\n\r\nKeine Website\r\nVia Valle Asinari 25\r\n14050 San Marzano Olivieto\r\n+39 0141 831340","image_text_bild":26460,"image_text_video":"","image_text_position_bild":"left","image_text_bgcolor":false},{"acf_fc_layout":"einspalter_text","einspalter_text_titel":"","einspalter_text_titel_typ":"2","einspalter_text_titel_fake":false,"einspalter_text_subtitle":"","einspalter_text_content":"<a class=\"btn btn-arrow\" href=\"https:\/\/www.martel.ch\/cms\/weinwissen\/unser-piemont\/\">Martel Piemont-Welt<\/a>","einspalter_bgcolor":false,"einspalter_layout_lines_top_bottom":false,"einspalter_collapse":false}]},"yoast_head":"<!-- This site is optimized with the Yoast SEO plugin v27.4 - https:\/\/yoast.com\/product\/yoast-seo-wordpress\/ -->\n<title>Martel Piemont-Tipps | Martel Weine St.Gallen und Z\u00fcrich<\/title>\n<meta name=\"description\" content=\"Martel Piemont-Tipps - Essen und Trinken mit Herz. Gerne empfehlen wir Orte im Piemont, die einen Besuch wert sind.\" \/>\n<meta name=\"robots\" content=\"noindex, nofollow\" \/>\n<meta property=\"og:locale\" content=\"de_DE\" \/>\n<meta property=\"og:type\" content=\"article\" \/>\n<meta property=\"og:title\" content=\"Martel Piemont-Tipps | Martel Weine St.Gallen und Z\u00fcrich\" \/>\n<meta property=\"og:description\" content=\"Martel Piemont-Tipps - Essen und Trinken mit Herz. Gerne empfehlen wir Orte im Piemont, die einen Besuch wert sind.\" \/>\n<meta property=\"og:url\" content=\"https:\/\/www.martel.ch\/cms\/weinwissen\/unser-piemont\/martel-piemont-tipps\/\" \/>\n<meta property=\"og:site_name\" content=\"Martel\" \/>\n<meta property=\"article:publisher\" content=\"https:\/\/www.facebook.com\/pages\/Martel-AG-St-Gallen\/233396026691876\" \/>\n<meta property=\"article:modified_time\" content=\"2024-11-04T08:27:56+00:00\" \/>\n<meta property=\"og:image\" content=\"https:\/\/www.martel.ch\/cms\/wp-content\/uploads\/2024\/10\/martel-food-piemont-gnocchi.jpg\" \/>\n\t<meta property=\"og:image:width\" content=\"2000\" \/>\n\t<meta property=\"og:image:height\" content=\"1333\" \/>\n\t<meta property=\"og:image:type\" content=\"image\/jpeg\" \/>\n<meta name=\"twitter:card\" content=\"summary_large_image\" \/>\n<meta name=\"twitter:site\" content=\"@martel_weinwelt\" \/>\n<meta name=\"twitter:label1\" content=\"Written by\" \/>\n\t<meta name=\"twitter:data1\" content=\"Martel Marketing\" \/>\n<script type=\"application\/ld+json\" class=\"yoast-schema-graph\">{\"@context\":\"https:\\\/\\\/schema.org\",\"@graph\":[{\"@type\":\"WebPage\",\"@id\":\"https:\\\/\\\/www.martel.ch\\\/cms\\\/weinwissen\\\/unser-piemont\\\/martel-piemont-tipps\\\/\",\"url\":\"https:\\\/\\\/www.martel.ch\\\/cms\\\/weinwissen\\\/unser-piemont\\\/martel-piemont-tipps\\\/\",\"name\":\"Martel Piemont-Tipps | Martel Weine St.Gallen und Z\u00fcrich\",\"isPartOf\":{\"@id\":\"https:\\\/\\\/www.martel.ch\\\/cms\\\/#website\"},\"primaryImageOfPage\":{\"@id\":\"https:\\\/\\\/www.martel.ch\\\/cms\\\/weinwissen\\\/unser-piemont\\\/martel-piemont-tipps\\\/#primaryimage\"},\"image\":{\"@id\":\"https:\\\/\\\/www.martel.ch\\\/cms\\\/weinwissen\\\/unser-piemont\\\/martel-piemont-tipps\\\/#primaryimage\"},\"thumbnailUrl\":\"https:\\\/\\\/www.martel.ch\\\/cms\\\/wp-content\\\/uploads\\\/2024\\\/10\\\/martel-food-piemont-gnocchi.jpg\",\"datePublished\":\"2024-09-25T09:48:21+00:00\",\"dateModified\":\"2024-11-04T08:27:56+00:00\",\"description\":\"Martel Piemont-Tipps - Essen und Trinken mit Herz. Gerne empfehlen wir Orte im Piemont, die einen Besuch wert sind.\",\"breadcrumb\":{\"@id\":\"https:\\\/\\\/www.martel.ch\\\/cms\\\/weinwissen\\\/unser-piemont\\\/martel-piemont-tipps\\\/#breadcrumb\"},\"inLanguage\":\"de-CH\",\"potentialAction\":[{\"@type\":\"ReadAction\",\"target\":[\"https:\\\/\\\/www.martel.ch\\\/cms\\\/weinwissen\\\/unser-piemont\\\/martel-piemont-tipps\\\/\"]}]},{\"@type\":\"ImageObject\",\"inLanguage\":\"de-CH\",\"@id\":\"https:\\\/\\\/www.martel.ch\\\/cms\\\/weinwissen\\\/unser-piemont\\\/martel-piemont-tipps\\\/#primaryimage\",\"url\":\"https:\\\/\\\/www.martel.ch\\\/cms\\\/wp-content\\\/uploads\\\/2024\\\/10\\\/martel-food-piemont-gnocchi.jpg\",\"contentUrl\":\"https:\\\/\\\/www.martel.ch\\\/cms\\\/wp-content\\\/uploads\\\/2024\\\/10\\\/martel-food-piemont-gnocchi.jpg\",\"width\":2000,\"height\":1333,\"caption\":\"Food Piemont Gnocchi mit K\u00e4se\"},{\"@type\":\"BreadcrumbList\",\"@id\":\"https:\\\/\\\/www.martel.ch\\\/cms\\\/weinwissen\\\/unser-piemont\\\/martel-piemont-tipps\\\/#breadcrumb\",\"itemListElement\":[{\"@type\":\"ListItem\",\"position\":1,\"name\":\"Startseite\",\"item\":\"https:\\\/\\\/www.martel.ch\\\/cms\\\/\"},{\"@type\":\"ListItem\",\"position\":2,\"name\":\"Weinwissen\",\"item\":\"https:\\\/\\\/www.martel.ch\\\/cms\\\/weinwissen\\\/\"},{\"@type\":\"ListItem\",\"position\":3,\"name\":\"Die Martel Piemont-Welt\",\"item\":\"https:\\\/\\\/www.martel.ch\\\/cms\\\/weinwissen\\\/unser-piemont\\\/\"},{\"@type\":\"ListItem\",\"position\":4,\"name\":\"Martel Piemont-Tipps\"}]},{\"@type\":\"WebSite\",\"@id\":\"https:\\\/\\\/www.martel.ch\\\/cms\\\/#website\",\"url\":\"https:\\\/\\\/www.martel.ch\\\/cms\\\/\",\"name\":\"Martel\",\"description\":\"F\u00fcr Weinbegeisterte und die, die es werden m\u00f6chten.\",\"publisher\":{\"@id\":\"https:\\\/\\\/www.martel.ch\\\/cms\\\/#organization\"},\"potentialAction\":[{\"@type\":\"SearchAction\",\"target\":{\"@type\":\"EntryPoint\",\"urlTemplate\":\"https:\\\/\\\/www.martel.ch\\\/cms\\\/?s={search_term_string}\"},\"query-input\":{\"@type\":\"PropertyValueSpecification\",\"valueRequired\":true,\"valueName\":\"search_term_string\"}}],\"inLanguage\":\"de-CH\"},{\"@type\":\"Organization\",\"@id\":\"https:\\\/\\\/www.martel.ch\\\/cms\\\/#organization\",\"name\":\"Martel AG St.Gallen\",\"url\":\"https:\\\/\\\/www.martel.ch\\\/cms\\\/\",\"logo\":{\"@type\":\"ImageObject\",\"inLanguage\":\"de-CH\",\"@id\":\"https:\\\/\\\/www.martel.ch\\\/cms\\\/#\\\/schema\\\/logo\\\/image\\\/\",\"url\":\"https:\\\/\\\/www.martel.ch\\\/cms\\\/wp-content\\\/uploads\\\/2019\\\/02\\\/martel-logo.png\",\"contentUrl\":\"https:\\\/\\\/www.martel.ch\\\/cms\\\/wp-content\\\/uploads\\\/2019\\\/02\\\/martel-logo.png\",\"width\":600,\"height\":600,\"caption\":\"Martel AG St.Gallen\"},\"image\":{\"@id\":\"https:\\\/\\\/www.martel.ch\\\/cms\\\/#\\\/schema\\\/logo\\\/image\\\/\"},\"sameAs\":[\"https:\\\/\\\/www.facebook.com\\\/pages\\\/Martel-AG-St-Gallen\\\/233396026691876\",\"https:\\\/\\\/x.com\\\/martel_weinwelt\",\"https:\\\/\\\/www.instagram.com\\\/martel_weinwelt\\\/\",\"https:\\\/\\\/www.linkedin.com\\\/company\\\/martel-ag-st-gallen\",\"https:\\\/\\\/www.pinterest.ch\\\/martel_weinwelt\"]}]}<\/script>\n<!-- \/ Yoast SEO plugin. -->","yoast_head_json":{"title":"Martel Piemont-Tipps | Martel Weine St.Gallen und Z\u00fcrich","description":"Martel Piemont-Tipps - Essen und Trinken mit Herz. Gerne empfehlen wir Orte im Piemont, die einen Besuch wert sind.","robots":{"index":"noindex","follow":"nofollow"},"og_locale":"de_DE","og_type":"article","og_title":"Martel Piemont-Tipps | Martel Weine St.Gallen und Z\u00fcrich","og_description":"Martel Piemont-Tipps - Essen und Trinken mit Herz. Gerne empfehlen wir Orte im Piemont, die einen Besuch wert sind.","og_url":"https:\/\/www.martel.ch\/cms\/weinwissen\/unser-piemont\/martel-piemont-tipps\/","og_site_name":"Martel","article_publisher":"https:\/\/www.facebook.com\/pages\/Martel-AG-St-Gallen\/233396026691876","article_modified_time":"2024-11-04T08:27:56+00:00","og_image":[{"width":2000,"height":1333,"url":"https:\/\/www.martel.ch\/cms\/wp-content\/uploads\/2024\/10\/martel-food-piemont-gnocchi.jpg","type":"image\/jpeg"}],"twitter_card":"summary_large_image","twitter_site":"@martel_weinwelt","twitter_misc":{"Written by":"Martel Marketing"},"schema":{"@context":"https:\/\/schema.org","@graph":[{"@type":"WebPage","@id":"https:\/\/www.martel.ch\/cms\/weinwissen\/unser-piemont\/martel-piemont-tipps\/","url":"https:\/\/www.martel.ch\/cms\/weinwissen\/unser-piemont\/martel-piemont-tipps\/","name":"Martel Piemont-Tipps | Martel Weine St.Gallen und Z\u00fcrich","isPartOf":{"@id":"https:\/\/www.martel.ch\/cms\/#website"},"primaryImageOfPage":{"@id":"https:\/\/www.martel.ch\/cms\/weinwissen\/unser-piemont\/martel-piemont-tipps\/#primaryimage"},"image":{"@id":"https:\/\/www.martel.ch\/cms\/weinwissen\/unser-piemont\/martel-piemont-tipps\/#primaryimage"},"thumbnailUrl":"https:\/\/www.martel.ch\/cms\/wp-content\/uploads\/2024\/10\/martel-food-piemont-gnocchi.jpg","datePublished":"2024-09-25T09:48:21+00:00","dateModified":"2024-11-04T08:27:56+00:00","description":"Martel Piemont-Tipps - Essen und Trinken mit Herz. Gerne empfehlen wir Orte im Piemont, die einen Besuch wert sind.","breadcrumb":{"@id":"https:\/\/www.martel.ch\/cms\/weinwissen\/unser-piemont\/martel-piemont-tipps\/#breadcrumb"},"inLanguage":"de-CH","potentialAction":[{"@type":"ReadAction","target":["https:\/\/www.martel.ch\/cms\/weinwissen\/unser-piemont\/martel-piemont-tipps\/"]}]},{"@type":"ImageObject","inLanguage":"de-CH","@id":"https:\/\/www.martel.ch\/cms\/weinwissen\/unser-piemont\/martel-piemont-tipps\/#primaryimage","url":"https:\/\/www.martel.ch\/cms\/wp-content\/uploads\/2024\/10\/martel-food-piemont-gnocchi.jpg","contentUrl":"https:\/\/www.martel.ch\/cms\/wp-content\/uploads\/2024\/10\/martel-food-piemont-gnocchi.jpg","width":2000,"height":1333,"caption":"Food Piemont Gnocchi mit K\u00e4se"},{"@type":"BreadcrumbList","@id":"https:\/\/www.martel.ch\/cms\/weinwissen\/unser-piemont\/martel-piemont-tipps\/#breadcrumb","itemListElement":[{"@type":"ListItem","position":1,"name":"Startseite","item":"https:\/\/www.martel.ch\/cms\/"},{"@type":"ListItem","position":2,"name":"Weinwissen","item":"https:\/\/www.martel.ch\/cms\/weinwissen\/"},{"@type":"ListItem","position":3,"name":"Die Martel Piemont-Welt","item":"https:\/\/www.martel.ch\/cms\/weinwissen\/unser-piemont\/"},{"@type":"ListItem","position":4,"name":"Martel Piemont-Tipps"}]},{"@type":"WebSite","@id":"https:\/\/www.martel.ch\/cms\/#website","url":"https:\/\/www.martel.ch\/cms\/","name":"Martel","description":"F\u00fcr Weinbegeisterte und die, die es werden m\u00f6chten.","publisher":{"@id":"https:\/\/www.martel.ch\/cms\/#organization"},"potentialAction":[{"@type":"SearchAction","target":{"@type":"EntryPoint","urlTemplate":"https:\/\/www.martel.ch\/cms\/?s={search_term_string}"},"query-input":{"@type":"PropertyValueSpecification","valueRequired":true,"valueName":"search_term_string"}}],"inLanguage":"de-CH"},{"@type":"Organization","@id":"https:\/\/www.martel.ch\/cms\/#organization","name":"Martel AG St.Gallen","url":"https:\/\/www.martel.ch\/cms\/","logo":{"@type":"ImageObject","inLanguage":"de-CH","@id":"https:\/\/www.martel.ch\/cms\/#\/schema\/logo\/image\/","url":"https:\/\/www.martel.ch\/cms\/wp-content\/uploads\/2019\/02\/martel-logo.png","contentUrl":"https:\/\/www.martel.ch\/cms\/wp-content\/uploads\/2019\/02\/martel-logo.png","width":600,"height":600,"caption":"Martel AG St.Gallen"},"image":{"@id":"https:\/\/www.martel.ch\/cms\/#\/schema\/logo\/image\/"},"sameAs":["https:\/\/www.facebook.com\/pages\/Martel-AG-St-Gallen\/233396026691876","https:\/\/x.com\/martel_weinwelt","https:\/\/www.instagram.com\/martel_weinwelt\/","https:\/\/www.linkedin.com\/company\/martel-ag-st-gallen","https:\/\/www.pinterest.ch\/martel_weinwelt"]}]}},"_links":{"self":[{"href":"https:\/\/www.martel.ch\/cms\/wp-json\/wp\/v2\/pages\/26549","targetHints":{"allow":["GET"]}}],"collection":[{"href":"https:\/\/www.martel.ch\/cms\/wp-json\/wp\/v2\/pages"}],"about":[{"href":"https:\/\/www.martel.ch\/cms\/wp-json\/wp\/v2\/types\/page"}],"author":[{"embeddable":true,"href":"https:\/\/www.martel.ch\/cms\/wp-json\/wp\/v2\/users\/52"}],"replies":[{"embeddable":true,"href":"https:\/\/www.martel.ch\/cms\/wp-json\/wp\/v2\/comments?post=26549"}],"version-history":[{"count":10,"href":"https:\/\/www.martel.ch\/cms\/wp-json\/wp\/v2\/pages\/26549\/revisions"}],"predecessor-version":[{"id":26927,"href":"https:\/\/www.martel.ch\/cms\/wp-json\/wp\/v2\/pages\/26549\/revisions\/26927"}],"up":[{"embeddable":true,"href":"https:\/\/www.martel.ch\/cms\/wp-json\/wp\/v2\/pages\/26520"}],"wp:featuredmedia":[{"embeddable":true,"href":"https:\/\/www.martel.ch\/cms\/wp-json\/wp\/v2\/media\/26635"}],"wp:attachment":[{"href":"https:\/\/www.martel.ch\/cms\/wp-json\/wp\/v2\/media?parent=26549"}],"wp:term":[{"taxonomy":"category","embeddable":true,"href":"https:\/\/www.martel.ch\/cms\/wp-json\/wp\/v2\/categories?post=26549"},{"taxonomy":"author","embeddable":true,"href":"https:\/\/www.martel.ch\/cms\/wp-json\/wp\/v2\/coauthors?post=26549"}],"curies":[{"name":"wp","href":"https:\/\/api.w.org\/{rel}","templated":true}]}}