{"id":27516,"date":"2025-03-13T11:31:46","date_gmt":"2025-03-13T10:31:46","guid":{"rendered":"https:\/\/www.martel.ch\/cms\/?page_id=27516"},"modified":"2025-03-28T14:59:51","modified_gmt":"2025-03-28T13:59:51","slug":"burgund-jahrgaenge","status":"publish","type":"page","link":"https:\/\/www.martel.ch\/cms\/weinwissen\/die-martel-burgund-welt\/burgund-jahrgaenge\/","title":{"rendered":"Burgund Jahrg\u00e4nge"},"content":{"rendered":"","protected":false},"excerpt":{"rendered":"","protected":false},"author":52,"featured_media":27474,"parent":27348,"menu_order":0,"comment_status":"closed","ping_status":"closed","template":"","meta":{"_acf_changed":false,"inline_featured_image":false,"footnotes":""},"categories":[],"coauthors":[539],"class_list":["post-27516","page","type-page","status-publish","has-post-thumbnail","hentry"],"acf":{"inhaltselemente":[{"acf_fc_layout":"einspalter_text","einspalter_text_titel":"Weinjahrg\u00e4nge Burgund","einspalter_text_titel_typ":"1","einspalter_text_titel_fake":false,"einspalter_text_subtitle":"","einspalter_text_content":"Das Klima in Burgund ist gem\u00e4ssigt kontinental. Kalte Winter und Sp\u00e4tfr\u00f6ste im Fr\u00fchling k\u00f6nnen gef\u00e4hrlich werden f\u00fcr die Reben. Der Sommer ist warm bis heiss, oft mit mehr Regen als in den s\u00fcdlicheren Weinbaugebieten Frankreichs. Im Herbst herrscht im Burgund oft eine sch\u00f6ne Balance zwischen Feuchtigkeit und Temperatur, was zu einer langen Reife der Trauben f\u00fchrt.\r\n\r\nJedes Jahr ist anders und aufregend. Das haben uns die letzten Jahrg\u00e4nge gezeigt. Unsere interaktive Martel Jahrgangstabelle gibt verl\u00e4sslich Auskunft.\r\n\r\nWir ber\u00fccksichtigen die klimatischen Bedingungen, die Qualit\u00e4t der Trauben, die Erntemenge und informieren \u00fcber die Besonderheiten des Jahrgangs. Auch ermitteln wir das Lagerpotenzial und geben Hinweise auf die zu erwartende Stilistik des Jahrgangs.\r\n\r\n<a class=\"btn btn-arrow\" href=\"https:\/\/www.martel.ch\/shop\/jahrgangstabelle\">Zur Jahrgangstabelle<\/a>","einspalter_bgcolor":false,"einspalter_layout_lines_top_bottom":false,"einspalter_collapse":false}]},"yoast_head":"<!-- This site is optimized with the Yoast SEO plugin v27.4 - https:\/\/yoast.com\/product\/yoast-seo-wordpress\/ -->\n<title>Burgund Jahrg\u00e4nge | Martel Weine St.Gallen und Z\u00fcrich<\/title>\n<meta name=\"description\" content=\"Burgund Jahrg\u00e4nge - Jedes Jahr ist anders und aufregend. Unsere interaktive Martel Jahrgangstabelle gibt verl\u00e4sslich Auskunft.\" \/>\n<meta name=\"robots\" content=\"index, follow, max-snippet:-1, max-image-preview:large, max-video-preview:-1\" \/>\n<link rel=\"canonical\" href=\"https:\/\/www.martel.ch\/cms\/weinwissen\/die-martel-burgund-welt\/burgund-jahrgaenge\/\" \/>\n<meta property=\"og:locale\" content=\"de_DE\" \/>\n<meta property=\"og:type\" content=\"article\" \/>\n<meta property=\"og:title\" content=\"Burgund Jahrg\u00e4nge | Martel Weine St.Gallen und Z\u00fcrich\" \/>\n<meta property=\"og:description\" content=\"Burgund Jahrg\u00e4nge - Jedes Jahr ist anders und aufregend. Unsere interaktive Martel Jahrgangstabelle gibt verl\u00e4sslich Auskunft.\" \/>\n<meta property=\"og:url\" content=\"https:\/\/www.martel.ch\/cms\/weinwissen\/die-martel-burgund-welt\/burgund-jahrgaenge\/\" \/>\n<meta property=\"og:site_name\" content=\"Martel\" \/>\n<meta property=\"article:publisher\" content=\"https:\/\/www.facebook.com\/pages\/Martel-AG-St-Gallen\/233396026691876\" \/>\n<meta property=\"article:modified_time\" content=\"2025-03-28T13:59:51+00:00\" \/>\n<meta property=\"og:image\" content=\"https:\/\/www.martel.ch\/cms\/wp-content\/uploads\/2024\/12\/burgundwelt-jahrgangstabelle-854x569.jpg\" \/>\n\t<meta property=\"og:image:width\" content=\"854\" \/>\n\t<meta property=\"og:image:height\" content=\"569\" \/>\n\t<meta property=\"og:image:type\" content=\"image\/jpeg\" \/>\n<meta name=\"twitter:card\" content=\"summary_large_image\" \/>\n<meta name=\"twitter:site\" content=\"@martel_weinwelt\" \/>\n<meta name=\"twitter:label1\" content=\"Written by\" \/>\n\t<meta name=\"twitter:data1\" content=\"Martel Marketing\" \/>\n<script type=\"application\/ld+json\" class=\"yoast-schema-graph\">{\"@context\":\"https:\\\/\\\/schema.org\",\"@graph\":[{\"@type\":\"WebPage\",\"@id\":\"https:\\\/\\\/www.martel.ch\\\/cms\\\/weinwissen\\\/die-martel-burgund-welt\\\/burgund-jahrgaenge\\\/\",\"url\":\"https:\\\/\\\/www.martel.ch\\\/cms\\\/weinwissen\\\/die-martel-burgund-welt\\\/burgund-jahrgaenge\\\/\",\"name\":\"Burgund Jahrg\u00e4nge | Martel Weine St.Gallen und Z\u00fcrich\",\"isPartOf\":{\"@id\":\"https:\\\/\\\/www.martel.ch\\\/cms\\\/#website\"},\"primaryImageOfPage\":{\"@id\":\"https:\\\/\\\/www.martel.ch\\\/cms\\\/weinwissen\\\/die-martel-burgund-welt\\\/burgund-jahrgaenge\\\/#primaryimage\"},\"image\":{\"@id\":\"https:\\\/\\\/www.martel.ch\\\/cms\\\/weinwissen\\\/die-martel-burgund-welt\\\/burgund-jahrgaenge\\\/#primaryimage\"},\"thumbnailUrl\":\"https:\\\/\\\/www.martel.ch\\\/cms\\\/wp-content\\\/uploads\\\/2024\\\/12\\\/burgundwelt-jahrgangstabelle.jpg\",\"datePublished\":\"2025-03-13T10:31:46+00:00\",\"dateModified\":\"2025-03-28T13:59:51+00:00\",\"description\":\"Burgund Jahrg\u00e4nge - Jedes Jahr ist anders und aufregend. Unsere interaktive Martel Jahrgangstabelle gibt verl\u00e4sslich Auskunft.\",\"breadcrumb\":{\"@id\":\"https:\\\/\\\/www.martel.ch\\\/cms\\\/weinwissen\\\/die-martel-burgund-welt\\\/burgund-jahrgaenge\\\/#breadcrumb\"},\"inLanguage\":\"de-CH\",\"potentialAction\":[{\"@type\":\"ReadAction\",\"target\":[\"https:\\\/\\\/www.martel.ch\\\/cms\\\/weinwissen\\\/die-martel-burgund-welt\\\/burgund-jahrgaenge\\\/\"]}]},{\"@type\":\"ImageObject\",\"inLanguage\":\"de-CH\",\"@id\":\"https:\\\/\\\/www.martel.ch\\\/cms\\\/weinwissen\\\/die-martel-burgund-welt\\\/burgund-jahrgaenge\\\/#primaryimage\",\"url\":\"https:\\\/\\\/www.martel.ch\\\/cms\\\/wp-content\\\/uploads\\\/2024\\\/12\\\/burgundwelt-jahrgangstabelle.jpg\",\"contentUrl\":\"https:\\\/\\\/www.martel.ch\\\/cms\\\/wp-content\\\/uploads\\\/2024\\\/12\\\/burgundwelt-jahrgangstabelle.jpg\",\"width\":2000,\"height\":1333,\"caption\":\"Burgund Jahrgangstabelle\"},{\"@type\":\"BreadcrumbList\",\"@id\":\"https:\\\/\\\/www.martel.ch\\\/cms\\\/weinwissen\\\/die-martel-burgund-welt\\\/burgund-jahrgaenge\\\/#breadcrumb\",\"itemListElement\":[{\"@type\":\"ListItem\",\"position\":1,\"name\":\"Startseite\",\"item\":\"https:\\\/\\\/www.martel.ch\\\/cms\\\/\"},{\"@type\":\"ListItem\",\"position\":2,\"name\":\"Weinwissen\",\"item\":\"https:\\\/\\\/www.martel.ch\\\/cms\\\/weinwissen\\\/\"},{\"@type\":\"ListItem\",\"position\":3,\"name\":\"Die Martel Burgund-Welt\",\"item\":\"https:\\\/\\\/www.martel.ch\\\/cms\\\/weinwissen\\\/die-martel-burgund-welt\\\/\"},{\"@type\":\"ListItem\",\"position\":4,\"name\":\"Burgund Jahrg\u00e4nge\"}]},{\"@type\":\"WebSite\",\"@id\":\"https:\\\/\\\/www.martel.ch\\\/cms\\\/#website\",\"url\":\"https:\\\/\\\/www.martel.ch\\\/cms\\\/\",\"name\":\"Martel\",\"description\":\"F\u00fcr Weinbegeisterte und die, die es werden m\u00f6chten.\",\"publisher\":{\"@id\":\"https:\\\/\\\/www.martel.ch\\\/cms\\\/#organization\"},\"potentialAction\":[{\"@type\":\"SearchAction\",\"target\":{\"@type\":\"EntryPoint\",\"urlTemplate\":\"https:\\\/\\\/www.martel.ch\\\/cms\\\/?s={search_term_string}\"},\"query-input\":{\"@type\":\"PropertyValueSpecification\",\"valueRequired\":true,\"valueName\":\"search_term_string\"}}],\"inLanguage\":\"de-CH\"},{\"@type\":\"Organization\",\"@id\":\"https:\\\/\\\/www.martel.ch\\\/cms\\\/#organization\",\"name\":\"Martel AG St.Gallen\",\"url\":\"https:\\\/\\\/www.martel.ch\\\/cms\\\/\",\"logo\":{\"@type\":\"ImageObject\",\"inLanguage\":\"de-CH\",\"@id\":\"https:\\\/\\\/www.martel.ch\\\/cms\\\/#\\\/schema\\\/logo\\\/image\\\/\",\"url\":\"https:\\\/\\\/www.martel.ch\\\/cms\\\/wp-content\\\/uploads\\\/2019\\\/02\\\/martel-logo.png\",\"contentUrl\":\"https:\\\/\\\/www.martel.ch\\\/cms\\\/wp-content\\\/uploads\\\/2019\\\/02\\\/martel-logo.png\",\"width\":600,\"height\":600,\"caption\":\"Martel AG St.Gallen\"},\"image\":{\"@id\":\"https:\\\/\\\/www.martel.ch\\\/cms\\\/#\\\/schema\\\/logo\\\/image\\\/\"},\"sameAs\":[\"https:\\\/\\\/www.facebook.com\\\/pages\\\/Martel-AG-St-Gallen\\\/233396026691876\",\"https:\\\/\\\/x.com\\\/martel_weinwelt\",\"https:\\\/\\\/www.instagram.com\\\/martel_weinwelt\\\/\",\"https:\\\/\\\/www.linkedin.com\\\/company\\\/martel-ag-st-gallen\",\"https:\\\/\\\/www.pinterest.ch\\\/martel_weinwelt\"]}]}<\/script>\n<!-- \/ Yoast SEO plugin. -->","yoast_head_json":{"title":"Burgund Jahrg\u00e4nge | Martel Weine St.Gallen und Z\u00fcrich","description":"Burgund Jahrg\u00e4nge - Jedes Jahr ist anders und aufregend. Unsere interaktive Martel Jahrgangstabelle gibt verl\u00e4sslich Auskunft.","robots":{"index":"index","follow":"follow","max-snippet":"max-snippet:-1","max-image-preview":"max-image-preview:large","max-video-preview":"max-video-preview:-1"},"canonical":"https:\/\/www.martel.ch\/cms\/weinwissen\/die-martel-burgund-welt\/burgund-jahrgaenge\/","og_locale":"de_DE","og_type":"article","og_title":"Burgund Jahrg\u00e4nge | Martel Weine St.Gallen und Z\u00fcrich","og_description":"Burgund Jahrg\u00e4nge - Jedes Jahr ist anders und aufregend. Unsere interaktive Martel Jahrgangstabelle gibt verl\u00e4sslich Auskunft.","og_url":"https:\/\/www.martel.ch\/cms\/weinwissen\/die-martel-burgund-welt\/burgund-jahrgaenge\/","og_site_name":"Martel","article_publisher":"https:\/\/www.facebook.com\/pages\/Martel-AG-St-Gallen\/233396026691876","article_modified_time":"2025-03-28T13:59:51+00:00","og_image":[{"width":854,"height":569,"url":"https:\/\/www.martel.ch\/cms\/wp-content\/uploads\/2024\/12\/burgundwelt-jahrgangstabelle-854x569.jpg","type":"image\/jpeg"}],"twitter_card":"summary_large_image","twitter_site":"@martel_weinwelt","twitter_misc":{"Written by":"Martel Marketing"},"schema":{"@context":"https:\/\/schema.org","@graph":[{"@type":"WebPage","@id":"https:\/\/www.martel.ch\/cms\/weinwissen\/die-martel-burgund-welt\/burgund-jahrgaenge\/","url":"https:\/\/www.martel.ch\/cms\/weinwissen\/die-martel-burgund-welt\/burgund-jahrgaenge\/","name":"Burgund Jahrg\u00e4nge | Martel Weine St.Gallen und Z\u00fcrich","isPartOf":{"@id":"https:\/\/www.martel.ch\/cms\/#website"},"primaryImageOfPage":{"@id":"https:\/\/www.martel.ch\/cms\/weinwissen\/die-martel-burgund-welt\/burgund-jahrgaenge\/#primaryimage"},"image":{"@id":"https:\/\/www.martel.ch\/cms\/weinwissen\/die-martel-burgund-welt\/burgund-jahrgaenge\/#primaryimage"},"thumbnailUrl":"https:\/\/www.martel.ch\/cms\/wp-content\/uploads\/2024\/12\/burgundwelt-jahrgangstabelle.jpg","datePublished":"2025-03-13T10:31:46+00:00","dateModified":"2025-03-28T13:59:51+00:00","description":"Burgund Jahrg\u00e4nge - Jedes Jahr ist anders und aufregend. Unsere interaktive Martel Jahrgangstabelle gibt verl\u00e4sslich Auskunft.","breadcrumb":{"@id":"https:\/\/www.martel.ch\/cms\/weinwissen\/die-martel-burgund-welt\/burgund-jahrgaenge\/#breadcrumb"},"inLanguage":"de-CH","potentialAction":[{"@type":"ReadAction","target":["https:\/\/www.martel.ch\/cms\/weinwissen\/die-martel-burgund-welt\/burgund-jahrgaenge\/"]}]},{"@type":"ImageObject","inLanguage":"de-CH","@id":"https:\/\/www.martel.ch\/cms\/weinwissen\/die-martel-burgund-welt\/burgund-jahrgaenge\/#primaryimage","url":"https:\/\/www.martel.ch\/cms\/wp-content\/uploads\/2024\/12\/burgundwelt-jahrgangstabelle.jpg","contentUrl":"https:\/\/www.martel.ch\/cms\/wp-content\/uploads\/2024\/12\/burgundwelt-jahrgangstabelle.jpg","width":2000,"height":1333,"caption":"Burgund Jahrgangstabelle"},{"@type":"BreadcrumbList","@id":"https:\/\/www.martel.ch\/cms\/weinwissen\/die-martel-burgund-welt\/burgund-jahrgaenge\/#breadcrumb","itemListElement":[{"@type":"ListItem","position":1,"name":"Startseite","item":"https:\/\/www.martel.ch\/cms\/"},{"@type":"ListItem","position":2,"name":"Weinwissen","item":"https:\/\/www.martel.ch\/cms\/weinwissen\/"},{"@type":"ListItem","position":3,"name":"Die Martel Burgund-Welt","item":"https:\/\/www.martel.ch\/cms\/weinwissen\/die-martel-burgund-welt\/"},{"@type":"ListItem","position":4,"name":"Burgund Jahrg\u00e4nge"}]},{"@type":"WebSite","@id":"https:\/\/www.martel.ch\/cms\/#website","url":"https:\/\/www.martel.ch\/cms\/","name":"Martel","description":"F\u00fcr Weinbegeisterte und die, die es werden m\u00f6chten.","publisher":{"@id":"https:\/\/www.martel.ch\/cms\/#organization"},"potentialAction":[{"@type":"SearchAction","target":{"@type":"EntryPoint","urlTemplate":"https:\/\/www.martel.ch\/cms\/?s={search_term_string}"},"query-input":{"@type":"PropertyValueSpecification","valueRequired":true,"valueName":"search_term_string"}}],"inLanguage":"de-CH"},{"@type":"Organization","@id":"https:\/\/www.martel.ch\/cms\/#organization","name":"Martel AG St.Gallen","url":"https:\/\/www.martel.ch\/cms\/","logo":{"@type":"ImageObject","inLanguage":"de-CH","@id":"https:\/\/www.martel.ch\/cms\/#\/schema\/logo\/image\/","url":"https:\/\/www.martel.ch\/cms\/wp-content\/uploads\/2019\/02\/martel-logo.png","contentUrl":"https:\/\/www.martel.ch\/cms\/wp-content\/uploads\/2019\/02\/martel-logo.png","width":600,"height":600,"caption":"Martel AG St.Gallen"},"image":{"@id":"https:\/\/www.martel.ch\/cms\/#\/schema\/logo\/image\/"},"sameAs":["https:\/\/www.facebook.com\/pages\/Martel-AG-St-Gallen\/233396026691876","https:\/\/x.com\/martel_weinwelt","https:\/\/www.instagram.com\/martel_weinwelt\/","https:\/\/www.linkedin.com\/company\/martel-ag-st-gallen","https:\/\/www.pinterest.ch\/martel_weinwelt"]}]}},"_links":{"self":[{"href":"https:\/\/www.martel.ch\/cms\/wp-json\/wp\/v2\/pages\/27516","targetHints":{"allow":["GET"]}}],"collection":[{"href":"https:\/\/www.martel.ch\/cms\/wp-json\/wp\/v2\/pages"}],"about":[{"href":"https:\/\/www.martel.ch\/cms\/wp-json\/wp\/v2\/types\/page"}],"author":[{"embeddable":true,"href":"https:\/\/www.martel.ch\/cms\/wp-json\/wp\/v2\/users\/52"}],"replies":[{"embeddable":true,"href":"https:\/\/www.martel.ch\/cms\/wp-json\/wp\/v2\/comments?post=27516"}],"version-history":[{"count":2,"href":"https:\/\/www.martel.ch\/cms\/wp-json\/wp\/v2\/pages\/27516\/revisions"}],"predecessor-version":[{"id":29045,"href":"https:\/\/www.martel.ch\/cms\/wp-json\/wp\/v2\/pages\/27516\/revisions\/29045"}],"up":[{"embeddable":true,"href":"https:\/\/www.martel.ch\/cms\/wp-json\/wp\/v2\/pages\/27348"}],"wp:featuredmedia":[{"embeddable":true,"href":"https:\/\/www.martel.ch\/cms\/wp-json\/wp\/v2\/media\/27474"}],"wp:attachment":[{"href":"https:\/\/www.martel.ch\/cms\/wp-json\/wp\/v2\/media?parent=27516"}],"wp:term":[{"taxonomy":"category","embeddable":true,"href":"https:\/\/www.martel.ch\/cms\/wp-json\/wp\/v2\/categories?post=27516"},{"taxonomy":"author","embeddable":true,"href":"https:\/\/www.martel.ch\/cms\/wp-json\/wp\/v2\/coauthors?post=27516"}],"curies":[{"name":"wp","href":"https:\/\/api.w.org\/{rel}","templated":true}]}}