{"id":27524,"date":"2025-03-13T11:35:16","date_gmt":"2025-03-13T10:35:16","guid":{"rendered":"https:\/\/www.martel.ch\/cms\/?page_id=27524"},"modified":"2026-04-28T13:55:47","modified_gmt":"2026-04-28T11:55:47","slug":"martel-burgund-tipps","status":"publish","type":"page","link":"https:\/\/www.martel.ch\/cms\/weinwissen\/die-martel-burgund-welt\/martel-burgund-tipps\/","title":{"rendered":"Martel Burgund-Tipps"},"content":{"rendered":"","protected":false},"excerpt":{"rendered":"","protected":false},"author":52,"featured_media":27456,"parent":27348,"menu_order":0,"comment_status":"closed","ping_status":"closed","template":"","meta":{"_acf_changed":false,"inline_featured_image":false,"footnotes":""},"categories":[],"coauthors":[539],"class_list":["post-27524","page","type-page","status-publish","has-post-thumbnail","hentry"],"acf":{"inhaltselemente":[{"acf_fc_layout":"einspalter_text","einspalter_text_titel":"Martel Burgund-Tipps","einspalter_text_titel_typ":"1","einspalter_text_titel_fake":false,"einspalter_text_subtitle":"","einspalter_text_content":"<strong>Wir sind oft und gerne im Burgund und kennen Land und Leute. Besonders sch\u00e4tzen und lieben wir das kulinarische Angebot, das so wunderbar zu den Weinen passt. Die h\u00fcbschen D\u00f6rfer verspr\u00fchen einen beschaulichen Charme. Und die schmucken Innenst\u00e4dte verf\u00fchren uns mit einzigartigen Bars, Bistros und Gesch\u00e4ften.<\/strong>\r\n\r\nHier unsere Insidertipps f\u00fcr perfekte Tage im Burgund. Psst, nicht weitererz\u00e4hlen ...","einspalter_bgcolor":false,"einspalter_layout_lines_top_bottom":false,"einspalter_collapse":false},{"acf_fc_layout":"image_text","image_text_titel":"Rockig getrunken ","image_text_titel_typ":"2","image_text_titel_fake":false,"image_text_link":{"title":"","url":"https:\/\/www.bdm-beaune.com\/","target":""},"image_text_link_area":false,"image_text_content":"<strong>Bar\/Pub Au Bout du Monde, Beaune <\/strong>\r\n\r\nZentrumsnah, jedoch etwas versteckt, liegt diese Weinbar, die man wohlwollend als unpr\u00e4tenti\u00f6s bezeichnen kann. Es ist eher ein Wein-Pub. Doch die Weinkarte ist ein Traum. \u00dcber 3\u2019000 Flaschen stehen zur Auswahl, darunter hochkar\u00e4tige Burgunder mit einer Jahrgangstiefe, die einige F\u00fcnf-Sterne-H\u00e4user vor Neid erblassen l\u00e4sst. Dazu kommen mehrere hundert verschiedene Spirituosen. Das eher rustikale Speisenangebot hat praktische Vorteile. Fleisch- und K\u00e4seplatten sowie warme Snacks sind eine willkommene St\u00e4rkung, wenn man eine weitere Flasche bestellt. Und das tut man unweigerlich. Sant\u00e9!","image_text_bild":27453,"image_text_video":"","image_text_position_bild":"left","image_text_bgcolor":false},{"acf_fc_layout":"image_text","image_text_titel":"S\u00fcss genascht ","image_text_titel_typ":"2","image_text_titel_fake":false,"image_text_link":{"title":"","url":"https:\/\/patisserie-berteau.com\/","target":""},"image_text_link_area":false,"image_text_content":"<strong>P\u00e2tisserie Fabien Berteau, Beaune<\/strong>\r\n\r\nDie s\u00fcssen K\u00f6stlichkeiten von Fabien Berteau sind wie von einem anderen Stern. In der elegant gestalteten P\u00e2tissierie in einer belebten Einkaufsgasse von Beaune kann man sich an den \u00c9claires, Tartes und Macarons nicht satt sehen. Satt essen jedoch problemlos. Aufgewachsen im Hinterland der C\u00f4te d\u2019Or, wurde Fabien schon sehr jung zum franz\u00f6sischen Patissier des Jahres gek\u00fcrt. V\u00f6llig verdient. Die Kreationen des Ausnahmetalents sind h\u00fcbsch anzusehen und ein s\u00fcsser Traum.","image_text_bild":27465,"image_text_video":"","image_text_position_bild":"left","image_text_bgcolor":false},{"acf_fc_layout":"image_text","image_text_titel":"Chic gegessen ","image_text_titel_typ":"2","image_text_titel_fake":false,"image_text_link":{"title":"","url":"https:\/\/www.castel-tres-girard.com\/fr","target":""},"image_text_link_area":false,"image_text_content":"<strong>Castel de Tr\u00e8s Girard, Morey-St-Denis<\/strong>\r\n\r\nHier sieht man bekannte Gesichter. Das Restaurant im Castel de Tr\u00e8s Girard gilt als verl\u00e4ngertes Wohnzimmer der Winzerinnen und Winzer aus der C\u00f4te de Nuits. Das Essen ist raffiniert. Am Mittag wird ein preislich faires Men\u00fc serviert. Suppe, Hauptgang, Dessert. Offener, modern-eleganter Gastraum und eine sch\u00f6ne Gartenterrasse. Zum Castel geh\u00f6rt ein Vier-Sterne-Hotel, wo es sich bestimmt gut leben l\u00e4sst.","image_text_bild":27462,"image_text_video":"","image_text_position_bild":"left","image_text_bgcolor":false},{"acf_fc_layout":"image_text","image_text_titel":"Erholsam geschlafen","image_text_titel_typ":"2","image_text_titel_fake":false,"image_text_link":{"title":"","url":"https:\/\/www.le14faubourg.fr\/","target":""},"image_text_link_area":false,"image_text_content":"<strong>Chambres d'h\u00f4tes Le Faubourg 14, Beaune<\/strong>\r\n\r\nWenige Schritte ausserhalb des Altstadtrings von Beaune liegt diese kleine, h\u00fcbsche Unterkunft mit nur drei Zimmern. Es f\u00fchlt sich an wie bei Freunden zu Hause. Die Zimmer sind geschmackvoll und zeitlos elegant eingerichtet. Hier schl\u00e4ft man ruhig. Mehr als ein sch\u00f6nes Zimmer mit gutem Bett und ein liebevoll zubereitetes Fr\u00fchst\u00fcck braucht man in Beaune mit seinen vielen guten Restaurants schliesslich nicht. \u00d6ffentlicher Gratis-Parkplatz direkt am Haus.","image_text_bild":27468,"image_text_video":"","image_text_position_bild":"left","image_text_bgcolor":false},{"acf_fc_layout":"image_text","image_text_titel":"Sch\u00f6n gerannt ","image_text_titel_typ":"2","image_text_titel_fake":false,"image_text_link":"","image_text_link_area":false,"image_text_content":"\u00abIm Burgund macht auch das Joggen speziell Spass\u00bb, weiss Jan Martel. Morgens dreht der Genuss- und Bewegungsmensch gerne eine Laufrunde in den Weinbergen. \u00abDer K\u00f6rper braucht Ausgleich und die Str\u00e4sschen durch die Reben eignen sich ideal.\u00bb Wie auch zum Wandern und Spazieren. Besonders sanft geht es mit dem E-Bike voran, die man vielerorts mieten kann. So oder so: Sich durch die Clos mit den grossen Namen zu bewegen, ist ein einzigartiges Highlight im Burgund.","image_text_bild":27444,"image_text_video":"","image_text_position_bild":"left","image_text_bgcolor":false},{"acf_fc_layout":"einspalter_text","einspalter_text_titel":"Weitere Tipps","einspalter_text_titel_typ":"2","einspalter_text_titel_fake":false,"einspalter_text_subtitle":"","einspalter_text_content":"<strong>Beaune<\/strong>\r\n<ul>\r\n \t<li>Restaurant \u00abCaves Madeleine\u00bb \u2013 unkompliziert und herzlich, tolle K\u00fcche und Weinkarte<\/li>\r\n \t<li>Restaurant \u00abMa Cuisine\u00bb \u2013 eine der besten Weinkarten, casual und ein Treffpunkt der Winzer<\/li>\r\n \t<li>Bistro \u00abL\u2019H\u00f4tel de Beaune\u00bb \u2013 Klassische franz\u00f6sische K\u00fcche, sehr gute Weinkarte mit vern\u00fcnftigen Preisen<\/li>\r\n \t<li>Weinbar\/Bistro \u00abLa Dilettante\u00bb \u2013 gem\u00fctlich mit eigenem Charme<\/li>\r\n \t<li>Restaurant \u00abLe Table du Square\u00bb \u2013 angesagt, jugendlich-frisch<\/li>\r\n \t<li>Restaurant \u00abLe Benaton\u00bb \u2013 teuer, aber unglaublich gut<\/li>\r\n \t<li>Restaurant \u00abL\u2019Expression\u00bb \u2013 gutes Essen, super Wein<\/li>\r\n<\/ul>\r\n<strong>Volnay<\/strong>\r\n<ul>\r\n \t<li>Restaurant \u00abL\u2019Agatache\u00bb \u2013 kleine, aber feine K\u00fcche<\/li>\r\n \t<li>Restaurant \u00abLe Cellier Volnaysien\u00bb \u2013 sch\u00f6ner Gew\u00f6lbekeller<\/li>\r\n<\/ul>\r\n<strong>Chambolle-Musigny<\/strong>\r\n<ul>\r\n \t<li>Restaurant \u00abLe Chambolle\u00bb \u2014 traditionell und klassisch<\/li>\r\n \t<li>Restaurant \u00abLe Mill\u00e9sime\u00bb \u2013 chic, tolles Essen und meist auch von den lokalen Winzern besucht<\/li>\r\n<\/ul>\r\n<strong>Chagny<\/strong>\r\n<ul>\r\n \t<li>Restaurant \u00abMaison Lameloise\u00bb \u2013 das Dreisterne-Restaurant im Burgund, geniale K\u00fcche mit weltweiter Ausstrahlung, nat\u00fcrlich sehr teuer... aber definitiv eine Reise wert<\/li>\r\n<\/ul>\r\n<strong>Nuits-Saint-Georges<\/strong>\r\n<ul>\r\n \t<li>Restaurant \u00abLa Cabotte\u00bb \u2013 Mitten in der Fussg\u00e4ngerzone, gute und ehrliche K\u00fcche, sympathisch<\/li>\r\n<\/ul>\r\n<strong>Auxey-Duresses<\/strong>\r\n<ul>\r\n \t<li>The Hungry Cyclist Lodge \u2013 pittoreske Unterkunft<\/li>\r\n<\/ul>","einspalter_bgcolor":false,"einspalter_layout_lines_top_bottom":false,"einspalter_collapse":false},{"acf_fc_layout":"einspalter_text","einspalter_text_titel":"","einspalter_text_titel_typ":"2","einspalter_text_titel_fake":false,"einspalter_text_subtitle":"","einspalter_text_content":"<a class=\"btn btn-arrow\" href=\"https:\/\/www.martel.ch\/cms\/weinwissen\/die-martel-burgund-welt\/\">Martel Burgund-Welt<\/a>","einspalter_bgcolor":false,"einspalter_layout_lines_top_bottom":false,"einspalter_collapse":false}]},"yoast_head":"<!-- This site is optimized with the Yoast SEO plugin v27.5 - https:\/\/yoast.com\/product\/yoast-seo-wordpress\/ -->\n<title>Martel Burgund-Tipps | Martel Weine St.Gallen und Z\u00fcrich<\/title>\n<meta name=\"description\" content=\"Martel Burgund-Tipps - Besonders sch\u00e4tzen und lieben wir im Burgund das kulinarische Angebot, das so wunderbar zu den Weinen passt.\" \/>\n<meta name=\"robots\" content=\"index, follow, max-snippet:-1, max-image-preview:large, max-video-preview:-1\" \/>\n<link rel=\"canonical\" href=\"https:\/\/www.martel.ch\/cms\/weinwissen\/die-martel-burgund-welt\/martel-burgund-tipps\/\" \/>\n<meta property=\"og:locale\" content=\"de_DE\" \/>\n<meta property=\"og:type\" content=\"article\" \/>\n<meta property=\"og:title\" content=\"Martel Burgund-Tipps | Martel Weine St.Gallen und Z\u00fcrich\" \/>\n<meta property=\"og:description\" content=\"Martel Burgund-Tipps - Besonders sch\u00e4tzen und lieben wir im Burgund das kulinarische Angebot, das so wunderbar zu den Weinen passt.\" \/>\n<meta property=\"og:url\" content=\"https:\/\/www.martel.ch\/cms\/weinwissen\/die-martel-burgund-welt\/martel-burgund-tipps\/\" \/>\n<meta property=\"og:site_name\" content=\"Martel\" \/>\n<meta property=\"article:publisher\" content=\"https:\/\/www.facebook.com\/pages\/Martel-AG-St-Gallen\/233396026691876\" \/>\n<meta property=\"article:modified_time\" content=\"2026-04-28T11:55:47+00:00\" \/>\n<meta property=\"og:image\" content=\"https:\/\/www.martel.ch\/cms\/wp-content\/uploads\/2024\/12\/burgundwelt-burgund-tipps-2.jpg\" \/>\n\t<meta property=\"og:image:width\" content=\"2000\" \/>\n\t<meta property=\"og:image:height\" content=\"1333\" \/>\n\t<meta property=\"og:image:type\" content=\"image\/jpeg\" \/>\n<meta name=\"twitter:card\" content=\"summary_large_image\" \/>\n<meta name=\"twitter:site\" content=\"@martel_weinwelt\" \/>\n<meta name=\"twitter:label1\" content=\"Written by\" \/>\n\t<meta name=\"twitter:data1\" content=\"Martel Marketing\" \/>\n<script type=\"application\/ld+json\" class=\"yoast-schema-graph\">{\"@context\":\"https:\\\/\\\/schema.org\",\"@graph\":[{\"@type\":\"WebPage\",\"@id\":\"https:\\\/\\\/www.martel.ch\\\/cms\\\/weinwissen\\\/die-martel-burgund-welt\\\/martel-burgund-tipps\\\/\",\"url\":\"https:\\\/\\\/www.martel.ch\\\/cms\\\/weinwissen\\\/die-martel-burgund-welt\\\/martel-burgund-tipps\\\/\",\"name\":\"Martel Burgund-Tipps | Martel Weine St.Gallen und Z\u00fcrich\",\"isPartOf\":{\"@id\":\"https:\\\/\\\/www.martel.ch\\\/cms\\\/#website\"},\"primaryImageOfPage\":{\"@id\":\"https:\\\/\\\/www.martel.ch\\\/cms\\\/weinwissen\\\/die-martel-burgund-welt\\\/martel-burgund-tipps\\\/#primaryimage\"},\"image\":{\"@id\":\"https:\\\/\\\/www.martel.ch\\\/cms\\\/weinwissen\\\/die-martel-burgund-welt\\\/martel-burgund-tipps\\\/#primaryimage\"},\"thumbnailUrl\":\"https:\\\/\\\/www.martel.ch\\\/cms\\\/wp-content\\\/uploads\\\/2024\\\/12\\\/burgundwelt-burgund-tipps-2.jpg\",\"datePublished\":\"2025-03-13T10:35:16+00:00\",\"dateModified\":\"2026-04-28T11:55:47+00:00\",\"description\":\"Martel Burgund-Tipps - Besonders sch\u00e4tzen und lieben wir im Burgund das kulinarische Angebot, das so wunderbar zu den Weinen passt.\",\"breadcrumb\":{\"@id\":\"https:\\\/\\\/www.martel.ch\\\/cms\\\/weinwissen\\\/die-martel-burgund-welt\\\/martel-burgund-tipps\\\/#breadcrumb\"},\"inLanguage\":\"de-CH\",\"potentialAction\":[{\"@type\":\"ReadAction\",\"target\":[\"https:\\\/\\\/www.martel.ch\\\/cms\\\/weinwissen\\\/die-martel-burgund-welt\\\/martel-burgund-tipps\\\/\"]}]},{\"@type\":\"ImageObject\",\"inLanguage\":\"de-CH\",\"@id\":\"https:\\\/\\\/www.martel.ch\\\/cms\\\/weinwissen\\\/die-martel-burgund-welt\\\/martel-burgund-tipps\\\/#primaryimage\",\"url\":\"https:\\\/\\\/www.martel.ch\\\/cms\\\/wp-content\\\/uploads\\\/2024\\\/12\\\/burgundwelt-burgund-tipps-2.jpg\",\"contentUrl\":\"https:\\\/\\\/www.martel.ch\\\/cms\\\/wp-content\\\/uploads\\\/2024\\\/12\\\/burgundwelt-burgund-tipps-2.jpg\",\"width\":2000,\"height\":1333,\"caption\":\"Burgund Tipp Bistro\"},{\"@type\":\"BreadcrumbList\",\"@id\":\"https:\\\/\\\/www.martel.ch\\\/cms\\\/weinwissen\\\/die-martel-burgund-welt\\\/martel-burgund-tipps\\\/#breadcrumb\",\"itemListElement\":[{\"@type\":\"ListItem\",\"position\":1,\"name\":\"Startseite\",\"item\":\"https:\\\/\\\/www.martel.ch\\\/cms\\\/\"},{\"@type\":\"ListItem\",\"position\":2,\"name\":\"Weinwissen\",\"item\":\"https:\\\/\\\/www.martel.ch\\\/cms\\\/weinwissen\\\/\"},{\"@type\":\"ListItem\",\"position\":3,\"name\":\"Die Martel Burgund-Welt\",\"item\":\"https:\\\/\\\/www.martel.ch\\\/cms\\\/weinwissen\\\/die-martel-burgund-welt\\\/\"},{\"@type\":\"ListItem\",\"position\":4,\"name\":\"Martel Burgund-Tipps\"}]},{\"@type\":\"WebSite\",\"@id\":\"https:\\\/\\\/www.martel.ch\\\/cms\\\/#website\",\"url\":\"https:\\\/\\\/www.martel.ch\\\/cms\\\/\",\"name\":\"Martel\",\"description\":\"F\u00fcr Weinbegeisterte und die, die es werden m\u00f6chten.\",\"publisher\":{\"@id\":\"https:\\\/\\\/www.martel.ch\\\/cms\\\/#organization\"},\"potentialAction\":[{\"@type\":\"SearchAction\",\"target\":{\"@type\":\"EntryPoint\",\"urlTemplate\":\"https:\\\/\\\/www.martel.ch\\\/cms\\\/?s={search_term_string}\"},\"query-input\":{\"@type\":\"PropertyValueSpecification\",\"valueRequired\":true,\"valueName\":\"search_term_string\"}}],\"inLanguage\":\"de-CH\"},{\"@type\":\"Organization\",\"@id\":\"https:\\\/\\\/www.martel.ch\\\/cms\\\/#organization\",\"name\":\"Martel AG St.Gallen\",\"url\":\"https:\\\/\\\/www.martel.ch\\\/cms\\\/\",\"logo\":{\"@type\":\"ImageObject\",\"inLanguage\":\"de-CH\",\"@id\":\"https:\\\/\\\/www.martel.ch\\\/cms\\\/#\\\/schema\\\/logo\\\/image\\\/\",\"url\":\"https:\\\/\\\/www.martel.ch\\\/cms\\\/wp-content\\\/uploads\\\/2019\\\/02\\\/martel-logo.png\",\"contentUrl\":\"https:\\\/\\\/www.martel.ch\\\/cms\\\/wp-content\\\/uploads\\\/2019\\\/02\\\/martel-logo.png\",\"width\":600,\"height\":600,\"caption\":\"Martel AG St.Gallen\"},\"image\":{\"@id\":\"https:\\\/\\\/www.martel.ch\\\/cms\\\/#\\\/schema\\\/logo\\\/image\\\/\"},\"sameAs\":[\"https:\\\/\\\/www.facebook.com\\\/pages\\\/Martel-AG-St-Gallen\\\/233396026691876\",\"https:\\\/\\\/x.com\\\/martel_weinwelt\",\"https:\\\/\\\/www.instagram.com\\\/martel_weinwelt\\\/\",\"https:\\\/\\\/www.linkedin.com\\\/company\\\/martel-ag-st-gallen\",\"https:\\\/\\\/www.pinterest.ch\\\/martel_weinwelt\"]}]}<\/script>\n<!-- \/ Yoast SEO plugin. -->","yoast_head_json":{"title":"Martel Burgund-Tipps | Martel Weine St.Gallen und Z\u00fcrich","description":"Martel Burgund-Tipps - Besonders sch\u00e4tzen und lieben wir im Burgund das kulinarische Angebot, das so wunderbar zu den Weinen passt.","robots":{"index":"index","follow":"follow","max-snippet":"max-snippet:-1","max-image-preview":"max-image-preview:large","max-video-preview":"max-video-preview:-1"},"canonical":"https:\/\/www.martel.ch\/cms\/weinwissen\/die-martel-burgund-welt\/martel-burgund-tipps\/","og_locale":"de_DE","og_type":"article","og_title":"Martel Burgund-Tipps | Martel Weine St.Gallen und Z\u00fcrich","og_description":"Martel Burgund-Tipps - Besonders sch\u00e4tzen und lieben wir im Burgund das kulinarische Angebot, das so wunderbar zu den Weinen passt.","og_url":"https:\/\/www.martel.ch\/cms\/weinwissen\/die-martel-burgund-welt\/martel-burgund-tipps\/","og_site_name":"Martel","article_publisher":"https:\/\/www.facebook.com\/pages\/Martel-AG-St-Gallen\/233396026691876","article_modified_time":"2026-04-28T11:55:47+00:00","og_image":[{"width":2000,"height":1333,"url":"https:\/\/www.martel.ch\/cms\/wp-content\/uploads\/2024\/12\/burgundwelt-burgund-tipps-2.jpg","type":"image\/jpeg"}],"twitter_card":"summary_large_image","twitter_site":"@martel_weinwelt","twitter_misc":{"Written by":"Martel Marketing"},"schema":{"@context":"https:\/\/schema.org","@graph":[{"@type":"WebPage","@id":"https:\/\/www.martel.ch\/cms\/weinwissen\/die-martel-burgund-welt\/martel-burgund-tipps\/","url":"https:\/\/www.martel.ch\/cms\/weinwissen\/die-martel-burgund-welt\/martel-burgund-tipps\/","name":"Martel Burgund-Tipps | Martel Weine St.Gallen und Z\u00fcrich","isPartOf":{"@id":"https:\/\/www.martel.ch\/cms\/#website"},"primaryImageOfPage":{"@id":"https:\/\/www.martel.ch\/cms\/weinwissen\/die-martel-burgund-welt\/martel-burgund-tipps\/#primaryimage"},"image":{"@id":"https:\/\/www.martel.ch\/cms\/weinwissen\/die-martel-burgund-welt\/martel-burgund-tipps\/#primaryimage"},"thumbnailUrl":"https:\/\/www.martel.ch\/cms\/wp-content\/uploads\/2024\/12\/burgundwelt-burgund-tipps-2.jpg","datePublished":"2025-03-13T10:35:16+00:00","dateModified":"2026-04-28T11:55:47+00:00","description":"Martel Burgund-Tipps - Besonders sch\u00e4tzen und lieben wir im Burgund das kulinarische Angebot, das so wunderbar zu den Weinen passt.","breadcrumb":{"@id":"https:\/\/www.martel.ch\/cms\/weinwissen\/die-martel-burgund-welt\/martel-burgund-tipps\/#breadcrumb"},"inLanguage":"de-CH","potentialAction":[{"@type":"ReadAction","target":["https:\/\/www.martel.ch\/cms\/weinwissen\/die-martel-burgund-welt\/martel-burgund-tipps\/"]}]},{"@type":"ImageObject","inLanguage":"de-CH","@id":"https:\/\/www.martel.ch\/cms\/weinwissen\/die-martel-burgund-welt\/martel-burgund-tipps\/#primaryimage","url":"https:\/\/www.martel.ch\/cms\/wp-content\/uploads\/2024\/12\/burgundwelt-burgund-tipps-2.jpg","contentUrl":"https:\/\/www.martel.ch\/cms\/wp-content\/uploads\/2024\/12\/burgundwelt-burgund-tipps-2.jpg","width":2000,"height":1333,"caption":"Burgund Tipp Bistro"},{"@type":"BreadcrumbList","@id":"https:\/\/www.martel.ch\/cms\/weinwissen\/die-martel-burgund-welt\/martel-burgund-tipps\/#breadcrumb","itemListElement":[{"@type":"ListItem","position":1,"name":"Startseite","item":"https:\/\/www.martel.ch\/cms\/"},{"@type":"ListItem","position":2,"name":"Weinwissen","item":"https:\/\/www.martel.ch\/cms\/weinwissen\/"},{"@type":"ListItem","position":3,"name":"Die Martel Burgund-Welt","item":"https:\/\/www.martel.ch\/cms\/weinwissen\/die-martel-burgund-welt\/"},{"@type":"ListItem","position":4,"name":"Martel Burgund-Tipps"}]},{"@type":"WebSite","@id":"https:\/\/www.martel.ch\/cms\/#website","url":"https:\/\/www.martel.ch\/cms\/","name":"Martel","description":"F\u00fcr Weinbegeisterte und die, die es werden m\u00f6chten.","publisher":{"@id":"https:\/\/www.martel.ch\/cms\/#organization"},"potentialAction":[{"@type":"SearchAction","target":{"@type":"EntryPoint","urlTemplate":"https:\/\/www.martel.ch\/cms\/?s={search_term_string}"},"query-input":{"@type":"PropertyValueSpecification","valueRequired":true,"valueName":"search_term_string"}}],"inLanguage":"de-CH"},{"@type":"Organization","@id":"https:\/\/www.martel.ch\/cms\/#organization","name":"Martel AG St.Gallen","url":"https:\/\/www.martel.ch\/cms\/","logo":{"@type":"ImageObject","inLanguage":"de-CH","@id":"https:\/\/www.martel.ch\/cms\/#\/schema\/logo\/image\/","url":"https:\/\/www.martel.ch\/cms\/wp-content\/uploads\/2019\/02\/martel-logo.png","contentUrl":"https:\/\/www.martel.ch\/cms\/wp-content\/uploads\/2019\/02\/martel-logo.png","width":600,"height":600,"caption":"Martel AG St.Gallen"},"image":{"@id":"https:\/\/www.martel.ch\/cms\/#\/schema\/logo\/image\/"},"sameAs":["https:\/\/www.facebook.com\/pages\/Martel-AG-St-Gallen\/233396026691876","https:\/\/x.com\/martel_weinwelt","https:\/\/www.instagram.com\/martel_weinwelt\/","https:\/\/www.linkedin.com\/company\/martel-ag-st-gallen","https:\/\/www.pinterest.ch\/martel_weinwelt"]}]}},"_links":{"self":[{"href":"https:\/\/www.martel.ch\/cms\/wp-json\/wp\/v2\/pages\/27524","targetHints":{"allow":["GET"]}}],"collection":[{"href":"https:\/\/www.martel.ch\/cms\/wp-json\/wp\/v2\/pages"}],"about":[{"href":"https:\/\/www.martel.ch\/cms\/wp-json\/wp\/v2\/types\/page"}],"author":[{"embeddable":true,"href":"https:\/\/www.martel.ch\/cms\/wp-json\/wp\/v2\/users\/52"}],"replies":[{"embeddable":true,"href":"https:\/\/www.martel.ch\/cms\/wp-json\/wp\/v2\/comments?post=27524"}],"version-history":[{"count":10,"href":"https:\/\/www.martel.ch\/cms\/wp-json\/wp\/v2\/pages\/27524\/revisions"}],"predecessor-version":[{"id":32958,"href":"https:\/\/www.martel.ch\/cms\/wp-json\/wp\/v2\/pages\/27524\/revisions\/32958"}],"up":[{"embeddable":true,"href":"https:\/\/www.martel.ch\/cms\/wp-json\/wp\/v2\/pages\/27348"}],"wp:featuredmedia":[{"embeddable":true,"href":"https:\/\/www.martel.ch\/cms\/wp-json\/wp\/v2\/media\/27456"}],"wp:attachment":[{"href":"https:\/\/www.martel.ch\/cms\/wp-json\/wp\/v2\/media?parent=27524"}],"wp:term":[{"taxonomy":"category","embeddable":true,"href":"https:\/\/www.martel.ch\/cms\/wp-json\/wp\/v2\/categories?post=27524"},{"taxonomy":"author","embeddable":true,"href":"https:\/\/www.martel.ch\/cms\/wp-json\/wp\/v2\/coauthors?post=27524"}],"curies":[{"name":"wp","href":"https:\/\/api.w.org\/{rel}","templated":true}]}}