{"id":28431,"date":"2025-03-17T16:40:54","date_gmt":"2025-03-17T15:40:54","guid":{"rendered":"https:\/\/www.martel.ch\/cms\/?page_id=28431"},"modified":"2025-11-12T13:24:01","modified_gmt":"2025-11-12T12:24:01","slug":"meilensteine","status":"publish","type":"page","link":"https:\/\/www.martel.ch\/cms\/martel\/meilensteine\/","title":{"rendered":"Meilensteine"},"content":{"rendered":"","protected":false},"excerpt":{"rendered":"","protected":false},"author":1,"featured_media":0,"parent":6363,"menu_order":28,"comment_status":"closed","ping_status":"open","template":"","meta":{"_acf_changed":false,"inline_featured_image":false,"footnotes":""},"categories":[],"coauthors":[497],"class_list":["post-28431","page","type-page","status-publish","hentry"],"acf":{"inhaltselemente":[{"acf_fc_layout":"historyslider_element","historyslider_element_item":[{"historyslider_element_item_year":2025,"historyslider_element_item_titel":"","historyslider_element_item_text":"<strong>2025<\/strong> Zertifizierung bei <a href=\"https:\/\/www.fairandgreen.com\/\">FAIR\u2019N GREEN.<\/a>\u00a0Bei Fair\u2019n Green geht es um \u00f6konomische, \u00f6kologische und soziale Nachhaltigkeit. Die Organisation wurde von Weinproduzenten ins Leben gerufen. Ziel ist, Energie und Ressourcen zu sparen. Als Unternehmen in der 5. Generation tragen wir <a href=\"https:\/\/www.martel.ch\/cms\/martel\/nachhaltigkeit\/\">Nachhaltigkeit<\/a> in der DNA.\r\n\r\nMartel f\u00fchrt 4'000 verschiedene Spitzenartikel im Sortiment und ist so \u00abbreit und tief\u00bb aufgestellt wie noch nie. Das Sortiment hat sich mit vielen grossartigen Weing\u00fctern aus den besten Weinregionen der Welt stark weiterentwickelt.","historyslider_element_item_bild":28756,"historyslider_element_item_layout":"l-img-r-txt"},{"historyslider_element_item_year":2024,"historyslider_element_item_titel":"","historyslider_element_item_text":"<strong>2024<\/strong> Martel bietet neu ein ganzes Paket an\u00a0<a href=\"https:\/\/www.martel.ch\/cms\/dienstleistungen\/\">Wein-Dienstleistungen<\/a> an. Martel steht f\u00fcr geballte Weinkompetenz. Unsere Dienstleistungen umfassen Beratungen und Sch\u00e4tzungen genauso wie Schulungen oder Gestalterisches. Das Ziel? Das Vorleben sinnlicher Weinkultur auf allen Ebenen und die Weitergabe von Know-how rund um Wein.","historyslider_element_item_bild":20701,"historyslider_element_item_layout":"l-img-r-txt"},{"historyslider_element_item_year":2022,"historyslider_element_item_titel":"","historyslider_element_item_text":"<strong>2022<\/strong> Das Martel-Team w\u00e4chst auf 50 Mitarbeitende. Sie sind Botschafter sinnlicher Weinkultur, leben Weinpassion und freuen sich, diese mit unseren Kunden und Winzern zu teilen. Neu ist Martel auch Ausbildungsbetrieb.\r\n\r\nIm gleichen Jahr starten wir mit dem \u00fcberarbeiteten Online-Shop in ein neues digitales Zeitalter.","historyslider_element_item_bild":21659,"historyslider_element_item_layout":"l-img-r-txt"},{"historyslider_element_item_year":2020,"historyslider_element_item_titel":"","historyslider_element_item_text":"<strong>2020 <\/strong>Kunstwerke, die ber\u00fchren. Martel \u00fcbernimmt die Exklusivvertretung von Ch\u00e2teau Lafleur in Pomerol \u2013 eine Bordeaux-Ikone.","historyslider_element_item_bild":29278,"historyslider_element_item_layout":"l-img-r-txt"},{"historyslider_element_item_year":2019,"historyslider_element_item_titel":"","historyslider_element_item_text":"<strong>2019<\/strong> Das Martel\u00a0<a class=\"external-link-new-window\" href=\"https:\/\/www.martel.ch\/cms\/2019\/09\/02\/martel-wenn-die-sonne-den-wein-kuehlt\/\" rel=\"noopener\">Lagerhausdach<\/a> wird mit einer Photovoltaikanlage von 538 m<sup>2<\/sup> best\u00fcckt. Die Jahresproduktion von 88\u2019000 kWh entspricht einer j\u00e4hrlichen Einsparung von 35 Tonnen CO<sub>2<\/sub>.\r\n\r\nIm selben Jahr wird auch der Wein-Begegnungsort <a class=\"external-link-new-window\" href=\"https:\/\/www.martel.ch\/cms\/martel\/standorte-oeffnungszeiten\/martel-am-bahnhof-st-gallen\/\" rel=\"noopener\">Martel am Bahnhof<\/a> neu gestaltet. Der integrierte Genusspunkt ist der ideale Treffpunkt f\u00fcr Geniesser.","historyslider_element_item_bild":12496,"historyslider_element_item_layout":"l-img-r-txt"},{"historyslider_element_item_year":2017,"historyslider_element_item_titel":"","historyslider_element_item_text":"<strong>2017<\/strong> Martel am Bellevue wird vom Weinmagazin Falstaff zur besten Weinbar in einer Vinothek in der Schweiz gek\u00fcrt und mit drei Gl\u00e4sern ausgezeichnet.\r\n\r\nAusserdem erscheint Martel am Bellevue im Retail Design International. Der Bildband zeigt Innovationen und zukunftsweisenden Retail Design Objekte aus aller Welt.","historyslider_element_item_bild":7210,"historyslider_element_item_layout":"l-img-r-txt"},{"historyslider_element_item_year":2016,"historyslider_element_item_titel":"","historyslider_element_item_text":"<strong>2016<\/strong> Er\u00f6ffnung von\u00a0<a class=\"external-link-new-window\" href=\"https:\/\/www.martel.ch\/cms\/martel\/standorte-oeffnungszeiten\/martel-am-bellevue-zuerich\/\" rel=\"noopener\">Martel am Bellevue<\/a> an einem der frequentiertesten Punkte Z\u00fcrichs. Der Weinbegegnungsort an der R\u00e4mistrasse 14 beherbergt auf grossz\u00fcgigen 250 m<sup>2<\/sup> nahezu das komplette Martel-Sortiment in einem denkmalgesch\u00fctzten Ambiente. Dank seiner vorherigen Nutzung als Tankstelle auch mit Parkpl\u00e4tzen direkt vor der T\u00fcr. Martel am Bellevue wird zum dem Ort f\u00fcr Weinliebhaber und das Zuhause der \u00abfliegenden Weine vom Z\u00fcrichsee\u00bb. Es finden zahlreiche Weinanl\u00e4sse und Degustationen statt.","historyslider_element_item_bild":7204,"historyslider_element_item_layout":"l-img-r-txt"},{"historyslider_element_item_year":2014,"historyslider_element_item_titel":"","historyslider_element_item_text":"<strong>2014<\/strong> \u00dcbernahme der auf Burgund-Weine spezialisierten Weinhandlung Hans M\u00fcller AG in Wattwil. Seit Generationen sind wir mit dem Burgund verbunden und bauen so unsere Bedeutung als Burgund-Spezialist aus. Wir helfen auch aktiv mit, die <a href=\"https:\/\/www.martel.ch\/cms\/martel\/climats-de-bourgogne\/\">Climats du Bourgogne<\/a> (Weltkulturerbe der UNESCO) zu erhalten.\r\n\r\n&nbsp;","historyslider_element_item_bild":18392,"historyslider_element_item_layout":"l-img-r-txt"},{"historyslider_element_item_year":2008,"historyslider_element_item_titel":"","historyslider_element_item_text":"<strong>2008<\/strong> Martel \u00fcbernimmt die Exklusivvertretung der Kult-Domaine Jean-Louis Chave, die seit 1481 an der n\u00f6rdlichen Rh\u00f4ne Hermitage-Weine bereitet.","historyslider_element_item_bild":29276,"historyslider_element_item_layout":"l-img-r-txt"},{"historyslider_element_item_year":2005,"historyslider_element_item_titel":"","historyslider_element_item_text":"<strong>2005<\/strong> Jan Martel \u00fcbernimmt die Gesch\u00e4ftsleitung in 5. Generation von Ludwig und Wolfram Martel.","historyslider_element_item_bild":28981,"historyslider_element_item_layout":"l-img-r-txt"},{"historyslider_element_item_year":2001,"historyslider_element_item_titel":"","historyslider_element_item_text":"<strong>2001<\/strong> Die Lagerkapazit\u00e4t im Hochregallager wird auf 1.25 Millionen Flaschen erweitert. <a href=\"https:\/\/www.martel.ch\/cms\/martel\/standorte-oeffnungszeiten\/martel-im-neudorf-st-gallen\/\">Martel im Neudorf<\/a>, mit dem einmaligen Ambiente im St.Galler Osten, ist Fachgesch\u00e4ft und Weinausstellung in einem. Beliebt ist die Location auch f\u00fcr private Anl\u00e4sse f\u00fcr bis zu 500 Personen.","historyslider_element_item_bild":1759,"historyslider_element_item_layout":"l-img-r-txt"},{"historyslider_element_item_year":1999,"historyslider_element_item_titel":"","historyslider_element_item_text":"<strong>1999<\/strong> Jan Martel tritt ins Unternehmen ein \u2013 just als die Welt den Millenniumbug f\u00fcrchtet. Martel bleibt gelassen: Der einzige Systemwechsel findet bei Martel selbst statt.\r\n\r\n<strong>2002<\/strong> Ariane Martel kommt dazu und verst\u00e4rkt das Team.\r\n\r\n&nbsp;","historyslider_element_item_bild":29296,"historyslider_element_item_layout":"l-img-r-txt"},{"historyslider_element_item_year":1995,"historyslider_element_item_titel":"","historyslider_element_item_text":"<strong>1995<\/strong> Die Martel AG St.Gallen geht als eines der ersten Unternehmen der Schweiz und als erste Weinhandlung Europas mit einem Webshop online. Das Internet ist noch komplett unbe\u00adkannt. Ein Jahr sp\u00e4ter \u2013 Goog\u00adle ist noch nicht geboren \u2013 listet Yahoo erst 49 Wein-Webshops weltweit auf.","historyslider_element_item_bild":16161,"historyslider_element_item_layout":"l-img-r-txt"},{"historyslider_element_item_year":1990,"historyslider_element_item_titel":"","historyslider_element_item_text":"<strong>1990<\/strong> Martel \u00fcbernimmt ab dem Jahrgang 1990 die Exklusivvertretung der Domaine de la Roman\u00e9e-Conti (DRC) in der Schweiz und im F\u00fcrstentum Liechtenstein. Die Weine sind rar, weltweit gesucht und vielleicht das Exklusivste, das sich der Weinenthusiast in seinem Keller vorstellen kann.","historyslider_element_item_bild":29266,"historyslider_element_item_layout":"l-img-r-txt"},{"historyslider_element_item_year":1989,"historyslider_element_item_titel":"","historyslider_element_item_text":"<strong>1989<\/strong> Die erste Martel Tour des Vins<sup>\u00a9 <\/sup>findet statt. Seitdem hat sich diese Grossdegustation zu einem festen Bestandteil der Schweizer Weinszene entwickelt.","historyslider_element_item_bild":29279,"historyslider_element_item_layout":"l-img-r-txt"},{"historyslider_element_item_year":1979,"historyslider_element_item_titel":"","historyslider_element_item_text":"<strong>1979<\/strong> Ludwig und Wolfram Martel \u00fcbernehmen die Co-Gesch\u00e4ftsleitung in 4. Generation.\r\n\r\n<strong>1980<\/strong> Er\u00f6ffnung des Hochregallagers im St.Galler Lerchental.","historyslider_element_item_bild":7607,"historyslider_element_item_layout":"l-img-r-txt"},{"historyslider_element_item_year":1963,"historyslider_element_item_titel":"","historyslider_element_item_text":"<strong>1963<\/strong> Erich Martel reist nach Kalifornien und importiert als europ\u00e4ischer Pionier \u00dcberseeweine nach St.Gallen, was der New York Times die Schlagzeile wert war: \u00abLike selling iceboxes to eskimos\u00bb.\r\n\r\n<strong>1970<\/strong> Der Firmenname wird unverwechselbar auf Martel AG St.Gallen festgelegt.","historyslider_element_item_bild":28798,"historyslider_element_item_layout":"l-img-r-txt"},{"historyslider_element_item_year":1946,"historyslider_element_item_titel":"","historyslider_element_item_text":"<strong>1946<\/strong> Ein Ladengesch\u00e4ft wird an der St.Galler Vadianstrasse er\u00f6ffnet. Rhein- und Moselweine werden aus der franz\u00f6sischen Besatzungszone importiert. 14\u2019000 Flaschen werden in die USA exportiert.\r\n\r\n<strong>1951<\/strong> Umzug an die Poststrasse 11, die auch heute noch g\u00fcltige Adresse ist.","historyslider_element_item_bild":7183,"historyslider_element_item_layout":"l-img-r-txt"},{"historyslider_element_item_year":1940,"historyslider_element_item_titel":"","historyslider_element_item_text":"<strong>1940<\/strong> Erich Martel \u00fcbernimmt die Gesch\u00e4ftsf\u00fchrung in 3. Generation.","historyslider_element_item_bild":7614,"historyslider_element_item_layout":"l-img-r-txt"},{"historyslider_element_item_year":1912,"historyslider_element_item_titel":"","historyslider_element_item_text":"<strong>1912<\/strong> Einrichtung des Grabenkellers beim Blumenbergplatz im ehemaligen Bahntrasseegraben.\r\n\r\n<strong>1918<\/strong> Martel erzielt zum ersten Mal eine Million Franken Umsatz. In der darauffolgenden Wirtschaftskrise der 30er-Jahre bricht der Umsatz wieder empfindlich ein.","historyslider_element_item_bild":7168,"historyslider_element_item_layout":"l-img-r-txt"},{"historyslider_element_item_year":1889,"historyslider_element_item_titel":"","historyslider_element_item_text":"<strong>1889<\/strong> Paul Ferdinand Martel beginnt seine Gesch\u00e4ftst\u00e4tigkeit als erst 17-J\u00e4hriger. Er kn\u00fcpft Gesch\u00e4ftsbeziehungen nach Davos und Arosa, auch heute noch Orte mit vielen Martel-Kunden.\r\n\r\n&nbsp;","historyslider_element_item_bild":7617,"historyslider_element_item_layout":"l-txt-r-img"},{"historyslider_element_item_year":1876,"historyslider_element_item_titel":"","historyslider_element_item_text":"<strong>1876<\/strong> Margarethe und Ferdinand C. E. Martel-Falck \u00fcbernehmen in St.Gallen die Vertretung der Weingrosshandlung Falck aus Mainz. Spezialisiert ist die junge Weinhandlung auf Mosel Weine und sp\u00e4ter auch auf Bordeaux.","historyslider_element_item_bild":7634,"historyslider_element_item_layout":"l-img-r-txt"}]}]},"yoast_head":"<!-- This site is optimized with the Yoast SEO plugin v27.5 - https:\/\/yoast.com\/product\/yoast-seo-wordpress\/ -->\n<title>Meilensteine | Martel Weine St.Gallen und Z\u00fcrich<\/title>\n<meta name=\"description\" content=\"Meilensteine - Seit 1876 ist Martel Vermittler von sinnlicher Weinkultur. Der Familienbetrieb wird in 5. Generation von Jan Martel gef\u00fchrt.\" \/>\n<meta name=\"robots\" content=\"index, follow, max-snippet:-1, max-image-preview:large, max-video-preview:-1\" \/>\n<link rel=\"canonical\" href=\"https:\/\/www.martel.ch\/cms\/martel\/meilensteine\/\" \/>\n<meta property=\"og:locale\" content=\"de_DE\" \/>\n<meta property=\"og:type\" content=\"article\" \/>\n<meta property=\"og:title\" content=\"Meilensteine | Martel Weine St.Gallen und Z\u00fcrich\" \/>\n<meta property=\"og:description\" content=\"Meilensteine - Seit 1876 ist Martel Vermittler von sinnlicher Weinkultur. Der Familienbetrieb wird in 5. Generation von Jan Martel gef\u00fchrt.\" \/>\n<meta property=\"og:url\" content=\"https:\/\/www.martel.ch\/cms\/martel\/meilensteine\/\" \/>\n<meta property=\"og:site_name\" content=\"Martel\" \/>\n<meta property=\"article:publisher\" content=\"https:\/\/www.facebook.com\/pages\/Martel-AG-St-Gallen\/233396026691876\" \/>\n<meta property=\"article:modified_time\" content=\"2025-11-12T12:24:01+00:00\" \/>\n<meta property=\"og:image\" content=\"https:\/\/www.martel.ch\/cms\/wp-content\/uploads\/2019\/02\/martel-facebook-1200x630.png\" \/>\n\t<meta property=\"og:image:width\" content=\"1200\" \/>\n\t<meta property=\"og:image:height\" content=\"630\" \/>\n\t<meta property=\"og:image:type\" content=\"image\/png\" \/>\n<meta name=\"twitter:card\" content=\"summary_large_image\" \/>\n<meta name=\"twitter:site\" content=\"@martel_weinwelt\" \/>\n<meta name=\"twitter:label1\" content=\"Gesch\u00e4tzte Lesezeit\" \/>\n\t<meta name=\"twitter:data1\" content=\"1\u00a0Minute\" \/>\n\t<meta name=\"twitter:label2\" content=\"Written by\" \/>\n\t<meta name=\"twitter:data2\" content=\"Martel Weinwelt\" \/>\n<script type=\"application\/ld+json\" class=\"yoast-schema-graph\">{\"@context\":\"https:\\\/\\\/schema.org\",\"@graph\":[{\"@type\":\"WebPage\",\"@id\":\"https:\\\/\\\/www.martel.ch\\\/cms\\\/martel\\\/meilensteine\\\/\",\"url\":\"https:\\\/\\\/www.martel.ch\\\/cms\\\/martel\\\/meilensteine\\\/\",\"name\":\"Meilensteine | Martel Weine St.Gallen und Z\u00fcrich\",\"isPartOf\":{\"@id\":\"https:\\\/\\\/www.martel.ch\\\/cms\\\/#website\"},\"datePublished\":\"2025-03-17T15:40:54+00:00\",\"dateModified\":\"2025-11-12T12:24:01+00:00\",\"description\":\"Meilensteine - Seit 1876 ist Martel Vermittler von sinnlicher Weinkultur. Der Familienbetrieb wird in 5. Generation von Jan Martel gef\u00fchrt.\",\"breadcrumb\":{\"@id\":\"https:\\\/\\\/www.martel.ch\\\/cms\\\/martel\\\/meilensteine\\\/#breadcrumb\"},\"inLanguage\":\"de-CH\",\"potentialAction\":[{\"@type\":\"ReadAction\",\"target\":[\"https:\\\/\\\/www.martel.ch\\\/cms\\\/martel\\\/meilensteine\\\/\"]}]},{\"@type\":\"BreadcrumbList\",\"@id\":\"https:\\\/\\\/www.martel.ch\\\/cms\\\/martel\\\/meilensteine\\\/#breadcrumb\",\"itemListElement\":[{\"@type\":\"ListItem\",\"position\":1,\"name\":\"Startseite\",\"item\":\"https:\\\/\\\/www.martel.ch\\\/cms\\\/\"},{\"@type\":\"ListItem\",\"position\":2,\"name\":\"Martel\",\"item\":\"https:\\\/\\\/www.martel.ch\\\/cms\\\/martel\\\/\"},{\"@type\":\"ListItem\",\"position\":3,\"name\":\"Meilensteine\"}]},{\"@type\":\"WebSite\",\"@id\":\"https:\\\/\\\/www.martel.ch\\\/cms\\\/#website\",\"url\":\"https:\\\/\\\/www.martel.ch\\\/cms\\\/\",\"name\":\"Martel\",\"description\":\"F\u00fcr Weinbegeisterte und die, die es werden m\u00f6chten.\",\"publisher\":{\"@id\":\"https:\\\/\\\/www.martel.ch\\\/cms\\\/#organization\"},\"potentialAction\":[{\"@type\":\"SearchAction\",\"target\":{\"@type\":\"EntryPoint\",\"urlTemplate\":\"https:\\\/\\\/www.martel.ch\\\/cms\\\/?s={search_term_string}\"},\"query-input\":{\"@type\":\"PropertyValueSpecification\",\"valueRequired\":true,\"valueName\":\"search_term_string\"}}],\"inLanguage\":\"de-CH\"},{\"@type\":\"Organization\",\"@id\":\"https:\\\/\\\/www.martel.ch\\\/cms\\\/#organization\",\"name\":\"Martel AG St.Gallen\",\"url\":\"https:\\\/\\\/www.martel.ch\\\/cms\\\/\",\"logo\":{\"@type\":\"ImageObject\",\"inLanguage\":\"de-CH\",\"@id\":\"https:\\\/\\\/www.martel.ch\\\/cms\\\/#\\\/schema\\\/logo\\\/image\\\/\",\"url\":\"https:\\\/\\\/www.martel.ch\\\/cms\\\/wp-content\\\/uploads\\\/2019\\\/02\\\/martel-logo.png\",\"contentUrl\":\"https:\\\/\\\/www.martel.ch\\\/cms\\\/wp-content\\\/uploads\\\/2019\\\/02\\\/martel-logo.png\",\"width\":600,\"height\":600,\"caption\":\"Martel AG St.Gallen\"},\"image\":{\"@id\":\"https:\\\/\\\/www.martel.ch\\\/cms\\\/#\\\/schema\\\/logo\\\/image\\\/\"},\"sameAs\":[\"https:\\\/\\\/www.facebook.com\\\/pages\\\/Martel-AG-St-Gallen\\\/233396026691876\",\"https:\\\/\\\/x.com\\\/martel_weinwelt\",\"https:\\\/\\\/www.instagram.com\\\/martel_weinwelt\\\/\",\"https:\\\/\\\/www.linkedin.com\\\/company\\\/martel-ag-st-gallen\",\"https:\\\/\\\/www.pinterest.ch\\\/martel_weinwelt\"]}]}<\/script>\n<!-- \/ Yoast SEO plugin. -->","yoast_head_json":{"title":"Meilensteine | Martel Weine St.Gallen und Z\u00fcrich","description":"Meilensteine - Seit 1876 ist Martel Vermittler von sinnlicher Weinkultur. Der Familienbetrieb wird in 5. Generation von Jan Martel gef\u00fchrt.","robots":{"index":"index","follow":"follow","max-snippet":"max-snippet:-1","max-image-preview":"max-image-preview:large","max-video-preview":"max-video-preview:-1"},"canonical":"https:\/\/www.martel.ch\/cms\/martel\/meilensteine\/","og_locale":"de_DE","og_type":"article","og_title":"Meilensteine | Martel Weine St.Gallen und Z\u00fcrich","og_description":"Meilensteine - Seit 1876 ist Martel Vermittler von sinnlicher Weinkultur. Der Familienbetrieb wird in 5. Generation von Jan Martel gef\u00fchrt.","og_url":"https:\/\/www.martel.ch\/cms\/martel\/meilensteine\/","og_site_name":"Martel","article_publisher":"https:\/\/www.facebook.com\/pages\/Martel-AG-St-Gallen\/233396026691876","article_modified_time":"2025-11-12T12:24:01+00:00","og_image":[{"width":1200,"height":630,"url":"https:\/\/www.martel.ch\/cms\/wp-content\/uploads\/2019\/02\/martel-facebook-1200x630.png","type":"image\/png"}],"twitter_card":"summary_large_image","twitter_site":"@martel_weinwelt","twitter_misc":{"Gesch\u00e4tzte Lesezeit":"1\u00a0Minute","Written by":"Martel Weinwelt"},"schema":{"@context":"https:\/\/schema.org","@graph":[{"@type":"WebPage","@id":"https:\/\/www.martel.ch\/cms\/martel\/meilensteine\/","url":"https:\/\/www.martel.ch\/cms\/martel\/meilensteine\/","name":"Meilensteine | Martel Weine St.Gallen und Z\u00fcrich","isPartOf":{"@id":"https:\/\/www.martel.ch\/cms\/#website"},"datePublished":"2025-03-17T15:40:54+00:00","dateModified":"2025-11-12T12:24:01+00:00","description":"Meilensteine - Seit 1876 ist Martel Vermittler von sinnlicher Weinkultur. Der Familienbetrieb wird in 5. Generation von Jan Martel gef\u00fchrt.","breadcrumb":{"@id":"https:\/\/www.martel.ch\/cms\/martel\/meilensteine\/#breadcrumb"},"inLanguage":"de-CH","potentialAction":[{"@type":"ReadAction","target":["https:\/\/www.martel.ch\/cms\/martel\/meilensteine\/"]}]},{"@type":"BreadcrumbList","@id":"https:\/\/www.martel.ch\/cms\/martel\/meilensteine\/#breadcrumb","itemListElement":[{"@type":"ListItem","position":1,"name":"Startseite","item":"https:\/\/www.martel.ch\/cms\/"},{"@type":"ListItem","position":2,"name":"Martel","item":"https:\/\/www.martel.ch\/cms\/martel\/"},{"@type":"ListItem","position":3,"name":"Meilensteine"}]},{"@type":"WebSite","@id":"https:\/\/www.martel.ch\/cms\/#website","url":"https:\/\/www.martel.ch\/cms\/","name":"Martel","description":"F\u00fcr Weinbegeisterte und die, die es werden m\u00f6chten.","publisher":{"@id":"https:\/\/www.martel.ch\/cms\/#organization"},"potentialAction":[{"@type":"SearchAction","target":{"@type":"EntryPoint","urlTemplate":"https:\/\/www.martel.ch\/cms\/?s={search_term_string}"},"query-input":{"@type":"PropertyValueSpecification","valueRequired":true,"valueName":"search_term_string"}}],"inLanguage":"de-CH"},{"@type":"Organization","@id":"https:\/\/www.martel.ch\/cms\/#organization","name":"Martel AG St.Gallen","url":"https:\/\/www.martel.ch\/cms\/","logo":{"@type":"ImageObject","inLanguage":"de-CH","@id":"https:\/\/www.martel.ch\/cms\/#\/schema\/logo\/image\/","url":"https:\/\/www.martel.ch\/cms\/wp-content\/uploads\/2019\/02\/martel-logo.png","contentUrl":"https:\/\/www.martel.ch\/cms\/wp-content\/uploads\/2019\/02\/martel-logo.png","width":600,"height":600,"caption":"Martel AG St.Gallen"},"image":{"@id":"https:\/\/www.martel.ch\/cms\/#\/schema\/logo\/image\/"},"sameAs":["https:\/\/www.facebook.com\/pages\/Martel-AG-St-Gallen\/233396026691876","https:\/\/x.com\/martel_weinwelt","https:\/\/www.instagram.com\/martel_weinwelt\/","https:\/\/www.linkedin.com\/company\/martel-ag-st-gallen","https:\/\/www.pinterest.ch\/martel_weinwelt"]}]}},"_links":{"self":[{"href":"https:\/\/www.martel.ch\/cms\/wp-json\/wp\/v2\/pages\/28431","targetHints":{"allow":["GET"]}}],"collection":[{"href":"https:\/\/www.martel.ch\/cms\/wp-json\/wp\/v2\/pages"}],"about":[{"href":"https:\/\/www.martel.ch\/cms\/wp-json\/wp\/v2\/types\/page"}],"author":[{"embeddable":true,"href":"https:\/\/www.martel.ch\/cms\/wp-json\/wp\/v2\/users\/1"}],"replies":[{"embeddable":true,"href":"https:\/\/www.martel.ch\/cms\/wp-json\/wp\/v2\/comments?post=28431"}],"version-history":[{"count":10,"href":"https:\/\/www.martel.ch\/cms\/wp-json\/wp\/v2\/pages\/28431\/revisions"}],"predecessor-version":[{"id":31464,"href":"https:\/\/www.martel.ch\/cms\/wp-json\/wp\/v2\/pages\/28431\/revisions\/31464"}],"up":[{"embeddable":true,"href":"https:\/\/www.martel.ch\/cms\/wp-json\/wp\/v2\/pages\/6363"}],"wp:attachment":[{"href":"https:\/\/www.martel.ch\/cms\/wp-json\/wp\/v2\/media?parent=28431"}],"wp:term":[{"taxonomy":"category","embeddable":true,"href":"https:\/\/www.martel.ch\/cms\/wp-json\/wp\/v2\/categories?post=28431"},{"taxonomy":"author","embeddable":true,"href":"https:\/\/www.martel.ch\/cms\/wp-json\/wp\/v2\/coauthors?post=28431"}],"curies":[{"name":"wp","href":"https:\/\/api.w.org\/{rel}","templated":true}]}}