{"id":28586,"date":"2025-03-06T09:36:19","date_gmt":"2025-03-06T08:36:19","guid":{"rendered":"https:\/\/www.martel.ch\/cms\/?page_id=28586"},"modified":"2025-11-06T10:21:32","modified_gmt":"2025-11-06T09:21:32","slug":"weinkurs-basic","status":"publish","type":"page","link":"https:\/\/www.martel.ch\/cms\/events\/weinkurse\/weinkurs-basic\/","title":{"rendered":"Weinkurs Basic"},"content":{"rendered":"","protected":false},"excerpt":{"rendered":"","protected":false},"author":1,"featured_media":28553,"parent":6715,"menu_order":0,"comment_status":"closed","ping_status":"closed","template":"","meta":{"_acf_changed":false,"inline_featured_image":false,"footnotes":""},"categories":[],"coauthors":[497],"class_list":["post-28586","page","type-page","status-publish","has-post-thumbnail","hentry"],"acf":{"inhaltselemente":[{"acf_fc_layout":"einspalter_text","einspalter_text_titel":"Weinkurs Basic","einspalter_text_titel_typ":"1","einspalter_text_titel_fake":false,"einspalter_text_subtitle":"","einspalter_text_content":"Keine Panik, es ist nur Wein. In unserem Weinkurs Basic erarbeiten wir in lockerer Atmosph\u00e4re die Grundlagen des Weinwissens. Ein idealer Einstieg in die Welt des Weins und eine Einf\u00fchrung in die Degustationstechnik: Es geht um Rebsorten, Weinbereitung, Stilistik und den richtigen Umgang mit Wein. Unsere kompetenten Weinprofis vermitteln ihr Wissen mit ansteckender Freude und f\u00fcr alle verst\u00e4ndlich. Wein probieren und dabei lernen.","einspalter_bgcolor":false,"einspalter_layout_lines_top_bottom":false,"einspalter_collapse":false},{"acf_fc_layout":"einspalter_text","einspalter_text_titel":"Konzept","einspalter_text_titel_typ":"2","einspalter_text_titel_fake":false,"einspalter_text_subtitle":"","einspalter_text_content":"<ul>\r\n \t<li>Vermittlung von Basis-Weinwissen durch unsere Weinspezialisten<\/li>\r\n \t<li>Degustation von etwa einem Dutzend Weine<\/li>\r\n \t<li>Martel Weinmaleins \u2013 DIE Weinkurs-Brosch\u00fcre zum Mitnehmen<\/li>\r\n \t<li>Aroma-Parcours<\/li>\r\n \t<li>Ap\u00e9roplatte<\/li>\r\n \t<li>Martel-Einkaufsgutschein \u00fcber CHF 30<\/li>\r\n<\/ul>","einspalter_bgcolor":true,"einspalter_layout_lines_top_bottom":false,"einspalter_collapse":false},{"acf_fc_layout":"einspalter_text","einspalter_text_titel":"Themen","einspalter_text_titel_typ":"2","einspalter_text_titel_fake":false,"einspalter_text_subtitle":"","einspalter_text_content":"<ul>\r\n \t<li>Weingeschichte und Weinkultur<\/li>\r\n \t<li>Im Rebberg: Klima, Wetter, Bodenbeschaffenheit, Reberziehung<\/li>\r\n \t<li>Im Keller: Herstellung\/Vinifikation und Weinstile<\/li>\r\n \t<li>Klassische Traubensorten<\/li>\r\n \t<li>Degustationstechnik: Erste Ans\u00e4tze zur objektiven Bewertung von Weinen<\/li>\r\n \t<li>Deutung von Qualit\u00e4tsmerkmalen und Herkunftsbezeichnungen<\/li>\r\n \t<li>Richtiger Umgang mit Wein<\/li>\r\n<\/ul>\r\n<a class=\"btn btn-arrow\" href=\"https:\/\/www.martel.ch\/cms\/veranstaltung\/weinkurs-basic-10\/\">Zu den Daten<\/a>","einspalter_bgcolor":false,"einspalter_layout_lines_top_bottom":false,"einspalter_collapse":false},{"acf_fc_layout":"image_image_text","image_image_text_titel_left":"","image_image_text_titel_typ_left":"2","image_image_text_titel_fake_left":false,"image_image_text_link_left":"","image_image_text_link_left_area":false,"image_image_text_bild_left":"","image_image_text_content_left":"<a class=\"btn btn-arrow\" href=\"https:\/\/www.martel.ch\/cms\/events\/veranstaltungen\/\">Zum Eventkalender<\/a>","image_image_text_video_left":"","image_image_text_teaser_left":{"image_image_text_teaser_left_titel":"","image_image_text_teaser_left_titel_typ":"2","image_image_text_teaser_left_titel_fake":false,"image_image_text_teaser_left_link":""},"image_image_text_icon_left":"","image_image_text_icon_bg_left":"martel-rot","image_image_text_titel_right":"","image_image_text_titel_typ_right":"2","image_image_text_titel_fake_right":false,"image_image_text_link_right":"","image_image_text_link_right_area":false,"image_image_text_bild_right":"","image_image_text_content_right":"<a class=\"btn btn-arrow\" href=\"https:\/\/www.martel.ch\/cms\/events\/weinkurse\/weinkurs-deep-dive\/\">Weinkurs Deep Dives<\/a>","image_image_text_video_right":"","image_image_text_teaser_right":{"image_image_text_teaser_right_titel":"","image_image_text_teaser_right_titel_typ":"2","image_image_text_teaser_right_titel_fake":false,"image_image_text_teaser_right_link":""},"image_image_text_icon_right":"","image_image_text_icon_bg_right":"martel-rot","image_image_text_offset":false,"image_image_text_bgcolor":false}]},"yoast_head":"<!-- This site is optimized with the Yoast SEO plugin v27.4 - https:\/\/yoast.com\/product\/yoast-seo-wordpress\/ -->\n<title>Weinkurs Basic | Martel Weine St.Gallen und Z\u00fcrich<\/title>\n<meta name=\"description\" content=\"DER Weinkurs in Z\u00fcrich und St.Gallen. In unserem Weinkurs Basic erarbeiten wir in lockerer Atmosph\u00e4re die Grundlagen des Weinwissens.\" \/>\n<meta name=\"robots\" content=\"index, follow, max-snippet:-1, max-image-preview:large, max-video-preview:-1\" \/>\n<link rel=\"canonical\" href=\"https:\/\/www.martel.ch\/cms\/events\/weinkurse\/weinkurs-basic\/\" \/>\n<meta property=\"og:locale\" content=\"de_DE\" \/>\n<meta property=\"og:type\" content=\"article\" \/>\n<meta property=\"og:title\" content=\"Weinkurs Basic | Martel Weine St.Gallen und Z\u00fcrich\" \/>\n<meta property=\"og:description\" content=\"DER Weinkurs in Z\u00fcrich und St.Gallen. In unserem Weinkurs Basic erarbeiten wir in lockerer Atmosph\u00e4re die Grundlagen des Weinwissens.\" \/>\n<meta property=\"og:url\" content=\"https:\/\/www.martel.ch\/cms\/events\/weinkurse\/weinkurs-basic\/\" \/>\n<meta property=\"og:site_name\" content=\"Martel\" \/>\n<meta property=\"article:publisher\" content=\"https:\/\/www.facebook.com\/pages\/Martel-AG-St-Gallen\/233396026691876\" \/>\n<meta property=\"article:modified_time\" content=\"2025-11-06T09:21:32+00:00\" \/>\n<meta property=\"og:image\" content=\"https:\/\/www.martel.ch\/cms\/wp-content\/uploads\/2025\/03\/martel-deep-dives-10.jpg\" \/>\n\t<meta property=\"og:image:width\" content=\"2000\" \/>\n\t<meta property=\"og:image:height\" content=\"1333\" \/>\n\t<meta property=\"og:image:type\" content=\"image\/jpeg\" \/>\n<meta name=\"twitter:card\" content=\"summary_large_image\" \/>\n<meta name=\"twitter:site\" content=\"@martel_weinwelt\" \/>\n<meta name=\"twitter:label1\" content=\"Written by\" \/>\n\t<meta name=\"twitter:data1\" content=\"Martel Weinwelt\" \/>\n<script type=\"application\/ld+json\" class=\"yoast-schema-graph\">{\"@context\":\"https:\\\/\\\/schema.org\",\"@graph\":[{\"@type\":\"WebPage\",\"@id\":\"https:\\\/\\\/www.martel.ch\\\/cms\\\/events\\\/weinkurse\\\/weinkurs-basic\\\/\",\"url\":\"https:\\\/\\\/www.martel.ch\\\/cms\\\/events\\\/weinkurse\\\/weinkurs-basic\\\/\",\"name\":\"Weinkurs Basic | Martel Weine St.Gallen und Z\u00fcrich\",\"isPartOf\":{\"@id\":\"https:\\\/\\\/www.martel.ch\\\/cms\\\/#website\"},\"primaryImageOfPage\":{\"@id\":\"https:\\\/\\\/www.martel.ch\\\/cms\\\/events\\\/weinkurse\\\/weinkurs-basic\\\/#primaryimage\"},\"image\":{\"@id\":\"https:\\\/\\\/www.martel.ch\\\/cms\\\/events\\\/weinkurse\\\/weinkurs-basic\\\/#primaryimage\"},\"thumbnailUrl\":\"https:\\\/\\\/www.martel.ch\\\/cms\\\/wp-content\\\/uploads\\\/2025\\\/03\\\/martel-deep-dives-10.jpg\",\"datePublished\":\"2025-03-06T08:36:19+00:00\",\"dateModified\":\"2025-11-06T09:21:32+00:00\",\"description\":\"DER Weinkurs in Z\u00fcrich und St.Gallen. In unserem Weinkurs Basic erarbeiten wir in lockerer Atmosph\u00e4re die Grundlagen des Weinwissens.\",\"breadcrumb\":{\"@id\":\"https:\\\/\\\/www.martel.ch\\\/cms\\\/events\\\/weinkurse\\\/weinkurs-basic\\\/#breadcrumb\"},\"inLanguage\":\"de-CH\",\"potentialAction\":[{\"@type\":\"ReadAction\",\"target\":[\"https:\\\/\\\/www.martel.ch\\\/cms\\\/events\\\/weinkurse\\\/weinkurs-basic\\\/\"]}]},{\"@type\":\"ImageObject\",\"inLanguage\":\"de-CH\",\"@id\":\"https:\\\/\\\/www.martel.ch\\\/cms\\\/events\\\/weinkurse\\\/weinkurs-basic\\\/#primaryimage\",\"url\":\"https:\\\/\\\/www.martel.ch\\\/cms\\\/wp-content\\\/uploads\\\/2025\\\/03\\\/martel-deep-dives-10.jpg\",\"contentUrl\":\"https:\\\/\\\/www.martel.ch\\\/cms\\\/wp-content\\\/uploads\\\/2025\\\/03\\\/martel-deep-dives-10.jpg\",\"width\":2000,\"height\":1333,\"caption\":\"Weinkurse St.Gallen und Z\u00fcrich\"},{\"@type\":\"BreadcrumbList\",\"@id\":\"https:\\\/\\\/www.martel.ch\\\/cms\\\/events\\\/weinkurse\\\/weinkurs-basic\\\/#breadcrumb\",\"itemListElement\":[{\"@type\":\"ListItem\",\"position\":1,\"name\":\"Startseite\",\"item\":\"https:\\\/\\\/www.martel.ch\\\/cms\\\/\"},{\"@type\":\"ListItem\",\"position\":2,\"name\":\"Events\",\"item\":\"https:\\\/\\\/www.martel.ch\\\/cms\\\/events\\\/\"},{\"@type\":\"ListItem\",\"position\":3,\"name\":\"Weinkurse\",\"item\":\"https:\\\/\\\/www.martel.ch\\\/cms\\\/events\\\/weinkurse\\\/\"},{\"@type\":\"ListItem\",\"position\":4,\"name\":\"Weinkurs Basic\"}]},{\"@type\":\"WebSite\",\"@id\":\"https:\\\/\\\/www.martel.ch\\\/cms\\\/#website\",\"url\":\"https:\\\/\\\/www.martel.ch\\\/cms\\\/\",\"name\":\"Martel\",\"description\":\"F\u00fcr Weinbegeisterte und die, die es werden m\u00f6chten.\",\"publisher\":{\"@id\":\"https:\\\/\\\/www.martel.ch\\\/cms\\\/#organization\"},\"potentialAction\":[{\"@type\":\"SearchAction\",\"target\":{\"@type\":\"EntryPoint\",\"urlTemplate\":\"https:\\\/\\\/www.martel.ch\\\/cms\\\/?s={search_term_string}\"},\"query-input\":{\"@type\":\"PropertyValueSpecification\",\"valueRequired\":true,\"valueName\":\"search_term_string\"}}],\"inLanguage\":\"de-CH\"},{\"@type\":\"Organization\",\"@id\":\"https:\\\/\\\/www.martel.ch\\\/cms\\\/#organization\",\"name\":\"Martel AG St.Gallen\",\"url\":\"https:\\\/\\\/www.martel.ch\\\/cms\\\/\",\"logo\":{\"@type\":\"ImageObject\",\"inLanguage\":\"de-CH\",\"@id\":\"https:\\\/\\\/www.martel.ch\\\/cms\\\/#\\\/schema\\\/logo\\\/image\\\/\",\"url\":\"https:\\\/\\\/www.martel.ch\\\/cms\\\/wp-content\\\/uploads\\\/2019\\\/02\\\/martel-logo.png\",\"contentUrl\":\"https:\\\/\\\/www.martel.ch\\\/cms\\\/wp-content\\\/uploads\\\/2019\\\/02\\\/martel-logo.png\",\"width\":600,\"height\":600,\"caption\":\"Martel AG St.Gallen\"},\"image\":{\"@id\":\"https:\\\/\\\/www.martel.ch\\\/cms\\\/#\\\/schema\\\/logo\\\/image\\\/\"},\"sameAs\":[\"https:\\\/\\\/www.facebook.com\\\/pages\\\/Martel-AG-St-Gallen\\\/233396026691876\",\"https:\\\/\\\/x.com\\\/martel_weinwelt\",\"https:\\\/\\\/www.instagram.com\\\/martel_weinwelt\\\/\",\"https:\\\/\\\/www.linkedin.com\\\/company\\\/martel-ag-st-gallen\",\"https:\\\/\\\/www.pinterest.ch\\\/martel_weinwelt\"]}]}<\/script>\n<!-- \/ Yoast SEO plugin. -->","yoast_head_json":{"title":"Weinkurs Basic | Martel Weine St.Gallen und Z\u00fcrich","description":"DER Weinkurs in Z\u00fcrich und St.Gallen. In unserem Weinkurs Basic erarbeiten wir in lockerer Atmosph\u00e4re die Grundlagen des Weinwissens.","robots":{"index":"index","follow":"follow","max-snippet":"max-snippet:-1","max-image-preview":"max-image-preview:large","max-video-preview":"max-video-preview:-1"},"canonical":"https:\/\/www.martel.ch\/cms\/events\/weinkurse\/weinkurs-basic\/","og_locale":"de_DE","og_type":"article","og_title":"Weinkurs Basic | Martel Weine St.Gallen und Z\u00fcrich","og_description":"DER Weinkurs in Z\u00fcrich und St.Gallen. In unserem Weinkurs Basic erarbeiten wir in lockerer Atmosph\u00e4re die Grundlagen des Weinwissens.","og_url":"https:\/\/www.martel.ch\/cms\/events\/weinkurse\/weinkurs-basic\/","og_site_name":"Martel","article_publisher":"https:\/\/www.facebook.com\/pages\/Martel-AG-St-Gallen\/233396026691876","article_modified_time":"2025-11-06T09:21:32+00:00","og_image":[{"width":2000,"height":1333,"url":"https:\/\/www.martel.ch\/cms\/wp-content\/uploads\/2025\/03\/martel-deep-dives-10.jpg","type":"image\/jpeg"}],"twitter_card":"summary_large_image","twitter_site":"@martel_weinwelt","twitter_misc":{"Written by":"Martel Weinwelt"},"schema":{"@context":"https:\/\/schema.org","@graph":[{"@type":"WebPage","@id":"https:\/\/www.martel.ch\/cms\/events\/weinkurse\/weinkurs-basic\/","url":"https:\/\/www.martel.ch\/cms\/events\/weinkurse\/weinkurs-basic\/","name":"Weinkurs Basic | Martel Weine St.Gallen und Z\u00fcrich","isPartOf":{"@id":"https:\/\/www.martel.ch\/cms\/#website"},"primaryImageOfPage":{"@id":"https:\/\/www.martel.ch\/cms\/events\/weinkurse\/weinkurs-basic\/#primaryimage"},"image":{"@id":"https:\/\/www.martel.ch\/cms\/events\/weinkurse\/weinkurs-basic\/#primaryimage"},"thumbnailUrl":"https:\/\/www.martel.ch\/cms\/wp-content\/uploads\/2025\/03\/martel-deep-dives-10.jpg","datePublished":"2025-03-06T08:36:19+00:00","dateModified":"2025-11-06T09:21:32+00:00","description":"DER Weinkurs in Z\u00fcrich und St.Gallen. In unserem Weinkurs Basic erarbeiten wir in lockerer Atmosph\u00e4re die Grundlagen des Weinwissens.","breadcrumb":{"@id":"https:\/\/www.martel.ch\/cms\/events\/weinkurse\/weinkurs-basic\/#breadcrumb"},"inLanguage":"de-CH","potentialAction":[{"@type":"ReadAction","target":["https:\/\/www.martel.ch\/cms\/events\/weinkurse\/weinkurs-basic\/"]}]},{"@type":"ImageObject","inLanguage":"de-CH","@id":"https:\/\/www.martel.ch\/cms\/events\/weinkurse\/weinkurs-basic\/#primaryimage","url":"https:\/\/www.martel.ch\/cms\/wp-content\/uploads\/2025\/03\/martel-deep-dives-10.jpg","contentUrl":"https:\/\/www.martel.ch\/cms\/wp-content\/uploads\/2025\/03\/martel-deep-dives-10.jpg","width":2000,"height":1333,"caption":"Weinkurse St.Gallen und Z\u00fcrich"},{"@type":"BreadcrumbList","@id":"https:\/\/www.martel.ch\/cms\/events\/weinkurse\/weinkurs-basic\/#breadcrumb","itemListElement":[{"@type":"ListItem","position":1,"name":"Startseite","item":"https:\/\/www.martel.ch\/cms\/"},{"@type":"ListItem","position":2,"name":"Events","item":"https:\/\/www.martel.ch\/cms\/events\/"},{"@type":"ListItem","position":3,"name":"Weinkurse","item":"https:\/\/www.martel.ch\/cms\/events\/weinkurse\/"},{"@type":"ListItem","position":4,"name":"Weinkurs Basic"}]},{"@type":"WebSite","@id":"https:\/\/www.martel.ch\/cms\/#website","url":"https:\/\/www.martel.ch\/cms\/","name":"Martel","description":"F\u00fcr Weinbegeisterte und die, die es werden m\u00f6chten.","publisher":{"@id":"https:\/\/www.martel.ch\/cms\/#organization"},"potentialAction":[{"@type":"SearchAction","target":{"@type":"EntryPoint","urlTemplate":"https:\/\/www.martel.ch\/cms\/?s={search_term_string}"},"query-input":{"@type":"PropertyValueSpecification","valueRequired":true,"valueName":"search_term_string"}}],"inLanguage":"de-CH"},{"@type":"Organization","@id":"https:\/\/www.martel.ch\/cms\/#organization","name":"Martel AG St.Gallen","url":"https:\/\/www.martel.ch\/cms\/","logo":{"@type":"ImageObject","inLanguage":"de-CH","@id":"https:\/\/www.martel.ch\/cms\/#\/schema\/logo\/image\/","url":"https:\/\/www.martel.ch\/cms\/wp-content\/uploads\/2019\/02\/martel-logo.png","contentUrl":"https:\/\/www.martel.ch\/cms\/wp-content\/uploads\/2019\/02\/martel-logo.png","width":600,"height":600,"caption":"Martel AG St.Gallen"},"image":{"@id":"https:\/\/www.martel.ch\/cms\/#\/schema\/logo\/image\/"},"sameAs":["https:\/\/www.facebook.com\/pages\/Martel-AG-St-Gallen\/233396026691876","https:\/\/x.com\/martel_weinwelt","https:\/\/www.instagram.com\/martel_weinwelt\/","https:\/\/www.linkedin.com\/company\/martel-ag-st-gallen","https:\/\/www.pinterest.ch\/martel_weinwelt"]}]}},"_links":{"self":[{"href":"https:\/\/www.martel.ch\/cms\/wp-json\/wp\/v2\/pages\/28586","targetHints":{"allow":["GET"]}}],"collection":[{"href":"https:\/\/www.martel.ch\/cms\/wp-json\/wp\/v2\/pages"}],"about":[{"href":"https:\/\/www.martel.ch\/cms\/wp-json\/wp\/v2\/types\/page"}],"author":[{"embeddable":true,"href":"https:\/\/www.martel.ch\/cms\/wp-json\/wp\/v2\/users\/1"}],"replies":[{"embeddable":true,"href":"https:\/\/www.martel.ch\/cms\/wp-json\/wp\/v2\/comments?post=28586"}],"version-history":[{"count":10,"href":"https:\/\/www.martel.ch\/cms\/wp-json\/wp\/v2\/pages\/28586\/revisions"}],"predecessor-version":[{"id":31411,"href":"https:\/\/www.martel.ch\/cms\/wp-json\/wp\/v2\/pages\/28586\/revisions\/31411"}],"up":[{"embeddable":true,"href":"https:\/\/www.martel.ch\/cms\/wp-json\/wp\/v2\/pages\/6715"}],"wp:featuredmedia":[{"embeddable":true,"href":"https:\/\/www.martel.ch\/cms\/wp-json\/wp\/v2\/media\/28553"}],"wp:attachment":[{"href":"https:\/\/www.martel.ch\/cms\/wp-json\/wp\/v2\/media?parent=28586"}],"wp:term":[{"taxonomy":"category","embeddable":true,"href":"https:\/\/www.martel.ch\/cms\/wp-json\/wp\/v2\/categories?post=28586"},{"taxonomy":"author","embeddable":true,"href":"https:\/\/www.martel.ch\/cms\/wp-json\/wp\/v2\/coauthors?post=28586"}],"curies":[{"name":"wp","href":"https:\/\/api.w.org\/{rel}","templated":true}]}}