{"id":28652,"date":"2025-03-10T10:31:31","date_gmt":"2025-03-10T09:31:31","guid":{"rendered":"https:\/\/www.martel.ch\/cms\/?page_id=28652"},"modified":"2025-09-30T09:29:14","modified_gmt":"2025-09-30T07:29:14","slug":"winzerbesuche-2","status":"publish","type":"page","link":"https:\/\/www.martel.ch\/cms\/dienstleistungen\/winzerbesuche-2\/","title":{"rendered":"Winzerbesuche"},"content":{"rendered":"","protected":false},"excerpt":{"rendered":"","protected":false},"author":1,"featured_media":18978,"parent":18927,"menu_order":1,"comment_status":"closed","ping_status":"closed","template":"","meta":{"_acf_changed":false,"inline_featured_image":false,"footnotes":""},"categories":[],"coauthors":[497],"class_list":["post-28652","page","type-page","status-publish","has-post-thumbnail","hentry"],"acf":{"inhaltselemente":[{"acf_fc_layout":"einspalter_text","einspalter_text_titel":"Winzerbesuche","einspalter_text_titel_typ":"1","einspalter_text_titel_fake":false,"einspalter_text_subtitle":"","einspalter_text_content":"Ihr Interesse freut uns, dass Sie zu unseren Winzerinnen und Winzern fahren m\u00f6chten. Wegen der grossen Nachfrage und aus R\u00fccksicht auf die Produzenten m\u00fcssen wir unser Angebot an Weingutsbesuchen allerdings \u00fcberarbeiten. Wir werden unser neues Angebot 2026 ver\u00f6ffentlichen. Bis dahin k\u00f6nnen wir leider keine diesbez\u00fcglichen Anfragen bearbeiten. Wir danken f\u00fcr Ihr Verst\u00e4ndnis.","einspalter_bgcolor":false,"einspalter_layout_lines_top_bottom":false,"einspalter_collapse":false}]},"yoast_head":"<!-- This site is optimized with the Yoast SEO plugin v27.5 - https:\/\/yoast.com\/product\/yoast-seo-wordpress\/ -->\n<title>Winzerbesuche | Martel Weine St.Gallen und Z\u00fcrich<\/title>\n<meta name=\"description\" content=\"Der Besuche eines Weinguts in ein besonderes Erlebnis. Gerne machen wir Empfehlungen und vermitteln den Kontakt zu Winzerinnen und Winzern.\" \/>\n<meta name=\"robots\" content=\"index, follow, max-snippet:-1, max-image-preview:large, max-video-preview:-1\" \/>\n<link rel=\"canonical\" href=\"https:\/\/www.martel.ch\/cms\/dienstleistungen\/winzerbesuche-2\/\" \/>\n<meta property=\"og:locale\" content=\"de_DE\" \/>\n<meta property=\"og:type\" content=\"article\" \/>\n<meta property=\"og:title\" content=\"Winzerbesuche | Martel Weine St.Gallen und Z\u00fcrich\" \/>\n<meta property=\"og:description\" content=\"Der Besuche eines Weinguts in ein besonderes Erlebnis. Gerne machen wir Empfehlungen und vermitteln den Kontakt zu Winzerinnen und Winzern.\" \/>\n<meta property=\"og:url\" content=\"https:\/\/www.martel.ch\/cms\/dienstleistungen\/winzerbesuche-2\/\" \/>\n<meta property=\"og:site_name\" content=\"Martel\" \/>\n<meta property=\"article:publisher\" content=\"https:\/\/www.facebook.com\/pages\/Martel-AG-St-Gallen\/233396026691876\" \/>\n<meta property=\"article:modified_time\" content=\"2025-09-30T07:29:14+00:00\" \/>\n<meta property=\"og:image\" content=\"https:\/\/www.martel.ch\/cms\/wp-content\/uploads\/2023\/06\/2023_06_Portfolio_17.jpg\" \/>\n\t<meta property=\"og:image:width\" content=\"2000\" \/>\n\t<meta property=\"og:image:height\" content=\"1333\" \/>\n\t<meta property=\"og:image:type\" content=\"image\/jpeg\" \/>\n<meta name=\"twitter:card\" content=\"summary_large_image\" \/>\n<meta name=\"twitter:site\" content=\"@martel_weinwelt\" \/>\n<meta name=\"twitter:label1\" content=\"Written by\" \/>\n\t<meta name=\"twitter:data1\" content=\"Martel Weinwelt\" \/>\n<script type=\"application\/ld+json\" class=\"yoast-schema-graph\">{\"@context\":\"https:\\\/\\\/schema.org\",\"@graph\":[{\"@type\":\"WebPage\",\"@id\":\"https:\\\/\\\/www.martel.ch\\\/cms\\\/dienstleistungen\\\/winzerbesuche-2\\\/\",\"url\":\"https:\\\/\\\/www.martel.ch\\\/cms\\\/dienstleistungen\\\/winzerbesuche-2\\\/\",\"name\":\"Winzerbesuche | Martel Weine St.Gallen und Z\u00fcrich\",\"isPartOf\":{\"@id\":\"https:\\\/\\\/www.martel.ch\\\/cms\\\/#website\"},\"primaryImageOfPage\":{\"@id\":\"https:\\\/\\\/www.martel.ch\\\/cms\\\/dienstleistungen\\\/winzerbesuche-2\\\/#primaryimage\"},\"image\":{\"@id\":\"https:\\\/\\\/www.martel.ch\\\/cms\\\/dienstleistungen\\\/winzerbesuche-2\\\/#primaryimage\"},\"thumbnailUrl\":\"https:\\\/\\\/www.martel.ch\\\/cms\\\/wp-content\\\/uploads\\\/2023\\\/06\\\/2023_06_Portfolio_17.jpg\",\"datePublished\":\"2025-03-10T09:31:31+00:00\",\"dateModified\":\"2025-09-30T07:29:14+00:00\",\"description\":\"Der Besuche eines Weinguts in ein besonderes Erlebnis. Gerne machen wir Empfehlungen und vermitteln den Kontakt zu Winzerinnen und Winzern.\",\"breadcrumb\":{\"@id\":\"https:\\\/\\\/www.martel.ch\\\/cms\\\/dienstleistungen\\\/winzerbesuche-2\\\/#breadcrumb\"},\"inLanguage\":\"de-CH\",\"potentialAction\":[{\"@type\":\"ReadAction\",\"target\":[\"https:\\\/\\\/www.martel.ch\\\/cms\\\/dienstleistungen\\\/winzerbesuche-2\\\/\"]}]},{\"@type\":\"ImageObject\",\"inLanguage\":\"de-CH\",\"@id\":\"https:\\\/\\\/www.martel.ch\\\/cms\\\/dienstleistungen\\\/winzerbesuche-2\\\/#primaryimage\",\"url\":\"https:\\\/\\\/www.martel.ch\\\/cms\\\/wp-content\\\/uploads\\\/2023\\\/06\\\/2023_06_Portfolio_17.jpg\",\"contentUrl\":\"https:\\\/\\\/www.martel.ch\\\/cms\\\/wp-content\\\/uploads\\\/2023\\\/06\\\/2023_06_Portfolio_17.jpg\",\"width\":2000,\"height\":1333,\"caption\":\"Martel Serviceportfolio\"},{\"@type\":\"BreadcrumbList\",\"@id\":\"https:\\\/\\\/www.martel.ch\\\/cms\\\/dienstleistungen\\\/winzerbesuche-2\\\/#breadcrumb\",\"itemListElement\":[{\"@type\":\"ListItem\",\"position\":1,\"name\":\"Startseite\",\"item\":\"https:\\\/\\\/www.martel.ch\\\/cms\\\/\"},{\"@type\":\"ListItem\",\"position\":2,\"name\":\"Dienstleistungen\",\"item\":\"https:\\\/\\\/www.martel.ch\\\/cms\\\/dienstleistungen\\\/\"},{\"@type\":\"ListItem\",\"position\":3,\"name\":\"Winzerbesuche\"}]},{\"@type\":\"WebSite\",\"@id\":\"https:\\\/\\\/www.martel.ch\\\/cms\\\/#website\",\"url\":\"https:\\\/\\\/www.martel.ch\\\/cms\\\/\",\"name\":\"Martel\",\"description\":\"F\u00fcr Weinbegeisterte und die, die es werden m\u00f6chten.\",\"publisher\":{\"@id\":\"https:\\\/\\\/www.martel.ch\\\/cms\\\/#organization\"},\"potentialAction\":[{\"@type\":\"SearchAction\",\"target\":{\"@type\":\"EntryPoint\",\"urlTemplate\":\"https:\\\/\\\/www.martel.ch\\\/cms\\\/?s={search_term_string}\"},\"query-input\":{\"@type\":\"PropertyValueSpecification\",\"valueRequired\":true,\"valueName\":\"search_term_string\"}}],\"inLanguage\":\"de-CH\"},{\"@type\":\"Organization\",\"@id\":\"https:\\\/\\\/www.martel.ch\\\/cms\\\/#organization\",\"name\":\"Martel AG St.Gallen\",\"url\":\"https:\\\/\\\/www.martel.ch\\\/cms\\\/\",\"logo\":{\"@type\":\"ImageObject\",\"inLanguage\":\"de-CH\",\"@id\":\"https:\\\/\\\/www.martel.ch\\\/cms\\\/#\\\/schema\\\/logo\\\/image\\\/\",\"url\":\"https:\\\/\\\/www.martel.ch\\\/cms\\\/wp-content\\\/uploads\\\/2019\\\/02\\\/martel-logo.png\",\"contentUrl\":\"https:\\\/\\\/www.martel.ch\\\/cms\\\/wp-content\\\/uploads\\\/2019\\\/02\\\/martel-logo.png\",\"width\":600,\"height\":600,\"caption\":\"Martel AG St.Gallen\"},\"image\":{\"@id\":\"https:\\\/\\\/www.martel.ch\\\/cms\\\/#\\\/schema\\\/logo\\\/image\\\/\"},\"sameAs\":[\"https:\\\/\\\/www.facebook.com\\\/pages\\\/Martel-AG-St-Gallen\\\/233396026691876\",\"https:\\\/\\\/x.com\\\/martel_weinwelt\",\"https:\\\/\\\/www.instagram.com\\\/martel_weinwelt\\\/\",\"https:\\\/\\\/www.linkedin.com\\\/company\\\/martel-ag-st-gallen\",\"https:\\\/\\\/www.pinterest.ch\\\/martel_weinwelt\"]}]}<\/script>\n<!-- \/ Yoast SEO plugin. -->","yoast_head_json":{"title":"Winzerbesuche | Martel Weine St.Gallen und Z\u00fcrich","description":"Der Besuche eines Weinguts in ein besonderes Erlebnis. Gerne machen wir Empfehlungen und vermitteln den Kontakt zu Winzerinnen und Winzern.","robots":{"index":"index","follow":"follow","max-snippet":"max-snippet:-1","max-image-preview":"max-image-preview:large","max-video-preview":"max-video-preview:-1"},"canonical":"https:\/\/www.martel.ch\/cms\/dienstleistungen\/winzerbesuche-2\/","og_locale":"de_DE","og_type":"article","og_title":"Winzerbesuche | Martel Weine St.Gallen und Z\u00fcrich","og_description":"Der Besuche eines Weinguts in ein besonderes Erlebnis. Gerne machen wir Empfehlungen und vermitteln den Kontakt zu Winzerinnen und Winzern.","og_url":"https:\/\/www.martel.ch\/cms\/dienstleistungen\/winzerbesuche-2\/","og_site_name":"Martel","article_publisher":"https:\/\/www.facebook.com\/pages\/Martel-AG-St-Gallen\/233396026691876","article_modified_time":"2025-09-30T07:29:14+00:00","og_image":[{"width":2000,"height":1333,"url":"https:\/\/www.martel.ch\/cms\/wp-content\/uploads\/2023\/06\/2023_06_Portfolio_17.jpg","type":"image\/jpeg"}],"twitter_card":"summary_large_image","twitter_site":"@martel_weinwelt","twitter_misc":{"Written by":"Martel Weinwelt"},"schema":{"@context":"https:\/\/schema.org","@graph":[{"@type":"WebPage","@id":"https:\/\/www.martel.ch\/cms\/dienstleistungen\/winzerbesuche-2\/","url":"https:\/\/www.martel.ch\/cms\/dienstleistungen\/winzerbesuche-2\/","name":"Winzerbesuche | Martel Weine St.Gallen und Z\u00fcrich","isPartOf":{"@id":"https:\/\/www.martel.ch\/cms\/#website"},"primaryImageOfPage":{"@id":"https:\/\/www.martel.ch\/cms\/dienstleistungen\/winzerbesuche-2\/#primaryimage"},"image":{"@id":"https:\/\/www.martel.ch\/cms\/dienstleistungen\/winzerbesuche-2\/#primaryimage"},"thumbnailUrl":"https:\/\/www.martel.ch\/cms\/wp-content\/uploads\/2023\/06\/2023_06_Portfolio_17.jpg","datePublished":"2025-03-10T09:31:31+00:00","dateModified":"2025-09-30T07:29:14+00:00","description":"Der Besuche eines Weinguts in ein besonderes Erlebnis. Gerne machen wir Empfehlungen und vermitteln den Kontakt zu Winzerinnen und Winzern.","breadcrumb":{"@id":"https:\/\/www.martel.ch\/cms\/dienstleistungen\/winzerbesuche-2\/#breadcrumb"},"inLanguage":"de-CH","potentialAction":[{"@type":"ReadAction","target":["https:\/\/www.martel.ch\/cms\/dienstleistungen\/winzerbesuche-2\/"]}]},{"@type":"ImageObject","inLanguage":"de-CH","@id":"https:\/\/www.martel.ch\/cms\/dienstleistungen\/winzerbesuche-2\/#primaryimage","url":"https:\/\/www.martel.ch\/cms\/wp-content\/uploads\/2023\/06\/2023_06_Portfolio_17.jpg","contentUrl":"https:\/\/www.martel.ch\/cms\/wp-content\/uploads\/2023\/06\/2023_06_Portfolio_17.jpg","width":2000,"height":1333,"caption":"Martel Serviceportfolio"},{"@type":"BreadcrumbList","@id":"https:\/\/www.martel.ch\/cms\/dienstleistungen\/winzerbesuche-2\/#breadcrumb","itemListElement":[{"@type":"ListItem","position":1,"name":"Startseite","item":"https:\/\/www.martel.ch\/cms\/"},{"@type":"ListItem","position":2,"name":"Dienstleistungen","item":"https:\/\/www.martel.ch\/cms\/dienstleistungen\/"},{"@type":"ListItem","position":3,"name":"Winzerbesuche"}]},{"@type":"WebSite","@id":"https:\/\/www.martel.ch\/cms\/#website","url":"https:\/\/www.martel.ch\/cms\/","name":"Martel","description":"F\u00fcr Weinbegeisterte und die, die es werden m\u00f6chten.","publisher":{"@id":"https:\/\/www.martel.ch\/cms\/#organization"},"potentialAction":[{"@type":"SearchAction","target":{"@type":"EntryPoint","urlTemplate":"https:\/\/www.martel.ch\/cms\/?s={search_term_string}"},"query-input":{"@type":"PropertyValueSpecification","valueRequired":true,"valueName":"search_term_string"}}],"inLanguage":"de-CH"},{"@type":"Organization","@id":"https:\/\/www.martel.ch\/cms\/#organization","name":"Martel AG St.Gallen","url":"https:\/\/www.martel.ch\/cms\/","logo":{"@type":"ImageObject","inLanguage":"de-CH","@id":"https:\/\/www.martel.ch\/cms\/#\/schema\/logo\/image\/","url":"https:\/\/www.martel.ch\/cms\/wp-content\/uploads\/2019\/02\/martel-logo.png","contentUrl":"https:\/\/www.martel.ch\/cms\/wp-content\/uploads\/2019\/02\/martel-logo.png","width":600,"height":600,"caption":"Martel AG St.Gallen"},"image":{"@id":"https:\/\/www.martel.ch\/cms\/#\/schema\/logo\/image\/"},"sameAs":["https:\/\/www.facebook.com\/pages\/Martel-AG-St-Gallen\/233396026691876","https:\/\/x.com\/martel_weinwelt","https:\/\/www.instagram.com\/martel_weinwelt\/","https:\/\/www.linkedin.com\/company\/martel-ag-st-gallen","https:\/\/www.pinterest.ch\/martel_weinwelt"]}]}},"_links":{"self":[{"href":"https:\/\/www.martel.ch\/cms\/wp-json\/wp\/v2\/pages\/28652","targetHints":{"allow":["GET"]}}],"collection":[{"href":"https:\/\/www.martel.ch\/cms\/wp-json\/wp\/v2\/pages"}],"about":[{"href":"https:\/\/www.martel.ch\/cms\/wp-json\/wp\/v2\/types\/page"}],"author":[{"embeddable":true,"href":"https:\/\/www.martel.ch\/cms\/wp-json\/wp\/v2\/users\/1"}],"replies":[{"embeddable":true,"href":"https:\/\/www.martel.ch\/cms\/wp-json\/wp\/v2\/comments?post=28652"}],"version-history":[{"count":2,"href":"https:\/\/www.martel.ch\/cms\/wp-json\/wp\/v2\/pages\/28652\/revisions"}],"predecessor-version":[{"id":31003,"href":"https:\/\/www.martel.ch\/cms\/wp-json\/wp\/v2\/pages\/28652\/revisions\/31003"}],"up":[{"embeddable":true,"href":"https:\/\/www.martel.ch\/cms\/wp-json\/wp\/v2\/pages\/18927"}],"wp:featuredmedia":[{"embeddable":true,"href":"https:\/\/www.martel.ch\/cms\/wp-json\/wp\/v2\/media\/18978"}],"wp:attachment":[{"href":"https:\/\/www.martel.ch\/cms\/wp-json\/wp\/v2\/media?parent=28652"}],"wp:term":[{"taxonomy":"category","embeddable":true,"href":"https:\/\/www.martel.ch\/cms\/wp-json\/wp\/v2\/categories?post=28652"},{"taxonomy":"author","embeddable":true,"href":"https:\/\/www.martel.ch\/cms\/wp-json\/wp\/v2\/coauthors?post=28652"}],"curies":[{"name":"wp","href":"https:\/\/api.w.org\/{rel}","templated":true}]}}