{"id":28689,"date":"2025-03-13T13:58:42","date_gmt":"2025-03-13T12:58:42","guid":{"rendered":"https:\/\/www.martel.ch\/cms\/?page_id=28689"},"modified":"2025-04-30T14:09:18","modified_gmt":"2025-04-30T12:09:18","slug":"burgund-2023","status":"publish","type":"page","link":"https:\/\/www.martel.ch\/cms\/weinwissen\/die-martel-burgund-welt\/burgund-2023\/","title":{"rendered":"Burgund-Jahrgangsbericht 2023"},"content":{"rendered":"","protected":false},"excerpt":{"rendered":"","protected":false},"author":52,"featured_media":27482,"parent":27348,"menu_order":0,"comment_status":"closed","ping_status":"closed","template":"","meta":{"_acf_changed":false,"inline_featured_image":false,"footnotes":""},"categories":[],"coauthors":[539],"class_list":["post-28689","page","type-page","status-publish","has-post-thumbnail","hentry"],"acf":{"inhaltselemente":[{"acf_fc_layout":"header","header_titel":"Burgund-Jahrgangsbericht 2023","header_typ":"1","header_fake":false,"header_subtitle":"","header_alignment":"left"},{"acf_fc_layout":"einspalter_text","einspalter_text_titel":"","einspalter_text_titel_typ":"2","einspalter_text_titel_fake":false,"einspalter_text_subtitle":"","einspalter_text_content":"Der Jahrgang 2023 war im Burgund der der bisher w\u00e4rmste \u2013 im Durchschnitt. Dabei gab es weniger Temperaturspitzen als im Sommer 2022. Allerdings fand die Ernte 2023 mehrheitlich w\u00e4hrend einer Hitzewelle statt. Besonders erfreulich sind beim aktuellen Jahrgang die Mengen: Die Winzerinnen und Winzer produzierten mehr Wein als \u00fcblich. W\u00e4hrend es den besten Betrieben gelang, hervorragende Weine zu keltern, l\u00e4sst die Qualit\u00e4t im einfacheren Bereich gelegentlich zu w\u00fcnschen \u00fcbrig. Unser Burgund-Experte Benjamin Wolf (unten im Bild mit Winzer Philippe Pacalet) reist bis zu viermal im Jahr in die Weinregion und besucht dabei fast alle Weing\u00fcter, die wir im Sortiment f\u00fchren. Dadurch gewinnt er einen tiefen Einblick in die Qualit\u00e4t der Weine und der Jahrg\u00e4nge.","einspalter_bgcolor":false,"einspalter_layout_lines_top_bottom":false,"einspalter_collapse":false},{"acf_fc_layout":"image_image_text","image_image_text_titel_left":"","image_image_text_titel_typ_left":"2","image_image_text_titel_fake_left":false,"image_image_text_link_left":"","image_image_text_link_left_area":false,"image_image_text_bild_left":"","image_image_text_content_left":"<strong>Benjamin Wolf, wie gehst du vor, um dir ein Urteil \u00fcber den Jahrgang zu bilden<\/strong><strong>?<\/strong>\r\nBereits bei der Verkostung des Jahrgangs 2022 gaben viele Winzer erste Hinweise darauf, wie sich der Jahrgang 2023 entwickeln w\u00fcrde. Er wurde als grossz\u00fcgig beschrieben und war von Anfang an vielversprechend. Meine erste Verkostung des 2023er-Jahrgangs fand im Januar 2024 aus dem Fass statt, gefolgt von weiteren Proben im Juli, November und Dezember. Je mehr Weine ich degustierte, desto klarer kristallisierten sich die Eigenschaften des Jahrgangs heraus. Das Privileg, mit herausragenden Winzern zusammenzuarbeiten, garantiert eine sehr hohe Qualit\u00e4t in unserem Sortiment. Leider gilt dies nicht f\u00fcr das Burgund allgemein. Es gibt 2023 viele Betriebe, deren Weine nicht die gleiche Klasse erreichen, speziell bez\u00fcglich Konzentration und Reife.\r\n\r\n<strong>\r\nWie beurteilst du den Jahrgang 2023 insgesamt?<\/strong>\r\n2023 war ein sehr grossz\u00fcgiger Jahrgang, was die Menge betrifft. Die Herausforderung bestand darin, dass nicht \u00fcberall die gew\u00fcnschte Reife erreicht wurde, wodurch einige Weine an Konzentration verloren. Doch bei unseren Winzern war dies kaum ein Problem. Die Rotweine pr\u00e4sentieren sich klar, zug\u00e4nglich und sehr ausgewogen. Im Vergleich zu 2022 sind die Weine fr\u00fcher zug\u00e4nglich und zeigen einen sch\u00f6nen Trinkfluss. Allerdings sind die 2023er etwas weniger konzentriert. Das ist nicht unbedingt ein Nachteil, denn die Ergebnisse sind zum Teil magisch. Insgesamt ist es ein Jahrgang, der Freude bereitet und solide Weine von hoher Qualit\u00e4t hervorbringt \u2013 besonders bei den Spitzenweing\u00fctern, mit denen wir arbeiten.\r\n\r\n<strong>\r\n<\/strong><strong>Und wie sind die Weissweine des Jahrgangs 2023?<\/strong>\r\nDie Weissweine sind fruchtbetonter, runder und sehr zug\u00e4nglich, bewahren aber ihre Frische. Die W\u00e4rme des Jahrgangs ist sp\u00fcrbar, ohne dass die Weine an Eleganz verlieren. Insgesamt pr\u00e4sentieren sie sich hervorragend, doch in diesem Jahr gl\u00e4nzen besonders die Rotweine.","image_image_text_video_left":"","image_image_text_teaser_left":{"image_image_text_teaser_left_titel":"","image_image_text_teaser_left_titel_typ":"2","image_image_text_teaser_left_titel_fake":false,"image_image_text_teaser_left_link":""},"image_image_text_icon_left":"","image_image_text_icon_bg_left":"martel-rot","image_image_text_titel_right":"","image_image_text_titel_typ_right":"2","image_image_text_titel_fake_right":false,"image_image_text_link_right":"","image_image_text_link_right_area":false,"image_image_text_bild_right":28688,"image_image_text_content_right":"<strong>Was zeichnet den 2023er-Jahrgang im Burgund aus?<\/strong>\r\nEine Besonderheit des Jahrgangs ist die klare Definition der Lagen. W\u00e4hrend 2022 mit F\u00fclle und Struktur \u00fcberzeugte, bringt 2023 eine sch\u00f6ne Saftigkeit mit exzellentem Trinkfluss. Das Burgund beweist einmal mehr, dass auch bei hohen Ertr\u00e4gen grossartige Jahrg\u00e4nge entstehen k\u00f6nnen, wenn die Winzer sorgf\u00e4ltig arbeiten. Einige unserer Winzer haben bewusst weniger produziert, um durch strenge Selektion eine noch h\u00f6here Qualit\u00e4t zu gew\u00e4hrleisten, darunter Fourrier und Bernstein. Die Weine des Jahrgangs 2023 sind zug\u00e4nglich und dennoch erwarten wir eine sehr gute Lagerf\u00e4higkeit. Ihr offener Charakter erm\u00f6glicht es, sie \u00fcber einen langen Zeitraum hinweg zu geniessen. Die Qualit\u00e4t der von uns gef\u00fchrten Weine zeigt sich in allen Regionen und Appellationen als ausgewogen.\r\n\r\n<strong>\r\nWie lautet dein Fazit?<\/strong>\r\n2023 war ein perfekter Jahrgang f\u00fcr Winzer, die Mass halten konnten und nicht auf zu hohe Ertr\u00e4ge aus waren. Diejenigen, die ihre Ertr\u00e4ge kontrolliert und sorgf\u00e4ltig gearbeitet haben, wurden mit herausragenden Weinen belohnt. Besonders hervorzuheben sind Pousse d\u2019Or (C\u00f4te de Beaune) und Clos des Lambrays, deren Weine sich auf h\u00f6chstem Niveau bewegen. Einige Cuv\u00e9es erreichen sogar 100-Punkte-Niveau.\r\n\r\n<strong>\r\n<\/strong><strong>Und wie sieht es mit der Preisentwicklung aus?<\/strong>\r\nF\u00fcr eine endg\u00fcltige Beurteilung ist es noch etwas fr\u00fch. Aber: Die Preise scheinen weitgehend stabil, es ist mit nur minimalen Ausschl\u00e4gen nach unten zu rechnen.","image_image_text_video_right":"","image_image_text_teaser_right":{"image_image_text_teaser_right_titel":"","image_image_text_teaser_right_titel_typ":"2","image_image_text_teaser_right_titel_fake":false,"image_image_text_teaser_right_link":""},"image_image_text_icon_right":"","image_image_text_icon_bg_right":"martel-rot","image_image_text_offset":false,"image_image_text_bgcolor":false},{"acf_fc_layout":"einspalter_text","einspalter_text_titel":"Das Wetter 2023 im Burgund","einspalter_text_titel_typ":"2","einspalter_text_titel_fake":false,"einspalter_text_subtitle":"","einspalter_text_content":"<strong>Winter mit trockenen B\u00f6den\r\n<\/strong>Nach einem ungew\u00f6hnlich warmen Oktober 2022 hofften viele Winzer auf einen feuchten und kalten Winter, doch die Niederschl\u00e4ge blieben sp\u00e4rlich. Ein kurzer K\u00e4lteeinbruch im Dezember brachte zwar etwas Schnee, aber insgesamt blieb es mild. Erst im Februar sanken die Temperaturen st\u00e4rker, doch der Boden war nach wie vor ungew\u00f6hnlich trocken.\r\n\r\n<strong>Fr\u00fchling mit fr\u00fchem Krankheitsdruck\r\n<\/strong>Der April begann mit frostigen N\u00e4chten. Zum Teil versuchten die Winzerinnen und Winzer mit verschiedenen Massnahmen, ihre Reben vor dem Frost zu sch\u00fctzen. Gleichzeitig sorgten feuchte Bedingungen f\u00fcr starken Mehltaudruck, der bis weit in den Mai anhielt. Als das Wetter Mitte Mai umschlug und sich w\u00e4rmere, trockenere Phasen durchsetzten, entspannte sich die Lage. Die Rebbl\u00fcte verlief schnell und erfolgreich, doch die Chardonnay- und Pinot-Noir-Trauben entwickelten sich unterschiedlich: W\u00e4hrend Chardonnay lange, lockere Trauben ausbildete, wuchs der Pinot Noir dichter, was das Risiko f\u00fcr sp\u00e4tere F\u00e4ulnis erh\u00f6hte.\r\n\r\n<strong>Sommer mit wechselhaftem Wetter\r\n<\/strong>Juni brachte Regen und gelegentlichen Hagel, bevor eine Hitzewelle im Juli die Reifung beschleunigte. Kurz darauf zog ein heftiges Unwetter \u00fcber die Region und verursachte Sch\u00e4den in einigen Weinbergen, insbesondere in Rully und Meursault. Der August begann k\u00fchl, doch Mitte des Monats stiegen die Temperaturen erneut, was die Reben rasch voranbrachte.\r\n\r\n<strong>Herbst mit zweigeteilter Ernte\r\n<\/strong>Die Ernte begann nicht einheitlich: Einige Winzer starteten bereits Ende August, andere warteten bis Mitte September. Besonders beim Pinot Noir waren die Ertr\u00e4ge ungew\u00f6hnlich hoch. Viele unserer Winzer reduzierten die Traubenmenge aus Qualit\u00e4tsgr\u00fcnden bereits im Sommer. Und sie ernteten selektiv, um unreife oder faule Trauben auszusortieren.","einspalter_bgcolor":true,"einspalter_layout_lines_top_bottom":false,"einspalter_collapse":false},{"acf_fc_layout":"header","header_titel":"Unser Angebot","header_typ":"2","header_fake":false,"header_subtitle":"","header_alignment":"left"},{"acf_fc_layout":"image_image_text","image_image_text_titel_left":"","image_image_text_titel_typ_left":"2","image_image_text_titel_fake_left":false,"image_image_text_link_left":"","image_image_text_link_left_area":false,"image_image_text_bild_left":"","image_image_text_content_left":"<ul>\r\n \t<li>Domaine William F\u00e8vre<\/li>\r\n \t<li>Domaine de Villaine<\/li>\r\n \t<li>Domaine Fran\u00e7ois Carillon<\/li>\r\n \t<li>Domaine Amiot Guy et Fils<\/li>\r\n \t<li>Domaine Remi Jobard<\/li>\r\n \t<li>Justin Girardin<\/li>\r\n \t<li>Domaine Truchetet<\/li>\r\n \t<li>Arnaud Baillot<\/li>\r\n \t<li>Jean-Luc Burguet<\/li>\r\n \t<li>Domaine Cornu<\/li>\r\n \t<li>Domaine Lejeune<\/li>\r\n \t<li>Domaine de la Pousse d'Or<\/li>\r\n \t<li>Domaine Courcel<\/li>\r\n \t<li>Domaine J. Confuron-Cot\u00e9tidot<\/li>\r\n \t<li>Domaine Tollot-Beaut<\/li>\r\n \t<li>Philippe Pacalet<\/li>\r\n \t<li>Lucien Le Moine<\/li>\r\n \t<li>Domaine des Lambrays<\/li>\r\n \t<li>Domaine Jeremy Arnaud<\/li>\r\n<\/ul>","image_image_text_video_left":"","image_image_text_teaser_left":{"image_image_text_teaser_left_titel":"","image_image_text_teaser_left_titel_typ":"2","image_image_text_teaser_left_titel_fake":false,"image_image_text_teaser_left_link":""},"image_image_text_icon_left":"","image_image_text_icon_bg_left":"martel-rot","image_image_text_titel_right":"","image_image_text_titel_typ_right":"2","image_image_text_titel_fake_right":false,"image_image_text_link_right":"","image_image_text_link_right_area":false,"image_image_text_bild_right":"","image_image_text_content_right":"<ul>\r\n \t<li>Domaine de l'Arlot<\/li>\r\n \t<li>Domaine Bachelet<\/li>\r\n \t<li>Domaines Leflaive<\/li>\r\n \t<li>Domaine Michel Niellon<\/li>\r\n \t<li>Domaine Jean Tardy et Fils<\/li>\r\n \t<li>Pierre &amp; Louis Trapet<\/li>\r\n \t<li>Domaine Trapet<\/li>\r\n \t<li>Laurent Ponsot<\/li>\r\n \t<li>Domaine Ponsot<\/li>\r\n \t<li>Domaine du Clos de Tart<\/li>\r\n \t<li>Domaine Bonneau du Martray<\/li>\r\n \t<li>Domaine Comte Georges de Vog\u00fc\u00e9<\/li>\r\n \t<li>Jean-Marie Fourrier<\/li>\r\n \t<li>Vignes Comtes de la Chapelle<\/li>\r\n \t<li>Domaine Fourrier<\/li>\r\n \t<li>Domaine G. Roumier<\/li>\r\n \t<li>Domaine Armand Rousseau<\/li>\r\n \t<li>Domaine Jean-Louis Chavy<\/li>\r\n \t<li>Domaine Jubare<\/li>\r\n<\/ul>","image_image_text_video_right":"","image_image_text_teaser_right":{"image_image_text_teaser_right_titel":"","image_image_text_teaser_right_titel_typ":"2","image_image_text_teaser_right_titel_fake":false,"image_image_text_teaser_right_link":""},"image_image_text_icon_right":"","image_image_text_icon_bg_right":"martel-rot","image_image_text_offset":false,"image_image_text_bgcolor":false},{"acf_fc_layout":"einspalter_text","einspalter_text_titel":"Burgund-Degustation 2023","einspalter_text_titel_typ":"2","einspalter_text_titel_fake":false,"einspalter_text_subtitle":"","einspalter_text_content":"Unsere grosse Burgund-Degustation findet jeweils im Sp\u00e4therbst in Z\u00fcrich und in St.Gallen statt.\r\n\r\nVom 17. bis 19. November 2025 bieten wir eine breite Auswahl exklusiver und zum Teil ausverkaufter Rarit\u00e4ten des Jahrgangs 2023 zur Degustation an. Details finden Sie ab Juni in unserem <a href=\"https:\/\/www.martel.ch\/cms\/news-events\/veranstaltungen\/\">Eventkalender<\/a>. Die Pl\u00e4tze sind limitiert und begehrt.","einspalter_bgcolor":false,"einspalter_layout_lines_top_bottom":false,"einspalter_collapse":false},{"acf_fc_layout":"image_image_text","image_image_text_titel_left":"","image_image_text_titel_typ_left":"2","image_image_text_titel_fake_left":false,"image_image_text_link_left":"","image_image_text_link_left_area":false,"image_image_text_bild_left":"","image_image_text_content_left":"<a class=\"btn btn-arrow\" href=\"https:\/\/www.martel.ch\/cms\/weinwissen\/die-martel-burgund-welt\/burgund-2023-anmeldung\/\">Angebot 2023 bestellen<\/a>","image_image_text_video_left":"","image_image_text_teaser_left":{"image_image_text_teaser_left_titel":"","image_image_text_teaser_left_titel_typ":"2","image_image_text_teaser_left_titel_fake":false,"image_image_text_teaser_left_link":""},"image_image_text_icon_left":"","image_image_text_icon_bg_left":"martel-rot","image_image_text_titel_right":"","image_image_text_titel_typ_right":"2","image_image_text_titel_fake_right":false,"image_image_text_link_right":"","image_image_text_link_right_area":false,"image_image_text_bild_right":"","image_image_text_content_right":"<a class=\"btn btn-arrow\" href=\"https:\/\/www.martel.ch\/cms\/weinwissen\/die-martel-burgund-welt\/\">Martel Burgund-Welt<\/a>","image_image_text_video_right":"","image_image_text_teaser_right":{"image_image_text_teaser_right_titel":"","image_image_text_teaser_right_titel_typ":"2","image_image_text_teaser_right_titel_fake":false,"image_image_text_teaser_right_link":""},"image_image_text_icon_right":"","image_image_text_icon_bg_right":"martel-rot","image_image_text_offset":false,"image_image_text_bgcolor":false}]},"yoast_head":"<!-- This site is optimized with the Yoast SEO plugin v27.4 - https:\/\/yoast.com\/product\/yoast-seo-wordpress\/ -->\n<title>Burgund-Jahrgangsbericht 2023 | Martel Weine St.Gallen und Z\u00fcrich<\/title>\n<meta name=\"description\" content=\"Jahrgangsbericht und Angebot Burgund 2023. Der Jahrgang zeigt eine sch\u00f6ne Saftigkeit mit exzellentem Trinkfluss.\" \/>\n<meta name=\"robots\" content=\"index, follow, max-snippet:-1, max-image-preview:large, max-video-preview:-1\" \/>\n<link rel=\"canonical\" href=\"https:\/\/www.martel.ch\/cms\/weinwissen\/die-martel-burgund-welt\/burgund-2023\/\" \/>\n<meta property=\"og:locale\" content=\"de_DE\" \/>\n<meta property=\"og:type\" content=\"article\" \/>\n<meta property=\"og:title\" content=\"Burgund-Jahrgangsbericht 2023 | Martel Weine St.Gallen und Z\u00fcrich\" \/>\n<meta property=\"og:description\" content=\"Jahrgangsbericht und Angebot Burgund 2023. Der Jahrgang zeigt eine sch\u00f6ne Saftigkeit mit exzellentem Trinkfluss.\" \/>\n<meta property=\"og:url\" content=\"https:\/\/www.martel.ch\/cms\/weinwissen\/die-martel-burgund-welt\/burgund-2023\/\" \/>\n<meta property=\"og:site_name\" content=\"Martel\" \/>\n<meta property=\"article:publisher\" content=\"https:\/\/www.facebook.com\/pages\/Martel-AG-St-Gallen\/233396026691876\" \/>\n<meta property=\"article:modified_time\" content=\"2025-04-30T12:09:18+00:00\" \/>\n<meta property=\"og:image\" content=\"https:\/\/www.martel.ch\/cms\/wp-content\/uploads\/2024\/12\/martel-burgund-pinot-noir.jpg\" \/>\n\t<meta property=\"og:image:width\" content=\"2000\" \/>\n\t<meta property=\"og:image:height\" content=\"1333\" \/>\n\t<meta property=\"og:image:type\" content=\"image\/jpeg\" \/>\n<meta name=\"twitter:card\" content=\"summary_large_image\" \/>\n<meta name=\"twitter:site\" content=\"@martel_weinwelt\" \/>\n<meta name=\"twitter:label1\" content=\"Written by\" \/>\n\t<meta name=\"twitter:data1\" content=\"Martel Marketing\" \/>\n<script type=\"application\/ld+json\" class=\"yoast-schema-graph\">{\"@context\":\"https:\\\/\\\/schema.org\",\"@graph\":[{\"@type\":\"WebPage\",\"@id\":\"https:\\\/\\\/www.martel.ch\\\/cms\\\/weinwissen\\\/die-martel-burgund-welt\\\/burgund-2023\\\/\",\"url\":\"https:\\\/\\\/www.martel.ch\\\/cms\\\/weinwissen\\\/die-martel-burgund-welt\\\/burgund-2023\\\/\",\"name\":\"Burgund-Jahrgangsbericht 2023 | Martel Weine St.Gallen und Z\u00fcrich\",\"isPartOf\":{\"@id\":\"https:\\\/\\\/www.martel.ch\\\/cms\\\/#website\"},\"primaryImageOfPage\":{\"@id\":\"https:\\\/\\\/www.martel.ch\\\/cms\\\/weinwissen\\\/die-martel-burgund-welt\\\/burgund-2023\\\/#primaryimage\"},\"image\":{\"@id\":\"https:\\\/\\\/www.martel.ch\\\/cms\\\/weinwissen\\\/die-martel-burgund-welt\\\/burgund-2023\\\/#primaryimage\"},\"thumbnailUrl\":\"https:\\\/\\\/www.martel.ch\\\/cms\\\/wp-content\\\/uploads\\\/2024\\\/12\\\/martel-burgund-pinot-noir.jpg\",\"datePublished\":\"2025-03-13T12:58:42+00:00\",\"dateModified\":\"2025-04-30T12:09:18+00:00\",\"description\":\"Jahrgangsbericht und Angebot Burgund 2023. Der Jahrgang zeigt eine sch\u00f6ne Saftigkeit mit exzellentem Trinkfluss.\",\"breadcrumb\":{\"@id\":\"https:\\\/\\\/www.martel.ch\\\/cms\\\/weinwissen\\\/die-martel-burgund-welt\\\/burgund-2023\\\/#breadcrumb\"},\"inLanguage\":\"de-CH\",\"potentialAction\":[{\"@type\":\"ReadAction\",\"target\":[\"https:\\\/\\\/www.martel.ch\\\/cms\\\/weinwissen\\\/die-martel-burgund-welt\\\/burgund-2023\\\/\"]}]},{\"@type\":\"ImageObject\",\"inLanguage\":\"de-CH\",\"@id\":\"https:\\\/\\\/www.martel.ch\\\/cms\\\/weinwissen\\\/die-martel-burgund-welt\\\/burgund-2023\\\/#primaryimage\",\"url\":\"https:\\\/\\\/www.martel.ch\\\/cms\\\/wp-content\\\/uploads\\\/2024\\\/12\\\/martel-burgund-pinot-noir.jpg\",\"contentUrl\":\"https:\\\/\\\/www.martel.ch\\\/cms\\\/wp-content\\\/uploads\\\/2024\\\/12\\\/martel-burgund-pinot-noir.jpg\",\"width\":2000,\"height\":1333,\"caption\":\"Burgund Pinot Noir\"},{\"@type\":\"BreadcrumbList\",\"@id\":\"https:\\\/\\\/www.martel.ch\\\/cms\\\/weinwissen\\\/die-martel-burgund-welt\\\/burgund-2023\\\/#breadcrumb\",\"itemListElement\":[{\"@type\":\"ListItem\",\"position\":1,\"name\":\"Startseite\",\"item\":\"https:\\\/\\\/www.martel.ch\\\/cms\\\/\"},{\"@type\":\"ListItem\",\"position\":2,\"name\":\"Weinwissen\",\"item\":\"https:\\\/\\\/www.martel.ch\\\/cms\\\/weinwissen\\\/\"},{\"@type\":\"ListItem\",\"position\":3,\"name\":\"Die Martel Burgund-Welt\",\"item\":\"https:\\\/\\\/www.martel.ch\\\/cms\\\/weinwissen\\\/die-martel-burgund-welt\\\/\"},{\"@type\":\"ListItem\",\"position\":4,\"name\":\"Burgund-Jahrgangsbericht 2023\"}]},{\"@type\":\"WebSite\",\"@id\":\"https:\\\/\\\/www.martel.ch\\\/cms\\\/#website\",\"url\":\"https:\\\/\\\/www.martel.ch\\\/cms\\\/\",\"name\":\"Martel\",\"description\":\"F\u00fcr Weinbegeisterte und die, die es werden m\u00f6chten.\",\"publisher\":{\"@id\":\"https:\\\/\\\/www.martel.ch\\\/cms\\\/#organization\"},\"potentialAction\":[{\"@type\":\"SearchAction\",\"target\":{\"@type\":\"EntryPoint\",\"urlTemplate\":\"https:\\\/\\\/www.martel.ch\\\/cms\\\/?s={search_term_string}\"},\"query-input\":{\"@type\":\"PropertyValueSpecification\",\"valueRequired\":true,\"valueName\":\"search_term_string\"}}],\"inLanguage\":\"de-CH\"},{\"@type\":\"Organization\",\"@id\":\"https:\\\/\\\/www.martel.ch\\\/cms\\\/#organization\",\"name\":\"Martel AG St.Gallen\",\"url\":\"https:\\\/\\\/www.martel.ch\\\/cms\\\/\",\"logo\":{\"@type\":\"ImageObject\",\"inLanguage\":\"de-CH\",\"@id\":\"https:\\\/\\\/www.martel.ch\\\/cms\\\/#\\\/schema\\\/logo\\\/image\\\/\",\"url\":\"https:\\\/\\\/www.martel.ch\\\/cms\\\/wp-content\\\/uploads\\\/2019\\\/02\\\/martel-logo.png\",\"contentUrl\":\"https:\\\/\\\/www.martel.ch\\\/cms\\\/wp-content\\\/uploads\\\/2019\\\/02\\\/martel-logo.png\",\"width\":600,\"height\":600,\"caption\":\"Martel AG St.Gallen\"},\"image\":{\"@id\":\"https:\\\/\\\/www.martel.ch\\\/cms\\\/#\\\/schema\\\/logo\\\/image\\\/\"},\"sameAs\":[\"https:\\\/\\\/www.facebook.com\\\/pages\\\/Martel-AG-St-Gallen\\\/233396026691876\",\"https:\\\/\\\/x.com\\\/martel_weinwelt\",\"https:\\\/\\\/www.instagram.com\\\/martel_weinwelt\\\/\",\"https:\\\/\\\/www.linkedin.com\\\/company\\\/martel-ag-st-gallen\",\"https:\\\/\\\/www.pinterest.ch\\\/martel_weinwelt\"]}]}<\/script>\n<!-- \/ Yoast SEO plugin. -->","yoast_head_json":{"title":"Burgund-Jahrgangsbericht 2023 | Martel Weine St.Gallen und Z\u00fcrich","description":"Jahrgangsbericht und Angebot Burgund 2023. Der Jahrgang zeigt eine sch\u00f6ne Saftigkeit mit exzellentem Trinkfluss.","robots":{"index":"index","follow":"follow","max-snippet":"max-snippet:-1","max-image-preview":"max-image-preview:large","max-video-preview":"max-video-preview:-1"},"canonical":"https:\/\/www.martel.ch\/cms\/weinwissen\/die-martel-burgund-welt\/burgund-2023\/","og_locale":"de_DE","og_type":"article","og_title":"Burgund-Jahrgangsbericht 2023 | Martel Weine St.Gallen und Z\u00fcrich","og_description":"Jahrgangsbericht und Angebot Burgund 2023. Der Jahrgang zeigt eine sch\u00f6ne Saftigkeit mit exzellentem Trinkfluss.","og_url":"https:\/\/www.martel.ch\/cms\/weinwissen\/die-martel-burgund-welt\/burgund-2023\/","og_site_name":"Martel","article_publisher":"https:\/\/www.facebook.com\/pages\/Martel-AG-St-Gallen\/233396026691876","article_modified_time":"2025-04-30T12:09:18+00:00","og_image":[{"width":2000,"height":1333,"url":"https:\/\/www.martel.ch\/cms\/wp-content\/uploads\/2024\/12\/martel-burgund-pinot-noir.jpg","type":"image\/jpeg"}],"twitter_card":"summary_large_image","twitter_site":"@martel_weinwelt","twitter_misc":{"Written by":"Martel Marketing"},"schema":{"@context":"https:\/\/schema.org","@graph":[{"@type":"WebPage","@id":"https:\/\/www.martel.ch\/cms\/weinwissen\/die-martel-burgund-welt\/burgund-2023\/","url":"https:\/\/www.martel.ch\/cms\/weinwissen\/die-martel-burgund-welt\/burgund-2023\/","name":"Burgund-Jahrgangsbericht 2023 | Martel Weine St.Gallen und Z\u00fcrich","isPartOf":{"@id":"https:\/\/www.martel.ch\/cms\/#website"},"primaryImageOfPage":{"@id":"https:\/\/www.martel.ch\/cms\/weinwissen\/die-martel-burgund-welt\/burgund-2023\/#primaryimage"},"image":{"@id":"https:\/\/www.martel.ch\/cms\/weinwissen\/die-martel-burgund-welt\/burgund-2023\/#primaryimage"},"thumbnailUrl":"https:\/\/www.martel.ch\/cms\/wp-content\/uploads\/2024\/12\/martel-burgund-pinot-noir.jpg","datePublished":"2025-03-13T12:58:42+00:00","dateModified":"2025-04-30T12:09:18+00:00","description":"Jahrgangsbericht und Angebot Burgund 2023. Der Jahrgang zeigt eine sch\u00f6ne Saftigkeit mit exzellentem Trinkfluss.","breadcrumb":{"@id":"https:\/\/www.martel.ch\/cms\/weinwissen\/die-martel-burgund-welt\/burgund-2023\/#breadcrumb"},"inLanguage":"de-CH","potentialAction":[{"@type":"ReadAction","target":["https:\/\/www.martel.ch\/cms\/weinwissen\/die-martel-burgund-welt\/burgund-2023\/"]}]},{"@type":"ImageObject","inLanguage":"de-CH","@id":"https:\/\/www.martel.ch\/cms\/weinwissen\/die-martel-burgund-welt\/burgund-2023\/#primaryimage","url":"https:\/\/www.martel.ch\/cms\/wp-content\/uploads\/2024\/12\/martel-burgund-pinot-noir.jpg","contentUrl":"https:\/\/www.martel.ch\/cms\/wp-content\/uploads\/2024\/12\/martel-burgund-pinot-noir.jpg","width":2000,"height":1333,"caption":"Burgund Pinot Noir"},{"@type":"BreadcrumbList","@id":"https:\/\/www.martel.ch\/cms\/weinwissen\/die-martel-burgund-welt\/burgund-2023\/#breadcrumb","itemListElement":[{"@type":"ListItem","position":1,"name":"Startseite","item":"https:\/\/www.martel.ch\/cms\/"},{"@type":"ListItem","position":2,"name":"Weinwissen","item":"https:\/\/www.martel.ch\/cms\/weinwissen\/"},{"@type":"ListItem","position":3,"name":"Die Martel Burgund-Welt","item":"https:\/\/www.martel.ch\/cms\/weinwissen\/die-martel-burgund-welt\/"},{"@type":"ListItem","position":4,"name":"Burgund-Jahrgangsbericht 2023"}]},{"@type":"WebSite","@id":"https:\/\/www.martel.ch\/cms\/#website","url":"https:\/\/www.martel.ch\/cms\/","name":"Martel","description":"F\u00fcr Weinbegeisterte und die, die es werden m\u00f6chten.","publisher":{"@id":"https:\/\/www.martel.ch\/cms\/#organization"},"potentialAction":[{"@type":"SearchAction","target":{"@type":"EntryPoint","urlTemplate":"https:\/\/www.martel.ch\/cms\/?s={search_term_string}"},"query-input":{"@type":"PropertyValueSpecification","valueRequired":true,"valueName":"search_term_string"}}],"inLanguage":"de-CH"},{"@type":"Organization","@id":"https:\/\/www.martel.ch\/cms\/#organization","name":"Martel AG St.Gallen","url":"https:\/\/www.martel.ch\/cms\/","logo":{"@type":"ImageObject","inLanguage":"de-CH","@id":"https:\/\/www.martel.ch\/cms\/#\/schema\/logo\/image\/","url":"https:\/\/www.martel.ch\/cms\/wp-content\/uploads\/2019\/02\/martel-logo.png","contentUrl":"https:\/\/www.martel.ch\/cms\/wp-content\/uploads\/2019\/02\/martel-logo.png","width":600,"height":600,"caption":"Martel AG St.Gallen"},"image":{"@id":"https:\/\/www.martel.ch\/cms\/#\/schema\/logo\/image\/"},"sameAs":["https:\/\/www.facebook.com\/pages\/Martel-AG-St-Gallen\/233396026691876","https:\/\/x.com\/martel_weinwelt","https:\/\/www.instagram.com\/martel_weinwelt\/","https:\/\/www.linkedin.com\/company\/martel-ag-st-gallen","https:\/\/www.pinterest.ch\/martel_weinwelt"]}]}},"_links":{"self":[{"href":"https:\/\/www.martel.ch\/cms\/wp-json\/wp\/v2\/pages\/28689","targetHints":{"allow":["GET"]}}],"collection":[{"href":"https:\/\/www.martel.ch\/cms\/wp-json\/wp\/v2\/pages"}],"about":[{"href":"https:\/\/www.martel.ch\/cms\/wp-json\/wp\/v2\/types\/page"}],"author":[{"embeddable":true,"href":"https:\/\/www.martel.ch\/cms\/wp-json\/wp\/v2\/users\/52"}],"replies":[{"embeddable":true,"href":"https:\/\/www.martel.ch\/cms\/wp-json\/wp\/v2\/comments?post=28689"}],"version-history":[{"count":10,"href":"https:\/\/www.martel.ch\/cms\/wp-json\/wp\/v2\/pages\/28689\/revisions"}],"predecessor-version":[{"id":29431,"href":"https:\/\/www.martel.ch\/cms\/wp-json\/wp\/v2\/pages\/28689\/revisions\/29431"}],"up":[{"embeddable":true,"href":"https:\/\/www.martel.ch\/cms\/wp-json\/wp\/v2\/pages\/27348"}],"wp:featuredmedia":[{"embeddable":true,"href":"https:\/\/www.martel.ch\/cms\/wp-json\/wp\/v2\/media\/27482"}],"wp:attachment":[{"href":"https:\/\/www.martel.ch\/cms\/wp-json\/wp\/v2\/media?parent=28689"}],"wp:term":[{"taxonomy":"category","embeddable":true,"href":"https:\/\/www.martel.ch\/cms\/wp-json\/wp\/v2\/categories?post=28689"},{"taxonomy":"author","embeddable":true,"href":"https:\/\/www.martel.ch\/cms\/wp-json\/wp\/v2\/coauthors?post=28689"}],"curies":[{"name":"wp","href":"https:\/\/api.w.org\/{rel}","templated":true}]}}