{"id":29307,"date":"2025-04-17T12:47:09","date_gmt":"2025-04-17T10:47:09","guid":{"rendered":"https:\/\/www.martel.ch\/cms\/?page_id=29307"},"modified":"2025-04-25T09:26:11","modified_gmt":"2025-04-25T07:26:11","slug":"genuss-auf-zwei-raedern","status":"publish","type":"page","link":"https:\/\/www.martel.ch\/cms\/weinwissen\/im-fokus-bordeaux\/genuss-auf-zwei-raedern\/","title":{"rendered":"Genuss auf zwei R\u00e4dern"},"content":{"rendered":"","protected":false},"excerpt":{"rendered":"","protected":false},"author":52,"featured_media":29303,"parent":17645,"menu_order":0,"comment_status":"closed","ping_status":"closed","template":"","meta":{"_acf_changed":false,"inline_featured_image":false,"footnotes":""},"categories":[],"coauthors":[539],"class_list":["post-29307","page","type-page","status-publish","has-post-thumbnail","hentry"],"acf":{"inhaltselemente":[{"acf_fc_layout":"einspalter_text","einspalter_text_titel":"E-Bike-Tour durch die Weinberge von Saint-\u00c9milion ","einspalter_text_titel_typ":"1","einspalter_text_titel_fake":false,"einspalter_text_subtitle":"","einspalter_text_content":"Wer sagt, Wein und Bewegung passen nicht zusammen, war noch nie mit einem E-Bike in Saint-\u00c9milion unterwegs. Die Gegend ist wie geschaffen f\u00fcr entspannte Velotouren zwischen Weinbergen und Bordeaux-Schl\u00f6ssern. In dem kleinen St\u00e4dtchen ein E-Bike auszuleihen, ist keine grosse Sache. Und los geht's: entweder auf eigene Faust oder bei einer gef\u00fchrten Tour.\r\n\r\nUnterwegs begegnet man bekannten Namen: Ch\u00e2teau d\u2019Ausone zum Beispiel, am Ortsrand von Saint-\u00c9milion. Nur 15 Minuten sp\u00e4ter radelt man schon am ber\u00fchmten Ch\u00e2teau Figeac oder bei Ch\u00e2teau Cheval Blanc vorbei. Dank elektrischer Unterst\u00fctzung immer entspannt und mit einem L\u00e4cheln im Gesicht.\r\n\r\nHier k\u00f6nnen Sie Ihr E-Bike mieten:\r\n<a href=\"https:\/\/veloce-saintemilion.fr\/\" target=\"_blank\" rel=\"noopener\">V\u00e9loce<\/a>\r\n<a href=\"https:\/\/www.unibikerental.com\/\" target=\"_blank\" rel=\"noopener\">Unibike<\/a>\r\n<a href=\"http:\/\/rusticvinestours.com\" target=\"_blank\" rel=\"noopener\">Rustic Vines Tours<\/a>","einspalter_bgcolor":false,"einspalter_layout_lines_top_bottom":false,"einspalter_collapse":false},{"acf_fc_layout":"produkteslider","produkteslider_titel":"Weine aus der Region","produkteslider_link":"","produkteslider_producer_id":"","produkteslider_product_ids":"tro2719,pey1719,mil1718,aus2721,che3720,fga1721"},{"acf_fc_layout":"einspalter_text","einspalter_text_titel":"","einspalter_text_titel_typ":"2","einspalter_text_titel_fake":false,"einspalter_text_subtitle":"","einspalter_text_content":"<a class=\"btn btn-arrow\" href=\"\/bordeauxwelt2024\">Martel Bordeaux-Welt<\/a>","einspalter_bgcolor":false,"einspalter_layout_lines_top_bottom":false,"einspalter_collapse":false}]},"yoast_head":"<!-- This site is optimized with the Yoast SEO plugin v27.4 - https:\/\/yoast.com\/product\/yoast-seo-wordpress\/ -->\n<title>Genuss auf zwei R\u00e4dern | Martel Weine St.Gallen und Z\u00fcrich<\/title>\n<meta name=\"description\" content=\"Genuss auf zwei R\u00e4dern - Verf\u00fchrerische S\u00fcssigkeit vom Atlantik. Canel\u00e9s de Bordeaux wurden vor 300 Jahren erfunden und sind eine S\u00fcnde wert.\" \/>\n<meta name=\"robots\" content=\"index, follow, max-snippet:-1, max-image-preview:large, max-video-preview:-1\" \/>\n<link rel=\"canonical\" href=\"https:\/\/www.martel.ch\/cms\/weinwissen\/im-fokus-bordeaux\/genuss-auf-zwei-raedern\/\" \/>\n<meta property=\"og:locale\" content=\"de_DE\" \/>\n<meta property=\"og:type\" content=\"article\" \/>\n<meta property=\"og:title\" content=\"Genuss auf zwei R\u00e4dern | Martel Weine St.Gallen und Z\u00fcrich\" \/>\n<meta property=\"og:description\" content=\"Genuss auf zwei R\u00e4dern - Verf\u00fchrerische S\u00fcssigkeit vom Atlantik. Canel\u00e9s de Bordeaux wurden vor 300 Jahren erfunden und sind eine S\u00fcnde wert.\" \/>\n<meta property=\"og:url\" content=\"https:\/\/www.martel.ch\/cms\/weinwissen\/im-fokus-bordeaux\/genuss-auf-zwei-raedern\/\" \/>\n<meta property=\"og:site_name\" content=\"Martel\" \/>\n<meta property=\"article:publisher\" content=\"https:\/\/www.facebook.com\/pages\/Martel-AG-St-Gallen\/233396026691876\" \/>\n<meta property=\"article:modified_time\" content=\"2025-04-25T07:26:11+00:00\" \/>\n<meta property=\"og:image\" content=\"https:\/\/www.martel.ch\/cms\/wp-content\/uploads\/2025\/04\/martel-bordeaux-figeac.jpg\" \/>\n\t<meta property=\"og:image:width\" content=\"2000\" \/>\n\t<meta property=\"og:image:height\" content=\"1333\" \/>\n\t<meta property=\"og:image:type\" content=\"image\/jpeg\" \/>\n<meta name=\"twitter:card\" content=\"summary_large_image\" \/>\n<meta name=\"twitter:site\" content=\"@martel_weinwelt\" \/>\n<meta name=\"twitter:label1\" content=\"Written by\" \/>\n\t<meta name=\"twitter:data1\" content=\"Martel Marketing\" \/>\n<script type=\"application\/ld+json\" class=\"yoast-schema-graph\">{\"@context\":\"https:\\\/\\\/schema.org\",\"@graph\":[{\"@type\":\"WebPage\",\"@id\":\"https:\\\/\\\/www.martel.ch\\\/cms\\\/weinwissen\\\/im-fokus-bordeaux\\\/genuss-auf-zwei-raedern\\\/\",\"url\":\"https:\\\/\\\/www.martel.ch\\\/cms\\\/weinwissen\\\/im-fokus-bordeaux\\\/genuss-auf-zwei-raedern\\\/\",\"name\":\"Genuss auf zwei R\u00e4dern | Martel Weine St.Gallen und Z\u00fcrich\",\"isPartOf\":{\"@id\":\"https:\\\/\\\/www.martel.ch\\\/cms\\\/#website\"},\"primaryImageOfPage\":{\"@id\":\"https:\\\/\\\/www.martel.ch\\\/cms\\\/weinwissen\\\/im-fokus-bordeaux\\\/genuss-auf-zwei-raedern\\\/#primaryimage\"},\"image\":{\"@id\":\"https:\\\/\\\/www.martel.ch\\\/cms\\\/weinwissen\\\/im-fokus-bordeaux\\\/genuss-auf-zwei-raedern\\\/#primaryimage\"},\"thumbnailUrl\":\"https:\\\/\\\/www.martel.ch\\\/cms\\\/wp-content\\\/uploads\\\/2025\\\/04\\\/martel-bordeaux-figeac.jpg\",\"datePublished\":\"2025-04-17T10:47:09+00:00\",\"dateModified\":\"2025-04-25T07:26:11+00:00\",\"description\":\"Genuss auf zwei R\u00e4dern - Verf\u00fchrerische S\u00fcssigkeit vom Atlantik. Canel\u00e9s de Bordeaux wurden vor 300 Jahren erfunden und sind eine S\u00fcnde wert.\",\"breadcrumb\":{\"@id\":\"https:\\\/\\\/www.martel.ch\\\/cms\\\/weinwissen\\\/im-fokus-bordeaux\\\/genuss-auf-zwei-raedern\\\/#breadcrumb\"},\"inLanguage\":\"de-CH\",\"potentialAction\":[{\"@type\":\"ReadAction\",\"target\":[\"https:\\\/\\\/www.martel.ch\\\/cms\\\/weinwissen\\\/im-fokus-bordeaux\\\/genuss-auf-zwei-raedern\\\/\"]}]},{\"@type\":\"ImageObject\",\"inLanguage\":\"de-CH\",\"@id\":\"https:\\\/\\\/www.martel.ch\\\/cms\\\/weinwissen\\\/im-fokus-bordeaux\\\/genuss-auf-zwei-raedern\\\/#primaryimage\",\"url\":\"https:\\\/\\\/www.martel.ch\\\/cms\\\/wp-content\\\/uploads\\\/2025\\\/04\\\/martel-bordeaux-figeac.jpg\",\"contentUrl\":\"https:\\\/\\\/www.martel.ch\\\/cms\\\/wp-content\\\/uploads\\\/2025\\\/04\\\/martel-bordeaux-figeac.jpg\",\"width\":2000,\"height\":1333,\"caption\":\"Ch\u00e2teau Figeac\"},{\"@type\":\"BreadcrumbList\",\"@id\":\"https:\\\/\\\/www.martel.ch\\\/cms\\\/weinwissen\\\/im-fokus-bordeaux\\\/genuss-auf-zwei-raedern\\\/#breadcrumb\",\"itemListElement\":[{\"@type\":\"ListItem\",\"position\":1,\"name\":\"Startseite\",\"item\":\"https:\\\/\\\/www.martel.ch\\\/cms\\\/\"},{\"@type\":\"ListItem\",\"position\":2,\"name\":\"Weinwissen\",\"item\":\"https:\\\/\\\/www.martel.ch\\\/cms\\\/weinwissen\\\/\"},{\"@type\":\"ListItem\",\"position\":3,\"name\":\"Die Martel Bordeaux-Welt\",\"item\":\"https:\\\/\\\/www.martel.ch\\\/cms\\\/?page_id=17645\"},{\"@type\":\"ListItem\",\"position\":4,\"name\":\"Genuss auf zwei R\u00e4dern\"}]},{\"@type\":\"WebSite\",\"@id\":\"https:\\\/\\\/www.martel.ch\\\/cms\\\/#website\",\"url\":\"https:\\\/\\\/www.martel.ch\\\/cms\\\/\",\"name\":\"Martel\",\"description\":\"F\u00fcr Weinbegeisterte und die, die es werden m\u00f6chten.\",\"publisher\":{\"@id\":\"https:\\\/\\\/www.martel.ch\\\/cms\\\/#organization\"},\"potentialAction\":[{\"@type\":\"SearchAction\",\"target\":{\"@type\":\"EntryPoint\",\"urlTemplate\":\"https:\\\/\\\/www.martel.ch\\\/cms\\\/?s={search_term_string}\"},\"query-input\":{\"@type\":\"PropertyValueSpecification\",\"valueRequired\":true,\"valueName\":\"search_term_string\"}}],\"inLanguage\":\"de-CH\"},{\"@type\":\"Organization\",\"@id\":\"https:\\\/\\\/www.martel.ch\\\/cms\\\/#organization\",\"name\":\"Martel AG St.Gallen\",\"url\":\"https:\\\/\\\/www.martel.ch\\\/cms\\\/\",\"logo\":{\"@type\":\"ImageObject\",\"inLanguage\":\"de-CH\",\"@id\":\"https:\\\/\\\/www.martel.ch\\\/cms\\\/#\\\/schema\\\/logo\\\/image\\\/\",\"url\":\"https:\\\/\\\/www.martel.ch\\\/cms\\\/wp-content\\\/uploads\\\/2019\\\/02\\\/martel-logo.png\",\"contentUrl\":\"https:\\\/\\\/www.martel.ch\\\/cms\\\/wp-content\\\/uploads\\\/2019\\\/02\\\/martel-logo.png\",\"width\":600,\"height\":600,\"caption\":\"Martel AG St.Gallen\"},\"image\":{\"@id\":\"https:\\\/\\\/www.martel.ch\\\/cms\\\/#\\\/schema\\\/logo\\\/image\\\/\"},\"sameAs\":[\"https:\\\/\\\/www.facebook.com\\\/pages\\\/Martel-AG-St-Gallen\\\/233396026691876\",\"https:\\\/\\\/x.com\\\/martel_weinwelt\",\"https:\\\/\\\/www.instagram.com\\\/martel_weinwelt\\\/\",\"https:\\\/\\\/www.linkedin.com\\\/company\\\/martel-ag-st-gallen\",\"https:\\\/\\\/www.pinterest.ch\\\/martel_weinwelt\"]}]}<\/script>\n<!-- \/ Yoast SEO plugin. -->","yoast_head_json":{"title":"Genuss auf zwei R\u00e4dern | Martel Weine St.Gallen und Z\u00fcrich","description":"Genuss auf zwei R\u00e4dern - Verf\u00fchrerische S\u00fcssigkeit vom Atlantik. Canel\u00e9s de Bordeaux wurden vor 300 Jahren erfunden und sind eine S\u00fcnde wert.","robots":{"index":"index","follow":"follow","max-snippet":"max-snippet:-1","max-image-preview":"max-image-preview:large","max-video-preview":"max-video-preview:-1"},"canonical":"https:\/\/www.martel.ch\/cms\/weinwissen\/im-fokus-bordeaux\/genuss-auf-zwei-raedern\/","og_locale":"de_DE","og_type":"article","og_title":"Genuss auf zwei R\u00e4dern | Martel Weine St.Gallen und Z\u00fcrich","og_description":"Genuss auf zwei R\u00e4dern - Verf\u00fchrerische S\u00fcssigkeit vom Atlantik. Canel\u00e9s de Bordeaux wurden vor 300 Jahren erfunden und sind eine S\u00fcnde wert.","og_url":"https:\/\/www.martel.ch\/cms\/weinwissen\/im-fokus-bordeaux\/genuss-auf-zwei-raedern\/","og_site_name":"Martel","article_publisher":"https:\/\/www.facebook.com\/pages\/Martel-AG-St-Gallen\/233396026691876","article_modified_time":"2025-04-25T07:26:11+00:00","og_image":[{"width":2000,"height":1333,"url":"https:\/\/www.martel.ch\/cms\/wp-content\/uploads\/2025\/04\/martel-bordeaux-figeac.jpg","type":"image\/jpeg"}],"twitter_card":"summary_large_image","twitter_site":"@martel_weinwelt","twitter_misc":{"Written by":"Martel Marketing"},"schema":{"@context":"https:\/\/schema.org","@graph":[{"@type":"WebPage","@id":"https:\/\/www.martel.ch\/cms\/weinwissen\/im-fokus-bordeaux\/genuss-auf-zwei-raedern\/","url":"https:\/\/www.martel.ch\/cms\/weinwissen\/im-fokus-bordeaux\/genuss-auf-zwei-raedern\/","name":"Genuss auf zwei R\u00e4dern | Martel Weine St.Gallen und Z\u00fcrich","isPartOf":{"@id":"https:\/\/www.martel.ch\/cms\/#website"},"primaryImageOfPage":{"@id":"https:\/\/www.martel.ch\/cms\/weinwissen\/im-fokus-bordeaux\/genuss-auf-zwei-raedern\/#primaryimage"},"image":{"@id":"https:\/\/www.martel.ch\/cms\/weinwissen\/im-fokus-bordeaux\/genuss-auf-zwei-raedern\/#primaryimage"},"thumbnailUrl":"https:\/\/www.martel.ch\/cms\/wp-content\/uploads\/2025\/04\/martel-bordeaux-figeac.jpg","datePublished":"2025-04-17T10:47:09+00:00","dateModified":"2025-04-25T07:26:11+00:00","description":"Genuss auf zwei R\u00e4dern - Verf\u00fchrerische S\u00fcssigkeit vom Atlantik. Canel\u00e9s de Bordeaux wurden vor 300 Jahren erfunden und sind eine S\u00fcnde wert.","breadcrumb":{"@id":"https:\/\/www.martel.ch\/cms\/weinwissen\/im-fokus-bordeaux\/genuss-auf-zwei-raedern\/#breadcrumb"},"inLanguage":"de-CH","potentialAction":[{"@type":"ReadAction","target":["https:\/\/www.martel.ch\/cms\/weinwissen\/im-fokus-bordeaux\/genuss-auf-zwei-raedern\/"]}]},{"@type":"ImageObject","inLanguage":"de-CH","@id":"https:\/\/www.martel.ch\/cms\/weinwissen\/im-fokus-bordeaux\/genuss-auf-zwei-raedern\/#primaryimage","url":"https:\/\/www.martel.ch\/cms\/wp-content\/uploads\/2025\/04\/martel-bordeaux-figeac.jpg","contentUrl":"https:\/\/www.martel.ch\/cms\/wp-content\/uploads\/2025\/04\/martel-bordeaux-figeac.jpg","width":2000,"height":1333,"caption":"Ch\u00e2teau Figeac"},{"@type":"BreadcrumbList","@id":"https:\/\/www.martel.ch\/cms\/weinwissen\/im-fokus-bordeaux\/genuss-auf-zwei-raedern\/#breadcrumb","itemListElement":[{"@type":"ListItem","position":1,"name":"Startseite","item":"https:\/\/www.martel.ch\/cms\/"},{"@type":"ListItem","position":2,"name":"Weinwissen","item":"https:\/\/www.martel.ch\/cms\/weinwissen\/"},{"@type":"ListItem","position":3,"name":"Die Martel Bordeaux-Welt","item":"https:\/\/www.martel.ch\/cms\/?page_id=17645"},{"@type":"ListItem","position":4,"name":"Genuss auf zwei R\u00e4dern"}]},{"@type":"WebSite","@id":"https:\/\/www.martel.ch\/cms\/#website","url":"https:\/\/www.martel.ch\/cms\/","name":"Martel","description":"F\u00fcr Weinbegeisterte und die, die es werden m\u00f6chten.","publisher":{"@id":"https:\/\/www.martel.ch\/cms\/#organization"},"potentialAction":[{"@type":"SearchAction","target":{"@type":"EntryPoint","urlTemplate":"https:\/\/www.martel.ch\/cms\/?s={search_term_string}"},"query-input":{"@type":"PropertyValueSpecification","valueRequired":true,"valueName":"search_term_string"}}],"inLanguage":"de-CH"},{"@type":"Organization","@id":"https:\/\/www.martel.ch\/cms\/#organization","name":"Martel AG St.Gallen","url":"https:\/\/www.martel.ch\/cms\/","logo":{"@type":"ImageObject","inLanguage":"de-CH","@id":"https:\/\/www.martel.ch\/cms\/#\/schema\/logo\/image\/","url":"https:\/\/www.martel.ch\/cms\/wp-content\/uploads\/2019\/02\/martel-logo.png","contentUrl":"https:\/\/www.martel.ch\/cms\/wp-content\/uploads\/2019\/02\/martel-logo.png","width":600,"height":600,"caption":"Martel AG St.Gallen"},"image":{"@id":"https:\/\/www.martel.ch\/cms\/#\/schema\/logo\/image\/"},"sameAs":["https:\/\/www.facebook.com\/pages\/Martel-AG-St-Gallen\/233396026691876","https:\/\/x.com\/martel_weinwelt","https:\/\/www.instagram.com\/martel_weinwelt\/","https:\/\/www.linkedin.com\/company\/martel-ag-st-gallen","https:\/\/www.pinterest.ch\/martel_weinwelt"]}]}},"_links":{"self":[{"href":"https:\/\/www.martel.ch\/cms\/wp-json\/wp\/v2\/pages\/29307","targetHints":{"allow":["GET"]}}],"collection":[{"href":"https:\/\/www.martel.ch\/cms\/wp-json\/wp\/v2\/pages"}],"about":[{"href":"https:\/\/www.martel.ch\/cms\/wp-json\/wp\/v2\/types\/page"}],"author":[{"embeddable":true,"href":"https:\/\/www.martel.ch\/cms\/wp-json\/wp\/v2\/users\/52"}],"replies":[{"embeddable":true,"href":"https:\/\/www.martel.ch\/cms\/wp-json\/wp\/v2\/comments?post=29307"}],"version-history":[{"count":4,"href":"https:\/\/www.martel.ch\/cms\/wp-json\/wp\/v2\/pages\/29307\/revisions"}],"predecessor-version":[{"id":29395,"href":"https:\/\/www.martel.ch\/cms\/wp-json\/wp\/v2\/pages\/29307\/revisions\/29395"}],"up":[{"embeddable":true,"href":"https:\/\/www.martel.ch\/cms\/wp-json\/wp\/v2\/pages\/17645"}],"wp:featuredmedia":[{"embeddable":true,"href":"https:\/\/www.martel.ch\/cms\/wp-json\/wp\/v2\/media\/29303"}],"wp:attachment":[{"href":"https:\/\/www.martel.ch\/cms\/wp-json\/wp\/v2\/media?parent=29307"}],"wp:term":[{"taxonomy":"category","embeddable":true,"href":"https:\/\/www.martel.ch\/cms\/wp-json\/wp\/v2\/categories?post=29307"},{"taxonomy":"author","embeddable":true,"href":"https:\/\/www.martel.ch\/cms\/wp-json\/wp\/v2\/coauthors?post=29307"}],"curies":[{"name":"wp","href":"https:\/\/api.w.org\/{rel}","templated":true}]}}