{"id":31691,"date":"2026-01-05T08:38:34","date_gmt":"2026-01-05T07:38:34","guid":{"rendered":"https:\/\/www.martel.ch\/cms\/?page_id=31691"},"modified":"2026-02-02T11:59:20","modified_gmt":"2026-02-02T10:59:20","slug":"sechsundzwanzig-prozent","status":"publish","type":"page","link":"https:\/\/www.martel.ch\/cms\/weinwissen\/sechsundzwanzig-prozent\/","title":{"rendered":"Sechsundzwanzig Prozent"},"content":{"rendered":"","protected":false},"excerpt":{"rendered":"","protected":false},"author":52,"featured_media":31700,"parent":6709,"menu_order":1,"comment_status":"closed","ping_status":"closed","template":"","meta":{"_acf_changed":false,"inline_featured_image":false,"footnotes":""},"categories":[525],"coauthors":[539],"class_list":["post-31691","page","type-page","status-publish","has-post-thumbnail","hentry","category-im-fokus"],"acf":{"inhaltselemente":[{"acf_fc_layout":"einspalter_text","einspalter_text_titel":"Martel Januar-Aktion \u2013 Sechsundzwanzig Prozent","einspalter_text_titel_typ":"1","einspalter_text_titel_fake":false,"einspalter_text_subtitle":"Im Fokus","einspalter_text_content":"<strong>Mit Schwung und tiefen Preisen starten wir ins Jahr 2026. 26 Tage lang offerieren wir 26% Rabatt auf einige Dutzend Weine. Viele davon sogar noch g\u00fcnstiger. Jedoch nur solange Vorrat. Wer schnell ist, profitiert am<\/strong><strong> meisten. Ganz ohne Mindestmenge.\u00a0 <\/strong>\r\n\r\nIm Januar, im Januar, da ist der Weinkauf wunderbar. Bei uns finden alle Weinfans das Richtige: Riesling, Burgunder, Weine aus dem s\u00fcdlichen Europa, \u00dcbersee oder der Schweiz. Es ist die perfekte Gelegenheit, sich zu Jahresbeginn mit Wein f\u00fcr den Winter einzudecken. Wer den Dry January einhalten m\u00f6chte: Wein zu kaufen, bleibt ja erlaubt. Und die Vorfreude auf Februar steigt damit umso mehr.\r\n\r\n<strong>Das Martel-Versprechen bleibt\r\n<\/strong>Martel garantiert einzigartige Kompetenz und erstklassigen Service \u2013 auch bei den Aktionsweinen. Wer mehr \u00fcber uns und unsere Weine erfahren m\u00f6chte: Unsere Website steckt voller Informationen und Geschichten rund um den Wein sowie die Winzerinnen und Winzer, die wir vertreten. Wir leben Weinkultur, auch im preiswerten Segment.\r\n\r\n<strong>S\u2019h\u00e4t so lang\u2019s h\u00e4t\r\n<\/strong>Wir schaffen Platz f\u00fcr die neuen Weine, die wir dieses Jahr ins Sortiment aufnehmen. Bis Ende Januar kommen deshalb immer wieder neue Weine in die Aktion. Regelm\u00e4ssiges Vorbeischauen lohnt sich. Immer gilt: Die Sechsundzwanzig Prozent-Aktion ist nicht nur zeitlich, sondern auch mengenm\u00e4ssig limitiert. Eine Auswahl der Weine kann jederzeit auch in unseren Ladengesch\u00e4ften degustiert werden. Raus aus dem Januar-Halbschlaf, rein in unsere Weinl\u00e4den und den Martel Online-Shop. Jetzt zugreifen!\r\n\r\n<strong>Diese Aktion ist abgelaufen.<\/strong>\r\n\r\n&nbsp;","einspalter_bgcolor":false,"einspalter_layout_lines_top_bottom":false,"einspalter_collapse":false}]},"yoast_head":"<!-- This site is optimized with the Yoast SEO plugin v27.5 - https:\/\/yoast.com\/product\/yoast-seo-wordpress\/ -->\n<title>Sechsundzwanzig Prozent<\/title>\n<meta name=\"description\" content=\"\u00abSechsundzwanzig Prozent\u00bb w\u00e4hrend 26 Tagen. Mit Schwung und tiefen Preisen starten wir ins Jahr 2026. Viele davon sogar noch g\u00fcnstiger.\" \/>\n<meta name=\"robots\" content=\"index, follow, max-snippet:-1, max-image-preview:large, max-video-preview:-1\" \/>\n<link rel=\"canonical\" href=\"https:\/\/www.martel.ch\/cms\/weinwissen\/sechsundzwanzig-prozent\/\" \/>\n<meta property=\"og:locale\" content=\"de_DE\" \/>\n<meta property=\"og:type\" content=\"article\" \/>\n<meta property=\"og:title\" content=\"Sechsundzwanzig Prozent\" \/>\n<meta property=\"og:description\" content=\"\u00abSechsundzwanzig Prozent\u00bb w\u00e4hrend 26 Tagen. Mit Schwung und tiefen Preisen starten wir ins Jahr 2026. Viele davon sogar noch g\u00fcnstiger.\" \/>\n<meta property=\"og:url\" content=\"https:\/\/www.martel.ch\/cms\/weinwissen\/sechsundzwanzig-prozent\/\" \/>\n<meta property=\"og:site_name\" content=\"Martel\" \/>\n<meta property=\"article:publisher\" content=\"https:\/\/www.facebook.com\/pages\/Martel-AG-St-Gallen\/233396026691876\" \/>\n<meta property=\"article:modified_time\" content=\"2026-02-02T10:59:20+00:00\" \/>\n<meta property=\"og:image\" content=\"https:\/\/www.martel.ch\/cms\/wp-content\/uploads\/2025\/12\/Kachel-Web_2000x1333_2-inkl.-Text.jpg\" \/>\n\t<meta property=\"og:image:width\" content=\"2000\" \/>\n\t<meta property=\"og:image:height\" content=\"1333\" \/>\n\t<meta property=\"og:image:type\" content=\"image\/jpeg\" \/>\n<meta name=\"twitter:card\" content=\"summary_large_image\" \/>\n<meta name=\"twitter:site\" content=\"@martel_weinwelt\" \/>\n<meta name=\"twitter:label1\" content=\"Written by\" \/>\n\t<meta name=\"twitter:data1\" content=\"Martel Marketing\" \/>\n<script type=\"application\/ld+json\" class=\"yoast-schema-graph\">{\"@context\":\"https:\\\/\\\/schema.org\",\"@graph\":[{\"@type\":\"WebPage\",\"@id\":\"https:\\\/\\\/www.martel.ch\\\/cms\\\/weinwissen\\\/sechsundzwanzig-prozent\\\/\",\"url\":\"https:\\\/\\\/www.martel.ch\\\/cms\\\/weinwissen\\\/sechsundzwanzig-prozent\\\/\",\"name\":\"Sechsundzwanzig Prozent\",\"isPartOf\":{\"@id\":\"https:\\\/\\\/www.martel.ch\\\/cms\\\/#website\"},\"primaryImageOfPage\":{\"@id\":\"https:\\\/\\\/www.martel.ch\\\/cms\\\/weinwissen\\\/sechsundzwanzig-prozent\\\/#primaryimage\"},\"image\":{\"@id\":\"https:\\\/\\\/www.martel.ch\\\/cms\\\/weinwissen\\\/sechsundzwanzig-prozent\\\/#primaryimage\"},\"thumbnailUrl\":\"https:\\\/\\\/www.martel.ch\\\/cms\\\/wp-content\\\/uploads\\\/2025\\\/12\\\/Kachel-Web_2000x1333_2-inkl.-Text.jpg\",\"datePublished\":\"2026-01-05T07:38:34+00:00\",\"dateModified\":\"2026-02-02T10:59:20+00:00\",\"description\":\"\u00abSechsundzwanzig Prozent\u00bb w\u00e4hrend 26 Tagen. Mit Schwung und tiefen Preisen starten wir ins Jahr 2026. Viele davon sogar noch g\u00fcnstiger.\",\"breadcrumb\":{\"@id\":\"https:\\\/\\\/www.martel.ch\\\/cms\\\/weinwissen\\\/sechsundzwanzig-prozent\\\/#breadcrumb\"},\"inLanguage\":\"de-CH\",\"potentialAction\":[{\"@type\":\"ReadAction\",\"target\":[\"https:\\\/\\\/www.martel.ch\\\/cms\\\/weinwissen\\\/sechsundzwanzig-prozent\\\/\"]}]},{\"@type\":\"ImageObject\",\"inLanguage\":\"de-CH\",\"@id\":\"https:\\\/\\\/www.martel.ch\\\/cms\\\/weinwissen\\\/sechsundzwanzig-prozent\\\/#primaryimage\",\"url\":\"https:\\\/\\\/www.martel.ch\\\/cms\\\/wp-content\\\/uploads\\\/2025\\\/12\\\/Kachel-Web_2000x1333_2-inkl.-Text.jpg\",\"contentUrl\":\"https:\\\/\\\/www.martel.ch\\\/cms\\\/wp-content\\\/uploads\\\/2025\\\/12\\\/Kachel-Web_2000x1333_2-inkl.-Text.jpg\",\"width\":2000,\"height\":1333,\"caption\":\"Weinaktion Sechsundzwanzig Prozent\"},{\"@type\":\"BreadcrumbList\",\"@id\":\"https:\\\/\\\/www.martel.ch\\\/cms\\\/weinwissen\\\/sechsundzwanzig-prozent\\\/#breadcrumb\",\"itemListElement\":[{\"@type\":\"ListItem\",\"position\":1,\"name\":\"Startseite\",\"item\":\"https:\\\/\\\/www.martel.ch\\\/cms\\\/\"},{\"@type\":\"ListItem\",\"position\":2,\"name\":\"Weinwissen\",\"item\":\"https:\\\/\\\/www.martel.ch\\\/cms\\\/weinwissen\\\/\"},{\"@type\":\"ListItem\",\"position\":3,\"name\":\"Sechsundzwanzig Prozent\"}]},{\"@type\":\"WebSite\",\"@id\":\"https:\\\/\\\/www.martel.ch\\\/cms\\\/#website\",\"url\":\"https:\\\/\\\/www.martel.ch\\\/cms\\\/\",\"name\":\"Martel\",\"description\":\"F\u00fcr Weinbegeisterte und die, die es werden m\u00f6chten.\",\"publisher\":{\"@id\":\"https:\\\/\\\/www.martel.ch\\\/cms\\\/#organization\"},\"potentialAction\":[{\"@type\":\"SearchAction\",\"target\":{\"@type\":\"EntryPoint\",\"urlTemplate\":\"https:\\\/\\\/www.martel.ch\\\/cms\\\/?s={search_term_string}\"},\"query-input\":{\"@type\":\"PropertyValueSpecification\",\"valueRequired\":true,\"valueName\":\"search_term_string\"}}],\"inLanguage\":\"de-CH\"},{\"@type\":\"Organization\",\"@id\":\"https:\\\/\\\/www.martel.ch\\\/cms\\\/#organization\",\"name\":\"Martel AG St.Gallen\",\"url\":\"https:\\\/\\\/www.martel.ch\\\/cms\\\/\",\"logo\":{\"@type\":\"ImageObject\",\"inLanguage\":\"de-CH\",\"@id\":\"https:\\\/\\\/www.martel.ch\\\/cms\\\/#\\\/schema\\\/logo\\\/image\\\/\",\"url\":\"https:\\\/\\\/www.martel.ch\\\/cms\\\/wp-content\\\/uploads\\\/2019\\\/02\\\/martel-logo.png\",\"contentUrl\":\"https:\\\/\\\/www.martel.ch\\\/cms\\\/wp-content\\\/uploads\\\/2019\\\/02\\\/martel-logo.png\",\"width\":600,\"height\":600,\"caption\":\"Martel AG St.Gallen\"},\"image\":{\"@id\":\"https:\\\/\\\/www.martel.ch\\\/cms\\\/#\\\/schema\\\/logo\\\/image\\\/\"},\"sameAs\":[\"https:\\\/\\\/www.facebook.com\\\/pages\\\/Martel-AG-St-Gallen\\\/233396026691876\",\"https:\\\/\\\/x.com\\\/martel_weinwelt\",\"https:\\\/\\\/www.instagram.com\\\/martel_weinwelt\\\/\",\"https:\\\/\\\/www.linkedin.com\\\/company\\\/martel-ag-st-gallen\",\"https:\\\/\\\/www.pinterest.ch\\\/martel_weinwelt\"]}]}<\/script>\n<!-- \/ Yoast SEO plugin. -->","yoast_head_json":{"title":"Sechsundzwanzig Prozent","description":"\u00abSechsundzwanzig Prozent\u00bb w\u00e4hrend 26 Tagen. Mit Schwung und tiefen Preisen starten wir ins Jahr 2026. Viele davon sogar noch g\u00fcnstiger.","robots":{"index":"index","follow":"follow","max-snippet":"max-snippet:-1","max-image-preview":"max-image-preview:large","max-video-preview":"max-video-preview:-1"},"canonical":"https:\/\/www.martel.ch\/cms\/weinwissen\/sechsundzwanzig-prozent\/","og_locale":"de_DE","og_type":"article","og_title":"Sechsundzwanzig Prozent","og_description":"\u00abSechsundzwanzig Prozent\u00bb w\u00e4hrend 26 Tagen. Mit Schwung und tiefen Preisen starten wir ins Jahr 2026. Viele davon sogar noch g\u00fcnstiger.","og_url":"https:\/\/www.martel.ch\/cms\/weinwissen\/sechsundzwanzig-prozent\/","og_site_name":"Martel","article_publisher":"https:\/\/www.facebook.com\/pages\/Martel-AG-St-Gallen\/233396026691876","article_modified_time":"2026-02-02T10:59:20+00:00","og_image":[{"width":2000,"height":1333,"url":"https:\/\/www.martel.ch\/cms\/wp-content\/uploads\/2025\/12\/Kachel-Web_2000x1333_2-inkl.-Text.jpg","type":"image\/jpeg"}],"twitter_card":"summary_large_image","twitter_site":"@martel_weinwelt","twitter_misc":{"Written by":"Martel Marketing"},"schema":{"@context":"https:\/\/schema.org","@graph":[{"@type":"WebPage","@id":"https:\/\/www.martel.ch\/cms\/weinwissen\/sechsundzwanzig-prozent\/","url":"https:\/\/www.martel.ch\/cms\/weinwissen\/sechsundzwanzig-prozent\/","name":"Sechsundzwanzig Prozent","isPartOf":{"@id":"https:\/\/www.martel.ch\/cms\/#website"},"primaryImageOfPage":{"@id":"https:\/\/www.martel.ch\/cms\/weinwissen\/sechsundzwanzig-prozent\/#primaryimage"},"image":{"@id":"https:\/\/www.martel.ch\/cms\/weinwissen\/sechsundzwanzig-prozent\/#primaryimage"},"thumbnailUrl":"https:\/\/www.martel.ch\/cms\/wp-content\/uploads\/2025\/12\/Kachel-Web_2000x1333_2-inkl.-Text.jpg","datePublished":"2026-01-05T07:38:34+00:00","dateModified":"2026-02-02T10:59:20+00:00","description":"\u00abSechsundzwanzig Prozent\u00bb w\u00e4hrend 26 Tagen. Mit Schwung und tiefen Preisen starten wir ins Jahr 2026. Viele davon sogar noch g\u00fcnstiger.","breadcrumb":{"@id":"https:\/\/www.martel.ch\/cms\/weinwissen\/sechsundzwanzig-prozent\/#breadcrumb"},"inLanguage":"de-CH","potentialAction":[{"@type":"ReadAction","target":["https:\/\/www.martel.ch\/cms\/weinwissen\/sechsundzwanzig-prozent\/"]}]},{"@type":"ImageObject","inLanguage":"de-CH","@id":"https:\/\/www.martel.ch\/cms\/weinwissen\/sechsundzwanzig-prozent\/#primaryimage","url":"https:\/\/www.martel.ch\/cms\/wp-content\/uploads\/2025\/12\/Kachel-Web_2000x1333_2-inkl.-Text.jpg","contentUrl":"https:\/\/www.martel.ch\/cms\/wp-content\/uploads\/2025\/12\/Kachel-Web_2000x1333_2-inkl.-Text.jpg","width":2000,"height":1333,"caption":"Weinaktion Sechsundzwanzig Prozent"},{"@type":"BreadcrumbList","@id":"https:\/\/www.martel.ch\/cms\/weinwissen\/sechsundzwanzig-prozent\/#breadcrumb","itemListElement":[{"@type":"ListItem","position":1,"name":"Startseite","item":"https:\/\/www.martel.ch\/cms\/"},{"@type":"ListItem","position":2,"name":"Weinwissen","item":"https:\/\/www.martel.ch\/cms\/weinwissen\/"},{"@type":"ListItem","position":3,"name":"Sechsundzwanzig Prozent"}]},{"@type":"WebSite","@id":"https:\/\/www.martel.ch\/cms\/#website","url":"https:\/\/www.martel.ch\/cms\/","name":"Martel","description":"F\u00fcr Weinbegeisterte und die, die es werden m\u00f6chten.","publisher":{"@id":"https:\/\/www.martel.ch\/cms\/#organization"},"potentialAction":[{"@type":"SearchAction","target":{"@type":"EntryPoint","urlTemplate":"https:\/\/www.martel.ch\/cms\/?s={search_term_string}"},"query-input":{"@type":"PropertyValueSpecification","valueRequired":true,"valueName":"search_term_string"}}],"inLanguage":"de-CH"},{"@type":"Organization","@id":"https:\/\/www.martel.ch\/cms\/#organization","name":"Martel AG St.Gallen","url":"https:\/\/www.martel.ch\/cms\/","logo":{"@type":"ImageObject","inLanguage":"de-CH","@id":"https:\/\/www.martel.ch\/cms\/#\/schema\/logo\/image\/","url":"https:\/\/www.martel.ch\/cms\/wp-content\/uploads\/2019\/02\/martel-logo.png","contentUrl":"https:\/\/www.martel.ch\/cms\/wp-content\/uploads\/2019\/02\/martel-logo.png","width":600,"height":600,"caption":"Martel AG St.Gallen"},"image":{"@id":"https:\/\/www.martel.ch\/cms\/#\/schema\/logo\/image\/"},"sameAs":["https:\/\/www.facebook.com\/pages\/Martel-AG-St-Gallen\/233396026691876","https:\/\/x.com\/martel_weinwelt","https:\/\/www.instagram.com\/martel_weinwelt\/","https:\/\/www.linkedin.com\/company\/martel-ag-st-gallen","https:\/\/www.pinterest.ch\/martel_weinwelt"]}]}},"_links":{"self":[{"href":"https:\/\/www.martel.ch\/cms\/wp-json\/wp\/v2\/pages\/31691","targetHints":{"allow":["GET"]}}],"collection":[{"href":"https:\/\/www.martel.ch\/cms\/wp-json\/wp\/v2\/pages"}],"about":[{"href":"https:\/\/www.martel.ch\/cms\/wp-json\/wp\/v2\/types\/page"}],"author":[{"embeddable":true,"href":"https:\/\/www.martel.ch\/cms\/wp-json\/wp\/v2\/users\/52"}],"replies":[{"embeddable":true,"href":"https:\/\/www.martel.ch\/cms\/wp-json\/wp\/v2\/comments?post=31691"}],"version-history":[{"count":9,"href":"https:\/\/www.martel.ch\/cms\/wp-json\/wp\/v2\/pages\/31691\/revisions"}],"predecessor-version":[{"id":32358,"href":"https:\/\/www.martel.ch\/cms\/wp-json\/wp\/v2\/pages\/31691\/revisions\/32358"}],"up":[{"embeddable":true,"href":"https:\/\/www.martel.ch\/cms\/wp-json\/wp\/v2\/pages\/6709"}],"wp:featuredmedia":[{"embeddable":true,"href":"https:\/\/www.martel.ch\/cms\/wp-json\/wp\/v2\/media\/31700"}],"wp:attachment":[{"href":"https:\/\/www.martel.ch\/cms\/wp-json\/wp\/v2\/media?parent=31691"}],"wp:term":[{"taxonomy":"category","embeddable":true,"href":"https:\/\/www.martel.ch\/cms\/wp-json\/wp\/v2\/categories?post=31691"},{"taxonomy":"author","embeddable":true,"href":"https:\/\/www.martel.ch\/cms\/wp-json\/wp\/v2\/coauthors?post=31691"}],"curies":[{"name":"wp","href":"https:\/\/api.w.org\/{rel}","templated":true}]}}