{"id":31865,"date":"2025-12-29T14:21:28","date_gmt":"2025-12-29T13:21:28","guid":{"rendered":"https:\/\/www.martel.ch\/cms\/?page_id=31865"},"modified":"2026-01-22T21:20:38","modified_gmt":"2026-01-22T20:20:38","slug":"riesling","status":"publish","type":"page","link":"https:\/\/www.martel.ch\/cms\/weinwissen\/rebsorten\/riesling\/","title":{"rendered":"Riesling"},"content":{"rendered":"","protected":false},"excerpt":{"rendered":"","protected":false},"author":1,"featured_media":31842,"parent":31870,"menu_order":1,"comment_status":"closed","ping_status":"closed","template":"","meta":{"_acf_changed":false,"inline_featured_image":false,"footnotes":""},"categories":[],"coauthors":[497],"class_list":["post-31865","page","type-page","status-publish","has-post-thumbnail","hentry"],"acf":{"inhaltselemente":[{"acf_fc_layout":"einspalter_text","einspalter_text_titel":"Riesling","einspalter_text_titel_typ":"1","einspalter_text_titel_fake":false,"einspalter_text_subtitle":"","einspalter_text_content":"","einspalter_bgcolor":false,"einspalter_layout_lines_top_bottom":false,"einspalter_collapse":false},{"acf_fc_layout":"image_image_text","image_image_text_titel_left":"Herkunft","image_image_text_titel_typ_left":"2","image_image_text_titel_fake_left":false,"image_image_text_link_left":"","image_image_text_link_left_area":false,"image_image_text_bild_left":"","image_image_text_content_left":"<p class=\"p1\">Riesling stammt aus dem deutschen Rheintal.<\/p>","image_image_text_video_left":"","image_image_text_teaser_left":{"image_image_text_teaser_left_titel":"","image_image_text_teaser_left_titel_typ":"2","image_image_text_teaser_left_titel_fake":false,"image_image_text_teaser_left_link":""},"image_image_text_icon_left":"","image_image_text_icon_bg_left":"martel-rot","image_image_text_titel_right":"Verbreitung","image_image_text_titel_typ_right":"2","image_image_text_titel_fake_right":false,"image_image_text_link_right":"","image_image_text_link_right_area":false,"image_image_text_bild_right":"","image_image_text_content_right":"In Deutschland ist Riesling bedeutend. Auch in \u00d6sterreich \u2013 dort wird es allerdings mancherorts bereits zu warm fu\u0308r diese Cool-Climate-Sorte. Riesling-Fans kommen auch im Elsass oder in Australien auf ihre Kosten.","image_image_text_video_right":"","image_image_text_teaser_right":{"image_image_text_teaser_right_titel":"","image_image_text_teaser_right_titel_typ":"2","image_image_text_teaser_right_titel_fake":false,"image_image_text_teaser_right_link":""},"image_image_text_icon_right":"","image_image_text_icon_bg_right":"martel-rot","image_image_text_offset":false,"image_image_text_bgcolor":false},{"acf_fc_layout":"image_image_text","image_image_text_titel_left":"Aromatik & Stil","image_image_text_titel_typ_left":"2","image_image_text_titel_fake_left":false,"image_image_text_link_left":"","image_image_text_link_left_area":false,"image_image_text_bild_left":"","image_image_text_content_left":"<ul>\r\n \t<li>Von knochentrocken bis edelsu\u0308ss<\/li>\r\n \t<li>Steinfru\u0308chte, Apfel, Zitrone, Petrolnoten bei Reife<\/li>\r\n \t<li>Hohe S\u00e4ure, ideal fu\u0308r Reifung<\/li>\r\n<\/ul>","image_image_text_video_left":"","image_image_text_teaser_left":{"image_image_text_teaser_left_titel":"","image_image_text_teaser_left_titel_typ":"2","image_image_text_teaser_left_titel_fake":false,"image_image_text_teaser_left_link":""},"image_image_text_icon_left":"","image_image_text_icon_bg_left":"martel-rot","image_image_text_titel_right":"Synonyme","image_image_text_titel_typ_right":"2","image_image_text_titel_fake_right":false,"image_image_text_link_right":"","image_image_text_link_right_area":false,"image_image_text_bild_right":"","image_image_text_content_right":"Rheinriesling.","image_image_text_video_right":"","image_image_text_teaser_right":{"image_image_text_teaser_right_titel":"","image_image_text_teaser_right_titel_typ":"2","image_image_text_teaser_right_titel_fake":false,"image_image_text_teaser_right_link":""},"image_image_text_icon_right":"","image_image_text_icon_bg_right":"martel-rot","image_image_text_offset":false,"image_image_text_bgcolor":false},{"acf_fc_layout":"produkteslider","produkteslider_titel":"Riesling-Empfehlungen","produkteslider_link":"","produkteslider_producer_id":"","produkteslider_product_ids":"dra37xx,sch2722,lieh722,grhd721,wei8721,don3722,trp3716"},{"acf_fc_layout":"einspalter_text","einspalter_text_titel":"","einspalter_text_titel_typ":"2","einspalter_text_titel_fake":false,"einspalter_text_subtitle":"","einspalter_text_content":"<a class=\"btn btn-primary\" href=\"https:\/\/www.martel.ch\/wein\/?filter=rebsorte,riesling&amp;direction=asc&amp;mode=grid&amp;sorting=custom_produkt_produkt_weinnummer\">Riesling-Weine im Shop<\/a>","einspalter_bgcolor":false,"einspalter_layout_lines_top_bottom":false,"einspalter_collapse":false},{"acf_fc_layout":"einspalter_text","einspalter_text_titel":"","einspalter_text_titel_typ":"2","einspalter_text_titel_fake":false,"einspalter_text_subtitle":"","einspalter_text_content":"<a class=\"btn btn-arrow\" href=\"https:\/\/www.martel.ch\/cms\/weinwissen\/trauben-talk\/\">Alle Rebsorten<\/a>","einspalter_bgcolor":false,"einspalter_layout_lines_top_bottom":false,"einspalter_collapse":false}]},"yoast_head":"<!-- This site is optimized with the Yoast SEO plugin v27.4 - https:\/\/yoast.com\/product\/yoast-seo-wordpress\/ -->\n<title>Riesling | Martel Weine St.Gallen und Z\u00fcrich<\/title>\n<meta name=\"description\" content=\"Die K\u00f6nigin. Riesling stammt aus dem deutschen Rheintal. Von knochentrocken bis edels\u00fcss. Willkommen im Martel Trauben Talk.\" \/>\n<meta name=\"robots\" content=\"index, follow, max-snippet:-1, max-image-preview:large, max-video-preview:-1\" \/>\n<link rel=\"canonical\" href=\"https:\/\/www.martel.ch\/cms\/weinwissen\/rebsorten\/riesling\/\" \/>\n<meta property=\"og:locale\" content=\"de_DE\" \/>\n<meta property=\"og:type\" content=\"article\" \/>\n<meta property=\"og:title\" content=\"Riesling | Martel Weine St.Gallen und Z\u00fcrich\" \/>\n<meta property=\"og:description\" content=\"Die K\u00f6nigin. Riesling stammt aus dem deutschen Rheintal. Von knochentrocken bis edels\u00fcss. Willkommen im Martel Trauben Talk.\" \/>\n<meta property=\"og:url\" content=\"https:\/\/www.martel.ch\/cms\/weinwissen\/rebsorten\/riesling\/\" \/>\n<meta property=\"og:site_name\" content=\"Martel\" \/>\n<meta property=\"article:publisher\" content=\"https:\/\/www.facebook.com\/pages\/Martel-AG-St-Gallen\/233396026691876\" \/>\n<meta property=\"article:modified_time\" content=\"2026-01-22T20:20:38+00:00\" \/>\n<meta property=\"og:image\" content=\"https:\/\/www.martel.ch\/cms\/wp-content\/uploads\/2025\/12\/martel-rebsorten-riesling.jpg\" \/>\n\t<meta property=\"og:image:width\" content=\"2000\" \/>\n\t<meta property=\"og:image:height\" content=\"1333\" \/>\n\t<meta property=\"og:image:type\" content=\"image\/jpeg\" \/>\n<meta name=\"twitter:card\" content=\"summary_large_image\" \/>\n<meta name=\"twitter:site\" content=\"@martel_weinwelt\" \/>\n<meta name=\"twitter:label1\" content=\"Written by\" \/>\n\t<meta name=\"twitter:data1\" content=\"Martel Weinwelt\" \/>\n<script type=\"application\/ld+json\" class=\"yoast-schema-graph\">{\"@context\":\"https:\\\/\\\/schema.org\",\"@graph\":[{\"@type\":\"WebPage\",\"@id\":\"https:\\\/\\\/www.martel.ch\\\/cms\\\/weinwissen\\\/rebsorten\\\/riesling\\\/\",\"url\":\"https:\\\/\\\/www.martel.ch\\\/cms\\\/weinwissen\\\/rebsorten\\\/riesling\\\/\",\"name\":\"Riesling | Martel Weine St.Gallen und Z\u00fcrich\",\"isPartOf\":{\"@id\":\"https:\\\/\\\/www.martel.ch\\\/cms\\\/#website\"},\"primaryImageOfPage\":{\"@id\":\"https:\\\/\\\/www.martel.ch\\\/cms\\\/weinwissen\\\/rebsorten\\\/riesling\\\/#primaryimage\"},\"image\":{\"@id\":\"https:\\\/\\\/www.martel.ch\\\/cms\\\/weinwissen\\\/rebsorten\\\/riesling\\\/#primaryimage\"},\"thumbnailUrl\":\"https:\\\/\\\/www.martel.ch\\\/cms\\\/wp-content\\\/uploads\\\/2025\\\/12\\\/martel-rebsorten-riesling.jpg\",\"datePublished\":\"2025-12-29T13:21:28+00:00\",\"dateModified\":\"2026-01-22T20:20:38+00:00\",\"description\":\"Die K\u00f6nigin. Riesling stammt aus dem deutschen Rheintal. Von knochentrocken bis edels\u00fcss. Willkommen im Martel Trauben Talk.\",\"breadcrumb\":{\"@id\":\"https:\\\/\\\/www.martel.ch\\\/cms\\\/weinwissen\\\/rebsorten\\\/riesling\\\/#breadcrumb\"},\"inLanguage\":\"de-CH\",\"potentialAction\":[{\"@type\":\"ReadAction\",\"target\":[\"https:\\\/\\\/www.martel.ch\\\/cms\\\/weinwissen\\\/rebsorten\\\/riesling\\\/\"]}]},{\"@type\":\"ImageObject\",\"inLanguage\":\"de-CH\",\"@id\":\"https:\\\/\\\/www.martel.ch\\\/cms\\\/weinwissen\\\/rebsorten\\\/riesling\\\/#primaryimage\",\"url\":\"https:\\\/\\\/www.martel.ch\\\/cms\\\/wp-content\\\/uploads\\\/2025\\\/12\\\/martel-rebsorten-riesling.jpg\",\"contentUrl\":\"https:\\\/\\\/www.martel.ch\\\/cms\\\/wp-content\\\/uploads\\\/2025\\\/12\\\/martel-rebsorten-riesling.jpg\",\"width\":2000,\"height\":1333,\"caption\":\"Riesling\"},{\"@type\":\"BreadcrumbList\",\"@id\":\"https:\\\/\\\/www.martel.ch\\\/cms\\\/weinwissen\\\/rebsorten\\\/riesling\\\/#breadcrumb\",\"itemListElement\":[{\"@type\":\"ListItem\",\"position\":1,\"name\":\"Startseite\",\"item\":\"https:\\\/\\\/www.martel.ch\\\/cms\\\/\"},{\"@type\":\"ListItem\",\"position\":2,\"name\":\"Weinwissen\",\"item\":\"https:\\\/\\\/www.martel.ch\\\/cms\\\/weinwissen\\\/\"},{\"@type\":\"ListItem\",\"position\":3,\"name\":\"Rebsorten\",\"item\":\"https:\\\/\\\/www.martel.ch\\\/cms\\\/weinwissen\\\/rebsorten\\\/\"},{\"@type\":\"ListItem\",\"position\":4,\"name\":\"Riesling\"}]},{\"@type\":\"WebSite\",\"@id\":\"https:\\\/\\\/www.martel.ch\\\/cms\\\/#website\",\"url\":\"https:\\\/\\\/www.martel.ch\\\/cms\\\/\",\"name\":\"Martel\",\"description\":\"F\u00fcr Weinbegeisterte und die, die es werden m\u00f6chten.\",\"publisher\":{\"@id\":\"https:\\\/\\\/www.martel.ch\\\/cms\\\/#organization\"},\"potentialAction\":[{\"@type\":\"SearchAction\",\"target\":{\"@type\":\"EntryPoint\",\"urlTemplate\":\"https:\\\/\\\/www.martel.ch\\\/cms\\\/?s={search_term_string}\"},\"query-input\":{\"@type\":\"PropertyValueSpecification\",\"valueRequired\":true,\"valueName\":\"search_term_string\"}}],\"inLanguage\":\"de-CH\"},{\"@type\":\"Organization\",\"@id\":\"https:\\\/\\\/www.martel.ch\\\/cms\\\/#organization\",\"name\":\"Martel AG St.Gallen\",\"url\":\"https:\\\/\\\/www.martel.ch\\\/cms\\\/\",\"logo\":{\"@type\":\"ImageObject\",\"inLanguage\":\"de-CH\",\"@id\":\"https:\\\/\\\/www.martel.ch\\\/cms\\\/#\\\/schema\\\/logo\\\/image\\\/\",\"url\":\"https:\\\/\\\/www.martel.ch\\\/cms\\\/wp-content\\\/uploads\\\/2019\\\/02\\\/martel-logo.png\",\"contentUrl\":\"https:\\\/\\\/www.martel.ch\\\/cms\\\/wp-content\\\/uploads\\\/2019\\\/02\\\/martel-logo.png\",\"width\":600,\"height\":600,\"caption\":\"Martel AG St.Gallen\"},\"image\":{\"@id\":\"https:\\\/\\\/www.martel.ch\\\/cms\\\/#\\\/schema\\\/logo\\\/image\\\/\"},\"sameAs\":[\"https:\\\/\\\/www.facebook.com\\\/pages\\\/Martel-AG-St-Gallen\\\/233396026691876\",\"https:\\\/\\\/x.com\\\/martel_weinwelt\",\"https:\\\/\\\/www.instagram.com\\\/martel_weinwelt\\\/\",\"https:\\\/\\\/www.linkedin.com\\\/company\\\/martel-ag-st-gallen\",\"https:\\\/\\\/www.pinterest.ch\\\/martel_weinwelt\"]}]}<\/script>\n<!-- \/ Yoast SEO plugin. -->","yoast_head_json":{"title":"Riesling | Martel Weine St.Gallen und Z\u00fcrich","description":"Die K\u00f6nigin. Riesling stammt aus dem deutschen Rheintal. Von knochentrocken bis edels\u00fcss. Willkommen im Martel Trauben Talk.","robots":{"index":"index","follow":"follow","max-snippet":"max-snippet:-1","max-image-preview":"max-image-preview:large","max-video-preview":"max-video-preview:-1"},"canonical":"https:\/\/www.martel.ch\/cms\/weinwissen\/rebsorten\/riesling\/","og_locale":"de_DE","og_type":"article","og_title":"Riesling | Martel Weine St.Gallen und Z\u00fcrich","og_description":"Die K\u00f6nigin. Riesling stammt aus dem deutschen Rheintal. Von knochentrocken bis edels\u00fcss. Willkommen im Martel Trauben Talk.","og_url":"https:\/\/www.martel.ch\/cms\/weinwissen\/rebsorten\/riesling\/","og_site_name":"Martel","article_publisher":"https:\/\/www.facebook.com\/pages\/Martel-AG-St-Gallen\/233396026691876","article_modified_time":"2026-01-22T20:20:38+00:00","og_image":[{"width":2000,"height":1333,"url":"https:\/\/www.martel.ch\/cms\/wp-content\/uploads\/2025\/12\/martel-rebsorten-riesling.jpg","type":"image\/jpeg"}],"twitter_card":"summary_large_image","twitter_site":"@martel_weinwelt","twitter_misc":{"Written by":"Martel Weinwelt"},"schema":{"@context":"https:\/\/schema.org","@graph":[{"@type":"WebPage","@id":"https:\/\/www.martel.ch\/cms\/weinwissen\/rebsorten\/riesling\/","url":"https:\/\/www.martel.ch\/cms\/weinwissen\/rebsorten\/riesling\/","name":"Riesling | Martel Weine St.Gallen und Z\u00fcrich","isPartOf":{"@id":"https:\/\/www.martel.ch\/cms\/#website"},"primaryImageOfPage":{"@id":"https:\/\/www.martel.ch\/cms\/weinwissen\/rebsorten\/riesling\/#primaryimage"},"image":{"@id":"https:\/\/www.martel.ch\/cms\/weinwissen\/rebsorten\/riesling\/#primaryimage"},"thumbnailUrl":"https:\/\/www.martel.ch\/cms\/wp-content\/uploads\/2025\/12\/martel-rebsorten-riesling.jpg","datePublished":"2025-12-29T13:21:28+00:00","dateModified":"2026-01-22T20:20:38+00:00","description":"Die K\u00f6nigin. Riesling stammt aus dem deutschen Rheintal. Von knochentrocken bis edels\u00fcss. Willkommen im Martel Trauben Talk.","breadcrumb":{"@id":"https:\/\/www.martel.ch\/cms\/weinwissen\/rebsorten\/riesling\/#breadcrumb"},"inLanguage":"de-CH","potentialAction":[{"@type":"ReadAction","target":["https:\/\/www.martel.ch\/cms\/weinwissen\/rebsorten\/riesling\/"]}]},{"@type":"ImageObject","inLanguage":"de-CH","@id":"https:\/\/www.martel.ch\/cms\/weinwissen\/rebsorten\/riesling\/#primaryimage","url":"https:\/\/www.martel.ch\/cms\/wp-content\/uploads\/2025\/12\/martel-rebsorten-riesling.jpg","contentUrl":"https:\/\/www.martel.ch\/cms\/wp-content\/uploads\/2025\/12\/martel-rebsorten-riesling.jpg","width":2000,"height":1333,"caption":"Riesling"},{"@type":"BreadcrumbList","@id":"https:\/\/www.martel.ch\/cms\/weinwissen\/rebsorten\/riesling\/#breadcrumb","itemListElement":[{"@type":"ListItem","position":1,"name":"Startseite","item":"https:\/\/www.martel.ch\/cms\/"},{"@type":"ListItem","position":2,"name":"Weinwissen","item":"https:\/\/www.martel.ch\/cms\/weinwissen\/"},{"@type":"ListItem","position":3,"name":"Rebsorten","item":"https:\/\/www.martel.ch\/cms\/weinwissen\/rebsorten\/"},{"@type":"ListItem","position":4,"name":"Riesling"}]},{"@type":"WebSite","@id":"https:\/\/www.martel.ch\/cms\/#website","url":"https:\/\/www.martel.ch\/cms\/","name":"Martel","description":"F\u00fcr Weinbegeisterte und die, die es werden m\u00f6chten.","publisher":{"@id":"https:\/\/www.martel.ch\/cms\/#organization"},"potentialAction":[{"@type":"SearchAction","target":{"@type":"EntryPoint","urlTemplate":"https:\/\/www.martel.ch\/cms\/?s={search_term_string}"},"query-input":{"@type":"PropertyValueSpecification","valueRequired":true,"valueName":"search_term_string"}}],"inLanguage":"de-CH"},{"@type":"Organization","@id":"https:\/\/www.martel.ch\/cms\/#organization","name":"Martel AG St.Gallen","url":"https:\/\/www.martel.ch\/cms\/","logo":{"@type":"ImageObject","inLanguage":"de-CH","@id":"https:\/\/www.martel.ch\/cms\/#\/schema\/logo\/image\/","url":"https:\/\/www.martel.ch\/cms\/wp-content\/uploads\/2019\/02\/martel-logo.png","contentUrl":"https:\/\/www.martel.ch\/cms\/wp-content\/uploads\/2019\/02\/martel-logo.png","width":600,"height":600,"caption":"Martel AG St.Gallen"},"image":{"@id":"https:\/\/www.martel.ch\/cms\/#\/schema\/logo\/image\/"},"sameAs":["https:\/\/www.facebook.com\/pages\/Martel-AG-St-Gallen\/233396026691876","https:\/\/x.com\/martel_weinwelt","https:\/\/www.instagram.com\/martel_weinwelt\/","https:\/\/www.linkedin.com\/company\/martel-ag-st-gallen","https:\/\/www.pinterest.ch\/martel_weinwelt"]}]}},"_links":{"self":[{"href":"https:\/\/www.martel.ch\/cms\/wp-json\/wp\/v2\/pages\/31865","targetHints":{"allow":["GET"]}}],"collection":[{"href":"https:\/\/www.martel.ch\/cms\/wp-json\/wp\/v2\/pages"}],"about":[{"href":"https:\/\/www.martel.ch\/cms\/wp-json\/wp\/v2\/types\/page"}],"author":[{"embeddable":true,"href":"https:\/\/www.martel.ch\/cms\/wp-json\/wp\/v2\/users\/1"}],"replies":[{"embeddable":true,"href":"https:\/\/www.martel.ch\/cms\/wp-json\/wp\/v2\/comments?post=31865"}],"version-history":[{"count":5,"href":"https:\/\/www.martel.ch\/cms\/wp-json\/wp\/v2\/pages\/31865\/revisions"}],"predecessor-version":[{"id":32235,"href":"https:\/\/www.martel.ch\/cms\/wp-json\/wp\/v2\/pages\/31865\/revisions\/32235"}],"up":[{"embeddable":true,"href":"https:\/\/www.martel.ch\/cms\/wp-json\/wp\/v2\/pages\/31870"}],"wp:featuredmedia":[{"embeddable":true,"href":"https:\/\/www.martel.ch\/cms\/wp-json\/wp\/v2\/media\/31842"}],"wp:attachment":[{"href":"https:\/\/www.martel.ch\/cms\/wp-json\/wp\/v2\/media?parent=31865"}],"wp:term":[{"taxonomy":"category","embeddable":true,"href":"https:\/\/www.martel.ch\/cms\/wp-json\/wp\/v2\/categories?post=31865"},{"taxonomy":"author","embeddable":true,"href":"https:\/\/www.martel.ch\/cms\/wp-json\/wp\/v2\/coauthors?post=31865"}],"curies":[{"name":"wp","href":"https:\/\/api.w.org\/{rel}","templated":true}]}}