{"id":32866,"date":"2026-04-23T10:56:20","date_gmt":"2026-04-23T08:56:20","guid":{"rendered":"https:\/\/www.martel.ch\/cms\/?page_id=32866"},"modified":"2026-04-23T11:37:47","modified_gmt":"2026-04-23T09:37:47","slug":"die-martel-bordeaux-welt-3","status":"publish","type":"page","link":"https:\/\/www.martel.ch\/cms\/weinwissen\/die-martel-bordeaux-welt-3\/","title":{"rendered":"Die Martel Bordeaux-Welt"},"content":{"rendered":"","protected":false},"excerpt":{"rendered":"","protected":false},"author":52,"featured_media":17650,"parent":6709,"menu_order":1,"comment_status":"closed","ping_status":"closed","template":"","meta":{"_acf_changed":false,"inline_featured_image":false,"footnotes":""},"categories":[525],"coauthors":[539],"class_list":["post-32866","page","type-page","status-publish","has-post-thumbnail","hentry","category-im-fokus"],"acf":{"inhaltselemente":[{"acf_fc_layout":"einspalter_text","einspalter_text_titel":"Wir l(i)eben Bordeaux","einspalter_text_titel_typ":"1","einspalter_text_titel_fake":false,"einspalter_text_subtitle":"","einspalter_text_content":"Bordeaux lebt. So gut wie heute waren Bordeaux-Weine noch nie, auch wegen der geballten Weinkompetenz. Winzerinnen und Winzer arbeiten in den Rebg\u00e4rten und Weinkellern ihrer Ch\u00e2teaux mit modernster Technik pr\u00e4ziser denn je. Mit der Natur, nicht gegen sie. Inzwischen gibt es einige hundert ausserordentlich gute Bordeaux-Weine. Nur ein kleiner Teil davon wird zu exorbitanten Preisen gehandelt. Viele hervorragende Bordeaux-Weine sind f\u00fcr vern\u00fcnftiges Geld erh\u00e4ltlich. Diese Weine zu finden und zu vermitteln, geh\u00f6rt zu unseren sch\u00f6nsten Aufgaben. Hier k\u00f6nnen wir unseren Sp\u00fcrsinn beweisen. Dabei hilft die Erfahrung des Weinhandels in 5. Generation.\r\n\r\nMartel bietet Orientierung in der Weinwelt, auch in Bordeaux.\r\n\r\nWir zeigen, bei welchem Jahrgang man wo zugreifen soll und welche Weine das besondere Genusserlebnis bieten. Zudem wollen wir unsere Begeisterung f\u00fcr die Bordeaux-Weine und die faszinierende Region mit Ihnen teilen. Wir leben und lieben Bordeaux.","einspalter_bgcolor":false,"einspalter_layout_lines_top_bottom":false,"einspalter_collapse":false},{"acf_fc_layout":"image_text_three_column","image_text_three_column_titel_left":"Bordeaux Subskription 2025","image_text_three_column_titel_typ_left":"2","image_text_three_column_titel_fake_left":false,"image_text_three_column_link_left":"","image_text_three_column_link_left_area":false,"image_text_three_column_bild_left":32880,"image_text_three_column_content_left":"Unsere Bordeaux-Selektion 2025 ist sorgf\u00e4ltig kuratiert. Hinter jeder Empfehlung stehen wir mit voller \u00dcberzeugung. Hier finden Sie unsere Jahrgangsfavoriten.\r\n\r\n<strong>Coming soon<\/strong>","image_text_three_column_video_left":"","image_text_three_column_titel_center":"Jahrgangsbericht 2025","image_text_three_column_titel_typ_center":"2","image_text_three_column_titel_fake_center":false,"image_text_three_column_link_center":"","image_text_three_column_link_center_area":false,"image_text_three_column_bild_center":17627,"image_text_three_column_content_center":"Unser Einkaufsteam war eine Woche im Bordelais unterwegs, um sich ein genaues Bild vom herausfordernden Jahrgang 2025 zu machen. Martel-Einkaufsleiter Philippe Gallusser spricht im Interview \u00fcber seine Einsch\u00e4tzungen.\r\n\r\n<strong>Coming soon<\/strong>","image_text_three_column_video_center":"","image_text_three_column_titel_right":"Newsletter-Anmeldung","image_text_three_column_titel_typ_right":"2","image_text_three_column_titel_fake_right":false,"image_text_three_column_link_right":{"title":"Anmelden","url":"https:\/\/www.martel.ch\/cms\/weinwissen\/im-fokus-bordeaux\/anmeldung-zum-bordeaux-newsletter\/","target":""},"image_text_three_column_link_right_area":false,"image_text_three_column_bild_right":17692,"image_text_three_column_content_right":"Im Mai und Juni informieren wir laufend \u00fcber die neu lancierten Weine des Subskription-Jahrgangs 2025. Mit der Anmeldung erhalten Sie w\u00f6chentlich ein Update.","image_text_three_column_video_right":"","image_text_three_column_bgcolor":false},{"acf_fc_layout":"image_text","image_text_titel":"Bordeaux Degustation 2023","image_text_titel_typ":"2","image_text_titel_fake":false,"image_text_link":{"title":"Anmelden","url":"https:\/\/www.martel.ch\/cms\/veranstaltung\/bordeaux-degustation-2023-2\/","target":""},"image_text_link_area":false,"image_text_content":"Unsere grosse Bordeaux-Degustation des Jahrgangs 2023 findet am 31. August 2026 in Z\u00fcrich und am 1. September 2026 in St.Gallen statt.\r\n\r\nF\u00fcr die Teilnahme ist eine Anmeldung notwendig. Die Pl\u00e4tze sind limitiert und begehrt. Es lohnt sich, fr\u00fchzeitig zu reservieren.","image_text_bild":29334,"image_text_video":"","image_text_position_bild":"left","image_text_bgcolor":true},{"acf_fc_layout":"image_text_three_column","image_text_three_column_titel_left":"Appellation ad\u00e9","image_text_three_column_titel_typ_left":"2","image_text_three_column_titel_fake_left":false,"image_text_three_column_link_left":{"title":"Unsere Einsch\u00e4tzung","url":"https:\/\/www.martel.ch\/cms\/weinwissen\/im-fokus-bordeaux\/chateau-lafleur\/","target":""},"image_text_three_column_link_left_area":false,"image_text_three_column_bild_left":31206,"image_text_three_column_content_left":"Das legend\u00e4re Bordeaux-Weingut Ch\u00e2teau Lafleur in Pomerol wird ab dem Jahrgang 2025 auf die Bezeichnung \u00abAppellation Pomerol Contr\u00f4l\u00e9e\u00bb verzichten.","image_text_three_column_video_left":"","image_text_three_column_titel_center":"Kulinarik \u2013 Roasted Chicken \u00abYquem-Style\u00bb","image_text_three_column_titel_typ_center":"2","image_text_three_column_titel_fake_center":false,"image_text_three_column_link_center":{"title":"Zum Rezept","url":"https:\/\/www.martel.ch\/cms\/weinwissen\/im-fokus-bordeaux\/sauternes-mit-roasted-chicken\/","target":""},"image_text_three_column_link_center_area":false,"image_text_three_column_bild_center":29339,"image_text_three_column_content_center":"Sauternes passt hervorragend zu Seafood und \u2013 \u00fcberraschend, aber wahr \u2013 auch zu ger\u00f6steter Maispoularde. Unbedingt ausprobieren.","image_text_three_column_video_center":"","image_text_three_column_titel_right":"Ausflugstipp \u2013 Genuss auf zwei R\u00e4dern","image_text_three_column_titel_typ_right":"2","image_text_three_column_titel_fake_right":false,"image_text_three_column_link_right":{"title":"Zum Ausflugstipp","url":"https:\/\/www.martel.ch\/cms\/weinwissen\/im-fokus-bordeaux\/genuss-auf-zwei-raedern\/","target":""},"image_text_three_column_link_right_area":false,"image_text_three_column_bild_right":29303,"image_text_three_column_content_right":"Wer sagt, Wein und Bewegung passen nicht zusammen, war noch nie mit einem E-Bike in Saint-\u00c9milion unterwegs. Unterwegs begegnet man den Namen bekannter Ch\u00e2teaux.","image_text_three_column_video_right":"","image_text_three_column_bgcolor":false},{"acf_fc_layout":"einspalter_text","einspalter_text_titel":"Jahrg\u00e4nge im Vergleich","einspalter_text_titel_typ":"2","einspalter_text_titel_fake":false,"einspalter_text_subtitle":"","einspalter_text_content":"Hier finden Sie umfassende Antworten zur Stilistik, Erntemenge, zum Reifepotential und zu besonderen Witterungsverh\u00e4ltnissen eines jeden Jahrgangs.\r\n\r\n<a class=\"btn btn-arrow\" href=\"https:\/\/www.martel.ch\/shop\/jahrgangstabelle\">Zur Jahrgangstabelle<\/a>","einspalter_bgcolor":true,"einspalter_layout_lines_top_bottom":false,"einspalter_collapse":false},{"acf_fc_layout":"image_text_three_column","image_text_three_column_titel_left":"Das Gute kommt von unten","image_text_three_column_titel_typ_left":"2","image_text_three_column_titel_fake_left":false,"image_text_three_column_link_left":{"title":"Zur Story","url":"https:\/\/www.martel.ch\/cms\/2024\/04\/30\/bordeaux-boeden-alles-gute-kommt-von-unten\/","target":""},"image_text_three_column_link_left_area":false,"image_text_three_column_bild_left":23593,"image_text_three_column_content_left":"Der Weg zu einem erstklassigen Bordeaux ist steinig - im wahrsten Sinne des Wortes. Denn der Boden macht im Bordeaux den Unterschied.","image_text_three_column_video_left":"","image_text_three_column_titel_center":"Weinbaugebiet Bordeaux","image_text_three_column_titel_typ_center":"2","image_text_three_column_titel_fake_center":false,"image_text_three_column_link_center":{"title":"Karte lesen","url":"https:\/\/www.martel.ch\/cms\/weinwissen\/weinbaugebiete\/","target":"_blank"},"image_text_three_column_link_center_area":false,"image_text_three_column_bild_center":23620,"image_text_three_column_content_center":"Unsere in Eigenregie erstellten Martel-Weinbaugebietskarten zeigen in einzigartiger Genauigkeit, woher die Weine unseres Subskriptions-Angebotes genau stammen.","image_text_three_column_video_center":"","image_text_three_column_titel_right":"Was ist Subskription?","image_text_three_column_titel_typ_right":"2","image_text_three_column_titel_fake_right":false,"image_text_three_column_link_right":{"title":"Kurz erkl\u00e4rt","url":"https:\/\/www.martel.ch\/cms\/weinwissen\/im-fokus-bordeaux\/was-ist-subskription\/","target":""},"image_text_three_column_link_right_area":false,"image_text_three_column_bild_right":23608,"image_text_three_column_content_right":"Subskrip\u2026was? Das umst\u00e4ndliche Wort Subskription steht f\u00fcr ein Warentermingesch\u00e4ft, das nach einem einfachen Prinzip funktioniert. Warum und wieso?","image_text_three_column_video_right":"","image_text_three_column_bgcolor":false}]},"yoast_head":"<!-- This site is optimized with the Yoast SEO plugin v27.4 - https:\/\/yoast.com\/product\/yoast-seo-wordpress\/ -->\n<title>Die Martel Bordeaux-Welt<\/title>\n<meta name=\"description\" content=\"Bordeaux 2023. Facts, News, Insider-Tipps und Hintergr\u00fcnde zum Jahrgang 2023 werden erg\u00e4nzt mit Geschichten und Rezepten aus der Weinregion\" \/>\n<meta name=\"robots\" content=\"index, follow, max-snippet:-1, max-image-preview:large, max-video-preview:-1\" \/>\n<link rel=\"canonical\" href=\"https:\/\/www.martel.ch\/cms\/weinwissen\/die-martel-bordeaux-welt-3\/\" \/>\n<meta property=\"og:locale\" content=\"de_DE\" \/>\n<meta property=\"og:type\" content=\"article\" \/>\n<meta property=\"og:title\" content=\"Die Martel Bordeaux-Welt\" \/>\n<meta property=\"og:description\" content=\"Bordeaux 2023. Facts, News, Insider-Tipps und Hintergr\u00fcnde zum Jahrgang 2023 werden erg\u00e4nzt mit Geschichten und Rezepten aus der Weinregion\" \/>\n<meta property=\"og:url\" content=\"https:\/\/www.martel.ch\/cms\/weinwissen\/die-martel-bordeaux-welt-3\/\" \/>\n<meta property=\"og:site_name\" content=\"Martel\" \/>\n<meta property=\"article:publisher\" content=\"https:\/\/www.facebook.com\/pages\/Martel-AG-St-Gallen\/233396026691876\" \/>\n<meta property=\"article:modified_time\" content=\"2026-04-23T09:37:47+00:00\" \/>\n<meta property=\"og:image\" content=\"https:\/\/www.martel.ch\/cms\/wp-content\/uploads\/2023\/05\/2022_canon_6-854x569.jpg\" \/>\n\t<meta property=\"og:image:width\" content=\"854\" \/>\n\t<meta property=\"og:image:height\" content=\"569\" \/>\n\t<meta property=\"og:image:type\" content=\"image\/jpeg\" \/>\n<meta name=\"twitter:card\" content=\"summary_large_image\" \/>\n<meta name=\"twitter:site\" content=\"@martel_weinwelt\" \/>\n<meta name=\"twitter:label1\" content=\"Written by\" \/>\n\t<meta name=\"twitter:data1\" content=\"Martel Marketing\" \/>\n<script type=\"application\/ld+json\" class=\"yoast-schema-graph\">{\"@context\":\"https:\\\/\\\/schema.org\",\"@graph\":[{\"@type\":\"WebPage\",\"@id\":\"https:\\\/\\\/www.martel.ch\\\/cms\\\/weinwissen\\\/die-martel-bordeaux-welt-3\\\/\",\"url\":\"https:\\\/\\\/www.martel.ch\\\/cms\\\/weinwissen\\\/die-martel-bordeaux-welt-3\\\/\",\"name\":\"Die Martel Bordeaux-Welt\",\"isPartOf\":{\"@id\":\"https:\\\/\\\/www.martel.ch\\\/cms\\\/#website\"},\"primaryImageOfPage\":{\"@id\":\"https:\\\/\\\/www.martel.ch\\\/cms\\\/weinwissen\\\/die-martel-bordeaux-welt-3\\\/#primaryimage\"},\"image\":{\"@id\":\"https:\\\/\\\/www.martel.ch\\\/cms\\\/weinwissen\\\/die-martel-bordeaux-welt-3\\\/#primaryimage\"},\"thumbnailUrl\":\"https:\\\/\\\/www.martel.ch\\\/cms\\\/wp-content\\\/uploads\\\/2023\\\/05\\\/2022_canon_6.jpg\",\"datePublished\":\"2026-04-23T08:56:20+00:00\",\"dateModified\":\"2026-04-23T09:37:47+00:00\",\"description\":\"Bordeaux 2023. Facts, News, Insider-Tipps und Hintergr\u00fcnde zum Jahrgang 2023 werden erg\u00e4nzt mit Geschichten und Rezepten aus der Weinregion\",\"breadcrumb\":{\"@id\":\"https:\\\/\\\/www.martel.ch\\\/cms\\\/weinwissen\\\/die-martel-bordeaux-welt-3\\\/#breadcrumb\"},\"inLanguage\":\"de-CH\",\"potentialAction\":[{\"@type\":\"ReadAction\",\"target\":[\"https:\\\/\\\/www.martel.ch\\\/cms\\\/weinwissen\\\/die-martel-bordeaux-welt-3\\\/\"]}]},{\"@type\":\"ImageObject\",\"inLanguage\":\"de-CH\",\"@id\":\"https:\\\/\\\/www.martel.ch\\\/cms\\\/weinwissen\\\/die-martel-bordeaux-welt-3\\\/#primaryimage\",\"url\":\"https:\\\/\\\/www.martel.ch\\\/cms\\\/wp-content\\\/uploads\\\/2023\\\/05\\\/2022_canon_6.jpg\",\"contentUrl\":\"https:\\\/\\\/www.martel.ch\\\/cms\\\/wp-content\\\/uploads\\\/2023\\\/05\\\/2022_canon_6.jpg\",\"width\":2000,\"height\":1333,\"caption\":\"Bordeaux 2023\"},{\"@type\":\"BreadcrumbList\",\"@id\":\"https:\\\/\\\/www.martel.ch\\\/cms\\\/weinwissen\\\/die-martel-bordeaux-welt-3\\\/#breadcrumb\",\"itemListElement\":[{\"@type\":\"ListItem\",\"position\":1,\"name\":\"Startseite\",\"item\":\"https:\\\/\\\/www.martel.ch\\\/cms\\\/\"},{\"@type\":\"ListItem\",\"position\":2,\"name\":\"Weinwissen\",\"item\":\"https:\\\/\\\/www.martel.ch\\\/cms\\\/weinwissen\\\/\"},{\"@type\":\"ListItem\",\"position\":3,\"name\":\"Die Martel Bordeaux-Welt\"}]},{\"@type\":\"WebSite\",\"@id\":\"https:\\\/\\\/www.martel.ch\\\/cms\\\/#website\",\"url\":\"https:\\\/\\\/www.martel.ch\\\/cms\\\/\",\"name\":\"Martel\",\"description\":\"F\u00fcr Weinbegeisterte und die, die es werden m\u00f6chten.\",\"publisher\":{\"@id\":\"https:\\\/\\\/www.martel.ch\\\/cms\\\/#organization\"},\"potentialAction\":[{\"@type\":\"SearchAction\",\"target\":{\"@type\":\"EntryPoint\",\"urlTemplate\":\"https:\\\/\\\/www.martel.ch\\\/cms\\\/?s={search_term_string}\"},\"query-input\":{\"@type\":\"PropertyValueSpecification\",\"valueRequired\":true,\"valueName\":\"search_term_string\"}}],\"inLanguage\":\"de-CH\"},{\"@type\":\"Organization\",\"@id\":\"https:\\\/\\\/www.martel.ch\\\/cms\\\/#organization\",\"name\":\"Martel AG St.Gallen\",\"url\":\"https:\\\/\\\/www.martel.ch\\\/cms\\\/\",\"logo\":{\"@type\":\"ImageObject\",\"inLanguage\":\"de-CH\",\"@id\":\"https:\\\/\\\/www.martel.ch\\\/cms\\\/#\\\/schema\\\/logo\\\/image\\\/\",\"url\":\"https:\\\/\\\/www.martel.ch\\\/cms\\\/wp-content\\\/uploads\\\/2019\\\/02\\\/martel-logo.png\",\"contentUrl\":\"https:\\\/\\\/www.martel.ch\\\/cms\\\/wp-content\\\/uploads\\\/2019\\\/02\\\/martel-logo.png\",\"width\":600,\"height\":600,\"caption\":\"Martel AG St.Gallen\"},\"image\":{\"@id\":\"https:\\\/\\\/www.martel.ch\\\/cms\\\/#\\\/schema\\\/logo\\\/image\\\/\"},\"sameAs\":[\"https:\\\/\\\/www.facebook.com\\\/pages\\\/Martel-AG-St-Gallen\\\/233396026691876\",\"https:\\\/\\\/x.com\\\/martel_weinwelt\",\"https:\\\/\\\/www.instagram.com\\\/martel_weinwelt\\\/\",\"https:\\\/\\\/www.linkedin.com\\\/company\\\/martel-ag-st-gallen\",\"https:\\\/\\\/www.pinterest.ch\\\/martel_weinwelt\"]}]}<\/script>\n<!-- \/ Yoast SEO plugin. -->","yoast_head_json":{"title":"Die Martel Bordeaux-Welt","description":"Bordeaux 2023. Facts, News, Insider-Tipps und Hintergr\u00fcnde zum Jahrgang 2023 werden erg\u00e4nzt mit Geschichten und Rezepten aus der Weinregion","robots":{"index":"index","follow":"follow","max-snippet":"max-snippet:-1","max-image-preview":"max-image-preview:large","max-video-preview":"max-video-preview:-1"},"canonical":"https:\/\/www.martel.ch\/cms\/weinwissen\/die-martel-bordeaux-welt-3\/","og_locale":"de_DE","og_type":"article","og_title":"Die Martel Bordeaux-Welt","og_description":"Bordeaux 2023. Facts, News, Insider-Tipps und Hintergr\u00fcnde zum Jahrgang 2023 werden erg\u00e4nzt mit Geschichten und Rezepten aus der Weinregion","og_url":"https:\/\/www.martel.ch\/cms\/weinwissen\/die-martel-bordeaux-welt-3\/","og_site_name":"Martel","article_publisher":"https:\/\/www.facebook.com\/pages\/Martel-AG-St-Gallen\/233396026691876","article_modified_time":"2026-04-23T09:37:47+00:00","og_image":[{"width":854,"height":569,"url":"https:\/\/www.martel.ch\/cms\/wp-content\/uploads\/2023\/05\/2022_canon_6-854x569.jpg","type":"image\/jpeg"}],"twitter_card":"summary_large_image","twitter_site":"@martel_weinwelt","twitter_misc":{"Written by":"Martel Marketing"},"schema":{"@context":"https:\/\/schema.org","@graph":[{"@type":"WebPage","@id":"https:\/\/www.martel.ch\/cms\/weinwissen\/die-martel-bordeaux-welt-3\/","url":"https:\/\/www.martel.ch\/cms\/weinwissen\/die-martel-bordeaux-welt-3\/","name":"Die Martel Bordeaux-Welt","isPartOf":{"@id":"https:\/\/www.martel.ch\/cms\/#website"},"primaryImageOfPage":{"@id":"https:\/\/www.martel.ch\/cms\/weinwissen\/die-martel-bordeaux-welt-3\/#primaryimage"},"image":{"@id":"https:\/\/www.martel.ch\/cms\/weinwissen\/die-martel-bordeaux-welt-3\/#primaryimage"},"thumbnailUrl":"https:\/\/www.martel.ch\/cms\/wp-content\/uploads\/2023\/05\/2022_canon_6.jpg","datePublished":"2026-04-23T08:56:20+00:00","dateModified":"2026-04-23T09:37:47+00:00","description":"Bordeaux 2023. Facts, News, Insider-Tipps und Hintergr\u00fcnde zum Jahrgang 2023 werden erg\u00e4nzt mit Geschichten und Rezepten aus der Weinregion","breadcrumb":{"@id":"https:\/\/www.martel.ch\/cms\/weinwissen\/die-martel-bordeaux-welt-3\/#breadcrumb"},"inLanguage":"de-CH","potentialAction":[{"@type":"ReadAction","target":["https:\/\/www.martel.ch\/cms\/weinwissen\/die-martel-bordeaux-welt-3\/"]}]},{"@type":"ImageObject","inLanguage":"de-CH","@id":"https:\/\/www.martel.ch\/cms\/weinwissen\/die-martel-bordeaux-welt-3\/#primaryimage","url":"https:\/\/www.martel.ch\/cms\/wp-content\/uploads\/2023\/05\/2022_canon_6.jpg","contentUrl":"https:\/\/www.martel.ch\/cms\/wp-content\/uploads\/2023\/05\/2022_canon_6.jpg","width":2000,"height":1333,"caption":"Bordeaux 2023"},{"@type":"BreadcrumbList","@id":"https:\/\/www.martel.ch\/cms\/weinwissen\/die-martel-bordeaux-welt-3\/#breadcrumb","itemListElement":[{"@type":"ListItem","position":1,"name":"Startseite","item":"https:\/\/www.martel.ch\/cms\/"},{"@type":"ListItem","position":2,"name":"Weinwissen","item":"https:\/\/www.martel.ch\/cms\/weinwissen\/"},{"@type":"ListItem","position":3,"name":"Die Martel Bordeaux-Welt"}]},{"@type":"WebSite","@id":"https:\/\/www.martel.ch\/cms\/#website","url":"https:\/\/www.martel.ch\/cms\/","name":"Martel","description":"F\u00fcr Weinbegeisterte und die, die es werden m\u00f6chten.","publisher":{"@id":"https:\/\/www.martel.ch\/cms\/#organization"},"potentialAction":[{"@type":"SearchAction","target":{"@type":"EntryPoint","urlTemplate":"https:\/\/www.martel.ch\/cms\/?s={search_term_string}"},"query-input":{"@type":"PropertyValueSpecification","valueRequired":true,"valueName":"search_term_string"}}],"inLanguage":"de-CH"},{"@type":"Organization","@id":"https:\/\/www.martel.ch\/cms\/#organization","name":"Martel AG St.Gallen","url":"https:\/\/www.martel.ch\/cms\/","logo":{"@type":"ImageObject","inLanguage":"de-CH","@id":"https:\/\/www.martel.ch\/cms\/#\/schema\/logo\/image\/","url":"https:\/\/www.martel.ch\/cms\/wp-content\/uploads\/2019\/02\/martel-logo.png","contentUrl":"https:\/\/www.martel.ch\/cms\/wp-content\/uploads\/2019\/02\/martel-logo.png","width":600,"height":600,"caption":"Martel AG St.Gallen"},"image":{"@id":"https:\/\/www.martel.ch\/cms\/#\/schema\/logo\/image\/"},"sameAs":["https:\/\/www.facebook.com\/pages\/Martel-AG-St-Gallen\/233396026691876","https:\/\/x.com\/martel_weinwelt","https:\/\/www.instagram.com\/martel_weinwelt\/","https:\/\/www.linkedin.com\/company\/martel-ag-st-gallen","https:\/\/www.pinterest.ch\/martel_weinwelt"]}]}},"_links":{"self":[{"href":"https:\/\/www.martel.ch\/cms\/wp-json\/wp\/v2\/pages\/32866","targetHints":{"allow":["GET"]}}],"collection":[{"href":"https:\/\/www.martel.ch\/cms\/wp-json\/wp\/v2\/pages"}],"about":[{"href":"https:\/\/www.martel.ch\/cms\/wp-json\/wp\/v2\/types\/page"}],"author":[{"embeddable":true,"href":"https:\/\/www.martel.ch\/cms\/wp-json\/wp\/v2\/users\/52"}],"replies":[{"embeddable":true,"href":"https:\/\/www.martel.ch\/cms\/wp-json\/wp\/v2\/comments?post=32866"}],"version-history":[{"count":10,"href":"https:\/\/www.martel.ch\/cms\/wp-json\/wp\/v2\/pages\/32866\/revisions"}],"predecessor-version":[{"id":32881,"href":"https:\/\/www.martel.ch\/cms\/wp-json\/wp\/v2\/pages\/32866\/revisions\/32881"}],"up":[{"embeddable":true,"href":"https:\/\/www.martel.ch\/cms\/wp-json\/wp\/v2\/pages\/6709"}],"wp:featuredmedia":[{"embeddable":true,"href":"https:\/\/www.martel.ch\/cms\/wp-json\/wp\/v2\/media\/17650"}],"wp:attachment":[{"href":"https:\/\/www.martel.ch\/cms\/wp-json\/wp\/v2\/media?parent=32866"}],"wp:term":[{"taxonomy":"category","embeddable":true,"href":"https:\/\/www.martel.ch\/cms\/wp-json\/wp\/v2\/categories?post=32866"},{"taxonomy":"author","embeddable":true,"href":"https:\/\/www.martel.ch\/cms\/wp-json\/wp\/v2\/coauthors?post=32866"}],"curies":[{"name":"wp","href":"https:\/\/api.w.org\/{rel}","templated":true}]}}