{"id":6700,"date":"2022-03-26T08:43:11","date_gmt":"2022-03-26T07:43:11","guid":{"rendered":"https:\/\/www.martel.ch\/cms\/?page_id=6700"},"modified":"2025-06-23T14:25:17","modified_gmt":"2025-06-23T12:25:17","slug":"ueber-uns","status":"publish","type":"page","link":"https:\/\/www.martel.ch\/cms\/martel\/ueber-uns\/","title":{"rendered":"\u00dcber uns"},"content":{"rendered":"","protected":false},"excerpt":{"rendered":"","protected":false},"author":1,"featured_media":22030,"parent":6363,"menu_order":1,"comment_status":"closed","ping_status":"closed","template":"","meta":{"_acf_changed":false,"inline_featured_image":false,"footnotes":""},"categories":[],"coauthors":[497],"class_list":["post-6700","page","type-page","status-publish","has-post-thumbnail","hentry"],"acf":{"inhaltselemente":[{"acf_fc_layout":"einspalter_text","einspalter_text_titel":"\u00dcber uns","einspalter_text_titel_typ":"1","einspalter_text_titel_fake":false,"einspalter_text_subtitle":"","einspalter_text_content":"Martel \u2013 das ist gelebte Weinkultur, einzigartige Kompetenz und erstklassiger Service.\r\n\r\nWir sind eine schweizweit t\u00e4tige Weinhandlung. Die insgesamt drei Standorte in St.Gallen und Z\u00fcrich machen unsere Weine erlebbar. Martel ist landesweit in der qualit\u00e4tsbewussten Gastronomie und Hotellerie sowie in unz\u00e4hligen Kellern unserer Privatkunden vertreten.","einspalter_bgcolor":false,"einspalter_layout_lines_top_bottom":false,"einspalter_collapse":false},{"acf_fc_layout":"image_image_text","image_image_text_titel_left":"","image_image_text_titel_typ_left":"2","image_image_text_titel_fake_left":false,"image_image_text_link_left":"","image_image_text_link_left_area":false,"image_image_text_bild_left":7273,"image_image_text_content_left":"Das unabh\u00e4ngige Familienunternehmen wird in 5. Generation von Jan Martel gef\u00fchrt und besch\u00e4ftigt 50 Weinenthusiasten. Fundierte Ausbildungen bilden zusammen mit Erfahrung und Neugierde den perfekten Mix f\u00fcr unsere hohe Weinkompetenz, die national ihresgleichen sucht. Wir sehen unsere Arbeit in der Weinbranche nicht als Beruf, sondern als Berufung.\r\n\r\nDar\u00fcber hinaus verf\u00fcgt Martel \u00fcber ein eigenst\u00e4ndiges Sortiment von 3\u2019000 verschiedenen Weinen, darunter Rarit\u00e4ten mit grossen Namen sowie Exklusivimporte. Punkte und Awards sind zweitrangig. Bei der Entscheidung f\u00fcr oder gegen einen Wein vertrauen wir unserem eigenen Urteil basierend der Martel-Qualit\u00e4tskriterien, die Auswahl wird \u00fcber Abteilungsgrenzen hinweg gef\u00e4llt. Dabei verstehen wir uns in allen Preissegmenten als Qualit\u00e4tsf\u00fchrer.\r\n\r\nErstklassige Weinproduzenten wenden sich an uns, wenn sie eine Vertretung in der Schweiz suchen. Das eigene Weinlager mit mehr als 1 Million Flaschen bietet neben Weinen von 300 Produzentinnen und Produzenten eine Vielfalt, die ihresgleichen sucht. Weinkultur zeigt auf jeder Qualit\u00e4tsstufe, worauf es ankommt: Perfektes Handwerk, Charakter und Individualit\u00e4t.\r\n\r\nWir sind eine unabh\u00e4ngige, versierte und begeisterte Vermittlerin dieser Weinkultur. Daf\u00fcr sorgen die Weinberater in unseren Ladengesch\u00e4ften genauso wie unsere schweizweit t\u00e4tigen Weinberater f\u00fcr die Gastronomie. Geliefert wird mit der hauseigenen Logistik. Full-Service.","image_image_text_video_left":"","image_image_text_teaser_left":{"image_image_text_teaser_left_titel":"","image_image_text_teaser_left_titel_typ":"2","image_image_text_teaser_left_titel_fake":false,"image_image_text_teaser_left_link":""},"image_image_text_icon_left":"","image_image_text_icon_bg_left":"martel-rot","image_image_text_titel_right":"","image_image_text_titel_typ_right":"2","image_image_text_titel_fake_right":false,"image_image_text_link_right":"","image_image_text_link_right_area":false,"image_image_text_bild_right":21640,"image_image_text_content_right":"Im Auftrag des Weines engagieren wir uns an Degustationen oder Weinkursen und bieten Dienstleistungen wie Kellersch\u00e4tzungen oder Winzerbesuche. Als Familienunternehmen liegt uns Nachhaltigkeit besonders am Herzen, weil wir bei vielen Entscheiden auch an die n\u00e4chste Generation denken. Unsere Winzer sind f\u00fcr uns Partner, mit denen wir langfristige und freundschaftliche Beziehungen pflegen. Wir sehen uns als Botschafter ihrer Weine in der Schweiz.\r\n\r\nIn dieser Funktion f\u00fchlt unser Unternehmen bereits seit 1876 den Puls der Weinwelt und gilt gleichermassen als Innovationstreiber. 1964 f\u00fchrte Martel als Pionierin kalifornische Weine in Europa ein. Seit 1995 betreibt Martel den ersten Wein-Online-Shop Europas. Prognosen werden zu Taten. So erschufen wir uns durch die steigende Nachfrage nach Weinen aus dem Burgund und dem daraus resultierenden Kauf der Weinhandlung M\u00fcller im Jahr 2014 das einmaligste Burgund-Sortiment in ganz Europa. 2016 folgte in Zeiten des Ladensterbens ein erfolgreicher eigener Weinerlebnisort in Z\u00fcrich.\r\n\r\nOhne Wein w\u00fcrde der Welt ein einmaliger Schatz fehlen. Teilen Sie mit uns Leidenschaft und Feuer f\u00fcr dieses Naturprodukt und Kulturgut. Am Anfang steht die Rebe, am Ende der Genuss. Unser Versprechen an Sie? Von der Anpflanzung bis zum Ausschank \u2013 Martel ist bei jedem Schritt dabei und zu jeder Zeit ein verl\u00e4sslicher Partner.\r\n\r\n<a class=\"btn btn-arrow\" href=\"\/wein\/\">Martel Sortiment<\/a>","image_image_text_video_right":"","image_image_text_teaser_right":{"image_image_text_teaser_right_titel":"","image_image_text_teaser_right_titel_typ":"2","image_image_text_teaser_right_titel_fake":false,"image_image_text_teaser_right_link":""},"image_image_text_icon_right":"","image_image_text_icon_bg_right":"martel-rot","image_image_text_offset":true,"image_image_text_bgcolor":false},{"acf_fc_layout":"image_text","image_text_titel":"Meilensteine","image_text_titel_typ":"2","image_text_titel_fake":false,"image_text_link":{"title":"","url":"\/cms\/martel\/meilensteine-2\/","target":""},"image_text_link_area":false,"image_text_content":"Dem Wein verpflichtet. Seit 1876.","image_text_bild":7177,"image_text_video":"","image_text_position_bild":"left","image_text_bgcolor":false}]},"yoast_head":"<!-- This site is optimized with the Yoast SEO plugin v27.5 - https:\/\/yoast.com\/product\/yoast-seo-wordpress\/ -->\n<title>\u00dcber uns | Martel Weine St.Gallen und Z\u00fcrich - Weinhandlung<\/title>\n<meta name=\"description\" content=\"Wir sind eine Schweizer Weinhandlung. Neben zwei Standorten in St.Gallen sind wir seit 2016 auch in Z\u00fcrich mit einem Ladengesch\u00e4ft pr\u00e4sent.\" \/>\n<meta name=\"robots\" content=\"index, follow, max-snippet:-1, max-image-preview:large, max-video-preview:-1\" \/>\n<link rel=\"canonical\" href=\"https:\/\/www.martel.ch\/cms\/martel\/ueber-uns\/\" \/>\n<meta property=\"og:locale\" content=\"de_DE\" \/>\n<meta property=\"og:type\" content=\"article\" \/>\n<meta property=\"og:title\" content=\"\u00dcber uns | Martel Weine St.Gallen und Z\u00fcrich - Weinhandlung\" \/>\n<meta property=\"og:description\" content=\"Wir sind eine Schweizer Weinhandlung. Neben zwei Standorten in St.Gallen sind wir seit 2016 auch in Z\u00fcrich mit einem Ladengesch\u00e4ft pr\u00e4sent.\" \/>\n<meta property=\"og:url\" content=\"https:\/\/www.martel.ch\/cms\/martel\/ueber-uns\/\" \/>\n<meta property=\"og:site_name\" content=\"Martel\" \/>\n<meta property=\"article:publisher\" content=\"https:\/\/www.facebook.com\/pages\/Martel-AG-St-Gallen\/233396026691876\" \/>\n<meta property=\"article:modified_time\" content=\"2025-06-23T12:25:17+00:00\" \/>\n<meta property=\"og:image\" content=\"https:\/\/www.martel.ch\/cms\/wp-content\/uploads\/2024\/01\/Jan_Martel_Jahresausblick-854x569.jpg\" \/>\n\t<meta property=\"og:image:width\" content=\"854\" \/>\n\t<meta property=\"og:image:height\" content=\"569\" \/>\n\t<meta property=\"og:image:type\" content=\"image\/jpeg\" \/>\n<meta name=\"twitter:card\" content=\"summary_large_image\" \/>\n<meta name=\"twitter:site\" content=\"@martel_weinwelt\" \/>\n<meta name=\"twitter:label1\" content=\"Written by\" \/>\n\t<meta name=\"twitter:data1\" content=\"Martel Weinwelt\" \/>\n<script type=\"application\/ld+json\" class=\"yoast-schema-graph\">{\"@context\":\"https:\\\/\\\/schema.org\",\"@graph\":[{\"@type\":\"WebPage\",\"@id\":\"https:\\\/\\\/www.martel.ch\\\/cms\\\/martel\\\/ueber-uns\\\/\",\"url\":\"https:\\\/\\\/www.martel.ch\\\/cms\\\/martel\\\/ueber-uns\\\/\",\"name\":\"\u00dcber uns | Martel Weine St.Gallen und Z\u00fcrich - Weinhandlung\",\"isPartOf\":{\"@id\":\"https:\\\/\\\/www.martel.ch\\\/cms\\\/#website\"},\"primaryImageOfPage\":{\"@id\":\"https:\\\/\\\/www.martel.ch\\\/cms\\\/martel\\\/ueber-uns\\\/#primaryimage\"},\"image\":{\"@id\":\"https:\\\/\\\/www.martel.ch\\\/cms\\\/martel\\\/ueber-uns\\\/#primaryimage\"},\"thumbnailUrl\":\"https:\\\/\\\/www.martel.ch\\\/cms\\\/wp-content\\\/uploads\\\/2024\\\/01\\\/Jan_Martel_Jahresausblick.jpg\",\"datePublished\":\"2022-03-26T07:43:11+00:00\",\"dateModified\":\"2025-06-23T12:25:17+00:00\",\"description\":\"Wir sind eine Schweizer Weinhandlung. Neben zwei Standorten in St.Gallen sind wir seit 2016 auch in Z\u00fcrich mit einem Ladengesch\u00e4ft pr\u00e4sent.\",\"breadcrumb\":{\"@id\":\"https:\\\/\\\/www.martel.ch\\\/cms\\\/martel\\\/ueber-uns\\\/#breadcrumb\"},\"inLanguage\":\"de-CH\",\"potentialAction\":[{\"@type\":\"ReadAction\",\"target\":[\"https:\\\/\\\/www.martel.ch\\\/cms\\\/martel\\\/ueber-uns\\\/\"]}]},{\"@type\":\"ImageObject\",\"inLanguage\":\"de-CH\",\"@id\":\"https:\\\/\\\/www.martel.ch\\\/cms\\\/martel\\\/ueber-uns\\\/#primaryimage\",\"url\":\"https:\\\/\\\/www.martel.ch\\\/cms\\\/wp-content\\\/uploads\\\/2024\\\/01\\\/Jan_Martel_Jahresausblick.jpg\",\"contentUrl\":\"https:\\\/\\\/www.martel.ch\\\/cms\\\/wp-content\\\/uploads\\\/2024\\\/01\\\/Jan_Martel_Jahresausblick.jpg\",\"width\":2000,\"height\":1333,\"caption\":\"Schweizer Weinhandel 2024 \u2013 Ausblick & Trends\"},{\"@type\":\"BreadcrumbList\",\"@id\":\"https:\\\/\\\/www.martel.ch\\\/cms\\\/martel\\\/ueber-uns\\\/#breadcrumb\",\"itemListElement\":[{\"@type\":\"ListItem\",\"position\":1,\"name\":\"Startseite\",\"item\":\"https:\\\/\\\/www.martel.ch\\\/cms\\\/\"},{\"@type\":\"ListItem\",\"position\":2,\"name\":\"Martel\",\"item\":\"https:\\\/\\\/www.martel.ch\\\/cms\\\/martel\\\/\"},{\"@type\":\"ListItem\",\"position\":3,\"name\":\"\u00dcber uns\"}]},{\"@type\":\"WebSite\",\"@id\":\"https:\\\/\\\/www.martel.ch\\\/cms\\\/#website\",\"url\":\"https:\\\/\\\/www.martel.ch\\\/cms\\\/\",\"name\":\"Martel\",\"description\":\"F\u00fcr Weinbegeisterte und die, die es werden m\u00f6chten.\",\"publisher\":{\"@id\":\"https:\\\/\\\/www.martel.ch\\\/cms\\\/#organization\"},\"potentialAction\":[{\"@type\":\"SearchAction\",\"target\":{\"@type\":\"EntryPoint\",\"urlTemplate\":\"https:\\\/\\\/www.martel.ch\\\/cms\\\/?s={search_term_string}\"},\"query-input\":{\"@type\":\"PropertyValueSpecification\",\"valueRequired\":true,\"valueName\":\"search_term_string\"}}],\"inLanguage\":\"de-CH\"},{\"@type\":\"Organization\",\"@id\":\"https:\\\/\\\/www.martel.ch\\\/cms\\\/#organization\",\"name\":\"Martel AG St.Gallen\",\"url\":\"https:\\\/\\\/www.martel.ch\\\/cms\\\/\",\"logo\":{\"@type\":\"ImageObject\",\"inLanguage\":\"de-CH\",\"@id\":\"https:\\\/\\\/www.martel.ch\\\/cms\\\/#\\\/schema\\\/logo\\\/image\\\/\",\"url\":\"https:\\\/\\\/www.martel.ch\\\/cms\\\/wp-content\\\/uploads\\\/2019\\\/02\\\/martel-logo.png\",\"contentUrl\":\"https:\\\/\\\/www.martel.ch\\\/cms\\\/wp-content\\\/uploads\\\/2019\\\/02\\\/martel-logo.png\",\"width\":600,\"height\":600,\"caption\":\"Martel AG St.Gallen\"},\"image\":{\"@id\":\"https:\\\/\\\/www.martel.ch\\\/cms\\\/#\\\/schema\\\/logo\\\/image\\\/\"},\"sameAs\":[\"https:\\\/\\\/www.facebook.com\\\/pages\\\/Martel-AG-St-Gallen\\\/233396026691876\",\"https:\\\/\\\/x.com\\\/martel_weinwelt\",\"https:\\\/\\\/www.instagram.com\\\/martel_weinwelt\\\/\",\"https:\\\/\\\/www.linkedin.com\\\/company\\\/martel-ag-st-gallen\",\"https:\\\/\\\/www.pinterest.ch\\\/martel_weinwelt\"]}]}<\/script>\n<!-- \/ Yoast SEO plugin. -->","yoast_head_json":{"title":"\u00dcber uns | Martel Weine St.Gallen und Z\u00fcrich - Weinhandlung","description":"Wir sind eine Schweizer Weinhandlung. Neben zwei Standorten in St.Gallen sind wir seit 2016 auch in Z\u00fcrich mit einem Ladengesch\u00e4ft pr\u00e4sent.","robots":{"index":"index","follow":"follow","max-snippet":"max-snippet:-1","max-image-preview":"max-image-preview:large","max-video-preview":"max-video-preview:-1"},"canonical":"https:\/\/www.martel.ch\/cms\/martel\/ueber-uns\/","og_locale":"de_DE","og_type":"article","og_title":"\u00dcber uns | Martel Weine St.Gallen und Z\u00fcrich - Weinhandlung","og_description":"Wir sind eine Schweizer Weinhandlung. Neben zwei Standorten in St.Gallen sind wir seit 2016 auch in Z\u00fcrich mit einem Ladengesch\u00e4ft pr\u00e4sent.","og_url":"https:\/\/www.martel.ch\/cms\/martel\/ueber-uns\/","og_site_name":"Martel","article_publisher":"https:\/\/www.facebook.com\/pages\/Martel-AG-St-Gallen\/233396026691876","article_modified_time":"2025-06-23T12:25:17+00:00","og_image":[{"width":854,"height":569,"url":"https:\/\/www.martel.ch\/cms\/wp-content\/uploads\/2024\/01\/Jan_Martel_Jahresausblick-854x569.jpg","type":"image\/jpeg"}],"twitter_card":"summary_large_image","twitter_site":"@martel_weinwelt","twitter_misc":{"Written by":"Martel Weinwelt"},"schema":{"@context":"https:\/\/schema.org","@graph":[{"@type":"WebPage","@id":"https:\/\/www.martel.ch\/cms\/martel\/ueber-uns\/","url":"https:\/\/www.martel.ch\/cms\/martel\/ueber-uns\/","name":"\u00dcber uns | Martel Weine St.Gallen und Z\u00fcrich - Weinhandlung","isPartOf":{"@id":"https:\/\/www.martel.ch\/cms\/#website"},"primaryImageOfPage":{"@id":"https:\/\/www.martel.ch\/cms\/martel\/ueber-uns\/#primaryimage"},"image":{"@id":"https:\/\/www.martel.ch\/cms\/martel\/ueber-uns\/#primaryimage"},"thumbnailUrl":"https:\/\/www.martel.ch\/cms\/wp-content\/uploads\/2024\/01\/Jan_Martel_Jahresausblick.jpg","datePublished":"2022-03-26T07:43:11+00:00","dateModified":"2025-06-23T12:25:17+00:00","description":"Wir sind eine Schweizer Weinhandlung. Neben zwei Standorten in St.Gallen sind wir seit 2016 auch in Z\u00fcrich mit einem Ladengesch\u00e4ft pr\u00e4sent.","breadcrumb":{"@id":"https:\/\/www.martel.ch\/cms\/martel\/ueber-uns\/#breadcrumb"},"inLanguage":"de-CH","potentialAction":[{"@type":"ReadAction","target":["https:\/\/www.martel.ch\/cms\/martel\/ueber-uns\/"]}]},{"@type":"ImageObject","inLanguage":"de-CH","@id":"https:\/\/www.martel.ch\/cms\/martel\/ueber-uns\/#primaryimage","url":"https:\/\/www.martel.ch\/cms\/wp-content\/uploads\/2024\/01\/Jan_Martel_Jahresausblick.jpg","contentUrl":"https:\/\/www.martel.ch\/cms\/wp-content\/uploads\/2024\/01\/Jan_Martel_Jahresausblick.jpg","width":2000,"height":1333,"caption":"Schweizer Weinhandel 2024 \u2013 Ausblick & Trends"},{"@type":"BreadcrumbList","@id":"https:\/\/www.martel.ch\/cms\/martel\/ueber-uns\/#breadcrumb","itemListElement":[{"@type":"ListItem","position":1,"name":"Startseite","item":"https:\/\/www.martel.ch\/cms\/"},{"@type":"ListItem","position":2,"name":"Martel","item":"https:\/\/www.martel.ch\/cms\/martel\/"},{"@type":"ListItem","position":3,"name":"\u00dcber uns"}]},{"@type":"WebSite","@id":"https:\/\/www.martel.ch\/cms\/#website","url":"https:\/\/www.martel.ch\/cms\/","name":"Martel","description":"F\u00fcr Weinbegeisterte und die, die es werden m\u00f6chten.","publisher":{"@id":"https:\/\/www.martel.ch\/cms\/#organization"},"potentialAction":[{"@type":"SearchAction","target":{"@type":"EntryPoint","urlTemplate":"https:\/\/www.martel.ch\/cms\/?s={search_term_string}"},"query-input":{"@type":"PropertyValueSpecification","valueRequired":true,"valueName":"search_term_string"}}],"inLanguage":"de-CH"},{"@type":"Organization","@id":"https:\/\/www.martel.ch\/cms\/#organization","name":"Martel AG St.Gallen","url":"https:\/\/www.martel.ch\/cms\/","logo":{"@type":"ImageObject","inLanguage":"de-CH","@id":"https:\/\/www.martel.ch\/cms\/#\/schema\/logo\/image\/","url":"https:\/\/www.martel.ch\/cms\/wp-content\/uploads\/2019\/02\/martel-logo.png","contentUrl":"https:\/\/www.martel.ch\/cms\/wp-content\/uploads\/2019\/02\/martel-logo.png","width":600,"height":600,"caption":"Martel AG St.Gallen"},"image":{"@id":"https:\/\/www.martel.ch\/cms\/#\/schema\/logo\/image\/"},"sameAs":["https:\/\/www.facebook.com\/pages\/Martel-AG-St-Gallen\/233396026691876","https:\/\/x.com\/martel_weinwelt","https:\/\/www.instagram.com\/martel_weinwelt\/","https:\/\/www.linkedin.com\/company\/martel-ag-st-gallen","https:\/\/www.pinterest.ch\/martel_weinwelt"]}]}},"_links":{"self":[{"href":"https:\/\/www.martel.ch\/cms\/wp-json\/wp\/v2\/pages\/6700","targetHints":{"allow":["GET"]}}],"collection":[{"href":"https:\/\/www.martel.ch\/cms\/wp-json\/wp\/v2\/pages"}],"about":[{"href":"https:\/\/www.martel.ch\/cms\/wp-json\/wp\/v2\/types\/page"}],"author":[{"embeddable":true,"href":"https:\/\/www.martel.ch\/cms\/wp-json\/wp\/v2\/users\/1"}],"replies":[{"embeddable":true,"href":"https:\/\/www.martel.ch\/cms\/wp-json\/wp\/v2\/comments?post=6700"}],"version-history":[{"count":10,"href":"https:\/\/www.martel.ch\/cms\/wp-json\/wp\/v2\/pages\/6700\/revisions"}],"predecessor-version":[{"id":30291,"href":"https:\/\/www.martel.ch\/cms\/wp-json\/wp\/v2\/pages\/6700\/revisions\/30291"}],"up":[{"embeddable":true,"href":"https:\/\/www.martel.ch\/cms\/wp-json\/wp\/v2\/pages\/6363"}],"wp:featuredmedia":[{"embeddable":true,"href":"https:\/\/www.martel.ch\/cms\/wp-json\/wp\/v2\/media\/22030"}],"wp:attachment":[{"href":"https:\/\/www.martel.ch\/cms\/wp-json\/wp\/v2\/media?parent=6700"}],"wp:term":[{"taxonomy":"category","embeddable":true,"href":"https:\/\/www.martel.ch\/cms\/wp-json\/wp\/v2\/categories?post=6700"},{"taxonomy":"author","embeddable":true,"href":"https:\/\/www.martel.ch\/cms\/wp-json\/wp\/v2\/coauthors?post=6700"}],"curies":[{"name":"wp","href":"https:\/\/api.w.org\/{rel}","templated":true}]}}