{"id":6711,"date":"2022-03-26T08:48:10","date_gmt":"2022-03-26T07:48:10","guid":{"rendered":"https:\/\/www.martel.ch\/cms\/?page_id=6711"},"modified":"2026-05-05T09:38:40","modified_gmt":"2026-05-05T07:38:40","slug":"standorte-oeffnungszeiten","status":"publish","type":"page","link":"https:\/\/www.martel.ch\/cms\/martel\/standorte-oeffnungszeiten\/","title":{"rendered":"Standorte &#038; \u00d6ffnungszeiten"},"content":{"rendered":"","protected":false},"excerpt":{"rendered":"","protected":false},"author":1,"featured_media":7189,"parent":6363,"menu_order":1,"comment_status":"closed","ping_status":"closed","template":"","meta":{"_acf_changed":false,"inline_featured_image":false,"footnotes":""},"categories":[],"coauthors":[497],"class_list":["post-6711","page","type-page","status-publish","has-post-thumbnail","hentry"],"acf":{"inhaltselemente":[{"acf_fc_layout":"einspalter_text","einspalter_text_titel":"Standorte & \u00d6ffnungszeiten","einspalter_text_titel_typ":"1","einspalter_text_titel_fake":false,"einspalter_text_subtitle":"","einspalter_text_content":"Ob Beratung oder Verkauf, ob Weinkurs oder Tour des Vins, ob Ap\u00e9ro oder ein privater Weinanlass: Unsere drei Standorte bieten allerlei M\u00f6glichkeiten des Wein-Hochgenusses. Machen Sie sich selbst ein Bild.\r\n\r\nWussten Sie schon, dass man bei Martel auch einfach nur ein Glas Wein geniessen kann? Nicht nur unsere Weine, auch unsere Ap\u00e9roplatten sind einen Besuch wert. Von Montag bis Samstag w\u00e4hrend unserer Laden\u00f6ffnungszeiten. Bei Martel am Bahnhof und Martel im Bellevue bieten wir im Offenausschank beste Schaum-, Weiss- und Rotweine glasweise an. Oder darf es gleich eine Flasche sein? Gerne stellen wir auch mehrere Flaschen f\u00fcr Sie k\u00fchl. Geben Sie uns Ihre W\u00fcnsche gerne vorab an. Reservieren, vorbeikommen, anstossen und geniessen!","einspalter_bgcolor":false,"einspalter_layout_lines_top_bottom":false,"einspalter_collapse":false},{"acf_fc_layout":"image_text_three_column","image_text_three_column_titel_left":"Martel am Bahnhof<br>St.Gallen","image_text_three_column_titel_typ_left":"2","image_text_three_column_titel_fake_left":false,"image_text_three_column_link_left":{"title":"Impressionen","url":"\/cms\/martel\/standorte-oeffnungszeiten\/martel-am-bahnhof-st-gallen\/","target":""},"image_text_three_column_link_left_area":true,"image_text_three_column_bild_left":7180,"image_text_three_column_content_left":"<div class=\"item-line\">\r\n<p class=\"bodytext\"><a href=\"https:\/\/www.google.com\/maps\/place\/Martel+Holding+AG+St.+Gallen\/@47.4246193,9.3708794,17z\/data=!3m1!4b1!4m2!3m1!1s0x479b1e4bde55e565:0x9ed3c980071c4f56?hl=de\">Poststrasse 11<\/a>\r\n9001 St.Gallen\r\n+41 71 226 94 60<\/p>\r\n<a class=\"btn btn-arrow\" href=\"https:\/\/www.martel.ch\/cms\/wp-content\/uploads\/2026\/05\/2026_05_Aperokarte_SG.pdf\" target=\"_blank\" rel=\"noopener\">Wein- &amp; Speisekarte<\/a>\r\n\r\n<a class=\"btn-primary btn\" href=\"https:\/\/mytools.aleno.me\/reservations\/v2.0\/reservations.html?k=eyJrIjoid2l2dTVrM2lsNm15cnBiOWlwdzZ4bmViajhycnVkaWRpZ280bGZwODBsbzlhNGlweTEiLCJyIjoieU1Lb0RkcDIza1k5dnp6aGMiLCJzIjoiaHR0cHM6Ly9teXRvb2xzLmFsZW5vLm1lLyJ9\" target=\"_blank\" rel=\"noreferrer noopener\">Tisch reservieren<\/a>\r\n\r\n<strong>Montag<\/strong>\r\n13.00 - 18.30 Uhr\r\n<strong>Dienstag - Freitag<\/strong>\r\n09.00 - 18.30 Uhr\r\n<strong>Samstag<\/strong>\r\n09.00 - 17.00 Uhr\r\n\r\n<strong>Spezielle \u00d6ffnungzeiten<\/strong>\r\nAuffahrt, 14. Mai geschlossen\r\nPfingsten, 25. Mai geschlossen\r\n\r\n<\/div>\r\n<div class=\"item-line\">\r\n\r\n<a class=\"btn btn-arrow\" href=\"https:\/\/www.martel.ch\/cms\/martel\/standorte-oeffnungszeiten\/martel-am-bahnhof-st-gallen\/\">Impressionen<\/a>\r\n\r\n<\/div>","image_text_three_column_video_left":"","image_text_three_column_titel_center":"Martel im Neudorf<br>St.Gallen","image_text_three_column_titel_typ_center":"2","image_text_three_column_titel_fake_center":false,"image_text_three_column_link_center":{"title":"Impressionen","url":"\/cms\/martel\/standorte-oeffnungszeiten\/martel-im-neudorf-st-gallen\/","target":""},"image_text_three_column_link_center_area":true,"image_text_three_column_bild_center":7231,"image_text_three_column_content_center":"<div class=\"item-line\">\r\n<p class=\"bodytext\"><a href=\"https:\/\/www.google.ch\/maps\/place\/Martel+im+Neudorf\/@47.4438328,9.4141911,17z\/data=!3m1!4b1!4m5!3m4!1s0x479b1e90e4522a8d:0x7c811b50ed444d58!8m2!3d47.4437326!4d9.4165472?hl=de\">Lerchentalstrasse 15<\/a>\r\n9016 St.Gallen\r\n+41 71 226 94 82<\/p>\r\n<b>Montag - Freitag<\/b>\r\n10.00 - 18.30 Uhr<b>\r\nSamstag<\/b>\r\n09.00 - 16.00 Uhr\r\n\r\n<strong>Spezielle \u00d6ffnungzeiten<\/strong>\r\nAuffahrt, 14. Mai geschlossen\r\nPfingsten, 25. Mai geschlossen\r\n\r\n<a class=\"btn btn-arrow\" href=\"https:\/\/www.martel.ch\/cms\/martel\/standorte-oeffnungszeiten\/martel-im-neudorf-st-gallen\/\" target=\"_blank\" rel=\"noopener\">Impressionen<\/a>\r\n\r\n<\/div>","image_text_three_column_video_center":"","image_text_three_column_titel_right":"Martel am Bellevue<br>Z\u00fcrich","image_text_three_column_titel_typ_right":"2","image_text_three_column_titel_fake_right":false,"image_text_three_column_link_right":"","image_text_three_column_link_right_area":true,"image_text_three_column_bild_right":7222,"image_text_three_column_content_right":"<div class=\"item-line\">\r\n<p class=\"bodytext\"><a href=\"https:\/\/www.google.ch\/maps\/place\/Martel+am+Bellevue\/@47.367972,8.5444896,17z\/data=!3m2!4b1!5s0x479aa0ab6310efc9:0x244cb9424b5a0a64!4m5!3m4!1s0x479aa0ab705d490d:0x1c8ed76fbfa2b077!8m2!3d47.367972!4d8.5466783?hl=de\">R\u00e4mistrasse 14<\/a>\r\n8001 Z\u00fcrich\r\n+41 44 212 00 46<\/p>\r\n<a class=\"btn btn-arrow\" href=\"https:\/\/www.martel.ch\/cms\/wp-content\/uploads\/2026\/05\/2026_05_Aperokarte_ZH.pdf\" target=\"_blank\" rel=\"noopener\">Wein- &amp; Speisekarte<\/a>\r\n\r\n<a class=\"btn-primary btn\" href=\"https:\/\/mytools.aleno.me\/reservations\/v2.0\/reservations.html?k=eyJrIjoid2l2dTVrM2lsNm15cnBiOWlwdzZ4bmViajhycnVkaWRpZ280bGZwODBsbzlhNGlweTEiLCJyIjoiTkt6OGFEQ3VjZW9pREQ2dzgiLCJzIjoiaHR0cHM6Ly9teXRvb2xzLmFsZW5vLm1lLyJ9\" target=\"_blank\" rel=\"noreferrer noopener\">Tisch reservieren<\/a>\r\n\r\n<b>Montag - Freitag\r\n<\/b>10.00 - 19.00 Uhr\r\n<b>Samstag<\/b>\r\n10.00 - 17.00 Uhr\r\n\r\n<strong>Spezielle \u00d6ffnungzeiten<\/strong>\r\nAuffahrt, 14. Mai geschlossen\r\nPfingsten, 25. Mai geschlossen\r\n\r\n<a class=\"btn btn-arrow\" href=\"https:\/\/www.martel.ch\/cms\/martel\/standorte-oeffnungszeiten\/martel-am-bellevue-zuerich\/\">Impressionen<\/a>\r\n\r\n<\/div>","image_text_three_column_video_right":"","image_text_three_column_bgcolor":false},{"acf_fc_layout":"image_text_three_column","image_text_three_column_titel_left":"Martel im Stadion St.Gallen","image_text_three_column_titel_typ_left":"2","image_text_three_column_titel_fake_left":false,"image_text_three_column_link_left":{"title":"","url":"\/cms\/martel\/standorte-oeffnungszeiten\/martel-im-stadion-st-gallen\/","target":""},"image_text_three_column_link_left_area":true,"image_text_three_column_bild_left":18870,"image_text_three_column_content_left":"<div class=\"item-line\">\r\n<p class=\"bodytext\">Martel azado Lounge\r\nFC St.Gallen 1879, <a href=\"https:\/\/www.google.com\/maps\/search\/lageplan+kybunpark\/@47.4162414,9.3060635,13z\/data=!3m1!4b1?entry=ttu\">kybunpark<\/a>\r\n+41 71 314 14 14 (Tickets \u00fcber FCSG)<\/p>\r\n<b>Am Spieltag\r\n<\/b>Einlass 2 Stunden vor Matchbeginn\r\n\r\n<strong>Ausserhalb des Spieltags<\/strong>\r\nMieten Sie die Lounge f\u00fcr Ihren Anlass\r\n\r\n<a class=\"btn btn-arrow\" href=\"https:\/\/www.martel.ch\/cms\/martel\/standorte-oeffnungszeiten\/martel-im-stadion-st-gallen\/\">Impressionen<\/a>\r\n\r\n<\/div>","image_text_three_column_video_left":"","image_text_three_column_titel_center":"Martel Online-Shop","image_text_three_column_titel_typ_center":"2","image_text_three_column_titel_fake_center":false,"image_text_three_column_link_center":{"title":"","url":"\/","target":""},"image_text_three_column_link_center_area":true,"image_text_three_column_bild_center":16161,"image_text_three_column_content_center":"<div class=\"item-line\">\r\n<p class=\"bodytext\">Online-Weinerlebniswelt\r\nWorld Wide Web\r\n+41 71 226 94 00\r\n<a href=\"mailto:bestellung@martel.ch\">bestellung@martel.ch<\/a><\/p>\r\n<b>Montag - Sonntag\r\n<\/b>24\/7\r\n\r\n<a class=\"btn btn-arrow\" href=\"https:\/\/www.martel.ch\/\">Impressionen<\/a>\r\n\r\n<\/div>","image_text_three_column_video_center":"","image_text_three_column_titel_right":"","image_text_three_column_titel_typ_right":"2","image_text_three_column_titel_fake_right":false,"image_text_three_column_link_right":"","image_text_three_column_link_right_area":true,"image_text_three_column_bild_right":"","image_text_three_column_content_right":"","image_text_three_column_video_right":"","image_text_three_column_bgcolor":false}]},"yoast_head":"<!-- This site is optimized with the Yoast SEO plugin v27.6 - https:\/\/yoast.com\/product\/yoast-seo-wordpress\/ -->\n<title>Standorte &amp; \u00d6ffnungszeiten | Martel Weine St.Gallen und Z\u00fcrich<\/title>\n<meta name=\"description\" content=\"Die drei Martel-Standorte bieten dem Weinliebhaber allerlei: Ob Beratung oder Verkauf, Weinkurs oder Tour des Vins. Herzlich Willkommen.\" \/>\n<meta name=\"robots\" content=\"index, follow, max-snippet:-1, max-image-preview:large, max-video-preview:-1\" \/>\n<link rel=\"canonical\" href=\"https:\/\/www.martel.ch\/cms\/martel\/standorte-oeffnungszeiten\/\" \/>\n<meta property=\"og:locale\" content=\"de_DE\" \/>\n<meta property=\"og:type\" content=\"article\" \/>\n<meta property=\"og:title\" content=\"Standorte &amp; \u00d6ffnungszeiten | Martel Weine St.Gallen und Z\u00fcrich\" \/>\n<meta property=\"og:description\" content=\"Die drei Martel-Standorte bieten dem Weinliebhaber allerlei: Ob Beratung oder Verkauf, Weinkurs oder Tour des Vins. Herzlich Willkommen.\" \/>\n<meta property=\"og:url\" content=\"https:\/\/www.martel.ch\/cms\/martel\/standorte-oeffnungszeiten\/\" \/>\n<meta property=\"og:site_name\" content=\"Martel\" \/>\n<meta property=\"article:publisher\" content=\"https:\/\/www.facebook.com\/pages\/Martel-AG-St-Gallen\/233396026691876\" \/>\n<meta property=\"article:modified_time\" content=\"2026-05-05T07:38:40+00:00\" \/>\n<meta property=\"og:image\" content=\"https:\/\/www.martel.ch\/cms\/wp-content\/uploads\/2022\/04\/martel-wein-st-gallen-bahnhof-04.jpg\" \/>\n\t<meta property=\"og:image:width\" content=\"2000\" \/>\n\t<meta property=\"og:image:height\" content=\"1333\" \/>\n\t<meta property=\"og:image:type\" content=\"image\/jpeg\" \/>\n<meta name=\"twitter:card\" content=\"summary_large_image\" \/>\n<meta name=\"twitter:site\" content=\"@martel_weinwelt\" \/>\n<meta name=\"twitter:label1\" content=\"Written by\" \/>\n\t<meta name=\"twitter:data1\" content=\"Martel Weinwelt\" \/>\n<script type=\"application\/ld+json\" class=\"yoast-schema-graph\">{\"@context\":\"https:\\\/\\\/schema.org\",\"@graph\":[{\"@type\":\"WebPage\",\"@id\":\"https:\\\/\\\/www.martel.ch\\\/cms\\\/martel\\\/standorte-oeffnungszeiten\\\/\",\"url\":\"https:\\\/\\\/www.martel.ch\\\/cms\\\/martel\\\/standorte-oeffnungszeiten\\\/\",\"name\":\"Standorte & \u00d6ffnungszeiten | Martel Weine St.Gallen und Z\u00fcrich\",\"isPartOf\":{\"@id\":\"https:\\\/\\\/www.martel.ch\\\/cms\\\/#website\"},\"primaryImageOfPage\":{\"@id\":\"https:\\\/\\\/www.martel.ch\\\/cms\\\/martel\\\/standorte-oeffnungszeiten\\\/#primaryimage\"},\"image\":{\"@id\":\"https:\\\/\\\/www.martel.ch\\\/cms\\\/martel\\\/standorte-oeffnungszeiten\\\/#primaryimage\"},\"thumbnailUrl\":\"https:\\\/\\\/www.martel.ch\\\/cms\\\/wp-content\\\/uploads\\\/2022\\\/04\\\/martel-wein-st-gallen-bahnhof-04.jpg\",\"datePublished\":\"2022-03-26T07:48:10+00:00\",\"dateModified\":\"2026-05-05T07:38:40+00:00\",\"description\":\"Die drei Martel-Standorte bieten dem Weinliebhaber allerlei: Ob Beratung oder Verkauf, Weinkurs oder Tour des Vins. Herzlich Willkommen.\",\"breadcrumb\":{\"@id\":\"https:\\\/\\\/www.martel.ch\\\/cms\\\/martel\\\/standorte-oeffnungszeiten\\\/#breadcrumb\"},\"inLanguage\":\"de-CH\",\"potentialAction\":[{\"@type\":\"ReadAction\",\"target\":[\"https:\\\/\\\/www.martel.ch\\\/cms\\\/martel\\\/standorte-oeffnungszeiten\\\/\"]}]},{\"@type\":\"ImageObject\",\"inLanguage\":\"de-CH\",\"@id\":\"https:\\\/\\\/www.martel.ch\\\/cms\\\/martel\\\/standorte-oeffnungszeiten\\\/#primaryimage\",\"url\":\"https:\\\/\\\/www.martel.ch\\\/cms\\\/wp-content\\\/uploads\\\/2022\\\/04\\\/martel-wein-st-gallen-bahnhof-04.jpg\",\"contentUrl\":\"https:\\\/\\\/www.martel.ch\\\/cms\\\/wp-content\\\/uploads\\\/2022\\\/04\\\/martel-wein-st-gallen-bahnhof-04.jpg\",\"width\":2000,\"height\":1333,\"caption\":\"Martel am Bahnhof St.Gallen\"},{\"@type\":\"BreadcrumbList\",\"@id\":\"https:\\\/\\\/www.martel.ch\\\/cms\\\/martel\\\/standorte-oeffnungszeiten\\\/#breadcrumb\",\"itemListElement\":[{\"@type\":\"ListItem\",\"position\":1,\"name\":\"Startseite\",\"item\":\"https:\\\/\\\/www.martel.ch\\\/cms\\\/\"},{\"@type\":\"ListItem\",\"position\":2,\"name\":\"Martel\",\"item\":\"https:\\\/\\\/www.martel.ch\\\/cms\\\/martel\\\/\"},{\"@type\":\"ListItem\",\"position\":3,\"name\":\"Standorte &#038; \u00d6ffnungszeiten\"}]},{\"@type\":\"WebSite\",\"@id\":\"https:\\\/\\\/www.martel.ch\\\/cms\\\/#website\",\"url\":\"https:\\\/\\\/www.martel.ch\\\/cms\\\/\",\"name\":\"Martel\",\"description\":\"F\u00fcr Weinbegeisterte und die, die es werden m\u00f6chten.\",\"publisher\":{\"@id\":\"https:\\\/\\\/www.martel.ch\\\/cms\\\/#organization\"},\"potentialAction\":[{\"@type\":\"SearchAction\",\"target\":{\"@type\":\"EntryPoint\",\"urlTemplate\":\"https:\\\/\\\/www.martel.ch\\\/cms\\\/?s={search_term_string}\"},\"query-input\":{\"@type\":\"PropertyValueSpecification\",\"valueRequired\":true,\"valueName\":\"search_term_string\"}}],\"inLanguage\":\"de-CH\"},{\"@type\":\"Organization\",\"@id\":\"https:\\\/\\\/www.martel.ch\\\/cms\\\/#organization\",\"name\":\"Martel AG St.Gallen\",\"url\":\"https:\\\/\\\/www.martel.ch\\\/cms\\\/\",\"logo\":{\"@type\":\"ImageObject\",\"inLanguage\":\"de-CH\",\"@id\":\"https:\\\/\\\/www.martel.ch\\\/cms\\\/#\\\/schema\\\/logo\\\/image\\\/\",\"url\":\"https:\\\/\\\/www.martel.ch\\\/cms\\\/wp-content\\\/uploads\\\/2019\\\/02\\\/martel-logo.png\",\"contentUrl\":\"https:\\\/\\\/www.martel.ch\\\/cms\\\/wp-content\\\/uploads\\\/2019\\\/02\\\/martel-logo.png\",\"width\":600,\"height\":600,\"caption\":\"Martel AG St.Gallen\"},\"image\":{\"@id\":\"https:\\\/\\\/www.martel.ch\\\/cms\\\/#\\\/schema\\\/logo\\\/image\\\/\"},\"sameAs\":[\"https:\\\/\\\/www.facebook.com\\\/pages\\\/Martel-AG-St-Gallen\\\/233396026691876\",\"https:\\\/\\\/x.com\\\/martel_weinwelt\",\"https:\\\/\\\/www.instagram.com\\\/martel_weinwelt\\\/\",\"https:\\\/\\\/www.linkedin.com\\\/company\\\/martel-ag-st-gallen\",\"https:\\\/\\\/www.pinterest.ch\\\/martel_weinwelt\"]}]}<\/script>\n<!-- \/ Yoast SEO plugin. -->","yoast_head_json":{"title":"Standorte & \u00d6ffnungszeiten | Martel Weine St.Gallen und Z\u00fcrich","description":"Die drei Martel-Standorte bieten dem Weinliebhaber allerlei: Ob Beratung oder Verkauf, Weinkurs oder Tour des Vins. Herzlich Willkommen.","robots":{"index":"index","follow":"follow","max-snippet":"max-snippet:-1","max-image-preview":"max-image-preview:large","max-video-preview":"max-video-preview:-1"},"canonical":"https:\/\/www.martel.ch\/cms\/martel\/standorte-oeffnungszeiten\/","og_locale":"de_DE","og_type":"article","og_title":"Standorte & \u00d6ffnungszeiten | Martel Weine St.Gallen und Z\u00fcrich","og_description":"Die drei Martel-Standorte bieten dem Weinliebhaber allerlei: Ob Beratung oder Verkauf, Weinkurs oder Tour des Vins. Herzlich Willkommen.","og_url":"https:\/\/www.martel.ch\/cms\/martel\/standorte-oeffnungszeiten\/","og_site_name":"Martel","article_publisher":"https:\/\/www.facebook.com\/pages\/Martel-AG-St-Gallen\/233396026691876","article_modified_time":"2026-05-05T07:38:40+00:00","og_image":[{"width":2000,"height":1333,"url":"https:\/\/www.martel.ch\/cms\/wp-content\/uploads\/2022\/04\/martel-wein-st-gallen-bahnhof-04.jpg","type":"image\/jpeg"}],"twitter_card":"summary_large_image","twitter_site":"@martel_weinwelt","twitter_misc":{"Written by":"Martel Weinwelt"},"schema":{"@context":"https:\/\/schema.org","@graph":[{"@type":"WebPage","@id":"https:\/\/www.martel.ch\/cms\/martel\/standorte-oeffnungszeiten\/","url":"https:\/\/www.martel.ch\/cms\/martel\/standorte-oeffnungszeiten\/","name":"Standorte & \u00d6ffnungszeiten | Martel Weine St.Gallen und Z\u00fcrich","isPartOf":{"@id":"https:\/\/www.martel.ch\/cms\/#website"},"primaryImageOfPage":{"@id":"https:\/\/www.martel.ch\/cms\/martel\/standorte-oeffnungszeiten\/#primaryimage"},"image":{"@id":"https:\/\/www.martel.ch\/cms\/martel\/standorte-oeffnungszeiten\/#primaryimage"},"thumbnailUrl":"https:\/\/www.martel.ch\/cms\/wp-content\/uploads\/2022\/04\/martel-wein-st-gallen-bahnhof-04.jpg","datePublished":"2022-03-26T07:48:10+00:00","dateModified":"2026-05-05T07:38:40+00:00","description":"Die drei Martel-Standorte bieten dem Weinliebhaber allerlei: Ob Beratung oder Verkauf, Weinkurs oder Tour des Vins. Herzlich Willkommen.","breadcrumb":{"@id":"https:\/\/www.martel.ch\/cms\/martel\/standorte-oeffnungszeiten\/#breadcrumb"},"inLanguage":"de-CH","potentialAction":[{"@type":"ReadAction","target":["https:\/\/www.martel.ch\/cms\/martel\/standorte-oeffnungszeiten\/"]}]},{"@type":"ImageObject","inLanguage":"de-CH","@id":"https:\/\/www.martel.ch\/cms\/martel\/standorte-oeffnungszeiten\/#primaryimage","url":"https:\/\/www.martel.ch\/cms\/wp-content\/uploads\/2022\/04\/martel-wein-st-gallen-bahnhof-04.jpg","contentUrl":"https:\/\/www.martel.ch\/cms\/wp-content\/uploads\/2022\/04\/martel-wein-st-gallen-bahnhof-04.jpg","width":2000,"height":1333,"caption":"Martel am Bahnhof St.Gallen"},{"@type":"BreadcrumbList","@id":"https:\/\/www.martel.ch\/cms\/martel\/standorte-oeffnungszeiten\/#breadcrumb","itemListElement":[{"@type":"ListItem","position":1,"name":"Startseite","item":"https:\/\/www.martel.ch\/cms\/"},{"@type":"ListItem","position":2,"name":"Martel","item":"https:\/\/www.martel.ch\/cms\/martel\/"},{"@type":"ListItem","position":3,"name":"Standorte &#038; \u00d6ffnungszeiten"}]},{"@type":"WebSite","@id":"https:\/\/www.martel.ch\/cms\/#website","url":"https:\/\/www.martel.ch\/cms\/","name":"Martel","description":"F\u00fcr Weinbegeisterte und die, die es werden m\u00f6chten.","publisher":{"@id":"https:\/\/www.martel.ch\/cms\/#organization"},"potentialAction":[{"@type":"SearchAction","target":{"@type":"EntryPoint","urlTemplate":"https:\/\/www.martel.ch\/cms\/?s={search_term_string}"},"query-input":{"@type":"PropertyValueSpecification","valueRequired":true,"valueName":"search_term_string"}}],"inLanguage":"de-CH"},{"@type":"Organization","@id":"https:\/\/www.martel.ch\/cms\/#organization","name":"Martel AG St.Gallen","url":"https:\/\/www.martel.ch\/cms\/","logo":{"@type":"ImageObject","inLanguage":"de-CH","@id":"https:\/\/www.martel.ch\/cms\/#\/schema\/logo\/image\/","url":"https:\/\/www.martel.ch\/cms\/wp-content\/uploads\/2019\/02\/martel-logo.png","contentUrl":"https:\/\/www.martel.ch\/cms\/wp-content\/uploads\/2019\/02\/martel-logo.png","width":600,"height":600,"caption":"Martel AG St.Gallen"},"image":{"@id":"https:\/\/www.martel.ch\/cms\/#\/schema\/logo\/image\/"},"sameAs":["https:\/\/www.facebook.com\/pages\/Martel-AG-St-Gallen\/233396026691876","https:\/\/x.com\/martel_weinwelt","https:\/\/www.instagram.com\/martel_weinwelt\/","https:\/\/www.linkedin.com\/company\/martel-ag-st-gallen","https:\/\/www.pinterest.ch\/martel_weinwelt"]}]}},"_links":{"self":[{"href":"https:\/\/www.martel.ch\/cms\/wp-json\/wp\/v2\/pages\/6711","targetHints":{"allow":["GET"]}}],"collection":[{"href":"https:\/\/www.martel.ch\/cms\/wp-json\/wp\/v2\/pages"}],"about":[{"href":"https:\/\/www.martel.ch\/cms\/wp-json\/wp\/v2\/types\/page"}],"author":[{"embeddable":true,"href":"https:\/\/www.martel.ch\/cms\/wp-json\/wp\/v2\/users\/1"}],"replies":[{"embeddable":true,"href":"https:\/\/www.martel.ch\/cms\/wp-json\/wp\/v2\/comments?post=6711"}],"version-history":[{"count":9,"href":"https:\/\/www.martel.ch\/cms\/wp-json\/wp\/v2\/pages\/6711\/revisions"}],"predecessor-version":[{"id":33068,"href":"https:\/\/www.martel.ch\/cms\/wp-json\/wp\/v2\/pages\/6711\/revisions\/33068"}],"up":[{"embeddable":true,"href":"https:\/\/www.martel.ch\/cms\/wp-json\/wp\/v2\/pages\/6363"}],"wp:featuredmedia":[{"embeddable":true,"href":"https:\/\/www.martel.ch\/cms\/wp-json\/wp\/v2\/media\/7189"}],"wp:attachment":[{"href":"https:\/\/www.martel.ch\/cms\/wp-json\/wp\/v2\/media?parent=6711"}],"wp:term":[{"taxonomy":"category","embeddable":true,"href":"https:\/\/www.martel.ch\/cms\/wp-json\/wp\/v2\/categories?post=6711"},{"taxonomy":"author","embeddable":true,"href":"https:\/\/www.martel.ch\/cms\/wp-json\/wp\/v2\/coauthors?post=6711"}],"curies":[{"name":"wp","href":"https:\/\/api.w.org\/{rel}","templated":true}]}}