{"id":6713,"date":"2022-03-26T08:50:06","date_gmt":"2022-03-26T07:50:06","guid":{"rendered":"https:\/\/www.martel.ch\/cms\/?page_id=6713"},"modified":"2026-03-31T08:50:11","modified_gmt":"2026-03-31T06:50:11","slug":"tour-des-vins","status":"publish","type":"page","link":"https:\/\/www.martel.ch\/cms\/events\/tour-des-vins\/","title":{"rendered":"Tour des Vins"},"content":{"rendered":"","protected":false},"excerpt":{"rendered":"","protected":false},"author":1,"featured_media":15783,"parent":6365,"menu_order":0,"comment_status":"closed","ping_status":"closed","template":"","meta":{"_acf_changed":false,"inline_featured_image":false,"footnotes":""},"categories":[],"coauthors":[497],"class_list":["post-6713","page","type-page","status-publish","has-post-thumbnail","hentry"],"acf":{"inhaltselemente":[{"acf_fc_layout":"header","header_titel":"Tour des Vins\u00a9-Degustation","header_typ":"1","header_fake":false,"header_subtitle":"","header_alignment":"left"},{"acf_fc_layout":"einspalter_text","einspalter_text_titel":"Das Konzept","einspalter_text_titel_typ":"2","einspalter_text_titel_fake":false,"einspalter_text_subtitle":"","einspalter_text_content":"Willkommen bei der Martel Tour des Vins<sup>\u00a9<\/sup>. Das Original.\r\n\r\nIm Fr\u00fchling sind wir mit unseren Weinen in Bern, Basel, Luzern, Z\u00fcrich und St.Gallen pr\u00e4sent. In Ihrer Region k\u00f6nnen Sie in entspannter Atmosph\u00e4re durch unser Sortiment degustieren und so unser Angebot in der ganzen Breite erleben. In 80 Weinen um die Welt! Alles zu Aktionspreisen. Seit 1989 steht unsere Tour des Vins im M\u00e4rz traditionell f\u00fcr Neuentdeckungen, Smart-Buys und Highlights im Glas sowie f\u00fcr spannende Gespr\u00e4che mit internationalen Winzerpers\u00f6nlichkeiten.\r\n\r\nDer Eintritt zur Tour des Vins betr\u00e4gt CHF 30. Davon werden CHF 20 bei einem Einkauf von CHF 300 zur\u00fcckerstattet.","einspalter_bgcolor":false,"einspalter_layout_lines_top_bottom":false,"einspalter_collapse":false},{"acf_fc_layout":"einspalter_text","einspalter_text_titel":"R\u00fcckblick Tour des Vins 2026","einspalter_text_titel_typ":"2","einspalter_text_titel_fake":false,"einspalter_text_subtitle":"","einspalter_text_content":"Was f\u00fcr ein Erlebnis! Die Martel Tour des Vins 2026 war ein Grosserfolg. \u00dcber 70 eindr\u00fcckliche Weine und unz\u00e4hlige Gespr\u00e4che mit Winzerinnen, Winzern und Weinfans, die in Erinnerung bleiben. Beste Stimmung unter den \u00fcber 1'400 G\u00e4sten in Bern, Basel, Luzern, Z\u00fcrich und St.Gallen.","einspalter_bgcolor":false,"einspalter_layout_lines_top_bottom":false,"einspalter_collapse":false},{"acf_fc_layout":"galerie","galerie_bild":[32544,32564,32541,32543,32547,32545,32542,32546,32538,32540,32539,32556,32555,32550,32554,32553,32552,32551,32548,32557]}]},"yoast_head":"<!-- This site is optimized with the Yoast SEO plugin v27.4 - https:\/\/yoast.com\/product\/yoast-seo-wordpress\/ -->\n<title>Tour des Vins | Degustation<\/title>\n<meta name=\"description\" content=\"Martel Tour des Vins\u00a9 Das Original. DIE grosse Weindegustation. Mit unserem Wein-Event touren wir im Fr\u00fchling durch diverse Schweizer St\u00e4dte.\" \/>\n<meta name=\"robots\" content=\"index, follow, max-snippet:-1, max-image-preview:large, max-video-preview:-1\" \/>\n<link rel=\"canonical\" href=\"https:\/\/www.martel.ch\/cms\/events\/tour-des-vins\/\" \/>\n<meta property=\"og:locale\" content=\"de_DE\" \/>\n<meta property=\"og:type\" content=\"article\" \/>\n<meta property=\"og:title\" content=\"Tour des Vins | Degustation\" \/>\n<meta property=\"og:description\" content=\"Martel Tour des Vins\u00a9 Das Original. DIE grosse Weindegustation. Mit unserem Wein-Event touren wir im Fr\u00fchling durch diverse Schweizer St\u00e4dte.\" \/>\n<meta property=\"og:url\" content=\"https:\/\/www.martel.ch\/cms\/events\/tour-des-vins\/\" \/>\n<meta property=\"og:site_name\" content=\"Martel\" \/>\n<meta property=\"article:publisher\" content=\"https:\/\/www.facebook.com\/pages\/Martel-AG-St-Gallen\/233396026691876\" \/>\n<meta property=\"article:modified_time\" content=\"2026-03-31T06:50:11+00:00\" \/>\n<meta property=\"og:image\" content=\"https:\/\/www.martel.ch\/cms\/wp-content\/uploads\/2022\/10\/TDV_Header-5x-Weinglas.jpg\" \/>\n\t<meta property=\"og:image:width\" content=\"4000\" \/>\n\t<meta property=\"og:image:height\" content=\"2667\" \/>\n\t<meta property=\"og:image:type\" content=\"image\/jpeg\" \/>\n<meta name=\"twitter:card\" content=\"summary_large_image\" \/>\n<meta name=\"twitter:site\" content=\"@martel_weinwelt\" \/>\n<meta name=\"twitter:label1\" content=\"Written by\" \/>\n\t<meta name=\"twitter:data1\" content=\"Martel Weinwelt\" \/>\n<script type=\"application\/ld+json\" class=\"yoast-schema-graph\">{\"@context\":\"https:\\\/\\\/schema.org\",\"@graph\":[{\"@type\":\"WebPage\",\"@id\":\"https:\\\/\\\/www.martel.ch\\\/cms\\\/events\\\/tour-des-vins\\\/\",\"url\":\"https:\\\/\\\/www.martel.ch\\\/cms\\\/events\\\/tour-des-vins\\\/\",\"name\":\"Tour des Vins | Degustation\",\"isPartOf\":{\"@id\":\"https:\\\/\\\/www.martel.ch\\\/cms\\\/#website\"},\"primaryImageOfPage\":{\"@id\":\"https:\\\/\\\/www.martel.ch\\\/cms\\\/events\\\/tour-des-vins\\\/#primaryimage\"},\"image\":{\"@id\":\"https:\\\/\\\/www.martel.ch\\\/cms\\\/events\\\/tour-des-vins\\\/#primaryimage\"},\"thumbnailUrl\":\"https:\\\/\\\/www.martel.ch\\\/cms\\\/wp-content\\\/uploads\\\/2022\\\/10\\\/TDV_Header-5x-Weinglas.jpg\",\"datePublished\":\"2022-03-26T07:50:06+00:00\",\"dateModified\":\"2026-03-31T06:50:11+00:00\",\"description\":\"Martel Tour des Vins\u00a9 Das Original. DIE grosse Weindegustation. Mit unserem Wein-Event touren wir im Fr\u00fchling durch diverse Schweizer St\u00e4dte.\",\"breadcrumb\":{\"@id\":\"https:\\\/\\\/www.martel.ch\\\/cms\\\/events\\\/tour-des-vins\\\/#breadcrumb\"},\"inLanguage\":\"de-CH\",\"potentialAction\":[{\"@type\":\"ReadAction\",\"target\":[\"https:\\\/\\\/www.martel.ch\\\/cms\\\/events\\\/tour-des-vins\\\/\"]}]},{\"@type\":\"ImageObject\",\"inLanguage\":\"de-CH\",\"@id\":\"https:\\\/\\\/www.martel.ch\\\/cms\\\/events\\\/tour-des-vins\\\/#primaryimage\",\"url\":\"https:\\\/\\\/www.martel.ch\\\/cms\\\/wp-content\\\/uploads\\\/2022\\\/10\\\/TDV_Header-5x-Weinglas.jpg\",\"contentUrl\":\"https:\\\/\\\/www.martel.ch\\\/cms\\\/wp-content\\\/uploads\\\/2022\\\/10\\\/TDV_Header-5x-Weinglas.jpg\",\"width\":4000,\"height\":2667,\"caption\":\"Tour des Vins\"},{\"@type\":\"BreadcrumbList\",\"@id\":\"https:\\\/\\\/www.martel.ch\\\/cms\\\/events\\\/tour-des-vins\\\/#breadcrumb\",\"itemListElement\":[{\"@type\":\"ListItem\",\"position\":1,\"name\":\"Startseite\",\"item\":\"https:\\\/\\\/www.martel.ch\\\/cms\\\/\"},{\"@type\":\"ListItem\",\"position\":2,\"name\":\"Events\",\"item\":\"https:\\\/\\\/www.martel.ch\\\/cms\\\/events\\\/\"},{\"@type\":\"ListItem\",\"position\":3,\"name\":\"Tour des Vins\"}]},{\"@type\":\"WebSite\",\"@id\":\"https:\\\/\\\/www.martel.ch\\\/cms\\\/#website\",\"url\":\"https:\\\/\\\/www.martel.ch\\\/cms\\\/\",\"name\":\"Martel\",\"description\":\"F\u00fcr Weinbegeisterte und die, die es werden m\u00f6chten.\",\"publisher\":{\"@id\":\"https:\\\/\\\/www.martel.ch\\\/cms\\\/#organization\"},\"potentialAction\":[{\"@type\":\"SearchAction\",\"target\":{\"@type\":\"EntryPoint\",\"urlTemplate\":\"https:\\\/\\\/www.martel.ch\\\/cms\\\/?s={search_term_string}\"},\"query-input\":{\"@type\":\"PropertyValueSpecification\",\"valueRequired\":true,\"valueName\":\"search_term_string\"}}],\"inLanguage\":\"de-CH\"},{\"@type\":\"Organization\",\"@id\":\"https:\\\/\\\/www.martel.ch\\\/cms\\\/#organization\",\"name\":\"Martel AG St.Gallen\",\"url\":\"https:\\\/\\\/www.martel.ch\\\/cms\\\/\",\"logo\":{\"@type\":\"ImageObject\",\"inLanguage\":\"de-CH\",\"@id\":\"https:\\\/\\\/www.martel.ch\\\/cms\\\/#\\\/schema\\\/logo\\\/image\\\/\",\"url\":\"https:\\\/\\\/www.martel.ch\\\/cms\\\/wp-content\\\/uploads\\\/2019\\\/02\\\/martel-logo.png\",\"contentUrl\":\"https:\\\/\\\/www.martel.ch\\\/cms\\\/wp-content\\\/uploads\\\/2019\\\/02\\\/martel-logo.png\",\"width\":600,\"height\":600,\"caption\":\"Martel AG St.Gallen\"},\"image\":{\"@id\":\"https:\\\/\\\/www.martel.ch\\\/cms\\\/#\\\/schema\\\/logo\\\/image\\\/\"},\"sameAs\":[\"https:\\\/\\\/www.facebook.com\\\/pages\\\/Martel-AG-St-Gallen\\\/233396026691876\",\"https:\\\/\\\/x.com\\\/martel_weinwelt\",\"https:\\\/\\\/www.instagram.com\\\/martel_weinwelt\\\/\",\"https:\\\/\\\/www.linkedin.com\\\/company\\\/martel-ag-st-gallen\",\"https:\\\/\\\/www.pinterest.ch\\\/martel_weinwelt\"]}]}<\/script>\n<!-- \/ Yoast SEO plugin. -->","yoast_head_json":{"title":"Tour des Vins | Degustation","description":"Martel Tour des Vins\u00a9 Das Original. DIE grosse Weindegustation. Mit unserem Wein-Event touren wir im Fr\u00fchling durch diverse Schweizer St\u00e4dte.","robots":{"index":"index","follow":"follow","max-snippet":"max-snippet:-1","max-image-preview":"max-image-preview:large","max-video-preview":"max-video-preview:-1"},"canonical":"https:\/\/www.martel.ch\/cms\/events\/tour-des-vins\/","og_locale":"de_DE","og_type":"article","og_title":"Tour des Vins | Degustation","og_description":"Martel Tour des Vins\u00a9 Das Original. DIE grosse Weindegustation. Mit unserem Wein-Event touren wir im Fr\u00fchling durch diverse Schweizer St\u00e4dte.","og_url":"https:\/\/www.martel.ch\/cms\/events\/tour-des-vins\/","og_site_name":"Martel","article_publisher":"https:\/\/www.facebook.com\/pages\/Martel-AG-St-Gallen\/233396026691876","article_modified_time":"2026-03-31T06:50:11+00:00","og_image":[{"width":4000,"height":2667,"url":"https:\/\/www.martel.ch\/cms\/wp-content\/uploads\/2022\/10\/TDV_Header-5x-Weinglas.jpg","type":"image\/jpeg"}],"twitter_card":"summary_large_image","twitter_site":"@martel_weinwelt","twitter_misc":{"Written by":"Martel Weinwelt"},"schema":{"@context":"https:\/\/schema.org","@graph":[{"@type":"WebPage","@id":"https:\/\/www.martel.ch\/cms\/events\/tour-des-vins\/","url":"https:\/\/www.martel.ch\/cms\/events\/tour-des-vins\/","name":"Tour des Vins | Degustation","isPartOf":{"@id":"https:\/\/www.martel.ch\/cms\/#website"},"primaryImageOfPage":{"@id":"https:\/\/www.martel.ch\/cms\/events\/tour-des-vins\/#primaryimage"},"image":{"@id":"https:\/\/www.martel.ch\/cms\/events\/tour-des-vins\/#primaryimage"},"thumbnailUrl":"https:\/\/www.martel.ch\/cms\/wp-content\/uploads\/2022\/10\/TDV_Header-5x-Weinglas.jpg","datePublished":"2022-03-26T07:50:06+00:00","dateModified":"2026-03-31T06:50:11+00:00","description":"Martel Tour des Vins\u00a9 Das Original. DIE grosse Weindegustation. Mit unserem Wein-Event touren wir im Fr\u00fchling durch diverse Schweizer St\u00e4dte.","breadcrumb":{"@id":"https:\/\/www.martel.ch\/cms\/events\/tour-des-vins\/#breadcrumb"},"inLanguage":"de-CH","potentialAction":[{"@type":"ReadAction","target":["https:\/\/www.martel.ch\/cms\/events\/tour-des-vins\/"]}]},{"@type":"ImageObject","inLanguage":"de-CH","@id":"https:\/\/www.martel.ch\/cms\/events\/tour-des-vins\/#primaryimage","url":"https:\/\/www.martel.ch\/cms\/wp-content\/uploads\/2022\/10\/TDV_Header-5x-Weinglas.jpg","contentUrl":"https:\/\/www.martel.ch\/cms\/wp-content\/uploads\/2022\/10\/TDV_Header-5x-Weinglas.jpg","width":4000,"height":2667,"caption":"Tour des Vins"},{"@type":"BreadcrumbList","@id":"https:\/\/www.martel.ch\/cms\/events\/tour-des-vins\/#breadcrumb","itemListElement":[{"@type":"ListItem","position":1,"name":"Startseite","item":"https:\/\/www.martel.ch\/cms\/"},{"@type":"ListItem","position":2,"name":"Events","item":"https:\/\/www.martel.ch\/cms\/events\/"},{"@type":"ListItem","position":3,"name":"Tour des Vins"}]},{"@type":"WebSite","@id":"https:\/\/www.martel.ch\/cms\/#website","url":"https:\/\/www.martel.ch\/cms\/","name":"Martel","description":"F\u00fcr Weinbegeisterte und die, die es werden m\u00f6chten.","publisher":{"@id":"https:\/\/www.martel.ch\/cms\/#organization"},"potentialAction":[{"@type":"SearchAction","target":{"@type":"EntryPoint","urlTemplate":"https:\/\/www.martel.ch\/cms\/?s={search_term_string}"},"query-input":{"@type":"PropertyValueSpecification","valueRequired":true,"valueName":"search_term_string"}}],"inLanguage":"de-CH"},{"@type":"Organization","@id":"https:\/\/www.martel.ch\/cms\/#organization","name":"Martel AG St.Gallen","url":"https:\/\/www.martel.ch\/cms\/","logo":{"@type":"ImageObject","inLanguage":"de-CH","@id":"https:\/\/www.martel.ch\/cms\/#\/schema\/logo\/image\/","url":"https:\/\/www.martel.ch\/cms\/wp-content\/uploads\/2019\/02\/martel-logo.png","contentUrl":"https:\/\/www.martel.ch\/cms\/wp-content\/uploads\/2019\/02\/martel-logo.png","width":600,"height":600,"caption":"Martel AG St.Gallen"},"image":{"@id":"https:\/\/www.martel.ch\/cms\/#\/schema\/logo\/image\/"},"sameAs":["https:\/\/www.facebook.com\/pages\/Martel-AG-St-Gallen\/233396026691876","https:\/\/x.com\/martel_weinwelt","https:\/\/www.instagram.com\/martel_weinwelt\/","https:\/\/www.linkedin.com\/company\/martel-ag-st-gallen","https:\/\/www.pinterest.ch\/martel_weinwelt"]}]}},"_links":{"self":[{"href":"https:\/\/www.martel.ch\/cms\/wp-json\/wp\/v2\/pages\/6713","targetHints":{"allow":["GET"]}}],"collection":[{"href":"https:\/\/www.martel.ch\/cms\/wp-json\/wp\/v2\/pages"}],"about":[{"href":"https:\/\/www.martel.ch\/cms\/wp-json\/wp\/v2\/types\/page"}],"author":[{"embeddable":true,"href":"https:\/\/www.martel.ch\/cms\/wp-json\/wp\/v2\/users\/1"}],"replies":[{"embeddable":true,"href":"https:\/\/www.martel.ch\/cms\/wp-json\/wp\/v2\/comments?post=6713"}],"version-history":[{"count":10,"href":"https:\/\/www.martel.ch\/cms\/wp-json\/wp\/v2\/pages\/6713\/revisions"}],"predecessor-version":[{"id":32660,"href":"https:\/\/www.martel.ch\/cms\/wp-json\/wp\/v2\/pages\/6713\/revisions\/32660"}],"up":[{"embeddable":true,"href":"https:\/\/www.martel.ch\/cms\/wp-json\/wp\/v2\/pages\/6365"}],"wp:featuredmedia":[{"embeddable":true,"href":"https:\/\/www.martel.ch\/cms\/wp-json\/wp\/v2\/media\/15783"}],"wp:attachment":[{"href":"https:\/\/www.martel.ch\/cms\/wp-json\/wp\/v2\/media?parent=6713"}],"wp:term":[{"taxonomy":"category","embeddable":true,"href":"https:\/\/www.martel.ch\/cms\/wp-json\/wp\/v2\/categories?post=6713"},{"taxonomy":"author","embeddable":true,"href":"https:\/\/www.martel.ch\/cms\/wp-json\/wp\/v2\/coauthors?post=6713"}],"curies":[{"name":"wp","href":"https:\/\/api.w.org\/{rel}","templated":true}]}}