{"id":6714,"date":"2022-03-26T08:51:17","date_gmt":"2022-03-26T07:51:17","guid":{"rendered":"https:\/\/www.martel.ch\/cms\/?page_id=6714"},"modified":"2025-05-27T13:31:29","modified_gmt":"2025-05-27T11:31:29","slug":"weinanlaesse","status":"publish","type":"page","link":"https:\/\/www.martel.ch\/cms\/events\/weinanlaesse\/","title":{"rendered":"Private Weinanl\u00e4sse"},"content":{"rendered":"","protected":false},"excerpt":{"rendered":"","protected":false},"author":1,"featured_media":7460,"parent":6365,"menu_order":0,"comment_status":"closed","ping_status":"closed","template":"","meta":{"_acf_changed":false,"inline_featured_image":false,"footnotes":""},"categories":[],"coauthors":[497],"class_list":["post-6714","page","type-page","status-publish","has-post-thumbnail","hentry"],"acf":{"inhaltselemente":[{"acf_fc_layout":"einspalter_text","einspalter_text_titel":"Weinanl\u00e4sse","einspalter_text_titel_typ":"1","einspalter_text_titel_fake":false,"einspalter_text_subtitle":"","einspalter_text_content":"<p class=\"bodytext\">Planen Sie eine Weindegustation? Eine Veranstaltung mit \u00f6nologischem Touch? Sie m\u00f6chten einen kurzweiligen Vortrag \u00fcber eine unbekannte Weinbauregion f\u00fcr Ihre Freunde arrangieren? Ein unvergessliches Weinseminar f\u00fcr Ihre Kunden organisieren? Die anmutigsten Weinmomente sind jene, die man miteinander teilt. Diskutieren, Fachsimpeln und der Austausch \u00fcber ein Spitzengew\u00e4chs \u2013 gerade das geh\u00f6rt doch zu einer gelebten Weinkultur. Der Job unserer Weinberaterinnen und -berater ist es, ihr Wissen rund um die Weinwelt stetig auf dem neuesten Stand zu halten, die Vermittlung von Weinkultur ist unser Ziel.<\/p>\r\n<p class=\"bodytext\">Eins vorweg: Das Thema Wein ist unergr\u00fcndlich und auch wir lernen kontinuierlich Neues dazu. Sind wir denn nicht schon seit Kindesbeinen darauf vorbereitet worden, etwas \u00fcber Wein zu lernen? Im Biologie-Unterricht war es die Fotosynthese, in Chemie die Frage, wie Alkohol auf Hitze reagiert. Ist das ein Zufall? Wir denken \u00abNein!\u00bb.<\/p>\r\nEgal, ob Sie einen erlebnisorientierten, einen formellen, einen profunden oder einen unbezahlbaren Abend in ansprechendem Ambiente auf die Beine stellen wollen \u2013 wir sind der ideale Ansprechpartner daf\u00fcr. Auch, weil wir Ihnen unsere exklusiven R\u00e4umlichkeiten in St.Gallen und Z\u00fcrich gerne zug\u00e4nglich machen. Grosse und aussergew\u00f6hnliche Anl\u00e4sse k\u00f6nnen auch in unserer Martel azado Lounge im kybunpark des FC St.Gallen 1879 stattfinden.\r\n\r\nF\u00fcllen Sie das nachfolgende Formular aus und Christine Schmidhauser wird Ihnen gerne beratend zur Seite stehen. Wir stecken voller \u00dcberraschungen und bringen Ihnen die Welt des Weines gerne ein St\u00fcck n\u00e4her. Ein Anlass zur Freude.","einspalter_bgcolor":false,"einspalter_layout_lines_top_bottom":false,"einspalter_collapse":false},{"acf_fc_layout":"image_image_text","image_image_text_titel_left":"Private Degustationen ","image_image_text_titel_typ_left":"2","image_image_text_titel_fake_left":false,"image_image_text_link_left":"","image_image_text_link_left_area":false,"image_image_text_bild_left":11025,"image_image_text_content_left":"<ul>\r\n \t<li>Ab 20 Personen<\/li>\r\n \t<li>MO - FR nach den Laden\u00f6ffnungszeiten<\/li>\r\n \t<li>Weinbuffet entsprechend Ihrer Themenwahl<\/li>\r\n \t<li>Entdecker-Variante (CHF 60 p.P.) oder Geniesser-Variante (CHF 85 p.P.)<\/li>\r\n<\/ul>","image_image_text_video_left":"","image_image_text_teaser_left":{"image_image_text_teaser_left_titel":"","image_image_text_teaser_left_titel_typ":"2","image_image_text_teaser_left_titel_fake":false,"image_image_text_teaser_left_link":""},"image_image_text_icon_left":"","image_image_text_icon_bg_left":"martel-rot","image_image_text_titel_right":"Vortr\u00e4ge","image_image_text_titel_typ_right":"2","image_image_text_titel_fake_right":false,"image_image_text_link_right":"","image_image_text_link_right_area":false,"image_image_text_bild_right":1571,"image_image_text_content_right":"<ul>\r\n \t<li>Gestaltung nach Ihren Ideen (z.B. einzelner Vortrag, inkl. Degustation oder als Wine &amp; Dine)<\/li>\r\n \t<li>In unseren oder Ihren R\u00e4umlichkeiten<\/li>\r\n \t<li>Individuelle Themenauswahl m\u00f6glich<\/li>\r\n \t<li>Preis je nach Vortragsl\u00e4nge\/-thema, zzgl. allf\u00e4lliger Wein- &amp; Restaurantkosten<\/li>\r\n<\/ul>","image_image_text_video_right":"","image_image_text_teaser_right":{"image_image_text_teaser_right_titel":"","image_image_text_teaser_right_titel_typ":"2","image_image_text_teaser_right_titel_fake":false,"image_image_text_teaser_right_link":""},"image_image_text_icon_right":"","image_image_text_icon_bg_right":"martel-rot","image_image_text_offset":true,"image_image_text_bgcolor":true},{"acf_fc_layout":"shortcode","shortcode_content":"[ninja_form id=7]"}]},"yoast_head":"<!-- This site is optimized with the Yoast SEO plugin v27.4 - https:\/\/yoast.com\/product\/yoast-seo-wordpress\/ -->\n<title>Private Weinanl\u00e4sse | Martel Weine St.Gallen und Z\u00fcrich<\/title>\n<meta name=\"description\" content=\"Planen Sie eine Weindegustation? Wir bieten besondere Wein-Events, Tastings und Wine &amp; Dines f\u00fcr Private und Unternehmen an.\" \/>\n<meta name=\"robots\" content=\"index, follow, max-snippet:-1, max-image-preview:large, max-video-preview:-1\" \/>\n<link rel=\"canonical\" href=\"https:\/\/www.martel.ch\/cms\/events\/weinanlaesse\/\" \/>\n<meta property=\"og:locale\" content=\"de_DE\" \/>\n<meta property=\"og:type\" content=\"article\" \/>\n<meta property=\"og:title\" content=\"Private Weinanl\u00e4sse | Martel Weine St.Gallen und Z\u00fcrich\" \/>\n<meta property=\"og:description\" content=\"Planen Sie eine Weindegustation? Wir bieten besondere Wein-Events, Tastings und Wine &amp; Dines f\u00fcr Private und Unternehmen an.\" \/>\n<meta property=\"og:url\" content=\"https:\/\/www.martel.ch\/cms\/events\/weinanlaesse\/\" \/>\n<meta property=\"og:site_name\" content=\"Martel\" \/>\n<meta property=\"article:publisher\" content=\"https:\/\/www.facebook.com\/pages\/Martel-AG-St-Gallen\/233396026691876\" \/>\n<meta property=\"article:modified_time\" content=\"2025-05-27T11:31:29+00:00\" \/>\n<meta property=\"og:image\" content=\"https:\/\/www.martel.ch\/cms\/wp-content\/uploads\/2022\/04\/jan-martel-01.jpg\" \/>\n\t<meta property=\"og:image:width\" content=\"2000\" \/>\n\t<meta property=\"og:image:height\" content=\"1333\" \/>\n\t<meta property=\"og:image:type\" content=\"image\/jpeg\" \/>\n<meta name=\"twitter:card\" content=\"summary_large_image\" \/>\n<meta name=\"twitter:site\" content=\"@martel_weinwelt\" \/>\n<meta name=\"twitter:label1\" content=\"Written by\" \/>\n\t<meta name=\"twitter:data1\" content=\"Martel Weinwelt\" \/>\n<script type=\"application\/ld+json\" class=\"yoast-schema-graph\">{\"@context\":\"https:\\\/\\\/schema.org\",\"@graph\":[{\"@type\":\"WebPage\",\"@id\":\"https:\\\/\\\/www.martel.ch\\\/cms\\\/events\\\/weinanlaesse\\\/\",\"url\":\"https:\\\/\\\/www.martel.ch\\\/cms\\\/events\\\/weinanlaesse\\\/\",\"name\":\"Private Weinanl\u00e4sse | Martel Weine St.Gallen und Z\u00fcrich\",\"isPartOf\":{\"@id\":\"https:\\\/\\\/www.martel.ch\\\/cms\\\/#website\"},\"primaryImageOfPage\":{\"@id\":\"https:\\\/\\\/www.martel.ch\\\/cms\\\/events\\\/weinanlaesse\\\/#primaryimage\"},\"image\":{\"@id\":\"https:\\\/\\\/www.martel.ch\\\/cms\\\/events\\\/weinanlaesse\\\/#primaryimage\"},\"thumbnailUrl\":\"https:\\\/\\\/www.martel.ch\\\/cms\\\/wp-content\\\/uploads\\\/2022\\\/04\\\/jan-martel-01.jpg\",\"datePublished\":\"2022-03-26T07:51:17+00:00\",\"dateModified\":\"2025-05-27T11:31:29+00:00\",\"description\":\"Planen Sie eine Weindegustation? Wir bieten besondere Wein-Events, Tastings und Wine & Dines f\u00fcr Private und Unternehmen an.\",\"breadcrumb\":{\"@id\":\"https:\\\/\\\/www.martel.ch\\\/cms\\\/events\\\/weinanlaesse\\\/#breadcrumb\"},\"inLanguage\":\"de-CH\",\"potentialAction\":[{\"@type\":\"ReadAction\",\"target\":[\"https:\\\/\\\/www.martel.ch\\\/cms\\\/events\\\/weinanlaesse\\\/\"]}]},{\"@type\":\"ImageObject\",\"inLanguage\":\"de-CH\",\"@id\":\"https:\\\/\\\/www.martel.ch\\\/cms\\\/events\\\/weinanlaesse\\\/#primaryimage\",\"url\":\"https:\\\/\\\/www.martel.ch\\\/cms\\\/wp-content\\\/uploads\\\/2022\\\/04\\\/jan-martel-01.jpg\",\"contentUrl\":\"https:\\\/\\\/www.martel.ch\\\/cms\\\/wp-content\\\/uploads\\\/2022\\\/04\\\/jan-martel-01.jpg\",\"width\":2000,\"height\":1333,\"caption\":\"Genusspunkte St.Gallen & Z\u00fcrich\"},{\"@type\":\"BreadcrumbList\",\"@id\":\"https:\\\/\\\/www.martel.ch\\\/cms\\\/events\\\/weinanlaesse\\\/#breadcrumb\",\"itemListElement\":[{\"@type\":\"ListItem\",\"position\":1,\"name\":\"Startseite\",\"item\":\"https:\\\/\\\/www.martel.ch\\\/cms\\\/\"},{\"@type\":\"ListItem\",\"position\":2,\"name\":\"Events\",\"item\":\"https:\\\/\\\/www.martel.ch\\\/cms\\\/events\\\/\"},{\"@type\":\"ListItem\",\"position\":3,\"name\":\"Private Weinanl\u00e4sse\"}]},{\"@type\":\"WebSite\",\"@id\":\"https:\\\/\\\/www.martel.ch\\\/cms\\\/#website\",\"url\":\"https:\\\/\\\/www.martel.ch\\\/cms\\\/\",\"name\":\"Martel\",\"description\":\"F\u00fcr Weinbegeisterte und die, die es werden m\u00f6chten.\",\"publisher\":{\"@id\":\"https:\\\/\\\/www.martel.ch\\\/cms\\\/#organization\"},\"potentialAction\":[{\"@type\":\"SearchAction\",\"target\":{\"@type\":\"EntryPoint\",\"urlTemplate\":\"https:\\\/\\\/www.martel.ch\\\/cms\\\/?s={search_term_string}\"},\"query-input\":{\"@type\":\"PropertyValueSpecification\",\"valueRequired\":true,\"valueName\":\"search_term_string\"}}],\"inLanguage\":\"de-CH\"},{\"@type\":\"Organization\",\"@id\":\"https:\\\/\\\/www.martel.ch\\\/cms\\\/#organization\",\"name\":\"Martel AG St.Gallen\",\"url\":\"https:\\\/\\\/www.martel.ch\\\/cms\\\/\",\"logo\":{\"@type\":\"ImageObject\",\"inLanguage\":\"de-CH\",\"@id\":\"https:\\\/\\\/www.martel.ch\\\/cms\\\/#\\\/schema\\\/logo\\\/image\\\/\",\"url\":\"https:\\\/\\\/www.martel.ch\\\/cms\\\/wp-content\\\/uploads\\\/2019\\\/02\\\/martel-logo.png\",\"contentUrl\":\"https:\\\/\\\/www.martel.ch\\\/cms\\\/wp-content\\\/uploads\\\/2019\\\/02\\\/martel-logo.png\",\"width\":600,\"height\":600,\"caption\":\"Martel AG St.Gallen\"},\"image\":{\"@id\":\"https:\\\/\\\/www.martel.ch\\\/cms\\\/#\\\/schema\\\/logo\\\/image\\\/\"},\"sameAs\":[\"https:\\\/\\\/www.facebook.com\\\/pages\\\/Martel-AG-St-Gallen\\\/233396026691876\",\"https:\\\/\\\/x.com\\\/martel_weinwelt\",\"https:\\\/\\\/www.instagram.com\\\/martel_weinwelt\\\/\",\"https:\\\/\\\/www.linkedin.com\\\/company\\\/martel-ag-st-gallen\",\"https:\\\/\\\/www.pinterest.ch\\\/martel_weinwelt\"]}]}<\/script>\n<!-- \/ Yoast SEO plugin. -->","yoast_head_json":{"title":"Private Weinanl\u00e4sse | Martel Weine St.Gallen und Z\u00fcrich","description":"Planen Sie eine Weindegustation? Wir bieten besondere Wein-Events, Tastings und Wine & Dines f\u00fcr Private und Unternehmen an.","robots":{"index":"index","follow":"follow","max-snippet":"max-snippet:-1","max-image-preview":"max-image-preview:large","max-video-preview":"max-video-preview:-1"},"canonical":"https:\/\/www.martel.ch\/cms\/events\/weinanlaesse\/","og_locale":"de_DE","og_type":"article","og_title":"Private Weinanl\u00e4sse | Martel Weine St.Gallen und Z\u00fcrich","og_description":"Planen Sie eine Weindegustation? Wir bieten besondere Wein-Events, Tastings und Wine & Dines f\u00fcr Private und Unternehmen an.","og_url":"https:\/\/www.martel.ch\/cms\/events\/weinanlaesse\/","og_site_name":"Martel","article_publisher":"https:\/\/www.facebook.com\/pages\/Martel-AG-St-Gallen\/233396026691876","article_modified_time":"2025-05-27T11:31:29+00:00","og_image":[{"width":2000,"height":1333,"url":"https:\/\/www.martel.ch\/cms\/wp-content\/uploads\/2022\/04\/jan-martel-01.jpg","type":"image\/jpeg"}],"twitter_card":"summary_large_image","twitter_site":"@martel_weinwelt","twitter_misc":{"Written by":"Martel Weinwelt"},"schema":{"@context":"https:\/\/schema.org","@graph":[{"@type":"WebPage","@id":"https:\/\/www.martel.ch\/cms\/events\/weinanlaesse\/","url":"https:\/\/www.martel.ch\/cms\/events\/weinanlaesse\/","name":"Private Weinanl\u00e4sse | Martel Weine St.Gallen und Z\u00fcrich","isPartOf":{"@id":"https:\/\/www.martel.ch\/cms\/#website"},"primaryImageOfPage":{"@id":"https:\/\/www.martel.ch\/cms\/events\/weinanlaesse\/#primaryimage"},"image":{"@id":"https:\/\/www.martel.ch\/cms\/events\/weinanlaesse\/#primaryimage"},"thumbnailUrl":"https:\/\/www.martel.ch\/cms\/wp-content\/uploads\/2022\/04\/jan-martel-01.jpg","datePublished":"2022-03-26T07:51:17+00:00","dateModified":"2025-05-27T11:31:29+00:00","description":"Planen Sie eine Weindegustation? Wir bieten besondere Wein-Events, Tastings und Wine & Dines f\u00fcr Private und Unternehmen an.","breadcrumb":{"@id":"https:\/\/www.martel.ch\/cms\/events\/weinanlaesse\/#breadcrumb"},"inLanguage":"de-CH","potentialAction":[{"@type":"ReadAction","target":["https:\/\/www.martel.ch\/cms\/events\/weinanlaesse\/"]}]},{"@type":"ImageObject","inLanguage":"de-CH","@id":"https:\/\/www.martel.ch\/cms\/events\/weinanlaesse\/#primaryimage","url":"https:\/\/www.martel.ch\/cms\/wp-content\/uploads\/2022\/04\/jan-martel-01.jpg","contentUrl":"https:\/\/www.martel.ch\/cms\/wp-content\/uploads\/2022\/04\/jan-martel-01.jpg","width":2000,"height":1333,"caption":"Genusspunkte St.Gallen & Z\u00fcrich"},{"@type":"BreadcrumbList","@id":"https:\/\/www.martel.ch\/cms\/events\/weinanlaesse\/#breadcrumb","itemListElement":[{"@type":"ListItem","position":1,"name":"Startseite","item":"https:\/\/www.martel.ch\/cms\/"},{"@type":"ListItem","position":2,"name":"Events","item":"https:\/\/www.martel.ch\/cms\/events\/"},{"@type":"ListItem","position":3,"name":"Private Weinanl\u00e4sse"}]},{"@type":"WebSite","@id":"https:\/\/www.martel.ch\/cms\/#website","url":"https:\/\/www.martel.ch\/cms\/","name":"Martel","description":"F\u00fcr Weinbegeisterte und die, die es werden m\u00f6chten.","publisher":{"@id":"https:\/\/www.martel.ch\/cms\/#organization"},"potentialAction":[{"@type":"SearchAction","target":{"@type":"EntryPoint","urlTemplate":"https:\/\/www.martel.ch\/cms\/?s={search_term_string}"},"query-input":{"@type":"PropertyValueSpecification","valueRequired":true,"valueName":"search_term_string"}}],"inLanguage":"de-CH"},{"@type":"Organization","@id":"https:\/\/www.martel.ch\/cms\/#organization","name":"Martel AG St.Gallen","url":"https:\/\/www.martel.ch\/cms\/","logo":{"@type":"ImageObject","inLanguage":"de-CH","@id":"https:\/\/www.martel.ch\/cms\/#\/schema\/logo\/image\/","url":"https:\/\/www.martel.ch\/cms\/wp-content\/uploads\/2019\/02\/martel-logo.png","contentUrl":"https:\/\/www.martel.ch\/cms\/wp-content\/uploads\/2019\/02\/martel-logo.png","width":600,"height":600,"caption":"Martel AG St.Gallen"},"image":{"@id":"https:\/\/www.martel.ch\/cms\/#\/schema\/logo\/image\/"},"sameAs":["https:\/\/www.facebook.com\/pages\/Martel-AG-St-Gallen\/233396026691876","https:\/\/x.com\/martel_weinwelt","https:\/\/www.instagram.com\/martel_weinwelt\/","https:\/\/www.linkedin.com\/company\/martel-ag-st-gallen","https:\/\/www.pinterest.ch\/martel_weinwelt"]}]}},"_links":{"self":[{"href":"https:\/\/www.martel.ch\/cms\/wp-json\/wp\/v2\/pages\/6714","targetHints":{"allow":["GET"]}}],"collection":[{"href":"https:\/\/www.martel.ch\/cms\/wp-json\/wp\/v2\/pages"}],"about":[{"href":"https:\/\/www.martel.ch\/cms\/wp-json\/wp\/v2\/types\/page"}],"author":[{"embeddable":true,"href":"https:\/\/www.martel.ch\/cms\/wp-json\/wp\/v2\/users\/1"}],"replies":[{"embeddable":true,"href":"https:\/\/www.martel.ch\/cms\/wp-json\/wp\/v2\/comments?post=6714"}],"version-history":[{"count":10,"href":"https:\/\/www.martel.ch\/cms\/wp-json\/wp\/v2\/pages\/6714\/revisions"}],"predecessor-version":[{"id":30090,"href":"https:\/\/www.martel.ch\/cms\/wp-json\/wp\/v2\/pages\/6714\/revisions\/30090"}],"up":[{"embeddable":true,"href":"https:\/\/www.martel.ch\/cms\/wp-json\/wp\/v2\/pages\/6365"}],"wp:featuredmedia":[{"embeddable":true,"href":"https:\/\/www.martel.ch\/cms\/wp-json\/wp\/v2\/media\/7460"}],"wp:attachment":[{"href":"https:\/\/www.martel.ch\/cms\/wp-json\/wp\/v2\/media?parent=6714"}],"wp:term":[{"taxonomy":"category","embeddable":true,"href":"https:\/\/www.martel.ch\/cms\/wp-json\/wp\/v2\/categories?post=6714"},{"taxonomy":"author","embeddable":true,"href":"https:\/\/www.martel.ch\/cms\/wp-json\/wp\/v2\/coauthors?post=6714"}],"curies":[{"name":"wp","href":"https:\/\/api.w.org\/{rel}","templated":true}]}}