{"id":6721,"date":"2022-03-26T08:53:26","date_gmt":"2022-03-26T07:53:26","guid":{"rendered":"https:\/\/www.martel.ch\/cms\/?page_id=6721"},"modified":"2024-11-27T09:40:23","modified_gmt":"2024-11-27T08:40:23","slug":"wein-abos","status":"publish","type":"page","link":"https:\/\/www.martel.ch\/cms\/weinwissen\/wein-abos\/","title":{"rendered":"Wein-Abos"},"content":{"rendered":"","protected":false},"excerpt":{"rendered":"","protected":false},"author":1,"featured_media":27018,"parent":6709,"menu_order":1,"comment_status":"closed","ping_status":"closed","template":"","meta":{"_acf_changed":false,"inline_featured_image":false,"footnotes":""},"categories":[],"coauthors":[497],"class_list":["post-6721","page","type-page","status-publish","has-post-thumbnail","hentry"],"acf":{"inhaltselemente":[{"acf_fc_layout":"einspalter_text","einspalter_text_titel":"Wein-Abos","einspalter_text_titel_typ":"1","einspalter_text_titel_fake":false,"einspalter_text_subtitle":"","einspalter_text_content":"Sie sind eine Entdeckerin? Oder eher der Rotweintyp? Nein, Sie wissen, was Sie m\u00f6gen und sch\u00e4tzen dennoch die Meinung eines Sidekick-Sommeliers. Wir haben eine Idee! Martel bietet f\u00fcr jedes Level von Wein-Knowhow und alle Geschmackstypen das passende Weinpaket \u2013 und das direkt vier Mal j\u00e4hrlich.\r\n\r\nAlle Martel Wein-Abos haben n\u00e4mlich ein Ziel: Ihre Bereicherung. Aus diesem Grund haben wir drei Varianten f\u00fcr Sie zusammengestellt: das Entdecker-Abo, das Geniesser-Abo und das Sommelier-Abo. Je nach Pr\u00e4ferenz und passend zur Saison senden wir handverlesene Weine aus der ganzen Welt zu Ihnen nach Hause. Lassen Sie sich \u00fcberraschen. Und zwar ganz nach Ihrem Geschmack und solange Sie wollen.\r\n\r\nSie geniessen risikolos, denn ans R\u00fcckgabe- und R\u00fccktrittsrecht haben wir bereits gedacht. Wir bieten kostenlose Lieferung und jeder selektionierte Wein wird detailliert beschrieben. Weinwissen genussvoll vermittelt: ideal auch als wiederkehrendes Geschenk. Gelangen sie m\u00fchelos zu neuen Wein-Horizonten und erweitern Sie Ihre Geschmacksbilder. Neues entdeckt nur, wer offenbleibt.","einspalter_bgcolor":false,"einspalter_layout_lines_top_bottom":false,"einspalter_collapse":false},{"acf_fc_layout":"image_text_three_column","image_text_three_column_titel_left":"Entdecker-Abo","image_text_three_column_titel_typ_left":"2","image_text_three_column_titel_fake_left":false,"image_text_three_column_link_left":{"title":"Entdecker-Abo","url":"https:\/\/www.martel.ch\/cms\/weinwissen\/wein-abos\/entdecker-abo\/","target":""},"image_text_three_column_link_left_area":false,"image_text_three_column_bild_left":13634,"image_text_three_column_content_left":"4 x 6 Flaschen Wein\r\n\r\nFernglas und Weinglas Hand in Hand. Stillen Sie Ihre Neugierde vier Mal im Jahr mit sechs unterschiedlichen Charakterweinen.","image_text_three_column_video_left":"","image_text_three_column_titel_center":"Geniesser-Abo","image_text_three_column_titel_typ_center":"2","image_text_three_column_titel_fake_center":false,"image_text_three_column_link_center":{"title":"Geniesser-Abo","url":"https:\/\/www.martel.ch\/cms\/weinwissen\/wein-abos\/geniesser-abo\/","target":""},"image_text_three_column_link_center_area":false,"image_text_three_column_bild_center":13635,"image_text_three_column_content_center":"4 x 12er Rotwein-Set\r\n\r\nAnstossen und direkt zweifach geniessen. Saturieren Sie Ihren Genuss-Durst vier Mal im Jahr mit sechs atemberaubenden Rotweinen.","image_text_three_column_video_center":"","image_text_three_column_titel_right":"Sommelier-Abo","image_text_three_column_titel_typ_right":"2","image_text_three_column_titel_fake_right":false,"image_text_three_column_link_right":{"title":"Sommelier-Abo","url":"https:\/\/www.martel.ch\/cms\/weinwissen\/wein-abos\/sommelier-abo\/","target":""},"image_text_three_column_link_right_area":false,"image_text_three_column_bild_right":6871,"image_text_three_column_content_right":"Ihr Geschmack im Vordergrund\r\n\r\nMachen Sie sich eine Freude mit einer nach Ihren Vorlieben abgestimmten und von uns pers\u00f6nlich selektierten Weinauswahl.","image_text_three_column_video_right":"","image_text_three_column_bgcolor":false}]},"yoast_head":"<!-- This site is optimized with the Yoast SEO plugin v27.5 - https:\/\/yoast.com\/product\/yoast-seo-wordpress\/ -->\n<title>Wein-Abos | Martel Weine St.Gallen und Z\u00fcrich<\/title>\n<meta name=\"description\" content=\"Eine Weinselektion der besonderen Art. Mit dem Martel Wein-Abo kommen neue Weinwelten ganz bequem zu Ihnen nach Hause.\" \/>\n<meta name=\"robots\" content=\"index, follow, max-snippet:-1, max-image-preview:large, max-video-preview:-1\" \/>\n<link rel=\"canonical\" href=\"https:\/\/www.martel.ch\/cms\/weinwissen\/wein-abos\/\" \/>\n<meta property=\"og:locale\" content=\"de_DE\" \/>\n<meta property=\"og:type\" content=\"article\" \/>\n<meta property=\"og:title\" content=\"Wein-Abos | Martel Weine St.Gallen und Z\u00fcrich\" \/>\n<meta property=\"og:description\" content=\"Eine Weinselektion der besonderen Art. Mit dem Martel Wein-Abo kommen neue Weinwelten ganz bequem zu Ihnen nach Hause.\" \/>\n<meta property=\"og:url\" content=\"https:\/\/www.martel.ch\/cms\/weinwissen\/wein-abos\/\" \/>\n<meta property=\"og:site_name\" content=\"Martel\" \/>\n<meta property=\"article:publisher\" content=\"https:\/\/www.facebook.com\/pages\/Martel-AG-St-Gallen\/233396026691876\" \/>\n<meta property=\"article:modified_time\" content=\"2024-11-27T08:40:23+00:00\" \/>\n<meta property=\"og:image\" content=\"https:\/\/www.martel.ch\/cms\/wp-content\/uploads\/2024\/11\/martel-weinabo-weihnachten.jpg\" \/>\n\t<meta property=\"og:image:width\" content=\"2000\" \/>\n\t<meta property=\"og:image:height\" content=\"1333\" \/>\n\t<meta property=\"og:image:type\" content=\"image\/jpeg\" \/>\n<meta name=\"twitter:card\" content=\"summary_large_image\" \/>\n<meta name=\"twitter:site\" content=\"@martel_weinwelt\" \/>\n<meta name=\"twitter:label1\" content=\"Written by\" \/>\n\t<meta name=\"twitter:data1\" content=\"Martel Weinwelt\" \/>\n<script type=\"application\/ld+json\" class=\"yoast-schema-graph\">{\"@context\":\"https:\\\/\\\/schema.org\",\"@graph\":[{\"@type\":\"WebPage\",\"@id\":\"https:\\\/\\\/www.martel.ch\\\/cms\\\/weinwissen\\\/wein-abos\\\/\",\"url\":\"https:\\\/\\\/www.martel.ch\\\/cms\\\/weinwissen\\\/wein-abos\\\/\",\"name\":\"Wein-Abos | Martel Weine St.Gallen und Z\u00fcrich\",\"isPartOf\":{\"@id\":\"https:\\\/\\\/www.martel.ch\\\/cms\\\/#website\"},\"primaryImageOfPage\":{\"@id\":\"https:\\\/\\\/www.martel.ch\\\/cms\\\/weinwissen\\\/wein-abos\\\/#primaryimage\"},\"image\":{\"@id\":\"https:\\\/\\\/www.martel.ch\\\/cms\\\/weinwissen\\\/wein-abos\\\/#primaryimage\"},\"thumbnailUrl\":\"https:\\\/\\\/www.martel.ch\\\/cms\\\/wp-content\\\/uploads\\\/2024\\\/11\\\/martel-weinabo-weihnachten.jpg\",\"datePublished\":\"2022-03-26T07:53:26+00:00\",\"dateModified\":\"2024-11-27T08:40:23+00:00\",\"description\":\"Eine Weinselektion der besonderen Art. Mit dem Martel Wein-Abo kommen neue Weinwelten ganz bequem zu Ihnen nach Hause.\",\"breadcrumb\":{\"@id\":\"https:\\\/\\\/www.martel.ch\\\/cms\\\/weinwissen\\\/wein-abos\\\/#breadcrumb\"},\"inLanguage\":\"de-CH\",\"potentialAction\":[{\"@type\":\"ReadAction\",\"target\":[\"https:\\\/\\\/www.martel.ch\\\/cms\\\/weinwissen\\\/wein-abos\\\/\"]}]},{\"@type\":\"ImageObject\",\"inLanguage\":\"de-CH\",\"@id\":\"https:\\\/\\\/www.martel.ch\\\/cms\\\/weinwissen\\\/wein-abos\\\/#primaryimage\",\"url\":\"https:\\\/\\\/www.martel.ch\\\/cms\\\/wp-content\\\/uploads\\\/2024\\\/11\\\/martel-weinabo-weihnachten.jpg\",\"contentUrl\":\"https:\\\/\\\/www.martel.ch\\\/cms\\\/wp-content\\\/uploads\\\/2024\\\/11\\\/martel-weinabo-weihnachten.jpg\",\"width\":2000,\"height\":1333,\"caption\":\"Wein-Abo als Geschenk\"},{\"@type\":\"BreadcrumbList\",\"@id\":\"https:\\\/\\\/www.martel.ch\\\/cms\\\/weinwissen\\\/wein-abos\\\/#breadcrumb\",\"itemListElement\":[{\"@type\":\"ListItem\",\"position\":1,\"name\":\"Startseite\",\"item\":\"https:\\\/\\\/www.martel.ch\\\/cms\\\/\"},{\"@type\":\"ListItem\",\"position\":2,\"name\":\"Weinwissen\",\"item\":\"https:\\\/\\\/www.martel.ch\\\/cms\\\/weinwissen\\\/\"},{\"@type\":\"ListItem\",\"position\":3,\"name\":\"Wein-Abos\"}]},{\"@type\":\"WebSite\",\"@id\":\"https:\\\/\\\/www.martel.ch\\\/cms\\\/#website\",\"url\":\"https:\\\/\\\/www.martel.ch\\\/cms\\\/\",\"name\":\"Martel\",\"description\":\"F\u00fcr Weinbegeisterte und die, die es werden m\u00f6chten.\",\"publisher\":{\"@id\":\"https:\\\/\\\/www.martel.ch\\\/cms\\\/#organization\"},\"potentialAction\":[{\"@type\":\"SearchAction\",\"target\":{\"@type\":\"EntryPoint\",\"urlTemplate\":\"https:\\\/\\\/www.martel.ch\\\/cms\\\/?s={search_term_string}\"},\"query-input\":{\"@type\":\"PropertyValueSpecification\",\"valueRequired\":true,\"valueName\":\"search_term_string\"}}],\"inLanguage\":\"de-CH\"},{\"@type\":\"Organization\",\"@id\":\"https:\\\/\\\/www.martel.ch\\\/cms\\\/#organization\",\"name\":\"Martel AG St.Gallen\",\"url\":\"https:\\\/\\\/www.martel.ch\\\/cms\\\/\",\"logo\":{\"@type\":\"ImageObject\",\"inLanguage\":\"de-CH\",\"@id\":\"https:\\\/\\\/www.martel.ch\\\/cms\\\/#\\\/schema\\\/logo\\\/image\\\/\",\"url\":\"https:\\\/\\\/www.martel.ch\\\/cms\\\/wp-content\\\/uploads\\\/2019\\\/02\\\/martel-logo.png\",\"contentUrl\":\"https:\\\/\\\/www.martel.ch\\\/cms\\\/wp-content\\\/uploads\\\/2019\\\/02\\\/martel-logo.png\",\"width\":600,\"height\":600,\"caption\":\"Martel AG St.Gallen\"},\"image\":{\"@id\":\"https:\\\/\\\/www.martel.ch\\\/cms\\\/#\\\/schema\\\/logo\\\/image\\\/\"},\"sameAs\":[\"https:\\\/\\\/www.facebook.com\\\/pages\\\/Martel-AG-St-Gallen\\\/233396026691876\",\"https:\\\/\\\/x.com\\\/martel_weinwelt\",\"https:\\\/\\\/www.instagram.com\\\/martel_weinwelt\\\/\",\"https:\\\/\\\/www.linkedin.com\\\/company\\\/martel-ag-st-gallen\",\"https:\\\/\\\/www.pinterest.ch\\\/martel_weinwelt\"]}]}<\/script>\n<!-- \/ Yoast SEO plugin. -->","yoast_head_json":{"title":"Wein-Abos | Martel Weine St.Gallen und Z\u00fcrich","description":"Eine Weinselektion der besonderen Art. Mit dem Martel Wein-Abo kommen neue Weinwelten ganz bequem zu Ihnen nach Hause.","robots":{"index":"index","follow":"follow","max-snippet":"max-snippet:-1","max-image-preview":"max-image-preview:large","max-video-preview":"max-video-preview:-1"},"canonical":"https:\/\/www.martel.ch\/cms\/weinwissen\/wein-abos\/","og_locale":"de_DE","og_type":"article","og_title":"Wein-Abos | Martel Weine St.Gallen und Z\u00fcrich","og_description":"Eine Weinselektion der besonderen Art. Mit dem Martel Wein-Abo kommen neue Weinwelten ganz bequem zu Ihnen nach Hause.","og_url":"https:\/\/www.martel.ch\/cms\/weinwissen\/wein-abos\/","og_site_name":"Martel","article_publisher":"https:\/\/www.facebook.com\/pages\/Martel-AG-St-Gallen\/233396026691876","article_modified_time":"2024-11-27T08:40:23+00:00","og_image":[{"width":2000,"height":1333,"url":"https:\/\/www.martel.ch\/cms\/wp-content\/uploads\/2024\/11\/martel-weinabo-weihnachten.jpg","type":"image\/jpeg"}],"twitter_card":"summary_large_image","twitter_site":"@martel_weinwelt","twitter_misc":{"Written by":"Martel Weinwelt"},"schema":{"@context":"https:\/\/schema.org","@graph":[{"@type":"WebPage","@id":"https:\/\/www.martel.ch\/cms\/weinwissen\/wein-abos\/","url":"https:\/\/www.martel.ch\/cms\/weinwissen\/wein-abos\/","name":"Wein-Abos | Martel Weine St.Gallen und Z\u00fcrich","isPartOf":{"@id":"https:\/\/www.martel.ch\/cms\/#website"},"primaryImageOfPage":{"@id":"https:\/\/www.martel.ch\/cms\/weinwissen\/wein-abos\/#primaryimage"},"image":{"@id":"https:\/\/www.martel.ch\/cms\/weinwissen\/wein-abos\/#primaryimage"},"thumbnailUrl":"https:\/\/www.martel.ch\/cms\/wp-content\/uploads\/2024\/11\/martel-weinabo-weihnachten.jpg","datePublished":"2022-03-26T07:53:26+00:00","dateModified":"2024-11-27T08:40:23+00:00","description":"Eine Weinselektion der besonderen Art. Mit dem Martel Wein-Abo kommen neue Weinwelten ganz bequem zu Ihnen nach Hause.","breadcrumb":{"@id":"https:\/\/www.martel.ch\/cms\/weinwissen\/wein-abos\/#breadcrumb"},"inLanguage":"de-CH","potentialAction":[{"@type":"ReadAction","target":["https:\/\/www.martel.ch\/cms\/weinwissen\/wein-abos\/"]}]},{"@type":"ImageObject","inLanguage":"de-CH","@id":"https:\/\/www.martel.ch\/cms\/weinwissen\/wein-abos\/#primaryimage","url":"https:\/\/www.martel.ch\/cms\/wp-content\/uploads\/2024\/11\/martel-weinabo-weihnachten.jpg","contentUrl":"https:\/\/www.martel.ch\/cms\/wp-content\/uploads\/2024\/11\/martel-weinabo-weihnachten.jpg","width":2000,"height":1333,"caption":"Wein-Abo als Geschenk"},{"@type":"BreadcrumbList","@id":"https:\/\/www.martel.ch\/cms\/weinwissen\/wein-abos\/#breadcrumb","itemListElement":[{"@type":"ListItem","position":1,"name":"Startseite","item":"https:\/\/www.martel.ch\/cms\/"},{"@type":"ListItem","position":2,"name":"Weinwissen","item":"https:\/\/www.martel.ch\/cms\/weinwissen\/"},{"@type":"ListItem","position":3,"name":"Wein-Abos"}]},{"@type":"WebSite","@id":"https:\/\/www.martel.ch\/cms\/#website","url":"https:\/\/www.martel.ch\/cms\/","name":"Martel","description":"F\u00fcr Weinbegeisterte und die, die es werden m\u00f6chten.","publisher":{"@id":"https:\/\/www.martel.ch\/cms\/#organization"},"potentialAction":[{"@type":"SearchAction","target":{"@type":"EntryPoint","urlTemplate":"https:\/\/www.martel.ch\/cms\/?s={search_term_string}"},"query-input":{"@type":"PropertyValueSpecification","valueRequired":true,"valueName":"search_term_string"}}],"inLanguage":"de-CH"},{"@type":"Organization","@id":"https:\/\/www.martel.ch\/cms\/#organization","name":"Martel AG St.Gallen","url":"https:\/\/www.martel.ch\/cms\/","logo":{"@type":"ImageObject","inLanguage":"de-CH","@id":"https:\/\/www.martel.ch\/cms\/#\/schema\/logo\/image\/","url":"https:\/\/www.martel.ch\/cms\/wp-content\/uploads\/2019\/02\/martel-logo.png","contentUrl":"https:\/\/www.martel.ch\/cms\/wp-content\/uploads\/2019\/02\/martel-logo.png","width":600,"height":600,"caption":"Martel AG St.Gallen"},"image":{"@id":"https:\/\/www.martel.ch\/cms\/#\/schema\/logo\/image\/"},"sameAs":["https:\/\/www.facebook.com\/pages\/Martel-AG-St-Gallen\/233396026691876","https:\/\/x.com\/martel_weinwelt","https:\/\/www.instagram.com\/martel_weinwelt\/","https:\/\/www.linkedin.com\/company\/martel-ag-st-gallen","https:\/\/www.pinterest.ch\/martel_weinwelt"]}]}},"_links":{"self":[{"href":"https:\/\/www.martel.ch\/cms\/wp-json\/wp\/v2\/pages\/6721","targetHints":{"allow":["GET"]}}],"collection":[{"href":"https:\/\/www.martel.ch\/cms\/wp-json\/wp\/v2\/pages"}],"about":[{"href":"https:\/\/www.martel.ch\/cms\/wp-json\/wp\/v2\/types\/page"}],"author":[{"embeddable":true,"href":"https:\/\/www.martel.ch\/cms\/wp-json\/wp\/v2\/users\/1"}],"replies":[{"embeddable":true,"href":"https:\/\/www.martel.ch\/cms\/wp-json\/wp\/v2\/comments?post=6721"}],"version-history":[{"count":142,"href":"https:\/\/www.martel.ch\/cms\/wp-json\/wp\/v2\/pages\/6721\/revisions"}],"predecessor-version":[{"id":27162,"href":"https:\/\/www.martel.ch\/cms\/wp-json\/wp\/v2\/pages\/6721\/revisions\/27162"}],"up":[{"embeddable":true,"href":"https:\/\/www.martel.ch\/cms\/wp-json\/wp\/v2\/pages\/6709"}],"wp:featuredmedia":[{"embeddable":true,"href":"https:\/\/www.martel.ch\/cms\/wp-json\/wp\/v2\/media\/27018"}],"wp:attachment":[{"href":"https:\/\/www.martel.ch\/cms\/wp-json\/wp\/v2\/media?parent=6721"}],"wp:term":[{"taxonomy":"category","embeddable":true,"href":"https:\/\/www.martel.ch\/cms\/wp-json\/wp\/v2\/categories?post=6721"},{"taxonomy":"author","embeddable":true,"href":"https:\/\/www.martel.ch\/cms\/wp-json\/wp\/v2\/coauthors?post=6721"}],"curies":[{"name":"wp","href":"https:\/\/api.w.org\/{rel}","templated":true}]}}