{"id":6744,"date":"2022-03-26T09:06:28","date_gmt":"2022-03-26T08:06:28","guid":{"rendered":"https:\/\/www.martel.ch\/cms\/?page_id=6744"},"modified":"2026-01-05T15:40:11","modified_gmt":"2026-01-05T14:40:11","slug":"wein-gutschein-geschenke","status":"publish","type":"page","link":"https:\/\/www.martel.ch\/cms\/wein-gutschein-geschenke\/","title":{"rendered":"Gutscheine &#038; Geschenke"},"content":{"rendered":"","protected":false},"excerpt":{"rendered":"","protected":false},"author":1,"featured_media":32004,"parent":0,"menu_order":17,"comment_status":"closed","ping_status":"open","template":"","meta":{"_acf_changed":false,"inline_featured_image":false,"footnotes":""},"categories":[],"coauthors":[497],"class_list":["post-6744","page","type-page","status-publish","has-post-thumbnail","hentry"],"acf":{"inhaltselemente":[{"acf_fc_layout":"einspalter_text","einspalter_text_titel":"Gutscheine & Geschenke","einspalter_text_titel_typ":"1","einspalter_text_titel_fake":false,"einspalter_text_subtitle":"","einspalter_text_content":"Stilvoll Schenken macht Freude. Lassen Sie sich von unseren Geschenkideen inspirieren und finden Sie das passende Pr\u00e4sent f\u00fcr Ihre Liebsten, f\u00fcr Ihre Gesch\u00e4ftspartner, f\u00fcr Weinbegeisterte. Ein Martel Weingeschenk \u00fcberrascht mit Emotionen und viel Weinvergn\u00fcgen.","einspalter_bgcolor":false,"einspalter_layout_lines_top_bottom":false,"einspalter_collapse":false},{"acf_fc_layout":"image_text","image_text_titel":"Gutschein","image_text_titel_typ":"2","image_text_titel_fake":false,"image_text_link":{"title":"Zum Gutschein","url":"\/shop\/gutschein-printathome.html","target":""},"image_text_link_area":false,"image_text_content":"Ein Gutschein \u00f6ffnet dem Beschenkten die Welt der Martel Weinkultur. In unserem umfassenden Sortiment findet sich etwas f\u00fcr jeden Weinliebhaber. Vom Smart Buy bis zum Grand Vin aus allen f\u00fchrenden Weinregionen.\r\n\r\nDer Martel Gutschein print@home - ganz einfach zuhause ausdrucken.","image_text_bild":31293,"image_text_video":"","image_text_position_bild":"left","image_text_bgcolor":false},{"acf_fc_layout":"image_image_text","image_image_text_titel_left":"Weingl\u00e4ser","image_image_text_titel_typ_left":"2","image_image_text_titel_fake_left":false,"image_image_text_link_left":{"title":"Weingl\u00e4ser","url":"https:\/\/www.martel.ch\/cms\/wein-gutschein-geschenke\/weinglaeser\/","target":""},"image_image_text_link_left_area":false,"image_image_text_bild_left":16151,"image_image_text_content_left":"Weingl\u00e4ser sind Geschmackssache! Zumindest optisch. Geschmackstechnisch betrachtet, ist das passende Glas zum Wein beinahe eine Selbstverst\u00e4ndlichkeit \u2013 und eine Wissenschaft.\r\n\r\nAus diesem Grund bieten wir Ihnen die passgenauen Gl\u00e4ser der Firmen Spiegelau, Grassl und Zalto an. Hauchd\u00fcnne Burgunder-Gl\u00e4ser und langstielige, delikate Bordeaux-Gl\u00e4ser zeugen von sicherem Geschmack und sind ein edles Geschenk.","image_image_text_video_left":"","image_image_text_teaser_left":{"image_image_text_teaser_left_titel":"","image_image_text_teaser_left_titel_typ":"2","image_image_text_teaser_left_titel_fake":false,"image_image_text_teaser_left_link":""},"image_image_text_icon_left":"","image_image_text_icon_bg_left":"martel-rot","image_image_text_titel_right":"Wein-Abo","image_image_text_titel_typ_right":"2","image_image_text_titel_fake_right":false,"image_image_text_link_right":{"title":"Wein-Abos","url":"https:\/\/www.martel.ch\/cms\/weinwissen\/wein-abos\/","target":""},"image_image_text_link_right_area":false,"image_image_text_bild_right":31295,"image_image_text_content_right":"Mit dem Martel Wein-Abo kommen neue Weinwelten ganz bequem zum Beschenkten nach Hause. Die Weine der Wein-Abos sind auf die jeweilige Saison abgestimmt und sorgen im Fr\u00fchling, Sommer, Herbst und Winter f\u00fcr Sternstunden des Genusses. Pr\u00e4gnante Weinbeschriebe und Winzergeschichten werden mitgeliefert.\r\n\r\nMit dem Wein-Abo entdeckt man immer wieder Neuheiten und taucht ein in die Martel Weinkultur.","image_image_text_video_right":"","image_image_text_teaser_right":{"image_image_text_teaser_right_titel":"","image_image_text_teaser_right_titel_typ":"2","image_image_text_teaser_right_titel_fake":false,"image_image_text_teaser_right_link":""},"image_image_text_icon_right":"","image_image_text_icon_bg_right":"martel-rot","image_image_text_offset":true,"image_image_text_bgcolor":true},{"acf_fc_layout":"image_image_text","image_image_text_titel_left":"Weinkurs Basic","image_image_text_titel_typ_left":"2","image_image_text_titel_fake_left":false,"image_image_text_link_left":{"title":"Weinwissen aufbauen","url":"https:\/\/www.martel.ch\/cms\/events\/weinkurse\/weinkurs-basic\/","target":""},"image_image_text_link_left_area":false,"image_image_text_bild_left":28553,"image_image_text_content_left":"Ein Geschenk, das Neugier in Leidenschaft verwandelt. In unserem Weinkurs Basic erarbeiten wir in lockerer Atmosph\u00e4re die Grundlagen des Weinwissens. Ein idealer Einstieg in die Welt des Weins und eine Einf\u00fchrung in die Degustationstechnik: Es geht um Rebsorten, Weinbereitung, Stilistik und den richtigen Umgang mit Wein.","image_image_text_video_left":"","image_image_text_teaser_left":{"image_image_text_teaser_left_titel":"","image_image_text_teaser_left_titel_typ":"2","image_image_text_teaser_left_titel_fake":false,"image_image_text_teaser_left_link":""},"image_image_text_icon_left":"","image_image_text_icon_bg_left":"martel-rot","image_image_text_titel_right":"Weinkurs Deep Dives","image_image_text_titel_typ_right":"2","image_image_text_titel_fake_right":false,"image_image_text_link_right":{"title":"Weinwissen vertiefen","url":"https:\/\/www.martel.ch\/cms\/events\/weinkurse\/weinkurs-deep-dive\/","target":""},"image_image_text_link_right_area":false,"image_image_text_bild_right":28559,"image_image_text_content_right":"Perfekt f\u00fcr Weinenthusiasten. Bei unseren Weinkursen Deep Dives fokussieren wir uns auf Themen rund um Wein. Gemeinsam tauchen wir tief in die Materie ein und kombinieren Theorie mit praktischen Erfahrungen. Die Degustation kommt dabei nicht zu kurz.","image_image_text_video_right":"","image_image_text_teaser_right":{"image_image_text_teaser_right_titel":"","image_image_text_teaser_right_titel_typ":"2","image_image_text_teaser_right_titel_fake":false,"image_image_text_teaser_right_link":""},"image_image_text_icon_right":"","image_image_text_icon_bg_right":"martel-rot","image_image_text_offset":true,"image_image_text_bgcolor":false},{"acf_fc_layout":"image_image_text","image_image_text_titel_left":"Mitarbeiter- & Kundengeschenke","image_image_text_titel_typ_left":"2","image_image_text_titel_fake_left":false,"image_image_text_link_left":{"title":"Stilvoll schenken","url":"https:\/\/www.martel.ch\/cms\/wein-gutschein-geschenke\/geschenke\/","target":""},"image_image_text_link_left_area":false,"image_image_text_bild_left":26120,"image_image_text_content_left":"Die besten Geschenke kommen von Herzen und sind selbst ausgesucht. Unser Tipp fu\u0308r Sie als Weinliebhaber und Unternehmerin oder Vorgesetzter: Schenken Sie Ihren Mitarbeitenden und Gesch\u00e4ftspartnern einige Flaschen Ihres Lieblingsweins.\r\n\r\nGerne machen wir Ihnen ein Angebot.","image_image_text_video_left":"","image_image_text_teaser_left":{"image_image_text_teaser_left_titel":"","image_image_text_teaser_left_titel_typ":"2","image_image_text_teaser_left_titel_fake":false,"image_image_text_teaser_left_link":""},"image_image_text_icon_left":"","image_image_text_icon_bg_left":"martel-rot","image_image_text_titel_right":"Wein schenken","image_image_text_titel_typ_right":"2","image_image_text_titel_fake_right":false,"image_image_text_link_right":{"title":"Zum Shop","url":"https:\/\/www.martel.ch\/wein\/","target":""},"image_image_text_link_right_area":false,"image_image_text_bild_right":31319,"image_image_text_content_right":"Unvergessliche Erinnerungen verbindet man gerne mit sch\u00f6nen Weinerlebnissen: Wein begleitet viele Momente, macht sie gar magisch. Er eignet sich ideal als Geschenk \u2013 mit einer passenden Geschichte oder dank seines Jahrgangs auch als Jahreserinnerung. Finden Sie in unserem Shop Ihr Weingeschenk inkl. passender Grusskarte und Verpackung.","image_image_text_video_right":"","image_image_text_teaser_right":{"image_image_text_teaser_right_titel":"","image_image_text_teaser_right_titel_typ":"2","image_image_text_teaser_right_titel_fake":false,"image_image_text_teaser_right_link":""},"image_image_text_icon_right":"","image_image_text_icon_bg_right":"martel-rot","image_image_text_offset":true,"image_image_text_bgcolor":true},{"acf_fc_layout":"image_image_text","image_image_text_titel_left":"Le Pied de Biche","image_image_text_titel_typ_left":"2","image_image_text_titel_fake_left":false,"image_image_text_link_left":"","image_image_text_link_left_area":false,"image_image_text_bild_left":27015,"image_image_text_content_left":"Tschu\u0308ss Schraubenzieher im Weinkeller! Dieser Weinkisten\u00f6ffner (vergleichbar mit einem kompakten Geissfuss) ist ein Muss fu\u0308r alle Weinfans. Das edel gestaltete und hu\u0308bsch verpackte Werkzeug wirkt hochwertig und liegt gut in der Hand. Dank der scharfen Enden lassen sich auch sperrige Holzkisten bequem und ohne Verletzungsgefahr \u00f6ffnen. Wer diesen Weinkisten\u00f6ffner einmal besitzt, wird ihn nicht mehr hergeben wollen. Ein ideales Geschenk, auch fu\u0308r sich selbst. Typisch Martel.\r\n\r\n<strong>Coming soon<\/strong>","image_image_text_video_left":"","image_image_text_teaser_left":{"image_image_text_teaser_left_titel":"","image_image_text_teaser_left_titel_typ":"2","image_image_text_teaser_left_titel_fake":false,"image_image_text_teaser_left_link":""},"image_image_text_icon_left":"","image_image_text_icon_bg_left":"martel-rot","image_image_text_titel_right":"Genusspakete","image_image_text_titel_typ_right":"2","image_image_text_titel_fake_right":false,"image_image_text_link_right":"","image_image_text_link_right_area":false,"image_image_text_bild_right":31291,"image_image_text_content_right":"Vor Weihnachten haben wir die beliebten Martel-Genusspakete im Angebot. Sie sind der Renner unter den Geschenken. Wein und Delikatessen \u2013 das passt. Sind erstklassige Produzentinnen und Produzenten mit dabei, wird aus der Kombination ein Spektakel f\u00fcr die Sinne.\r\n\r\nFreuen Sie sich schon heute auf unsere neuen, spannenden Kombinationen.\r\n\r\n<strong>Ab Dezember 2026<\/strong>","image_image_text_video_right":"","image_image_text_teaser_right":{"image_image_text_teaser_right_titel":"","image_image_text_teaser_right_titel_typ":"2","image_image_text_teaser_right_titel_fake":false,"image_image_text_teaser_right_link":""},"image_image_text_icon_right":"","image_image_text_icon_bg_right":"martel-rot","image_image_text_offset":true,"image_image_text_bgcolor":false}]},"yoast_head":"<!-- This site is optimized with the Yoast SEO plugin v27.4 - https:\/\/yoast.com\/product\/yoast-seo-wordpress\/ -->\n<title>Gutscheine &amp; Geschenke | Wein schenken<\/title>\n<meta name=\"description\" content=\"Stilvoll Schenken macht Freude. Ein edles Martel Weingeschenk \u00fcberrascht mit Emotion und viel Weinvergn\u00fcgen.\" \/>\n<meta name=\"robots\" content=\"index, follow, max-snippet:-1, max-image-preview:large, max-video-preview:-1\" \/>\n<link rel=\"canonical\" href=\"https:\/\/www.martel.ch\/cms\/wein-gutschein-geschenke\/\" \/>\n<meta property=\"og:locale\" content=\"de_DE\" \/>\n<meta property=\"og:type\" content=\"article\" \/>\n<meta property=\"og:title\" content=\"Gutscheine &amp; Geschenke | Wein schenken\" \/>\n<meta property=\"og:description\" content=\"Stilvoll Schenken macht Freude. Ein edles Martel Weingeschenk \u00fcberrascht mit Emotion und viel Weinvergn\u00fcgen.\" \/>\n<meta property=\"og:url\" content=\"https:\/\/www.martel.ch\/cms\/wein-gutschein-geschenke\/\" \/>\n<meta property=\"og:site_name\" content=\"Martel\" \/>\n<meta property=\"article:publisher\" content=\"https:\/\/www.facebook.com\/pages\/Martel-AG-St-Gallen\/233396026691876\" \/>\n<meta property=\"article:modified_time\" content=\"2026-01-05T14:40:11+00:00\" \/>\n<meta property=\"og:image\" content=\"https:\/\/www.martel.ch\/cms\/wp-content\/uploads\/2026\/01\/martel-schenken-keller-854x569.jpg\" \/>\n\t<meta property=\"og:image:width\" content=\"854\" \/>\n\t<meta property=\"og:image:height\" content=\"569\" \/>\n\t<meta property=\"og:image:type\" content=\"image\/jpeg\" \/>\n<meta name=\"twitter:card\" content=\"summary_large_image\" \/>\n<meta name=\"twitter:site\" content=\"@martel_weinwelt\" \/>\n<meta name=\"twitter:label1\" content=\"Written by\" \/>\n\t<meta name=\"twitter:data1\" content=\"Martel Weinwelt\" \/>\n<script type=\"application\/ld+json\" class=\"yoast-schema-graph\">{\"@context\":\"https:\\\/\\\/schema.org\",\"@graph\":[{\"@type\":\"WebPage\",\"@id\":\"https:\\\/\\\/www.martel.ch\\\/cms\\\/wein-gutschein-geschenke\\\/\",\"url\":\"https:\\\/\\\/www.martel.ch\\\/cms\\\/wein-gutschein-geschenke\\\/\",\"name\":\"Gutscheine & Geschenke | Wein schenken\",\"isPartOf\":{\"@id\":\"https:\\\/\\\/www.martel.ch\\\/cms\\\/#website\"},\"primaryImageOfPage\":{\"@id\":\"https:\\\/\\\/www.martel.ch\\\/cms\\\/wein-gutschein-geschenke\\\/#primaryimage\"},\"image\":{\"@id\":\"https:\\\/\\\/www.martel.ch\\\/cms\\\/wein-gutschein-geschenke\\\/#primaryimage\"},\"thumbnailUrl\":\"https:\\\/\\\/www.martel.ch\\\/cms\\\/wp-content\\\/uploads\\\/2026\\\/01\\\/martel-schenken-keller.jpg\",\"datePublished\":\"2022-03-26T08:06:28+00:00\",\"dateModified\":\"2026-01-05T14:40:11+00:00\",\"description\":\"Stilvoll Schenken macht Freude. Ein edles Martel Weingeschenk \u00fcberrascht mit Emotion und viel Weinvergn\u00fcgen.\",\"breadcrumb\":{\"@id\":\"https:\\\/\\\/www.martel.ch\\\/cms\\\/wein-gutschein-geschenke\\\/#breadcrumb\"},\"inLanguage\":\"de-CH\",\"potentialAction\":[{\"@type\":\"ReadAction\",\"target\":[\"https:\\\/\\\/www.martel.ch\\\/cms\\\/wein-gutschein-geschenke\\\/\"]}]},{\"@type\":\"ImageObject\",\"inLanguage\":\"de-CH\",\"@id\":\"https:\\\/\\\/www.martel.ch\\\/cms\\\/wein-gutschein-geschenke\\\/#primaryimage\",\"url\":\"https:\\\/\\\/www.martel.ch\\\/cms\\\/wp-content\\\/uploads\\\/2026\\\/01\\\/martel-schenken-keller.jpg\",\"contentUrl\":\"https:\\\/\\\/www.martel.ch\\\/cms\\\/wp-content\\\/uploads\\\/2026\\\/01\\\/martel-schenken-keller.jpg\",\"width\":2000,\"height\":1333,\"caption\":\"Wein schenken\"},{\"@type\":\"BreadcrumbList\",\"@id\":\"https:\\\/\\\/www.martel.ch\\\/cms\\\/wein-gutschein-geschenke\\\/#breadcrumb\",\"itemListElement\":[{\"@type\":\"ListItem\",\"position\":1,\"name\":\"Startseite\",\"item\":\"https:\\\/\\\/www.martel.ch\\\/cms\\\/\"},{\"@type\":\"ListItem\",\"position\":2,\"name\":\"Gutscheine &#038; Geschenke\"}]},{\"@type\":\"WebSite\",\"@id\":\"https:\\\/\\\/www.martel.ch\\\/cms\\\/#website\",\"url\":\"https:\\\/\\\/www.martel.ch\\\/cms\\\/\",\"name\":\"Martel\",\"description\":\"F\u00fcr Weinbegeisterte und die, die es werden m\u00f6chten.\",\"publisher\":{\"@id\":\"https:\\\/\\\/www.martel.ch\\\/cms\\\/#organization\"},\"potentialAction\":[{\"@type\":\"SearchAction\",\"target\":{\"@type\":\"EntryPoint\",\"urlTemplate\":\"https:\\\/\\\/www.martel.ch\\\/cms\\\/?s={search_term_string}\"},\"query-input\":{\"@type\":\"PropertyValueSpecification\",\"valueRequired\":true,\"valueName\":\"search_term_string\"}}],\"inLanguage\":\"de-CH\"},{\"@type\":\"Organization\",\"@id\":\"https:\\\/\\\/www.martel.ch\\\/cms\\\/#organization\",\"name\":\"Martel AG St.Gallen\",\"url\":\"https:\\\/\\\/www.martel.ch\\\/cms\\\/\",\"logo\":{\"@type\":\"ImageObject\",\"inLanguage\":\"de-CH\",\"@id\":\"https:\\\/\\\/www.martel.ch\\\/cms\\\/#\\\/schema\\\/logo\\\/image\\\/\",\"url\":\"https:\\\/\\\/www.martel.ch\\\/cms\\\/wp-content\\\/uploads\\\/2019\\\/02\\\/martel-logo.png\",\"contentUrl\":\"https:\\\/\\\/www.martel.ch\\\/cms\\\/wp-content\\\/uploads\\\/2019\\\/02\\\/martel-logo.png\",\"width\":600,\"height\":600,\"caption\":\"Martel AG St.Gallen\"},\"image\":{\"@id\":\"https:\\\/\\\/www.martel.ch\\\/cms\\\/#\\\/schema\\\/logo\\\/image\\\/\"},\"sameAs\":[\"https:\\\/\\\/www.facebook.com\\\/pages\\\/Martel-AG-St-Gallen\\\/233396026691876\",\"https:\\\/\\\/x.com\\\/martel_weinwelt\",\"https:\\\/\\\/www.instagram.com\\\/martel_weinwelt\\\/\",\"https:\\\/\\\/www.linkedin.com\\\/company\\\/martel-ag-st-gallen\",\"https:\\\/\\\/www.pinterest.ch\\\/martel_weinwelt\"]}]}<\/script>\n<!-- \/ Yoast SEO plugin. -->","yoast_head_json":{"title":"Gutscheine & Geschenke | Wein schenken","description":"Stilvoll Schenken macht Freude. Ein edles Martel Weingeschenk \u00fcberrascht mit Emotion und viel Weinvergn\u00fcgen.","robots":{"index":"index","follow":"follow","max-snippet":"max-snippet:-1","max-image-preview":"max-image-preview:large","max-video-preview":"max-video-preview:-1"},"canonical":"https:\/\/www.martel.ch\/cms\/wein-gutschein-geschenke\/","og_locale":"de_DE","og_type":"article","og_title":"Gutscheine & Geschenke | Wein schenken","og_description":"Stilvoll Schenken macht Freude. Ein edles Martel Weingeschenk \u00fcberrascht mit Emotion und viel Weinvergn\u00fcgen.","og_url":"https:\/\/www.martel.ch\/cms\/wein-gutschein-geschenke\/","og_site_name":"Martel","article_publisher":"https:\/\/www.facebook.com\/pages\/Martel-AG-St-Gallen\/233396026691876","article_modified_time":"2026-01-05T14:40:11+00:00","og_image":[{"width":854,"height":569,"url":"https:\/\/www.martel.ch\/cms\/wp-content\/uploads\/2026\/01\/martel-schenken-keller-854x569.jpg","type":"image\/jpeg"}],"twitter_card":"summary_large_image","twitter_site":"@martel_weinwelt","twitter_misc":{"Written by":"Martel Weinwelt"},"schema":{"@context":"https:\/\/schema.org","@graph":[{"@type":"WebPage","@id":"https:\/\/www.martel.ch\/cms\/wein-gutschein-geschenke\/","url":"https:\/\/www.martel.ch\/cms\/wein-gutschein-geschenke\/","name":"Gutscheine & Geschenke | Wein schenken","isPartOf":{"@id":"https:\/\/www.martel.ch\/cms\/#website"},"primaryImageOfPage":{"@id":"https:\/\/www.martel.ch\/cms\/wein-gutschein-geschenke\/#primaryimage"},"image":{"@id":"https:\/\/www.martel.ch\/cms\/wein-gutschein-geschenke\/#primaryimage"},"thumbnailUrl":"https:\/\/www.martel.ch\/cms\/wp-content\/uploads\/2026\/01\/martel-schenken-keller.jpg","datePublished":"2022-03-26T08:06:28+00:00","dateModified":"2026-01-05T14:40:11+00:00","description":"Stilvoll Schenken macht Freude. Ein edles Martel Weingeschenk \u00fcberrascht mit Emotion und viel Weinvergn\u00fcgen.","breadcrumb":{"@id":"https:\/\/www.martel.ch\/cms\/wein-gutschein-geschenke\/#breadcrumb"},"inLanguage":"de-CH","potentialAction":[{"@type":"ReadAction","target":["https:\/\/www.martel.ch\/cms\/wein-gutschein-geschenke\/"]}]},{"@type":"ImageObject","inLanguage":"de-CH","@id":"https:\/\/www.martel.ch\/cms\/wein-gutschein-geschenke\/#primaryimage","url":"https:\/\/www.martel.ch\/cms\/wp-content\/uploads\/2026\/01\/martel-schenken-keller.jpg","contentUrl":"https:\/\/www.martel.ch\/cms\/wp-content\/uploads\/2026\/01\/martel-schenken-keller.jpg","width":2000,"height":1333,"caption":"Wein schenken"},{"@type":"BreadcrumbList","@id":"https:\/\/www.martel.ch\/cms\/wein-gutschein-geschenke\/#breadcrumb","itemListElement":[{"@type":"ListItem","position":1,"name":"Startseite","item":"https:\/\/www.martel.ch\/cms\/"},{"@type":"ListItem","position":2,"name":"Gutscheine &#038; Geschenke"}]},{"@type":"WebSite","@id":"https:\/\/www.martel.ch\/cms\/#website","url":"https:\/\/www.martel.ch\/cms\/","name":"Martel","description":"F\u00fcr Weinbegeisterte und die, die es werden m\u00f6chten.","publisher":{"@id":"https:\/\/www.martel.ch\/cms\/#organization"},"potentialAction":[{"@type":"SearchAction","target":{"@type":"EntryPoint","urlTemplate":"https:\/\/www.martel.ch\/cms\/?s={search_term_string}"},"query-input":{"@type":"PropertyValueSpecification","valueRequired":true,"valueName":"search_term_string"}}],"inLanguage":"de-CH"},{"@type":"Organization","@id":"https:\/\/www.martel.ch\/cms\/#organization","name":"Martel AG St.Gallen","url":"https:\/\/www.martel.ch\/cms\/","logo":{"@type":"ImageObject","inLanguage":"de-CH","@id":"https:\/\/www.martel.ch\/cms\/#\/schema\/logo\/image\/","url":"https:\/\/www.martel.ch\/cms\/wp-content\/uploads\/2019\/02\/martel-logo.png","contentUrl":"https:\/\/www.martel.ch\/cms\/wp-content\/uploads\/2019\/02\/martel-logo.png","width":600,"height":600,"caption":"Martel AG St.Gallen"},"image":{"@id":"https:\/\/www.martel.ch\/cms\/#\/schema\/logo\/image\/"},"sameAs":["https:\/\/www.facebook.com\/pages\/Martel-AG-St-Gallen\/233396026691876","https:\/\/x.com\/martel_weinwelt","https:\/\/www.instagram.com\/martel_weinwelt\/","https:\/\/www.linkedin.com\/company\/martel-ag-st-gallen","https:\/\/www.pinterest.ch\/martel_weinwelt"]}]}},"_links":{"self":[{"href":"https:\/\/www.martel.ch\/cms\/wp-json\/wp\/v2\/pages\/6744","targetHints":{"allow":["GET"]}}],"collection":[{"href":"https:\/\/www.martel.ch\/cms\/wp-json\/wp\/v2\/pages"}],"about":[{"href":"https:\/\/www.martel.ch\/cms\/wp-json\/wp\/v2\/types\/page"}],"author":[{"embeddable":true,"href":"https:\/\/www.martel.ch\/cms\/wp-json\/wp\/v2\/users\/1"}],"replies":[{"embeddable":true,"href":"https:\/\/www.martel.ch\/cms\/wp-json\/wp\/v2\/comments?post=6744"}],"version-history":[{"count":9,"href":"https:\/\/www.martel.ch\/cms\/wp-json\/wp\/v2\/pages\/6744\/revisions"}],"predecessor-version":[{"id":32013,"href":"https:\/\/www.martel.ch\/cms\/wp-json\/wp\/v2\/pages\/6744\/revisions\/32013"}],"wp:featuredmedia":[{"embeddable":true,"href":"https:\/\/www.martel.ch\/cms\/wp-json\/wp\/v2\/media\/32004"}],"wp:attachment":[{"href":"https:\/\/www.martel.ch\/cms\/wp-json\/wp\/v2\/media?parent=6744"}],"wp:term":[{"taxonomy":"category","embeddable":true,"href":"https:\/\/www.martel.ch\/cms\/wp-json\/wp\/v2\/categories?post=6744"},{"taxonomy":"author","embeddable":true,"href":"https:\/\/www.martel.ch\/cms\/wp-json\/wp\/v2\/coauthors?post=6744"}],"curies":[{"name":"wp","href":"https:\/\/api.w.org\/{rel}","templated":true}]}}