{"id":6908,"date":"2022-03-31T01:12:52","date_gmt":"2022-03-30T23:12:52","guid":{"rendered":"https:\/\/www.martel.ch\/cms\/?page_id=6908"},"modified":"2026-01-29T08:56:15","modified_gmt":"2026-01-29T07:56:15","slug":"geniesser-abo","status":"publish","type":"page","link":"https:\/\/www.martel.ch\/cms\/weinwissen\/wein-abos\/geniesser-abo\/","title":{"rendered":"Geniesser Abo"},"content":{"rendered":"","protected":false},"excerpt":{"rendered":"","protected":false},"author":1,"featured_media":6868,"parent":6721,"menu_order":0,"comment_status":"closed","ping_status":"closed","template":"","meta":{"_acf_changed":false,"inline_featured_image":false,"footnotes":""},"categories":[],"coauthors":[497],"class_list":["post-6908","page","type-page","status-publish","has-post-thumbnail","hentry"],"acf":{"inhaltselemente":[{"acf_fc_layout":"header","header_titel":"Geniesser-Abo","header_typ":"1","header_fake":false,"header_subtitle":"","header_alignment":"left"},{"acf_fc_layout":"einspalter_text","einspalter_text_titel":"4 x 12er Rotwein-Set","einspalter_text_titel_typ":"2","einspalter_text_titel_fake":false,"einspalter_text_subtitle":"","einspalter_text_content":"<p class=\"bodytext\">Sie lieben es, bei der richtigen Gelegenheit ein gutes Glas Rotwein zu geniessen, allein oder mit G\u00e4sten. Mit dem Geniesser-Abo d\u00fcrfen Sie sich vier Mal im Jahr auf spannende \u00dcberraschungen freuen: Sie erhalten passend zu den vier Jahreszeiten jeweils sechs speziell ausgesuchte und saisonal abgestimmte Weine.<\/p>\r\n\r\n<ul class=\"contentList\">\r\n \t<li>6 Rotweine, jeweils 2 Flaschen\u00a0pro Sorte<\/li>\r\n \t<li>Preis von CHF 180 bis CHF 250 pro Sendung<\/li>\r\n \t<li>4 Lieferungen pro Jahr<\/li>\r\n \t<li>Gratislieferung<\/li>\r\n \t<li>Weinbeschreibungen<\/li>\r\n \t<li>Jederzeit k\u00fcndbar<\/li>\r\n<\/ul>","einspalter_bgcolor":false,"einspalter_layout_lines_top_bottom":false,"einspalter_collapse":false},{"acf_fc_layout":"einspalter_text","einspalter_text_titel":"Fr\u00fchling 2026","einspalter_text_titel_typ":"2","einspalter_text_titel_fake":false,"einspalter_text_subtitle":"","einspalter_text_content":"Mit mehr Licht und w\u00e4rmeren Temperaturen ku\u0308ndigt er sich an. Ein erstes Glas Wein draussen, und man spu\u0308rt: Jetzt ist er da, der Fru\u0308hling!\r\n\r\nDas Martel Wein-Abo ist eine Einladung, Unbekanntes zu probieren und Vertrautes neu zu probieren. Zum Beispiel wunderbare Syrahs aus der n\u00f6rdlichen Rh\u00f4ne. Ganz frisch in unserem Sortiment sind die zeitgem\u00e4ss-eleganten Veneto-Weine von Bertani.\r\n\r\nWir wu\u0308nschen viel Freude beim Entdecken und einen genussvollen Fru\u0308hling.","einspalter_bgcolor":false,"einspalter_layout_lines_top_bottom":false,"einspalter_collapse":false},{"acf_fc_layout":"produkteslider","produkteslider_titel":"Weine der Fr\u00fchlingskollektion","produkteslider_link":"","produkteslider_producer_id":"","produkteslider_product_ids":"btn4722,cro8723,chj4722,rou8723,ede6722,huaf721"},{"acf_fc_layout":"shortcode","shortcode_content":"[ninja_form id=4]"},{"acf_fc_layout":"image_image_text","image_image_text_titel_left":"Entdecker-Abo","image_image_text_titel_typ_left":"2","image_image_text_titel_fake_left":false,"image_image_text_link_left":{"title":"","url":"\/cms\/weinwissen\/wein-abos\/entdecker-abo\/","target":""},"image_image_text_link_left_area":false,"image_image_text_bild_left":13634,"image_image_text_content_left":"4 x 6 Flaschen Wein\r\n\r\nFernglas und Weinglas Hand in Hand. Stillen Sie Ihre Neugierde vier Mal im Jahr mit sechs unterschiedlichen Charakterweinen.","image_image_text_video_left":"","image_image_text_teaser_left":{"image_image_text_teaser_left_titel":"","image_image_text_teaser_left_titel_typ":"2","image_image_text_teaser_left_titel_fake":false,"image_image_text_teaser_left_link":""},"image_image_text_icon_left":"","image_image_text_icon_bg_left":"martel-rot","image_image_text_titel_right":"Sommelier-Abo","image_image_text_titel_typ_right":"2","image_image_text_titel_fake_right":false,"image_image_text_link_right":{"title":"","url":"\/cms\/weinwissen\/wein-abos\/sommelier-abo\/","target":""},"image_image_text_link_right_area":false,"image_image_text_bild_right":13633,"image_image_text_content_right":"Ihr Geschmack im Vordergrund\r\n\r\nMachen Sie sich eine Freude mit einer nach Ihren Vorlieben abgestimmten und von uns pers\u00f6nlich selektierten Weinauswahl.","image_image_text_video_right":"","image_image_text_teaser_right":{"image_image_text_teaser_right_titel":"","image_image_text_teaser_right_titel_typ":"2","image_image_text_teaser_right_titel_fake":false,"image_image_text_teaser_right_link":""},"image_image_text_icon_right":"","image_image_text_icon_bg_right":"martel-rot","image_image_text_offset":true,"image_image_text_bgcolor":false}]},"yoast_head":"<!-- This site is optimized with the Yoast SEO plugin v27.4 - https:\/\/yoast.com\/product\/yoast-seo-wordpress\/ -->\n<title>Das Martel Geniesser-Abo: 4 x 12er Rotwein-Set | Wein-Abo<\/title>\n<meta name=\"description\" content=\"Das Wein-Abo f\u00fcr Geniesser. Mit dem Martel Wein-Abo d\u00fcrfen Sie sich vier Mal im Jahr auf \u00dcberraschungen freuen. Ein perfektes Wein-Geschenk.\" \/>\n<meta name=\"robots\" content=\"index, follow, max-snippet:-1, max-image-preview:large, max-video-preview:-1\" \/>\n<link rel=\"canonical\" href=\"https:\/\/www.martel.ch\/cms\/weinwissen\/wein-abos\/geniesser-abo\/\" \/>\n<meta property=\"og:locale\" content=\"de_DE\" \/>\n<meta property=\"og:type\" content=\"article\" \/>\n<meta property=\"og:title\" content=\"Das Martel Geniesser-Abo: 4 x 12er Rotwein-Set | Wein-Abo\" \/>\n<meta property=\"og:description\" content=\"Das Wein-Abo f\u00fcr Geniesser. Mit dem Martel Wein-Abo d\u00fcrfen Sie sich vier Mal im Jahr auf \u00dcberraschungen freuen. Ein perfektes Wein-Geschenk.\" \/>\n<meta property=\"og:url\" content=\"https:\/\/www.martel.ch\/cms\/weinwissen\/wein-abos\/geniesser-abo\/\" \/>\n<meta property=\"og:site_name\" content=\"Martel\" \/>\n<meta property=\"article:publisher\" content=\"https:\/\/www.facebook.com\/pages\/Martel-AG-St-Gallen\/233396026691876\" \/>\n<meta property=\"article:modified_time\" content=\"2026-01-29T07:56:15+00:00\" \/>\n<meta property=\"og:image\" content=\"https:\/\/www.martel.ch\/cms\/wp-content\/uploads\/2022\/03\/martel-wein-geniesser-abo.png\" \/>\n\t<meta property=\"og:image:width\" content=\"1500\" \/>\n\t<meta property=\"og:image:height\" content=\"1001\" \/>\n\t<meta property=\"og:image:type\" content=\"image\/png\" \/>\n<meta name=\"twitter:card\" content=\"summary_large_image\" \/>\n<meta name=\"twitter:site\" content=\"@martel_weinwelt\" \/>\n<meta name=\"twitter:label1\" content=\"Written by\" \/>\n\t<meta name=\"twitter:data1\" content=\"Martel Weinwelt\" \/>\n<script type=\"application\/ld+json\" class=\"yoast-schema-graph\">{\"@context\":\"https:\\\/\\\/schema.org\",\"@graph\":[{\"@type\":\"WebPage\",\"@id\":\"https:\\\/\\\/www.martel.ch\\\/cms\\\/weinwissen\\\/wein-abos\\\/geniesser-abo\\\/\",\"url\":\"https:\\\/\\\/www.martel.ch\\\/cms\\\/weinwissen\\\/wein-abos\\\/geniesser-abo\\\/\",\"name\":\"Das Martel Geniesser-Abo: 4 x 12er Rotwein-Set | Wein-Abo\",\"isPartOf\":{\"@id\":\"https:\\\/\\\/www.martel.ch\\\/cms\\\/#website\"},\"primaryImageOfPage\":{\"@id\":\"https:\\\/\\\/www.martel.ch\\\/cms\\\/weinwissen\\\/wein-abos\\\/geniesser-abo\\\/#primaryimage\"},\"image\":{\"@id\":\"https:\\\/\\\/www.martel.ch\\\/cms\\\/weinwissen\\\/wein-abos\\\/geniesser-abo\\\/#primaryimage\"},\"thumbnailUrl\":\"https:\\\/\\\/www.martel.ch\\\/cms\\\/wp-content\\\/uploads\\\/2022\\\/03\\\/martel-wein-geniesser-abo.png\",\"datePublished\":\"2022-03-30T23:12:52+00:00\",\"dateModified\":\"2026-01-29T07:56:15+00:00\",\"description\":\"Das Wein-Abo f\u00fcr Geniesser. Mit dem Martel Wein-Abo d\u00fcrfen Sie sich vier Mal im Jahr auf \u00dcberraschungen freuen. Ein perfektes Wein-Geschenk.\",\"breadcrumb\":{\"@id\":\"https:\\\/\\\/www.martel.ch\\\/cms\\\/weinwissen\\\/wein-abos\\\/geniesser-abo\\\/#breadcrumb\"},\"inLanguage\":\"de-CH\",\"potentialAction\":[{\"@type\":\"ReadAction\",\"target\":[\"https:\\\/\\\/www.martel.ch\\\/cms\\\/weinwissen\\\/wein-abos\\\/geniesser-abo\\\/\"]}]},{\"@type\":\"ImageObject\",\"inLanguage\":\"de-CH\",\"@id\":\"https:\\\/\\\/www.martel.ch\\\/cms\\\/weinwissen\\\/wein-abos\\\/geniesser-abo\\\/#primaryimage\",\"url\":\"https:\\\/\\\/www.martel.ch\\\/cms\\\/wp-content\\\/uploads\\\/2022\\\/03\\\/martel-wein-geniesser-abo.png\",\"contentUrl\":\"https:\\\/\\\/www.martel.ch\\\/cms\\\/wp-content\\\/uploads\\\/2022\\\/03\\\/martel-wein-geniesser-abo.png\",\"width\":1500,\"height\":1001,\"caption\":\"Wein Abo f\u00fcr Geniesser\"},{\"@type\":\"BreadcrumbList\",\"@id\":\"https:\\\/\\\/www.martel.ch\\\/cms\\\/weinwissen\\\/wein-abos\\\/geniesser-abo\\\/#breadcrumb\",\"itemListElement\":[{\"@type\":\"ListItem\",\"position\":1,\"name\":\"Startseite\",\"item\":\"https:\\\/\\\/www.martel.ch\\\/cms\\\/\"},{\"@type\":\"ListItem\",\"position\":2,\"name\":\"Weinwissen\",\"item\":\"https:\\\/\\\/www.martel.ch\\\/cms\\\/weinwissen\\\/\"},{\"@type\":\"ListItem\",\"position\":3,\"name\":\"Wein-Abos\",\"item\":\"https:\\\/\\\/www.martel.ch\\\/cms\\\/weinwissen\\\/wein-abos\\\/\"},{\"@type\":\"ListItem\",\"position\":4,\"name\":\"Geniesser Abo\"}]},{\"@type\":\"WebSite\",\"@id\":\"https:\\\/\\\/www.martel.ch\\\/cms\\\/#website\",\"url\":\"https:\\\/\\\/www.martel.ch\\\/cms\\\/\",\"name\":\"Martel\",\"description\":\"F\u00fcr Weinbegeisterte und die, die es werden m\u00f6chten.\",\"publisher\":{\"@id\":\"https:\\\/\\\/www.martel.ch\\\/cms\\\/#organization\"},\"potentialAction\":[{\"@type\":\"SearchAction\",\"target\":{\"@type\":\"EntryPoint\",\"urlTemplate\":\"https:\\\/\\\/www.martel.ch\\\/cms\\\/?s={search_term_string}\"},\"query-input\":{\"@type\":\"PropertyValueSpecification\",\"valueRequired\":true,\"valueName\":\"search_term_string\"}}],\"inLanguage\":\"de-CH\"},{\"@type\":\"Organization\",\"@id\":\"https:\\\/\\\/www.martel.ch\\\/cms\\\/#organization\",\"name\":\"Martel AG St.Gallen\",\"url\":\"https:\\\/\\\/www.martel.ch\\\/cms\\\/\",\"logo\":{\"@type\":\"ImageObject\",\"inLanguage\":\"de-CH\",\"@id\":\"https:\\\/\\\/www.martel.ch\\\/cms\\\/#\\\/schema\\\/logo\\\/image\\\/\",\"url\":\"https:\\\/\\\/www.martel.ch\\\/cms\\\/wp-content\\\/uploads\\\/2019\\\/02\\\/martel-logo.png\",\"contentUrl\":\"https:\\\/\\\/www.martel.ch\\\/cms\\\/wp-content\\\/uploads\\\/2019\\\/02\\\/martel-logo.png\",\"width\":600,\"height\":600,\"caption\":\"Martel AG St.Gallen\"},\"image\":{\"@id\":\"https:\\\/\\\/www.martel.ch\\\/cms\\\/#\\\/schema\\\/logo\\\/image\\\/\"},\"sameAs\":[\"https:\\\/\\\/www.facebook.com\\\/pages\\\/Martel-AG-St-Gallen\\\/233396026691876\",\"https:\\\/\\\/x.com\\\/martel_weinwelt\",\"https:\\\/\\\/www.instagram.com\\\/martel_weinwelt\\\/\",\"https:\\\/\\\/www.linkedin.com\\\/company\\\/martel-ag-st-gallen\",\"https:\\\/\\\/www.pinterest.ch\\\/martel_weinwelt\"]}]}<\/script>\n<!-- \/ Yoast SEO plugin. -->","yoast_head_json":{"title":"Das Martel Geniesser-Abo: 4 x 12er Rotwein-Set | Wein-Abo","description":"Das Wein-Abo f\u00fcr Geniesser. Mit dem Martel Wein-Abo d\u00fcrfen Sie sich vier Mal im Jahr auf \u00dcberraschungen freuen. Ein perfektes Wein-Geschenk.","robots":{"index":"index","follow":"follow","max-snippet":"max-snippet:-1","max-image-preview":"max-image-preview:large","max-video-preview":"max-video-preview:-1"},"canonical":"https:\/\/www.martel.ch\/cms\/weinwissen\/wein-abos\/geniesser-abo\/","og_locale":"de_DE","og_type":"article","og_title":"Das Martel Geniesser-Abo: 4 x 12er Rotwein-Set | Wein-Abo","og_description":"Das Wein-Abo f\u00fcr Geniesser. Mit dem Martel Wein-Abo d\u00fcrfen Sie sich vier Mal im Jahr auf \u00dcberraschungen freuen. Ein perfektes Wein-Geschenk.","og_url":"https:\/\/www.martel.ch\/cms\/weinwissen\/wein-abos\/geniesser-abo\/","og_site_name":"Martel","article_publisher":"https:\/\/www.facebook.com\/pages\/Martel-AG-St-Gallen\/233396026691876","article_modified_time":"2026-01-29T07:56:15+00:00","og_image":[{"width":1500,"height":1001,"url":"https:\/\/www.martel.ch\/cms\/wp-content\/uploads\/2022\/03\/martel-wein-geniesser-abo.png","type":"image\/png"}],"twitter_card":"summary_large_image","twitter_site":"@martel_weinwelt","twitter_misc":{"Written by":"Martel Weinwelt"},"schema":{"@context":"https:\/\/schema.org","@graph":[{"@type":"WebPage","@id":"https:\/\/www.martel.ch\/cms\/weinwissen\/wein-abos\/geniesser-abo\/","url":"https:\/\/www.martel.ch\/cms\/weinwissen\/wein-abos\/geniesser-abo\/","name":"Das Martel Geniesser-Abo: 4 x 12er Rotwein-Set | Wein-Abo","isPartOf":{"@id":"https:\/\/www.martel.ch\/cms\/#website"},"primaryImageOfPage":{"@id":"https:\/\/www.martel.ch\/cms\/weinwissen\/wein-abos\/geniesser-abo\/#primaryimage"},"image":{"@id":"https:\/\/www.martel.ch\/cms\/weinwissen\/wein-abos\/geniesser-abo\/#primaryimage"},"thumbnailUrl":"https:\/\/www.martel.ch\/cms\/wp-content\/uploads\/2022\/03\/martel-wein-geniesser-abo.png","datePublished":"2022-03-30T23:12:52+00:00","dateModified":"2026-01-29T07:56:15+00:00","description":"Das Wein-Abo f\u00fcr Geniesser. Mit dem Martel Wein-Abo d\u00fcrfen Sie sich vier Mal im Jahr auf \u00dcberraschungen freuen. Ein perfektes Wein-Geschenk.","breadcrumb":{"@id":"https:\/\/www.martel.ch\/cms\/weinwissen\/wein-abos\/geniesser-abo\/#breadcrumb"},"inLanguage":"de-CH","potentialAction":[{"@type":"ReadAction","target":["https:\/\/www.martel.ch\/cms\/weinwissen\/wein-abos\/geniesser-abo\/"]}]},{"@type":"ImageObject","inLanguage":"de-CH","@id":"https:\/\/www.martel.ch\/cms\/weinwissen\/wein-abos\/geniesser-abo\/#primaryimage","url":"https:\/\/www.martel.ch\/cms\/wp-content\/uploads\/2022\/03\/martel-wein-geniesser-abo.png","contentUrl":"https:\/\/www.martel.ch\/cms\/wp-content\/uploads\/2022\/03\/martel-wein-geniesser-abo.png","width":1500,"height":1001,"caption":"Wein Abo f\u00fcr Geniesser"},{"@type":"BreadcrumbList","@id":"https:\/\/www.martel.ch\/cms\/weinwissen\/wein-abos\/geniesser-abo\/#breadcrumb","itemListElement":[{"@type":"ListItem","position":1,"name":"Startseite","item":"https:\/\/www.martel.ch\/cms\/"},{"@type":"ListItem","position":2,"name":"Weinwissen","item":"https:\/\/www.martel.ch\/cms\/weinwissen\/"},{"@type":"ListItem","position":3,"name":"Wein-Abos","item":"https:\/\/www.martel.ch\/cms\/weinwissen\/wein-abos\/"},{"@type":"ListItem","position":4,"name":"Geniesser Abo"}]},{"@type":"WebSite","@id":"https:\/\/www.martel.ch\/cms\/#website","url":"https:\/\/www.martel.ch\/cms\/","name":"Martel","description":"F\u00fcr Weinbegeisterte und die, die es werden m\u00f6chten.","publisher":{"@id":"https:\/\/www.martel.ch\/cms\/#organization"},"potentialAction":[{"@type":"SearchAction","target":{"@type":"EntryPoint","urlTemplate":"https:\/\/www.martel.ch\/cms\/?s={search_term_string}"},"query-input":{"@type":"PropertyValueSpecification","valueRequired":true,"valueName":"search_term_string"}}],"inLanguage":"de-CH"},{"@type":"Organization","@id":"https:\/\/www.martel.ch\/cms\/#organization","name":"Martel AG St.Gallen","url":"https:\/\/www.martel.ch\/cms\/","logo":{"@type":"ImageObject","inLanguage":"de-CH","@id":"https:\/\/www.martel.ch\/cms\/#\/schema\/logo\/image\/","url":"https:\/\/www.martel.ch\/cms\/wp-content\/uploads\/2019\/02\/martel-logo.png","contentUrl":"https:\/\/www.martel.ch\/cms\/wp-content\/uploads\/2019\/02\/martel-logo.png","width":600,"height":600,"caption":"Martel AG St.Gallen"},"image":{"@id":"https:\/\/www.martel.ch\/cms\/#\/schema\/logo\/image\/"},"sameAs":["https:\/\/www.facebook.com\/pages\/Martel-AG-St-Gallen\/233396026691876","https:\/\/x.com\/martel_weinwelt","https:\/\/www.instagram.com\/martel_weinwelt\/","https:\/\/www.linkedin.com\/company\/martel-ag-st-gallen","https:\/\/www.pinterest.ch\/martel_weinwelt"]}]}},"_links":{"self":[{"href":"https:\/\/www.martel.ch\/cms\/wp-json\/wp\/v2\/pages\/6908","targetHints":{"allow":["GET"]}}],"collection":[{"href":"https:\/\/www.martel.ch\/cms\/wp-json\/wp\/v2\/pages"}],"about":[{"href":"https:\/\/www.martel.ch\/cms\/wp-json\/wp\/v2\/types\/page"}],"author":[{"embeddable":true,"href":"https:\/\/www.martel.ch\/cms\/wp-json\/wp\/v2\/users\/1"}],"replies":[{"embeddable":true,"href":"https:\/\/www.martel.ch\/cms\/wp-json\/wp\/v2\/comments?post=6908"}],"version-history":[{"count":9,"href":"https:\/\/www.martel.ch\/cms\/wp-json\/wp\/v2\/pages\/6908\/revisions"}],"predecessor-version":[{"id":32318,"href":"https:\/\/www.martel.ch\/cms\/wp-json\/wp\/v2\/pages\/6908\/revisions\/32318"}],"up":[{"embeddable":true,"href":"https:\/\/www.martel.ch\/cms\/wp-json\/wp\/v2\/pages\/6721"}],"wp:featuredmedia":[{"embeddable":true,"href":"https:\/\/www.martel.ch\/cms\/wp-json\/wp\/v2\/media\/6868"}],"wp:attachment":[{"href":"https:\/\/www.martel.ch\/cms\/wp-json\/wp\/v2\/media?parent=6908"}],"wp:term":[{"taxonomy":"category","embeddable":true,"href":"https:\/\/www.martel.ch\/cms\/wp-json\/wp\/v2\/categories?post=6908"},{"taxonomy":"author","embeddable":true,"href":"https:\/\/www.martel.ch\/cms\/wp-json\/wp\/v2\/coauthors?post=6908"}],"curies":[{"name":"wp","href":"https:\/\/api.w.org\/{rel}","templated":true}]}}