{"id":6933,"date":"2022-03-31T17:27:05","date_gmt":"2022-03-31T15:27:05","guid":{"rendered":"https:\/\/www.martel.ch\/cms\/?page_id=6933"},"modified":"2022-08-25T14:22:45","modified_gmt":"2022-08-25T12:22:45","slug":"raritaeten","status":"publish","type":"page","link":"https:\/\/www.martel.ch\/cms\/martel\/raritaeten\/","title":{"rendered":"Rarit\u00e4ten"},"content":{"rendered":"","protected":false},"excerpt":{"rendered":"","protected":false},"author":1,"featured_media":7348,"parent":6363,"menu_order":1,"comment_status":"closed","ping_status":"closed","template":"","meta":{"_acf_changed":false,"inline_featured_image":false,"footnotes":""},"categories":[],"coauthors":[],"class_list":["post-6933","page","type-page","status-publish","has-post-thumbnail","hentry"],"acf":{"inhaltselemente":[{"acf_fc_layout":"einspalter_text","einspalter_text_titel":"Anfrage Rarit\u00e4ten","einspalter_text_titel_typ":"1","einspalter_text_titel_fake":false,"einspalter_text_subtitle":"","einspalter_text_content":"[ninja_form id=6]","einspalter_bgcolor":false,"einspalter_layout_lines_top_bottom":false,"einspalter_collapse":false}]},"yoast_head":"<!-- This site is optimized with the Yoast SEO plugin v27.4 - https:\/\/yoast.com\/product\/yoast-seo-wordpress\/ -->\n<title>Anfrage Rarit\u00e4ten | Martel Weine St.Gallen und Z\u00fcrich<\/title>\n<meta name=\"description\" content=\"Anfrage Rarit\u00e4ten - Von Spitzenweinen fasziniert zu sein, heisst immer auch etwas verliebt zu sein. So betrachten auch wir unsere Weine nicht als Ware, sondern als Gesamtkunstwerke, denen wir uns von der Auswahl bis zum Transport in Ihren Keller mit Engagement und Sorgfalt widmen.\" \/>\n<meta name=\"robots\" content=\"noindex, follow\" \/>\n<meta property=\"og:locale\" content=\"de_DE\" \/>\n<meta property=\"og:type\" content=\"article\" \/>\n<meta property=\"og:title\" content=\"Anfrage Rarit\u00e4ten | Martel Weine St.Gallen und Z\u00fcrich\" \/>\n<meta property=\"og:description\" content=\"Anfrage Rarit\u00e4ten - Von Spitzenweinen fasziniert zu sein, heisst immer auch etwas verliebt zu sein. So betrachten auch wir unsere Weine nicht als Ware, sondern als Gesamtkunstwerke, denen wir uns von der Auswahl bis zum Transport in Ihren Keller mit Engagement und Sorgfalt widmen.\" \/>\n<meta property=\"og:url\" content=\"https:\/\/www.martel.ch\/cms\/martel\/raritaeten\/\" \/>\n<meta property=\"og:site_name\" content=\"Martel\" \/>\n<meta property=\"article:publisher\" content=\"https:\/\/www.facebook.com\/pages\/Martel-AG-St-Gallen\/233396026691876\" \/>\n<meta property=\"article:modified_time\" content=\"2022-08-25T12:22:45+00:00\" \/>\n<meta property=\"og:image\" content=\"https:\/\/www.martel.ch\/cms\/wp-content\/uploads\/2022\/04\/martel-weine-raritaeten-01-1024x682.jpg\" \/>\n\t<meta property=\"og:image:width\" content=\"1024\" \/>\n\t<meta property=\"og:image:height\" content=\"682\" \/>\n\t<meta property=\"og:image:type\" content=\"image\/jpeg\" \/>\n<meta name=\"twitter:card\" content=\"summary_large_image\" \/>\n<meta name=\"twitter:site\" content=\"@martel_weinwelt\" \/>\n<meta name=\"twitter:label1\" content=\"Written by\" \/>\n\t<meta name=\"twitter:data1\" content=\"Martel Weinwelt\" \/>\n<script type=\"application\/ld+json\" class=\"yoast-schema-graph\">{\"@context\":\"https:\\\/\\\/schema.org\",\"@graph\":[{\"@type\":\"WebPage\",\"@id\":\"https:\\\/\\\/www.martel.ch\\\/cms\\\/martel\\\/raritaeten\\\/\",\"url\":\"https:\\\/\\\/www.martel.ch\\\/cms\\\/martel\\\/raritaeten\\\/\",\"name\":\"Anfrage Rarit\u00e4ten | Martel Weine St.Gallen und Z\u00fcrich\",\"isPartOf\":{\"@id\":\"https:\\\/\\\/www.martel.ch\\\/cms\\\/#website\"},\"primaryImageOfPage\":{\"@id\":\"https:\\\/\\\/www.martel.ch\\\/cms\\\/martel\\\/raritaeten\\\/#primaryimage\"},\"image\":{\"@id\":\"https:\\\/\\\/www.martel.ch\\\/cms\\\/martel\\\/raritaeten\\\/#primaryimage\"},\"thumbnailUrl\":\"https:\\\/\\\/www.martel.ch\\\/cms\\\/wp-content\\\/uploads\\\/2022\\\/04\\\/martel-weine-raritaeten-01.jpg\",\"datePublished\":\"2022-03-31T15:27:05+00:00\",\"dateModified\":\"2022-08-25T12:22:45+00:00\",\"description\":\"Anfrage Rarit\u00e4ten - Von Spitzenweinen fasziniert zu sein, heisst immer auch etwas verliebt zu sein. So betrachten auch wir unsere Weine nicht als Ware, sondern als Gesamtkunstwerke, denen wir uns von der Auswahl bis zum Transport in Ihren Keller mit Engagement und Sorgfalt widmen.\",\"breadcrumb\":{\"@id\":\"https:\\\/\\\/www.martel.ch\\\/cms\\\/martel\\\/raritaeten\\\/#breadcrumb\"},\"inLanguage\":\"de-CH\",\"potentialAction\":[{\"@type\":\"ReadAction\",\"target\":[\"https:\\\/\\\/www.martel.ch\\\/cms\\\/martel\\\/raritaeten\\\/\"]}]},{\"@type\":\"ImageObject\",\"inLanguage\":\"de-CH\",\"@id\":\"https:\\\/\\\/www.martel.ch\\\/cms\\\/martel\\\/raritaeten\\\/#primaryimage\",\"url\":\"https:\\\/\\\/www.martel.ch\\\/cms\\\/wp-content\\\/uploads\\\/2022\\\/04\\\/martel-weine-raritaeten-01.jpg\",\"contentUrl\":\"https:\\\/\\\/www.martel.ch\\\/cms\\\/wp-content\\\/uploads\\\/2022\\\/04\\\/martel-weine-raritaeten-01.jpg\",\"width\":2000,\"height\":1333,\"caption\":\"Martel Weine St.Gallen und Z\u00fcrich\"},{\"@type\":\"BreadcrumbList\",\"@id\":\"https:\\\/\\\/www.martel.ch\\\/cms\\\/martel\\\/raritaeten\\\/#breadcrumb\",\"itemListElement\":[{\"@type\":\"ListItem\",\"position\":1,\"name\":\"Startseite\",\"item\":\"https:\\\/\\\/www.martel.ch\\\/cms\\\/\"},{\"@type\":\"ListItem\",\"position\":2,\"name\":\"Martel\",\"item\":\"https:\\\/\\\/www.martel.ch\\\/cms\\\/martel\\\/\"},{\"@type\":\"ListItem\",\"position\":3,\"name\":\"Rarit\u00e4ten\"}]},{\"@type\":\"WebSite\",\"@id\":\"https:\\\/\\\/www.martel.ch\\\/cms\\\/#website\",\"url\":\"https:\\\/\\\/www.martel.ch\\\/cms\\\/\",\"name\":\"Martel\",\"description\":\"F\u00fcr Weinbegeisterte und die, die es werden m\u00f6chten.\",\"publisher\":{\"@id\":\"https:\\\/\\\/www.martel.ch\\\/cms\\\/#organization\"},\"potentialAction\":[{\"@type\":\"SearchAction\",\"target\":{\"@type\":\"EntryPoint\",\"urlTemplate\":\"https:\\\/\\\/www.martel.ch\\\/cms\\\/?s={search_term_string}\"},\"query-input\":{\"@type\":\"PropertyValueSpecification\",\"valueRequired\":true,\"valueName\":\"search_term_string\"}}],\"inLanguage\":\"de-CH\"},{\"@type\":\"Organization\",\"@id\":\"https:\\\/\\\/www.martel.ch\\\/cms\\\/#organization\",\"name\":\"Martel AG St.Gallen\",\"url\":\"https:\\\/\\\/www.martel.ch\\\/cms\\\/\",\"logo\":{\"@type\":\"ImageObject\",\"inLanguage\":\"de-CH\",\"@id\":\"https:\\\/\\\/www.martel.ch\\\/cms\\\/#\\\/schema\\\/logo\\\/image\\\/\",\"url\":\"https:\\\/\\\/www.martel.ch\\\/cms\\\/wp-content\\\/uploads\\\/2019\\\/02\\\/martel-logo.png\",\"contentUrl\":\"https:\\\/\\\/www.martel.ch\\\/cms\\\/wp-content\\\/uploads\\\/2019\\\/02\\\/martel-logo.png\",\"width\":600,\"height\":600,\"caption\":\"Martel AG St.Gallen\"},\"image\":{\"@id\":\"https:\\\/\\\/www.martel.ch\\\/cms\\\/#\\\/schema\\\/logo\\\/image\\\/\"},\"sameAs\":[\"https:\\\/\\\/www.facebook.com\\\/pages\\\/Martel-AG-St-Gallen\\\/233396026691876\",\"https:\\\/\\\/x.com\\\/martel_weinwelt\",\"https:\\\/\\\/www.instagram.com\\\/martel_weinwelt\\\/\",\"https:\\\/\\\/www.linkedin.com\\\/company\\\/martel-ag-st-gallen\",\"https:\\\/\\\/www.pinterest.ch\\\/martel_weinwelt\"]}]}<\/script>\n<!-- \/ Yoast SEO plugin. -->","yoast_head_json":{"title":"Anfrage Rarit\u00e4ten | Martel Weine St.Gallen und Z\u00fcrich","description":"Anfrage Rarit\u00e4ten - Von Spitzenweinen fasziniert zu sein, heisst immer auch etwas verliebt zu sein. So betrachten auch wir unsere Weine nicht als Ware, sondern als Gesamtkunstwerke, denen wir uns von der Auswahl bis zum Transport in Ihren Keller mit Engagement und Sorgfalt widmen.","robots":{"index":"noindex","follow":"follow"},"og_locale":"de_DE","og_type":"article","og_title":"Anfrage Rarit\u00e4ten | Martel Weine St.Gallen und Z\u00fcrich","og_description":"Anfrage Rarit\u00e4ten - Von Spitzenweinen fasziniert zu sein, heisst immer auch etwas verliebt zu sein. So betrachten auch wir unsere Weine nicht als Ware, sondern als Gesamtkunstwerke, denen wir uns von der Auswahl bis zum Transport in Ihren Keller mit Engagement und Sorgfalt widmen.","og_url":"https:\/\/www.martel.ch\/cms\/martel\/raritaeten\/","og_site_name":"Martel","article_publisher":"https:\/\/www.facebook.com\/pages\/Martel-AG-St-Gallen\/233396026691876","article_modified_time":"2022-08-25T12:22:45+00:00","og_image":[{"width":1024,"height":682,"url":"https:\/\/www.martel.ch\/cms\/wp-content\/uploads\/2022\/04\/martel-weine-raritaeten-01-1024x682.jpg","type":"image\/jpeg"}],"twitter_card":"summary_large_image","twitter_site":"@martel_weinwelt","twitter_misc":{"Written by":"Martel Weinwelt"},"schema":{"@context":"https:\/\/schema.org","@graph":[{"@type":"WebPage","@id":"https:\/\/www.martel.ch\/cms\/martel\/raritaeten\/","url":"https:\/\/www.martel.ch\/cms\/martel\/raritaeten\/","name":"Anfrage Rarit\u00e4ten | Martel Weine St.Gallen und Z\u00fcrich","isPartOf":{"@id":"https:\/\/www.martel.ch\/cms\/#website"},"primaryImageOfPage":{"@id":"https:\/\/www.martel.ch\/cms\/martel\/raritaeten\/#primaryimage"},"image":{"@id":"https:\/\/www.martel.ch\/cms\/martel\/raritaeten\/#primaryimage"},"thumbnailUrl":"https:\/\/www.martel.ch\/cms\/wp-content\/uploads\/2022\/04\/martel-weine-raritaeten-01.jpg","datePublished":"2022-03-31T15:27:05+00:00","dateModified":"2022-08-25T12:22:45+00:00","description":"Anfrage Rarit\u00e4ten - Von Spitzenweinen fasziniert zu sein, heisst immer auch etwas verliebt zu sein. So betrachten auch wir unsere Weine nicht als Ware, sondern als Gesamtkunstwerke, denen wir uns von der Auswahl bis zum Transport in Ihren Keller mit Engagement und Sorgfalt widmen.","breadcrumb":{"@id":"https:\/\/www.martel.ch\/cms\/martel\/raritaeten\/#breadcrumb"},"inLanguage":"de-CH","potentialAction":[{"@type":"ReadAction","target":["https:\/\/www.martel.ch\/cms\/martel\/raritaeten\/"]}]},{"@type":"ImageObject","inLanguage":"de-CH","@id":"https:\/\/www.martel.ch\/cms\/martel\/raritaeten\/#primaryimage","url":"https:\/\/www.martel.ch\/cms\/wp-content\/uploads\/2022\/04\/martel-weine-raritaeten-01.jpg","contentUrl":"https:\/\/www.martel.ch\/cms\/wp-content\/uploads\/2022\/04\/martel-weine-raritaeten-01.jpg","width":2000,"height":1333,"caption":"Martel Weine St.Gallen und Z\u00fcrich"},{"@type":"BreadcrumbList","@id":"https:\/\/www.martel.ch\/cms\/martel\/raritaeten\/#breadcrumb","itemListElement":[{"@type":"ListItem","position":1,"name":"Startseite","item":"https:\/\/www.martel.ch\/cms\/"},{"@type":"ListItem","position":2,"name":"Martel","item":"https:\/\/www.martel.ch\/cms\/martel\/"},{"@type":"ListItem","position":3,"name":"Rarit\u00e4ten"}]},{"@type":"WebSite","@id":"https:\/\/www.martel.ch\/cms\/#website","url":"https:\/\/www.martel.ch\/cms\/","name":"Martel","description":"F\u00fcr Weinbegeisterte und die, die es werden m\u00f6chten.","publisher":{"@id":"https:\/\/www.martel.ch\/cms\/#organization"},"potentialAction":[{"@type":"SearchAction","target":{"@type":"EntryPoint","urlTemplate":"https:\/\/www.martel.ch\/cms\/?s={search_term_string}"},"query-input":{"@type":"PropertyValueSpecification","valueRequired":true,"valueName":"search_term_string"}}],"inLanguage":"de-CH"},{"@type":"Organization","@id":"https:\/\/www.martel.ch\/cms\/#organization","name":"Martel AG St.Gallen","url":"https:\/\/www.martel.ch\/cms\/","logo":{"@type":"ImageObject","inLanguage":"de-CH","@id":"https:\/\/www.martel.ch\/cms\/#\/schema\/logo\/image\/","url":"https:\/\/www.martel.ch\/cms\/wp-content\/uploads\/2019\/02\/martel-logo.png","contentUrl":"https:\/\/www.martel.ch\/cms\/wp-content\/uploads\/2019\/02\/martel-logo.png","width":600,"height":600,"caption":"Martel AG St.Gallen"},"image":{"@id":"https:\/\/www.martel.ch\/cms\/#\/schema\/logo\/image\/"},"sameAs":["https:\/\/www.facebook.com\/pages\/Martel-AG-St-Gallen\/233396026691876","https:\/\/x.com\/martel_weinwelt","https:\/\/www.instagram.com\/martel_weinwelt\/","https:\/\/www.linkedin.com\/company\/martel-ag-st-gallen","https:\/\/www.pinterest.ch\/martel_weinwelt"]}]}},"_links":{"self":[{"href":"https:\/\/www.martel.ch\/cms\/wp-json\/wp\/v2\/pages\/6933","targetHints":{"allow":["GET"]}}],"collection":[{"href":"https:\/\/www.martel.ch\/cms\/wp-json\/wp\/v2\/pages"}],"about":[{"href":"https:\/\/www.martel.ch\/cms\/wp-json\/wp\/v2\/types\/page"}],"author":[{"embeddable":true,"href":"https:\/\/www.martel.ch\/cms\/wp-json\/wp\/v2\/users\/1"}],"replies":[{"embeddable":true,"href":"https:\/\/www.martel.ch\/cms\/wp-json\/wp\/v2\/comments?post=6933"}],"version-history":[{"count":14,"href":"https:\/\/www.martel.ch\/cms\/wp-json\/wp\/v2\/pages\/6933\/revisions"}],"predecessor-version":[{"id":15165,"href":"https:\/\/www.martel.ch\/cms\/wp-json\/wp\/v2\/pages\/6933\/revisions\/15165"}],"up":[{"embeddable":true,"href":"https:\/\/www.martel.ch\/cms\/wp-json\/wp\/v2\/pages\/6363"}],"wp:featuredmedia":[{"embeddable":true,"href":"https:\/\/www.martel.ch\/cms\/wp-json\/wp\/v2\/media\/7348"}],"wp:attachment":[{"href":"https:\/\/www.martel.ch\/cms\/wp-json\/wp\/v2\/media?parent=6933"}],"wp:term":[{"taxonomy":"category","embeddable":true,"href":"https:\/\/www.martel.ch\/cms\/wp-json\/wp\/v2\/categories?post=6933"},{"taxonomy":"author","embeddable":true,"href":"https:\/\/www.martel.ch\/cms\/wp-json\/wp\/v2\/coauthors?post=6933"}],"curies":[{"name":"wp","href":"https:\/\/api.w.org\/{rel}","templated":true}]}}